{"id":97626,"date":"2026-02-23T11:01:18","date_gmt":"2026-02-23T10:01:18","guid":{"rendered":"https:\/\/www.industrialwood.nl\/?post_type=product&#038;p=97626"},"modified":"2026-03-09T20:49:11","modified_gmt":"2026-03-09T19:49:11","slug":"teelichthalter-muscheln-blume-weis-s-kopie","status":"publish","type":"product","link":"https:\/\/www.industrialwood.nl\/de\/teelichthalter-muscheln-blume-weis-s-kopie\/","title":{"rendered":"Kerzenhalter | Muscheln | Blume | Wei\u00df | M"},"content":{"rendered":"","protected":false},"excerpt":{"rendered":"<p data-start=\"208\" data-end=\"257\"><strong>\ud83c\udf38 Teelichthalter Muscheln &#8216;Blume&#8217; Wei\u00df &#8211; M<br \/>\n<\/strong>Verleihen Sie Ihrer Einrichtung einen Hauch von Eleganz und Ambiente mit diesem <strong data-start=\"325\" data-end=\"372\">Teelichthalter Muscheln &#8216;Blume&#8217; Wei\u00df <\/strong>in Gr\u00f6\u00dfe M \u2728 Das einzigartige Design dieses Teelichthalters erinnert an eine zarte Blume, die aus echten wei\u00dfen Herzmuscheln gefertigt ist. Die florale Textur schafft einen weichen, raffinierten Look, der sofort die Aufmerksamkeit auf sich zieht. <\/p>\n<p data-start=\"590\" data-end=\"913\">Diese mittelgro\u00dfe Version hat die perfekte Gr\u00f6\u00dfe f\u00fcr einen Couchtisch, ein Sideboard oder das Badezimmer. Die neutrale wei\u00dfe Farbe macht es einfach, ihn mit verschiedenen Einrichtungsstilen zu kombinieren, von Boho bis Japandi und Scandi. Auch ohne Kerze ist dieser Teelichthalter bereits ein Schmuckst\u00fcck in Ihrem Raum. Jeder Teelichthalter wird mit viel Liebe und Handwerkskunst handgefertigt \ud83e\udd0d<br \/>\nDer Teelichthalter ist in einer Serie von 3 verschiedenen Gr\u00f6\u00dfen erh\u00e4ltlich, die sich auch sehr sch\u00f6n zusammenstellen lassen!   <\/p>\n<p data-start=\"1135\" data-end=\"1184\"><strong>Warum Sie diesen Teelichthalter haben m\u00f6chten:<\/strong><\/p>\n<ul>\n<li data-start=\"1186\" data-end=\"1534\">Hergestellt aus echten wei\u00dfen Herzmuscheln &#8211; handgefertigt und einzigartig<\/li>\n<li data-start=\"1186\" data-end=\"1534\">Elegante Blumenform, die sofort die Aufmerksamkeit auf sich zieht<\/li>\n<li data-start=\"1186\" data-end=\"1534\">Neutrale wei\u00dfe Farbe, die perfekt zu nat\u00fcrlichen Farbt\u00f6nen passt<\/li>\n<li data-start=\"1186\" data-end=\"1534\">Auch in <a href=\"https:\/\/www.industrialwood.nl\/waxinelichthouder-schelpen-flower-wit\/\">Gr\u00f6\u00dfe S<\/a> und <a href=\"https:\/\/www.industrialwood.nl\/waxinelichthouder-schelpen-flower-wit-l\/\">Gr\u00f6\u00dfe L<\/a> erh\u00e4ltlich<\/li>\n<\/ul>\n<p>&nbsp;<\/p>\n<p><strong>Ma\u00dfe<\/strong>: ca. 9&#215;9 cm<br \/>\n<strong>Material<\/strong>: Papua-Muscheln<br \/>\n<strong>Farbe<\/strong>: Beige | Natur<\/p>\n","protected":false},"featured_media":97632,"comment_status":"open","ping_status":"closed","template":"","meta":[],"product_brand":[],"product_cat":[393,400,401,504,404,402,424,395,483,482,422,414,396],"product_tag":[],"seizoen":[543,545,544,546],"bloemensoort":[],"samenstelling":[],"shop-per-kamer":[551,549],"indooroutdoor":[555],"vorm":[557],"duurzaam":[565],"productafmetingen":[568],"stijl":[574,575,572],"merk":[576],"materiaal":[619],"materiaal-schaaltje":[],"geur":[],"product-type":[],"beoordeling":[640,641,642],"uitsparingen":[],"houtsoort":[],"breedte":[],"badplanken-lengte":[],"kleur":[657],"class_list":{"0":"post-97626","1":"product","2":"type-product","3":"status-publish","4":"has-post-thumbnail","6":"product_cat-badezimmer","7":"product_cat-boheme-wohnzimmer","8":"product_cat-bohmisches-badezimmer","9":"product_cat-drausen","10":"product_cat-japandi-badezimmer","11":"product_cat-japandi-wohnzimmer","12":"product_cat-landwohnzimmer","13":"product_cat-naturliche-tone","14":"product_cat-rustikales-badezimmer","15":"product_cat-skandinavisches-badezimmer","16":"product_cat-skandinavisches-wohnzimmer","17":"product_cat-teelichthalter","18":"product_cat-wohnzimmer","19":"seizoen-lente-de","20":"seizoen-herfst-de","21":"seizoen-zomer-de","22":"seizoen-winter-de","23":"shop-per-kamer-badkamer-de","24":"shop-per-kamer-woonkamer-de","25":"indooroutdoor-indoor-de","26":"vorm-rond-de","27":"duurzaam-ja-de","28":"productafmetingen-m-de","29":"stijl-bohemian-de","30":"stijl-japandi-de","31":"stijl-scandinavisch-de","32":"merk-industrialwood-de","33":"materiaal-schelp-de","34":"beoordeling-three-star-de","35":"beoordeling-four-star-de","36":"beoordeling-five-star-de","37":"kleur-beige-de","39":"first","40":"outofstock","41":"taxable","42":"shipping-taxable","43":"purchasable","44":"product-type-simple"},"supplier_id":null,"supplier_sku":"","barcode":null,"atum_controlled":true,"out_stock_date":"2026-03-02 20:26:24","out_stock_threshold":null,"inheritable":false,"inbound_stock":0,"stock_on_hold":0,"sold_today":0,"sales_last_days":0,"reserved_stock":0,"customer_returns":0,"warehouse_damage":0,"lost_in_post":0,"other_logs":0,"out_stock_days":42,"lost_sales":748,"has_location":false,"update_date":"2026-04-14T19:52:45","atum_locations":[],"atum_stock_status":"outofstock","restock_status":false,"low_stock_amount":"","sales_update_date":"2026-04-14T19:52:45","calc_backorders":null,"_links":{"self":[{"href":"https:\/\/www.industrialwood.nl\/de\/wp-json\/wp\/v2\/product\/97626","targetHints":{"allow":["GET"]}}],"collection":[{"href":"https:\/\/www.industrialwood.nl\/de\/wp-json\/wp\/v2\/product"}],"about":[{"href":"https:\/\/www.industrialwood.nl\/de\/wp-json\/wp\/v2\/types\/product"}],"replies":[{"embeddable":true,"href":"https:\/\/www.industrialwood.nl\/de\/wp-json\/wp\/v2\/comments?post=97626"}],"wp:featuredmedia":[{"embeddable":true,"href":"https:\/\/www.industrialwood.nl\/de\/wp-json\/wp\/v2\/media\/97632"}],"wp:attachment":[{"href":"https:\/\/www.industrialwood.nl\/de\/wp-json\/wp\/v2\/media?parent=97626"}],"wp:term":[{"taxonomy":"product_brand","embeddable":true,"href":"https:\/\/www.industrialwood.nl\/de\/wp-json\/wp\/v2\/product_brand?post=97626"},{"taxonomy":"product_cat","embeddable":true,"href":"https:\/\/www.industrialwood.nl\/de\/wp-json\/wp\/v2\/product_cat?post=97626"},{"taxonomy":"product_tag","embeddable":true,"href":"https:\/\/www.industrialwood.nl\/de\/wp-json\/wp\/v2\/product_tag?post=97626"},{"taxonomy":"seizoen","embeddable":true,"href":"https:\/\/www.industrialwood.nl\/de\/wp-json\/wp\/v2\/seizoen?post=97626"},{"taxonomy":"bloemensoort","embeddable":true,"href":"https:\/\/www.industrialwood.nl\/de\/wp-json\/wp\/v2\/bloemensoort?post=97626"},{"taxonomy":"samenstelling","embeddable":true,"href":"https:\/\/www.industrialwood.nl\/de\/wp-json\/wp\/v2\/samenstelling?post=97626"},{"taxonomy":"shop-per-kamer","embeddable":true,"href":"https:\/\/www.industrialwood.nl\/de\/wp-json\/wp\/v2\/shop-per-kamer?post=97626"},{"taxonomy":"indooroutdoor","embeddable":true,"href":"https:\/\/www.industrialwood.nl\/de\/wp-json\/wp\/v2\/indooroutdoor?post=97626"},{"taxonomy":"vorm","embeddable":true,"href":"https:\/\/www.industrialwood.nl\/de\/wp-json\/wp\/v2\/vorm?post=97626"},{"taxonomy":"duurzaam","embeddable":true,"href":"https:\/\/www.industrialwood.nl\/de\/wp-json\/wp\/v2\/duurzaam?post=97626"},{"taxonomy":"productafmetingen","embeddable":true,"href":"https:\/\/www.industrialwood.nl\/de\/wp-json\/wp\/v2\/productafmetingen?post=97626"},{"taxonomy":"stijl","embeddable":true,"href":"https:\/\/www.industrialwood.nl\/de\/wp-json\/wp\/v2\/stijl?post=97626"},{"taxonomy":"merk","embeddable":true,"href":"https:\/\/www.industrialwood.nl\/de\/wp-json\/wp\/v2\/merk?post=97626"},{"taxonomy":"materiaal","embeddable":true,"href":"https:\/\/www.industrialwood.nl\/de\/wp-json\/wp\/v2\/materiaal?post=97626"},{"taxonomy":"materiaal-schaaltje","embeddable":true,"href":"https:\/\/www.industrialwood.nl\/de\/wp-json\/wp\/v2\/materiaal-schaaltje?post=97626"},{"taxonomy":"geur","embeddable":true,"href":"https:\/\/www.industrialwood.nl\/de\/wp-json\/wp\/v2\/geur?post=97626"},{"taxonomy":"product-type","embeddable":true,"href":"https:\/\/www.industrialwood.nl\/de\/wp-json\/wp\/v2\/product-type?post=97626"},{"taxonomy":"beoordeling","embeddable":true,"href":"https:\/\/www.industrialwood.nl\/de\/wp-json\/wp\/v2\/beoordeling?post=97626"},{"taxonomy":"uitsparingen","embeddable":true,"href":"https:\/\/www.industrialwood.nl\/de\/wp-json\/wp\/v2\/uitsparingen?post=97626"},{"taxonomy":"houtsoort","embeddable":true,"href":"https:\/\/www.industrialwood.nl\/de\/wp-json\/wp\/v2\/houtsoort?post=97626"},{"taxonomy":"breedte","embeddable":true,"href":"https:\/\/www.industrialwood.nl\/de\/wp-json\/wp\/v2\/breedte?post=97626"},{"taxonomy":"badplanken-lengte","embeddable":true,"href":"https:\/\/www.industrialwood.nl\/de\/wp-json\/wp\/v2\/badplanken-lengte?post=97626"},{"taxonomy":"kleur","embeddable":true,"href":"https:\/\/www.industrialwood.nl\/de\/wp-json\/wp\/v2\/kleur?post=97626"}],"curies":[{"name":"wp","href":"https:\/\/api.w.org\/{rel}","templated":true}]}}