{"id":97553,"date":"2026-02-23T15:49:11","date_gmt":"2026-02-23T14:49:11","guid":{"rendered":"https:\/\/www.industrialwood.nl\/?post_type=product&#038;p=97553"},"modified":"2026-03-09T20:54:33","modified_gmt":"2026-03-09T19:54:33","slug":"vollstandiger-satz-cato-kopie","status":"publish","type":"product","link":"https:\/\/www.industrialwood.nl\/de\/vollstandiger-satz-cato-kopie\/","title":{"rendered":"Komplettset | Nowie"},"content":{"rendered":"","protected":false},"excerpt":{"rendered":"<p data-start=\"190\" data-end=\"221\"><strong>\ud83e\udd0e Komplettset &#8211; Nowie<br \/>\n<\/strong>Sie m\u00f6chten mit einem Schlag ein warmes, stilvolles Ambiente schaffen, ohne selbst kombinieren zu m\u00fcssen? Dann ist das <strong data-start=\"317\" data-end=\"339\">Komplettset Nowie<\/strong> genau das Richtige f\u00fcr Sie \u2728 Dieses sorgf\u00e4ltig zusammengestellte Set in tiefen Braun-, Beige- und Naturt\u00f6nen bringt sofort Ruhe und Luxus in Ihre Einrichtung. <\/p>\n<p data-start=\"792\" data-end=\"1105\">Das runde Tablett in warmem Braun bildet die Basis und bringt alles zusammen \ud83e\udd0e Die Vase Roya mit ihrem beigen Seidenzweig sorgt f\u00fcr H\u00f6he und einen weichen Touch. Der Teelichthalter aus Papua-Muscheln sorgt f\u00fcr Textur und einen nat\u00fcrlichen Akzent, w\u00e4hrend der Kerzenst\u00e4nder Bronzed Mocha einen Hauch von Hotel-Chic verleiht.  Das Ergebnis? Ein komplettes, harmonisches Styling f\u00fcr Ihren Couchtisch, Ihr Sideboard oder Ihren Esstisch, das man einfach hinstellen muss \ud83d\udd6f.<\/p>\n<p data-start=\"1250\" data-end=\"1275\"><strong>Inhalt des Sets Nowie:<\/strong><\/p>\n<ul>\n<li data-start=\"1279\" data-end=\"1305\">1x Rundes Tablett braun M<\/li>\n<li data-start=\"1279\" data-end=\"1305\">1x Roya Vase M<\/li>\n<li data-start=\"1279\" data-end=\"1305\">1x Papua Muschel Teelichthalter<\/li>\n<li data-start=\"1279\" data-end=\"1305\">1x Kerzenleuchter Bronzed Mocha M<\/li>\n<li>1x Seidenzweig beige<\/li>\n<\/ul>\n<p><strong>Hinweis<\/strong>: Kerzen sind nicht im Lieferumfang enthalten. Sie k\u00f6nnen <a href=\"https:\/\/www.industrialwood.nl\/de\/suchergebnisse-11\/?q=deluxe+homeart+indoor\">(LED-)Stumpenkerzen<\/a> oder <a href=\"https:\/\/www.industrialwood.nl\/waxinelicht-doorzichtige-cup-5-stuks-wit-l\/\">Teelichter<\/a> dazu verwenden (je nach Geschmack).<\/p>\n<p data-start=\"1450\" data-end=\"1486\"><strong>Warum Sie Nowie einstellen m\u00f6chten:<\/strong><\/p>\n<ul>\n<li data-start=\"1488\" data-end=\"1766\">Fertig gestyltes Set &#8211; kein Auswahlstress<\/li>\n<li data-start=\"1488\" data-end=\"1766\">Warme Braun- und Beiget\u00f6ne f\u00fcr einen ruhigen Look<\/li>\n<li data-start=\"1488\" data-end=\"1766\">Mix aus Glas, Metall und nat\u00fcrlichen Materialien<\/li>\n<li data-start=\"1488\" data-end=\"1766\">Ideal als komplettes Styling f\u00fcr Tisch oder Sideboard \u2728.<\/li>\n<\/ul>\n<p data-start=\"1768\" data-end=\"1937\">Mit dem Set Nowie schaffen Sie m\u00fchelos eine warme, luxuri\u00f6se Atmosph\u00e4re, in der nat\u00fcrliche Materialien und tiefe Farbt\u00f6ne aufeinandertreffen. Eine zeitlose Kombination, die Sie jeden Tag genie\u00dfen werden \ud83e\udd0e. <\/p>\n<p data-start=\"1783\" data-end=\"1800\"><strong data-start=\"1783\" data-end=\"1797\">Abmessungen<\/strong>: <strong>Tablett<\/strong>: 37&#215;2 cm | <strong>Vase<\/strong>: 12&#215;33,5 cm | <strong>Wachskerzenhalter<\/strong>: 9&#215;6 cm | <strong>Kerzenst\u00e4nder<\/strong>: 10&#215;27 cm | <strong>Seidenzweig<\/strong>: 74 cm<br \/>\n<strong data-start=\"1923\" data-end=\"1936\">Material<\/strong>: Keramik, Metall, Muscheln<br data-start=\"1954\" data-end=\"1957\"><strong data-start=\"1957\" data-end=\"1968\">Farben<\/strong>: Beige, Taupe, Wei\u00df<\/p>\n","protected":false},"featured_media":97353,"comment_status":"open","ping_status":"closed","template":"","meta":[],"product_brand":[],"product_cat":[715],"product_tag":[],"seizoen":[543,545,544,546],"bloemensoort":[],"samenstelling":[],"shop-per-kamer":[549],"indooroutdoor":[555],"vorm":[563,557],"duurzaam":[565],"productafmetingen":[569,568,567,570,566],"stijl":[574,571,575,573,572],"merk":[582,576,588],"materiaal":[608],"materiaal-schaaltje":[],"geur":[],"product-type":[],"beoordeling":[640,641,642],"uitsparingen":[],"houtsoort":[],"breedte":[],"badplanken-lengte":[],"kleur":[657,663,659],"class_list":{"0":"post-97553","1":"product","2":"type-product","3":"status-publish","4":"has-post-thumbnail","6":"product_cat-das-set-kaufen","7":"seizoen-lente-de","8":"seizoen-herfst-de","9":"seizoen-zomer-de","10":"seizoen-winter-de","11":"shop-per-kamer-woonkamer-de","12":"indooroutdoor-indoor-de","13":"vorm-organisch-de","14":"vorm-rond-de","15":"duurzaam-ja-de","16":"productafmetingen-l-de","17":"productafmetingen-m-de","18":"productafmetingen-s-de","19":"productafmetingen-xl-de","20":"productafmetingen-xs-de","21":"stijl-bohemian-de","22":"stijl-hotel-chique-de","23":"stijl-japandi-de","24":"stijl-modern-de","25":"stijl-scandinavisch-de","26":"merk-deluxe-homeart-de","27":"merk-industrialwood-de","28":"merk-vase-the-world-de","29":"materiaal-glas-de","30":"beoordeling-three-star-de","31":"beoordeling-four-star-de","32":"beoordeling-five-star-de","33":"kleur-beige-de","34":"kleur-bruin-de","35":"kleur-wit-de","37":"first","38":"outofstock","39":"sale","40":"taxable","41":"shipping-taxable","42":"purchasable","43":"product-type-simple"},"supplier_id":null,"supplier_sku":"","barcode":null,"atum_controlled":true,"out_stock_date":"2026-03-09 20:54:33","out_stock_threshold":null,"inheritable":false,"inbound_stock":0,"stock_on_hold":0,"sold_today":0,"sales_last_days":0,"reserved_stock":0,"customer_returns":0,"warehouse_damage":0,"lost_in_post":0,"other_logs":0,"out_stock_days":35,"lost_sales":0,"has_location":false,"update_date":"2026-04-14T19:52:44","atum_locations":[],"atum_stock_status":"outofstock","restock_status":false,"low_stock_amount":"","sales_update_date":"2026-04-14T19:52:44","calc_backorders":null,"_links":{"self":[{"href":"https:\/\/www.industrialwood.nl\/de\/wp-json\/wp\/v2\/product\/97553","targetHints":{"allow":["GET"]}}],"collection":[{"href":"https:\/\/www.industrialwood.nl\/de\/wp-json\/wp\/v2\/product"}],"about":[{"href":"https:\/\/www.industrialwood.nl\/de\/wp-json\/wp\/v2\/types\/product"}],"replies":[{"embeddable":true,"href":"https:\/\/www.industrialwood.nl\/de\/wp-json\/wp\/v2\/comments?post=97553"}],"wp:featuredmedia":[{"embeddable":true,"href":"https:\/\/www.industrialwood.nl\/de\/wp-json\/wp\/v2\/media\/97353"}],"wp:attachment":[{"href":"https:\/\/www.industrialwood.nl\/de\/wp-json\/wp\/v2\/media?parent=97553"}],"wp:term":[{"taxonomy":"product_brand","embeddable":true,"href":"https:\/\/www.industrialwood.nl\/de\/wp-json\/wp\/v2\/product_brand?post=97553"},{"taxonomy":"product_cat","embeddable":true,"href":"https:\/\/www.industrialwood.nl\/de\/wp-json\/wp\/v2\/product_cat?post=97553"},{"taxonomy":"product_tag","embeddable":true,"href":"https:\/\/www.industrialwood.nl\/de\/wp-json\/wp\/v2\/product_tag?post=97553"},{"taxonomy":"seizoen","embeddable":true,"href":"https:\/\/www.industrialwood.nl\/de\/wp-json\/wp\/v2\/seizoen?post=97553"},{"taxonomy":"bloemensoort","embeddable":true,"href":"https:\/\/www.industrialwood.nl\/de\/wp-json\/wp\/v2\/bloemensoort?post=97553"},{"taxonomy":"samenstelling","embeddable":true,"href":"https:\/\/www.industrialwood.nl\/de\/wp-json\/wp\/v2\/samenstelling?post=97553"},{"taxonomy":"shop-per-kamer","embeddable":true,"href":"https:\/\/www.industrialwood.nl\/de\/wp-json\/wp\/v2\/shop-per-kamer?post=97553"},{"taxonomy":"indooroutdoor","embeddable":true,"href":"https:\/\/www.industrialwood.nl\/de\/wp-json\/wp\/v2\/indooroutdoor?post=97553"},{"taxonomy":"vorm","embeddable":true,"href":"https:\/\/www.industrialwood.nl\/de\/wp-json\/wp\/v2\/vorm?post=97553"},{"taxonomy":"duurzaam","embeddable":true,"href":"https:\/\/www.industrialwood.nl\/de\/wp-json\/wp\/v2\/duurzaam?post=97553"},{"taxonomy":"productafmetingen","embeddable":true,"href":"https:\/\/www.industrialwood.nl\/de\/wp-json\/wp\/v2\/productafmetingen?post=97553"},{"taxonomy":"stijl","embeddable":true,"href":"https:\/\/www.industrialwood.nl\/de\/wp-json\/wp\/v2\/stijl?post=97553"},{"taxonomy":"merk","embeddable":true,"href":"https:\/\/www.industrialwood.nl\/de\/wp-json\/wp\/v2\/merk?post=97553"},{"taxonomy":"materiaal","embeddable":true,"href":"https:\/\/www.industrialwood.nl\/de\/wp-json\/wp\/v2\/materiaal?post=97553"},{"taxonomy":"materiaal-schaaltje","embeddable":true,"href":"https:\/\/www.industrialwood.nl\/de\/wp-json\/wp\/v2\/materiaal-schaaltje?post=97553"},{"taxonomy":"geur","embeddable":true,"href":"https:\/\/www.industrialwood.nl\/de\/wp-json\/wp\/v2\/geur?post=97553"},{"taxonomy":"product-type","embeddable":true,"href":"https:\/\/www.industrialwood.nl\/de\/wp-json\/wp\/v2\/product-type?post=97553"},{"taxonomy":"beoordeling","embeddable":true,"href":"https:\/\/www.industrialwood.nl\/de\/wp-json\/wp\/v2\/beoordeling?post=97553"},{"taxonomy":"uitsparingen","embeddable":true,"href":"https:\/\/www.industrialwood.nl\/de\/wp-json\/wp\/v2\/uitsparingen?post=97553"},{"taxonomy":"houtsoort","embeddable":true,"href":"https:\/\/www.industrialwood.nl\/de\/wp-json\/wp\/v2\/houtsoort?post=97553"},{"taxonomy":"breedte","embeddable":true,"href":"https:\/\/www.industrialwood.nl\/de\/wp-json\/wp\/v2\/breedte?post=97553"},{"taxonomy":"badplanken-lengte","embeddable":true,"href":"https:\/\/www.industrialwood.nl\/de\/wp-json\/wp\/v2\/badplanken-lengte?post=97553"},{"taxonomy":"kleur","embeddable":true,"href":"https:\/\/www.industrialwood.nl\/de\/wp-json\/wp\/v2\/kleur?post=97553"}],"curies":[{"name":"wp","href":"https:\/\/api.w.org\/{rel}","templated":true}]}}