{"id":97551,"date":"2026-02-23T15:15:42","date_gmt":"2026-02-23T14:15:42","guid":{"rendered":"https:\/\/www.industrialwood.nl\/?post_type=product&#038;p=97551"},"modified":"2026-03-26T22:16:01","modified_gmt":"2026-03-26T21:16:01","slug":"kerzenleuchter-bronzed-mocha-m-kopie","status":"publish","type":"product","link":"https:\/\/www.industrialwood.nl\/de\/kerzenleuchter-bronzed-mocha-m-kopie\/","title":{"rendered":"Kerzenleuchter | Bronzed Mocha | L"},"content":{"rendered":"","protected":false},"excerpt":{"rendered":"<p data-start=\"119\" data-end=\"166\"><strong>\ud83e\udd0e Gro\u00dfer Kerzenhalter Bronzed Mocha &#8211; Light&amp;Living<br \/>\n<\/strong>Der <strong data-start=\"266\" data-end=\"318\">gro\u00dfe Kerzenhalter Bronzed Mocha <\/strong>von<strong data-start=\"266\" data-end=\"318\"> Light &amp; Living<\/strong> ist ein echter Blickfang in Ihrem Zuhause \ud83d\udd6f Mit seiner eleganten, organischen Form und seinem warmen br\u00e4unlich-bronzenen Farbton strahlt dieser Kerzenhalter Ruhe und Luxus aus. Die h\u00f6here Variante verleiht Ihrer Einrichtung sofort Pr\u00e4senz und ist perfekt, wenn Sie einen kraftvollen und dennoch stilvollen Akzent setzen m\u00f6chten. <\/p>\n<p data-start=\"604\" data-end=\"886\">Die tiefe Mokkafarbe mit dezentem Bronzeschimmer verleiht jedem Raum W\u00e4rme. Dieser <strong data-start=\"689\" data-end=\"723\">gro\u00dfe braune Metallkerzenhalter<\/strong>sieht auf einer Anrichte, einem Esstisch oder in einem offenen Schrank gro\u00dfartig aus. Mit seiner H\u00f6he k\u00f6nnen Sie ganz einfach einen spielerischen und schicken H\u00f6henunterschied in Ihrem Styling schaffen \u2728 Kombinieren Sie ihn mit der kleineren Variante f\u00fcr ein harmonisches Ganzes oder lassen Sie ihn solo als Statement-St\u00fcck erstrahlen. Dank seines zeitlosen Designs passt dieser Kerzenst\u00e4nder m\u00fchelos in eine moderne, hotelschicke oder Japandi-Einrichtung \ud83e\udef6   <\/p>\n<p data-start=\"604\" data-end=\"886\"><strong>Warum sollten Sie sich f\u00fcr den gro\u00dfen Bronzed Mocha Kerzenleuchter entscheiden?<\/strong><\/p>\n<ul>\n<li data-start=\"1174\" data-end=\"1215\">Luxuri\u00f6ses Design der Marke Light&amp;Living<\/li>\n<li data-start=\"1174\" data-end=\"1215\">Gro\u00dfer brauner Kerzenst\u00e4nder mit Bronze-Finish<\/li>\n<li data-start=\"1174\" data-end=\"1215\">Hergestellt aus hochwertigem Metall<\/li>\n<li data-start=\"1174\" data-end=\"1215\">H\u00fcbsch kombiniert mit der <a href=\"https:\/\/www.industrialwood.nl\/kandelaar-bronzed-mocha-m\/\">kleineren Variante<\/a><\/li>\n<\/ul>\n<p data-start=\"1128\" data-end=\"1269\"><strong>Ma\u00dfe<\/strong>: 10&#215;34,5 cm<br \/>\n<strong>Material<\/strong>: Metall<br \/>\n<strong>Farbe<\/strong>: Braun | Bronze<\/p>\n","protected":false},"featured_media":97543,"comment_status":"open","ping_status":"closed","template":"","meta":[],"product_brand":[],"product_cat":[400,418,402,413,424,420,422,396],"product_tag":[],"seizoen":[543,545,544,546],"bloemensoort":[],"samenstelling":[],"shop-per-kamer":[552,549],"indooroutdoor":[555],"vorm":[563,557],"duurzaam":[565],"productafmetingen":[569],"stijl":[574,571,575,573,572],"merk":[576],"materiaal":[614],"materiaal-schaaltje":[],"geur":[],"product-type":[],"beoordeling":[640,641,642],"uitsparingen":[],"houtsoort":[],"breedte":[],"badplanken-lengte":[],"kleur":[663],"class_list":{"0":"post-97551","1":"product","2":"type-product","3":"status-publish","4":"has-post-thumbnail","6":"product_cat-boheme-wohnzimmer","7":"product_cat-hotel-chic-wohnzimmer","8":"product_cat-japandi-wohnzimmer","9":"product_cat-kerzenstander-kerzenleuchter","10":"product_cat-landwohnzimmer","11":"product_cat-modernes-wohnzimmer","12":"product_cat-skandinavisches-wohnzimmer","13":"product_cat-wohnzimmer","14":"seizoen-lente-de","15":"seizoen-herfst-de","16":"seizoen-zomer-de","17":"seizoen-winter-de","18":"shop-per-kamer-hal-de","19":"shop-per-kamer-woonkamer-de","20":"indooroutdoor-indoor-de","21":"vorm-organisch-de","22":"vorm-rond-de","23":"duurzaam-ja-de","24":"productafmetingen-l-de","25":"stijl-bohemian-de","26":"stijl-hotel-chique-de","27":"stijl-japandi-de","28":"stijl-modern-de","29":"stijl-scandinavisch-de","30":"merk-industrialwood-de","31":"materiaal-metaal-de","32":"beoordeling-three-star-de","33":"beoordeling-four-star-de","34":"beoordeling-five-star-de","35":"kleur-bruin-de","37":"first","38":"outofstock","39":"taxable","40":"shipping-taxable","41":"purchasable","42":"product-type-simple"},"supplier_id":null,"supplier_sku":"","barcode":null,"atum_controlled":true,"out_stock_date":"2026-03-26 22:16:02","out_stock_threshold":null,"inheritable":false,"inbound_stock":0,"stock_on_hold":0,"sold_today":0,"sales_last_days":5,"reserved_stock":0,"customer_returns":0,"warehouse_damage":0,"lost_in_post":0,"other_logs":0,"out_stock_days":18,"lost_sales":77,"has_location":false,"update_date":"2026-04-14T19:52:44","atum_locations":[],"atum_stock_status":"outofstock","restock_status":false,"low_stock_amount":"","sales_update_date":"2026-04-14T19:52:44","calc_backorders":null,"_links":{"self":[{"href":"https:\/\/www.industrialwood.nl\/de\/wp-json\/wp\/v2\/product\/97551","targetHints":{"allow":["GET"]}}],"collection":[{"href":"https:\/\/www.industrialwood.nl\/de\/wp-json\/wp\/v2\/product"}],"about":[{"href":"https:\/\/www.industrialwood.nl\/de\/wp-json\/wp\/v2\/types\/product"}],"replies":[{"embeddable":true,"href":"https:\/\/www.industrialwood.nl\/de\/wp-json\/wp\/v2\/comments?post=97551"}],"wp:featuredmedia":[{"embeddable":true,"href":"https:\/\/www.industrialwood.nl\/de\/wp-json\/wp\/v2\/media\/97543"}],"wp:attachment":[{"href":"https:\/\/www.industrialwood.nl\/de\/wp-json\/wp\/v2\/media?parent=97551"}],"wp:term":[{"taxonomy":"product_brand","embeddable":true,"href":"https:\/\/www.industrialwood.nl\/de\/wp-json\/wp\/v2\/product_brand?post=97551"},{"taxonomy":"product_cat","embeddable":true,"href":"https:\/\/www.industrialwood.nl\/de\/wp-json\/wp\/v2\/product_cat?post=97551"},{"taxonomy":"product_tag","embeddable":true,"href":"https:\/\/www.industrialwood.nl\/de\/wp-json\/wp\/v2\/product_tag?post=97551"},{"taxonomy":"seizoen","embeddable":true,"href":"https:\/\/www.industrialwood.nl\/de\/wp-json\/wp\/v2\/seizoen?post=97551"},{"taxonomy":"bloemensoort","embeddable":true,"href":"https:\/\/www.industrialwood.nl\/de\/wp-json\/wp\/v2\/bloemensoort?post=97551"},{"taxonomy":"samenstelling","embeddable":true,"href":"https:\/\/www.industrialwood.nl\/de\/wp-json\/wp\/v2\/samenstelling?post=97551"},{"taxonomy":"shop-per-kamer","embeddable":true,"href":"https:\/\/www.industrialwood.nl\/de\/wp-json\/wp\/v2\/shop-per-kamer?post=97551"},{"taxonomy":"indooroutdoor","embeddable":true,"href":"https:\/\/www.industrialwood.nl\/de\/wp-json\/wp\/v2\/indooroutdoor?post=97551"},{"taxonomy":"vorm","embeddable":true,"href":"https:\/\/www.industrialwood.nl\/de\/wp-json\/wp\/v2\/vorm?post=97551"},{"taxonomy":"duurzaam","embeddable":true,"href":"https:\/\/www.industrialwood.nl\/de\/wp-json\/wp\/v2\/duurzaam?post=97551"},{"taxonomy":"productafmetingen","embeddable":true,"href":"https:\/\/www.industrialwood.nl\/de\/wp-json\/wp\/v2\/productafmetingen?post=97551"},{"taxonomy":"stijl","embeddable":true,"href":"https:\/\/www.industrialwood.nl\/de\/wp-json\/wp\/v2\/stijl?post=97551"},{"taxonomy":"merk","embeddable":true,"href":"https:\/\/www.industrialwood.nl\/de\/wp-json\/wp\/v2\/merk?post=97551"},{"taxonomy":"materiaal","embeddable":true,"href":"https:\/\/www.industrialwood.nl\/de\/wp-json\/wp\/v2\/materiaal?post=97551"},{"taxonomy":"materiaal-schaaltje","embeddable":true,"href":"https:\/\/www.industrialwood.nl\/de\/wp-json\/wp\/v2\/materiaal-schaaltje?post=97551"},{"taxonomy":"geur","embeddable":true,"href":"https:\/\/www.industrialwood.nl\/de\/wp-json\/wp\/v2\/geur?post=97551"},{"taxonomy":"product-type","embeddable":true,"href":"https:\/\/www.industrialwood.nl\/de\/wp-json\/wp\/v2\/product-type?post=97551"},{"taxonomy":"beoordeling","embeddable":true,"href":"https:\/\/www.industrialwood.nl\/de\/wp-json\/wp\/v2\/beoordeling?post=97551"},{"taxonomy":"uitsparingen","embeddable":true,"href":"https:\/\/www.industrialwood.nl\/de\/wp-json\/wp\/v2\/uitsparingen?post=97551"},{"taxonomy":"houtsoort","embeddable":true,"href":"https:\/\/www.industrialwood.nl\/de\/wp-json\/wp\/v2\/houtsoort?post=97551"},{"taxonomy":"breedte","embeddable":true,"href":"https:\/\/www.industrialwood.nl\/de\/wp-json\/wp\/v2\/breedte?post=97551"},{"taxonomy":"badplanken-lengte","embeddable":true,"href":"https:\/\/www.industrialwood.nl\/de\/wp-json\/wp\/v2\/badplanken-lengte?post=97551"},{"taxonomy":"kleur","embeddable":true,"href":"https:\/\/www.industrialwood.nl\/de\/wp-json\/wp\/v2\/kleur?post=97551"}],"curies":[{"name":"wp","href":"https:\/\/api.w.org\/{rel}","templated":true}]}}