{"id":97454,"date":"2026-02-23T13:04:01","date_gmt":"2026-02-23T12:04:01","guid":{"rendered":"https:\/\/www.industrialwood.nl\/?post_type=product&#038;p=97454"},"modified":"2026-03-09T20:39:50","modified_gmt":"2026-03-09T19:39:50","slug":"tablett-rund-braun-m-kopie-2","status":"publish","type":"product","link":"https:\/\/www.industrialwood.nl\/de\/tablett-rund-braun-m-kopie-2\/","title":{"rendered":"Tablett | Japandi | Finn | Beige | M"},"content":{"rendered":"","protected":false},"excerpt":{"rendered":"<p data-start=\"0\" data-end=\"69\"><strong>Tablett auf Beinen beige &#8211; Japandi-Stil mit sch\u00f6ner Struktur \ud83e\udd0d\u2728<br \/>\n<\/strong>Suchen Sie nach einem besonderen <strong data-start=\"98\" data-end=\"119\">Tablett auf Beinen<\/strong>, das sofort Atmosph\u00e4re schafft? Dieses beige strukturierte Tablett ist ein echter Blickfang in Ihrem Zuhause. Die sanfte Farbe und das dezent k\u00f6rnige Finish sorgen f\u00fcr einen ruhigen, warmen Look, der perfekt in ein Japandi-Interieur passt.  <\/p>\n<p data-start=\"357\" data-end=\"669\">Die drei stabilen runden Zylinderbeine verleihen diesem dekorativen Tablett eine verspielte und moderne Wirkung. Es sieht fast wie eine kleine B\u00fchne f\u00fcr Ihre liebsten Wohnaccessoires aus. Stellen Sie eine Vase, Kerzen, einen Teelichthalter oder ein Ornament darauf und schon haben Sie eine stilvolle Ecke auf Ihrem Couchtisch, Esstisch oder Sideboard.  <\/p>\n<p data-start=\"671\" data-end=\"909\">Durch die neutrale Farbe Beige l\u00e4sst sich dieses Japandi-Tablett leicht mit anderen Farbt\u00f6nen wie Wei\u00df, Taupe, Braun und Sandfarben kombinieren. Die matte, k\u00f6rnige Textur verleiht dem Tablett das gewisse Etwas und sorgt f\u00fcr einen luxuri\u00f6sen, aber dennoch ruhigen Look. Auch sch\u00f6n zu kombinieren mit der kleineren Variante! Sie suchen ein strukturiertes Japandi-Tablett in Beige, das sich ein wenig von einem Standardtablett unterscheidet? Dann ist dies Ihr neuer Favorit \ud83e\udd0d.    <\/p>\n<p data-start=\"911\" data-end=\"1215\"><strong>Warum Sie dieses Tablett auf Beinen brauchen:<\/strong><\/p>\n<ul>\n<li data-start=\"911\" data-end=\"1215\">Trendiges Tablett auf Beinen in Beige<\/li>\n<li data-start=\"911\" data-end=\"1215\">Perfekt f\u00fcr Japandi oder minimalistische Interieurs<\/li>\n<li data-start=\"911\" data-end=\"1215\">Sch\u00f6ne k\u00f6rnige Textur mit mattem Finish<\/li>\n<li data-start=\"911\" data-end=\"1215\">Ideal als dekoratives Tablett f\u00fcr Kerzen und Vasen<\/li>\n<li data-start=\"911\" data-end=\"1215\">Auch in einer Nummer gr\u00f6\u00dfer erh\u00e4ltlich<\/li>\n<\/ul>\n<p data-start=\"1348\" data-end=\"1479\" data-is-last-node=\"\" data-is-only-node=\"\"><strong>Abmessungen<\/strong>: 30x30x13 cm<br \/>\n<strong>Material<\/strong>: Metall<br \/>\n<strong>Farbe<\/strong>: Beige<\/p>\n","protected":false},"featured_media":97458,"comment_status":"open","ping_status":"closed","template":"","meta":[],"product_brand":[],"product_cat":[400,418,402,424,420,395,422,478,396],"product_tag":[],"seizoen":[543,545,544,546],"bloemensoort":[],"samenstelling":[],"shop-per-kamer":[552,553],"indooroutdoor":[555],"vorm":[557],"duurzaam":[565],"productafmetingen":[568],"stijl":[574,571,575,573,572],"merk":[576],"materiaal":[614],"materiaal-schaaltje":[],"geur":[],"product-type":[],"beoordeling":[640,641,642],"uitsparingen":[],"houtsoort":[],"breedte":[],"badplanken-lengte":[],"kleur":[657],"class_list":{"0":"post-97454","1":"product","2":"type-product","3":"status-publish","4":"has-post-thumbnail","6":"product_cat-boheme-wohnzimmer","7":"product_cat-hotel-chic-wohnzimmer","8":"product_cat-japandi-wohnzimmer","9":"product_cat-landwohnzimmer","10":"product_cat-modernes-wohnzimmer","11":"product_cat-naturliche-tone","12":"product_cat-skandinavisches-wohnzimmer","13":"product_cat-tabletts","14":"product_cat-wohnzimmer","15":"seizoen-lente-de","16":"seizoen-herfst-de","17":"seizoen-zomer-de","18":"seizoen-winter-de","19":"shop-per-kamer-hal-de","20":"shop-per-kamer-slaapkamer-de","21":"indooroutdoor-indoor-de","22":"vorm-rond-de","23":"duurzaam-ja-de","24":"productafmetingen-m-de","25":"stijl-bohemian-de","26":"stijl-hotel-chique-de","27":"stijl-japandi-de","28":"stijl-modern-de","29":"stijl-scandinavisch-de","30":"merk-industrialwood-de","31":"materiaal-metaal-de","32":"beoordeling-three-star-de","33":"beoordeling-four-star-de","34":"beoordeling-five-star-de","35":"kleur-beige-de","37":"first","38":"instock","39":"taxable","40":"shipping-taxable","41":"purchasable","42":"product-type-simple"},"supplier_id":null,"supplier_sku":"","barcode":null,"atum_controlled":true,"out_stock_date":null,"out_stock_threshold":null,"inheritable":false,"inbound_stock":0,"stock_on_hold":1,"sold_today":0,"sales_last_days":3,"reserved_stock":0,"customer_returns":0,"warehouse_damage":0,"lost_in_post":0,"other_logs":0,"out_stock_days":0,"lost_sales":0,"has_location":false,"update_date":"2026-04-14T19:52:44","atum_locations":[],"atum_stock_status":"instock","restock_status":false,"low_stock_amount":"","sales_update_date":"2026-04-14T19:52:44","calc_backorders":null,"_links":{"self":[{"href":"https:\/\/www.industrialwood.nl\/de\/wp-json\/wp\/v2\/product\/97454","targetHints":{"allow":["GET"]}}],"collection":[{"href":"https:\/\/www.industrialwood.nl\/de\/wp-json\/wp\/v2\/product"}],"about":[{"href":"https:\/\/www.industrialwood.nl\/de\/wp-json\/wp\/v2\/types\/product"}],"replies":[{"embeddable":true,"href":"https:\/\/www.industrialwood.nl\/de\/wp-json\/wp\/v2\/comments?post=97454"}],"wp:featuredmedia":[{"embeddable":true,"href":"https:\/\/www.industrialwood.nl\/de\/wp-json\/wp\/v2\/media\/97458"}],"wp:attachment":[{"href":"https:\/\/www.industrialwood.nl\/de\/wp-json\/wp\/v2\/media?parent=97454"}],"wp:term":[{"taxonomy":"product_brand","embeddable":true,"href":"https:\/\/www.industrialwood.nl\/de\/wp-json\/wp\/v2\/product_brand?post=97454"},{"taxonomy":"product_cat","embeddable":true,"href":"https:\/\/www.industrialwood.nl\/de\/wp-json\/wp\/v2\/product_cat?post=97454"},{"taxonomy":"product_tag","embeddable":true,"href":"https:\/\/www.industrialwood.nl\/de\/wp-json\/wp\/v2\/product_tag?post=97454"},{"taxonomy":"seizoen","embeddable":true,"href":"https:\/\/www.industrialwood.nl\/de\/wp-json\/wp\/v2\/seizoen?post=97454"},{"taxonomy":"bloemensoort","embeddable":true,"href":"https:\/\/www.industrialwood.nl\/de\/wp-json\/wp\/v2\/bloemensoort?post=97454"},{"taxonomy":"samenstelling","embeddable":true,"href":"https:\/\/www.industrialwood.nl\/de\/wp-json\/wp\/v2\/samenstelling?post=97454"},{"taxonomy":"shop-per-kamer","embeddable":true,"href":"https:\/\/www.industrialwood.nl\/de\/wp-json\/wp\/v2\/shop-per-kamer?post=97454"},{"taxonomy":"indooroutdoor","embeddable":true,"href":"https:\/\/www.industrialwood.nl\/de\/wp-json\/wp\/v2\/indooroutdoor?post=97454"},{"taxonomy":"vorm","embeddable":true,"href":"https:\/\/www.industrialwood.nl\/de\/wp-json\/wp\/v2\/vorm?post=97454"},{"taxonomy":"duurzaam","embeddable":true,"href":"https:\/\/www.industrialwood.nl\/de\/wp-json\/wp\/v2\/duurzaam?post=97454"},{"taxonomy":"productafmetingen","embeddable":true,"href":"https:\/\/www.industrialwood.nl\/de\/wp-json\/wp\/v2\/productafmetingen?post=97454"},{"taxonomy":"stijl","embeddable":true,"href":"https:\/\/www.industrialwood.nl\/de\/wp-json\/wp\/v2\/stijl?post=97454"},{"taxonomy":"merk","embeddable":true,"href":"https:\/\/www.industrialwood.nl\/de\/wp-json\/wp\/v2\/merk?post=97454"},{"taxonomy":"materiaal","embeddable":true,"href":"https:\/\/www.industrialwood.nl\/de\/wp-json\/wp\/v2\/materiaal?post=97454"},{"taxonomy":"materiaal-schaaltje","embeddable":true,"href":"https:\/\/www.industrialwood.nl\/de\/wp-json\/wp\/v2\/materiaal-schaaltje?post=97454"},{"taxonomy":"geur","embeddable":true,"href":"https:\/\/www.industrialwood.nl\/de\/wp-json\/wp\/v2\/geur?post=97454"},{"taxonomy":"product-type","embeddable":true,"href":"https:\/\/www.industrialwood.nl\/de\/wp-json\/wp\/v2\/product-type?post=97454"},{"taxonomy":"beoordeling","embeddable":true,"href":"https:\/\/www.industrialwood.nl\/de\/wp-json\/wp\/v2\/beoordeling?post=97454"},{"taxonomy":"uitsparingen","embeddable":true,"href":"https:\/\/www.industrialwood.nl\/de\/wp-json\/wp\/v2\/uitsparingen?post=97454"},{"taxonomy":"houtsoort","embeddable":true,"href":"https:\/\/www.industrialwood.nl\/de\/wp-json\/wp\/v2\/houtsoort?post=97454"},{"taxonomy":"breedte","embeddable":true,"href":"https:\/\/www.industrialwood.nl\/de\/wp-json\/wp\/v2\/breedte?post=97454"},{"taxonomy":"badplanken-lengte","embeddable":true,"href":"https:\/\/www.industrialwood.nl\/de\/wp-json\/wp\/v2\/badplanken-lengte?post=97454"},{"taxonomy":"kleur","embeddable":true,"href":"https:\/\/www.industrialwood.nl\/de\/wp-json\/wp\/v2\/kleur?post=97454"}],"curies":[{"name":"wp","href":"https:\/\/api.w.org\/{rel}","templated":true}]}}