{"id":97422,"date":"2026-02-23T11:58:06","date_gmt":"2026-02-23T10:58:06","guid":{"rendered":"https:\/\/www.industrialwood.nl\/vase-ziggy-smokey-taupe\/"},"modified":"2026-03-19T09:46:24","modified_gmt":"2026-03-19T08:46:24","slug":"vase-ziggy-smokey-taupe","status":"publish","type":"product","link":"https:\/\/www.industrialwood.nl\/de\/vase-ziggy-smokey-taupe\/","title":{"rendered":"Vase | Ziggy | Smokey Taupe"},"content":{"rendered":"","protected":false},"excerpt":{"rendered":"<p data-start=\"0\" data-end=\"63\"><strong>Vase smokey taupe Glas &#8211; stilvoller 2-in-1 Blickfang \ud83e\udd0e\u2728<br \/>\n<\/strong>Sie suchen nach einer <strong data-start=\"82\" data-end=\"113\">Glasvase in smokey taupe<\/strong>, die einfach ein bisschen anders ist? Diese sch\u00f6ne Vase aus hochwertigem Glas ist ein echter Stimmungsmacher in Ihrem Zuhause. Die warme Farbe Smokey Taupe verleiht einen luxuri\u00f6sen und ruhigen Look und passt perfekt in ein modernes, Japandi, Hotel-Chic oder minimalistisches Interieur.  <\/p>\n<p data-start=\"373\" data-end=\"643\">Das klare, aber leicht get\u00f6nte Glas verleiht Ihrem Strau\u00df, Zweig oder Ihrer Seidenblume sofort einen weichen, warmen Glanz. Stellen Sie einen sch\u00f6nen (Seiden-)Zweig f\u00fcr einen ruhigen Look auf, oder entscheiden Sie sich f\u00fcr einen Strau\u00df als echten Blickfang auf Ihrem Esstisch, Sideboard, Beistelltisch oder Couchtisch. <\/p>\n<p data-start=\"645\" data-end=\"943\">Was macht diese Glasvase in Taupe besonders interessant? Sie k\u00f6nnen sie auch als Duftzerst\u00e4uber verwenden! F\u00fcllen Sie die Vase mit Ihrem Lieblingsduft, legen Sie ein paar Duftst\u00e4bchen hinein und im Handumdrehen haben Sie einen stilvollen Glasdiffusor, der auch perfekt zu Ihrer Einrichtung passt. Sch\u00f6n und praktisch \ud83c\udf38.   <\/p>\n<p data-start=\"945\" data-end=\"1304\"><strong>Warum Sie diese rauchig-taupefarbene Vase haben m\u00f6chten:<\/strong><\/p>\n<ul>\n<li data-start=\"945\" data-end=\"1304\">Hochwertige Glasvase in trendiger rauchiger Taupe-Farbe<\/li>\n<li data-start=\"945\" data-end=\"1304\">Kann als Blumenvase und als Duftzerst\u00e4uber mit St\u00e4bchen verwendet werden<\/li>\n<li data-start=\"945\" data-end=\"1304\">Sch\u00f6n f\u00fcr frische Blumen, Seidenblumen oder dekorative Zweige<\/li>\n<li data-start=\"945\" data-end=\"1304\">Auch in rauchigem Schwarz erh\u00e4ltlich<\/li>\n<\/ul>\n<p data-start=\"1306\" data-end=\"1435\" data-is-last-node=\"\" data-is-only-node=\"\"><strong>Ma\u00dfe<\/strong>: 12&#215;18 cm<br \/>\n<strong>Material<\/strong>: Glas<br \/>\n<strong>Farbe<\/strong>: Smokey Taupe | Braun<\/p>\n","protected":false},"featured_media":97423,"comment_status":"open","ping_status":"closed","template":"","meta":[],"product_brand":[],"product_cat":[400,418,402,424,420,395,422,387,396],"product_tag":[],"seizoen":[543,545,544,546],"bloemensoort":[],"samenstelling":[],"shop-per-kamer":[552,549],"indooroutdoor":[555],"vorm":[557,559],"duurzaam":[565],"productafmetingen":[569,568,567],"stijl":[574,571,575,573,572],"merk":[576],"materiaal":[608],"materiaal-schaaltje":[],"geur":[],"product-type":[],"beoordeling":[640,641,642],"uitsparingen":[],"houtsoort":[],"breedte":[],"badplanken-lengte":[],"kleur":[663,666],"class_list":{"0":"post-97422","1":"product","2":"type-product","3":"status-publish","4":"has-post-thumbnail","6":"product_cat-boheme-wohnzimmer","7":"product_cat-hotel-chic-wohnzimmer","8":"product_cat-japandi-wohnzimmer","9":"product_cat-landwohnzimmer","10":"product_cat-modernes-wohnzimmer","11":"product_cat-naturliche-tone","12":"product_cat-skandinavisches-wohnzimmer","13":"product_cat-vasen-topfe","14":"product_cat-wohnzimmer","15":"seizoen-lente-de","16":"seizoen-herfst-de","17":"seizoen-zomer-de","18":"seizoen-winter-de","19":"shop-per-kamer-hal-de","20":"shop-per-kamer-woonkamer-de","21":"indooroutdoor-indoor-de","22":"vorm-rond-de","23":"vorm-cilinder-de","24":"duurzaam-ja-de","25":"productafmetingen-l-de","26":"productafmetingen-m-de","27":"productafmetingen-s-de","28":"stijl-bohemian-de","29":"stijl-hotel-chique-de","30":"stijl-japandi-de","31":"stijl-modern-de","32":"stijl-scandinavisch-de","33":"merk-industrialwood-de","34":"materiaal-glas-de","35":"beoordeling-three-star-de","36":"beoordeling-four-star-de","37":"beoordeling-five-star-de","38":"kleur-bruin-de","39":"kleur-taupe-de","41":"first","42":"instock","43":"taxable","44":"shipping-taxable","45":"purchasable","46":"product-type-simple"},"supplier_id":null,"supplier_sku":"","barcode":null,"atum_controlled":true,"out_stock_date":null,"out_stock_threshold":null,"inheritable":false,"inbound_stock":0,"stock_on_hold":1,"sold_today":0,"sales_last_days":7,"reserved_stock":0,"customer_returns":0,"warehouse_damage":0,"lost_in_post":0,"other_logs":0,"out_stock_days":0,"lost_sales":0,"has_location":false,"update_date":"2026-04-18T15:34:32","atum_locations":[],"atum_stock_status":"instock","restock_status":false,"low_stock_amount":"","sales_update_date":"2026-04-18T15:34:32","calc_backorders":null,"_links":{"self":[{"href":"https:\/\/www.industrialwood.nl\/de\/wp-json\/wp\/v2\/product\/97422","targetHints":{"allow":["GET"]}}],"collection":[{"href":"https:\/\/www.industrialwood.nl\/de\/wp-json\/wp\/v2\/product"}],"about":[{"href":"https:\/\/www.industrialwood.nl\/de\/wp-json\/wp\/v2\/types\/product"}],"replies":[{"embeddable":true,"href":"https:\/\/www.industrialwood.nl\/de\/wp-json\/wp\/v2\/comments?post=97422"}],"wp:featuredmedia":[{"embeddable":true,"href":"https:\/\/www.industrialwood.nl\/de\/wp-json\/wp\/v2\/media\/97423"}],"wp:attachment":[{"href":"https:\/\/www.industrialwood.nl\/de\/wp-json\/wp\/v2\/media?parent=97422"}],"wp:term":[{"taxonomy":"product_brand","embeddable":true,"href":"https:\/\/www.industrialwood.nl\/de\/wp-json\/wp\/v2\/product_brand?post=97422"},{"taxonomy":"product_cat","embeddable":true,"href":"https:\/\/www.industrialwood.nl\/de\/wp-json\/wp\/v2\/product_cat?post=97422"},{"taxonomy":"product_tag","embeddable":true,"href":"https:\/\/www.industrialwood.nl\/de\/wp-json\/wp\/v2\/product_tag?post=97422"},{"taxonomy":"seizoen","embeddable":true,"href":"https:\/\/www.industrialwood.nl\/de\/wp-json\/wp\/v2\/seizoen?post=97422"},{"taxonomy":"bloemensoort","embeddable":true,"href":"https:\/\/www.industrialwood.nl\/de\/wp-json\/wp\/v2\/bloemensoort?post=97422"},{"taxonomy":"samenstelling","embeddable":true,"href":"https:\/\/www.industrialwood.nl\/de\/wp-json\/wp\/v2\/samenstelling?post=97422"},{"taxonomy":"shop-per-kamer","embeddable":true,"href":"https:\/\/www.industrialwood.nl\/de\/wp-json\/wp\/v2\/shop-per-kamer?post=97422"},{"taxonomy":"indooroutdoor","embeddable":true,"href":"https:\/\/www.industrialwood.nl\/de\/wp-json\/wp\/v2\/indooroutdoor?post=97422"},{"taxonomy":"vorm","embeddable":true,"href":"https:\/\/www.industrialwood.nl\/de\/wp-json\/wp\/v2\/vorm?post=97422"},{"taxonomy":"duurzaam","embeddable":true,"href":"https:\/\/www.industrialwood.nl\/de\/wp-json\/wp\/v2\/duurzaam?post=97422"},{"taxonomy":"productafmetingen","embeddable":true,"href":"https:\/\/www.industrialwood.nl\/de\/wp-json\/wp\/v2\/productafmetingen?post=97422"},{"taxonomy":"stijl","embeddable":true,"href":"https:\/\/www.industrialwood.nl\/de\/wp-json\/wp\/v2\/stijl?post=97422"},{"taxonomy":"merk","embeddable":true,"href":"https:\/\/www.industrialwood.nl\/de\/wp-json\/wp\/v2\/merk?post=97422"},{"taxonomy":"materiaal","embeddable":true,"href":"https:\/\/www.industrialwood.nl\/de\/wp-json\/wp\/v2\/materiaal?post=97422"},{"taxonomy":"materiaal-schaaltje","embeddable":true,"href":"https:\/\/www.industrialwood.nl\/de\/wp-json\/wp\/v2\/materiaal-schaaltje?post=97422"},{"taxonomy":"geur","embeddable":true,"href":"https:\/\/www.industrialwood.nl\/de\/wp-json\/wp\/v2\/geur?post=97422"},{"taxonomy":"product-type","embeddable":true,"href":"https:\/\/www.industrialwood.nl\/de\/wp-json\/wp\/v2\/product-type?post=97422"},{"taxonomy":"beoordeling","embeddable":true,"href":"https:\/\/www.industrialwood.nl\/de\/wp-json\/wp\/v2\/beoordeling?post=97422"},{"taxonomy":"uitsparingen","embeddable":true,"href":"https:\/\/www.industrialwood.nl\/de\/wp-json\/wp\/v2\/uitsparingen?post=97422"},{"taxonomy":"houtsoort","embeddable":true,"href":"https:\/\/www.industrialwood.nl\/de\/wp-json\/wp\/v2\/houtsoort?post=97422"},{"taxonomy":"breedte","embeddable":true,"href":"https:\/\/www.industrialwood.nl\/de\/wp-json\/wp\/v2\/breedte?post=97422"},{"taxonomy":"badplanken-lengte","embeddable":true,"href":"https:\/\/www.industrialwood.nl\/de\/wp-json\/wp\/v2\/badplanken-lengte?post=97422"},{"taxonomy":"kleur","embeddable":true,"href":"https:\/\/www.industrialwood.nl\/de\/wp-json\/wp\/v2\/kleur?post=97422"}],"curies":[{"name":"wp","href":"https:\/\/api.w.org\/{rel}","templated":true}]}}