{"id":97404,"date":"2026-02-23T10:40:12","date_gmt":"2026-02-23T09:40:12","guid":{"rendered":"https:\/\/www.industrialwood.nl\/?post_type=product&#038;p=97404"},"modified":"2026-03-19T09:33:36","modified_gmt":"2026-03-19T08:33:36","slug":"kerzenleuchter-guam-bio-weis-m-kopie","status":"publish","type":"product","link":"https:\/\/www.industrialwood.nl\/de\/kerzenleuchter-guam-bio-weis-m-kopie\/","title":{"rendered":"Kerzenleuchter | Guam | Bio | Wei\u00df | L"},"content":{"rendered":"","protected":false},"excerpt":{"rendered":"<p data-start=\"0\" data-end=\"52\"><strong>Gro\u00dfer Kerzenhalter Light&amp;Living &#8211; Organic \ud83e\udd0d<br \/>\n<\/strong>Wenn Sie auf Ihrem Tisch oder Ihrer Anrichte ein echtes Statement setzen m\u00f6chten, ist der <strong data-start=\"118\" data-end=\"167\">gro\u00dfe Kerzenhalter in Wei\u00df-Beige<\/strong> von <strong data-start=\"118\" data-end=\"167\">Light&amp;Living<\/strong> genau das Richtige f\u00fcr Sie. Mit seiner Gr\u00f6\u00dfe f\u00e4llt dieser beigefarbene Kerzenst\u00e4nder sofort auf und bringt sofort Atmosph\u00e4re in Ihre Einrichtung.  <\/p>\n<p data-start=\"299\" data-end=\"578\">Die weiche wei\u00df-beige Farbe schafft Ruhe und W\u00e4rme. Perfekt f\u00fcr ein Japandi-Interieur, aber auch sch\u00f6n in einem modernen, minimalistischen oder nat\u00fcrlichen Interieur. Die elegante Form mit subtilen Details verleiht dem Kerzenst\u00e4nder das gewisse Extra, ohne zu aufdringlich zu sein <strong>\ud83d\udd6f\ufe0f<\/strong>  <\/p>\n<p data-start=\"580\" data-end=\"842\">Stellen Sie eine sch\u00f6ne Tischkerze oder LED-Kerze hinein und im Handumdrehen haben Sie einen stilvollen Blickfang auf Ihrem Esstisch, Couchtisch oder Sideboard. Kombinieren Sie die gro\u00dfe Variante mit der kleineren Gr\u00f6\u00dfe f\u00fcr einen spielerischen Effekt mit H\u00f6henunterschied, zusammen sind sie noch sch\u00f6ner! <\/p>\n<p data-start=\"844\" data-end=\"1142\"><strong>Warum Sie diesen tollen Light&amp;Living-Kerzenhalter haben m\u00f6chten:<\/strong><\/p>\n<ul>\n<li data-start=\"844\" data-end=\"1142\">Perfekt f\u00fcr Tischkerzen oder LED-Kerzen<\/li>\n<li data-start=\"844\" data-end=\"1142\">Sch\u00f6ner Blickfang auf einem Tisch oder Schrank<\/li>\n<li data-start=\"844\" data-end=\"1142\">Ideal f\u00fcr Japandi, moderne und ruhige Innenr\u00e4ume<\/li>\n<li data-start=\"844\" data-end=\"1142\">H\u00fcbsch kombiniert mit der <a href=\"https:\/\/www.industrialwood.nl\/kandelaar-guam-organisch-wit-m\/\">kleineren Variante<\/a><\/li>\n<\/ul>\n<p data-start=\"1169\" data-end=\"1315\" data-is-last-node=\"\" data-is-only-node=\"\"><strong>Ma\u00dfe<\/strong>: 8&#215;34 cm<br \/>\n<strong>Material<\/strong>: Kunststoff<br \/>\n<strong>Farbe<\/strong>: Wei\u00df<\/p>\n","protected":false},"featured_media":97406,"comment_status":"open","ping_status":"closed","template":"","meta":[],"product_brand":[],"product_cat":[400,418,402,413,424,420,395,422,396],"product_tag":[],"seizoen":[543,545,544,546],"bloemensoort":[],"samenstelling":[],"shop-per-kamer":[552,549],"indooroutdoor":[555],"vorm":[563],"duurzaam":[565],"productafmetingen":[569],"stijl":[574,571,575,573,572],"merk":[580],"materiaal":[617],"materiaal-schaaltje":[],"geur":[],"product-type":[],"beoordeling":[640,641,642],"uitsparingen":[],"houtsoort":[],"breedte":[],"badplanken-lengte":[],"kleur":[657,659],"class_list":{"0":"post-97404","1":"product","2":"type-product","3":"status-publish","4":"has-post-thumbnail","6":"product_cat-boheme-wohnzimmer","7":"product_cat-hotel-chic-wohnzimmer","8":"product_cat-japandi-wohnzimmer","9":"product_cat-kerzenstander-kerzenleuchter","10":"product_cat-landwohnzimmer","11":"product_cat-modernes-wohnzimmer","12":"product_cat-naturliche-tone","13":"product_cat-skandinavisches-wohnzimmer","14":"product_cat-wohnzimmer","15":"seizoen-lente-de","16":"seizoen-herfst-de","17":"seizoen-zomer-de","18":"seizoen-winter-de","19":"shop-per-kamer-hal-de","20":"shop-per-kamer-woonkamer-de","21":"indooroutdoor-indoor-de","22":"vorm-organisch-de","23":"duurzaam-ja-de","24":"productafmetingen-l-de","25":"stijl-bohemian-de","26":"stijl-hotel-chique-de","27":"stijl-japandi-de","28":"stijl-modern-de","29":"stijl-scandinavisch-de","30":"merk-lightliving-de","31":"materiaal-kunststof-de","32":"beoordeling-three-star-de","33":"beoordeling-four-star-de","34":"beoordeling-five-star-de","35":"kleur-beige-de","36":"kleur-wit-de","38":"first","39":"instock","40":"taxable","41":"shipping-taxable","42":"purchasable","43":"product-type-simple"},"supplier_id":null,"supplier_sku":"","barcode":null,"atum_controlled":true,"out_stock_date":null,"out_stock_threshold":null,"inheritable":false,"inbound_stock":0,"stock_on_hold":1,"sold_today":0,"sales_last_days":1,"reserved_stock":0,"customer_returns":0,"warehouse_damage":0,"lost_in_post":0,"other_logs":0,"out_stock_days":0,"lost_sales":0,"has_location":false,"update_date":"2026-04-14T19:52:45","atum_locations":[],"atum_stock_status":"instock","restock_status":false,"low_stock_amount":"","sales_update_date":"2026-04-14T19:52:45","calc_backorders":null,"_links":{"self":[{"href":"https:\/\/www.industrialwood.nl\/de\/wp-json\/wp\/v2\/product\/97404","targetHints":{"allow":["GET"]}}],"collection":[{"href":"https:\/\/www.industrialwood.nl\/de\/wp-json\/wp\/v2\/product"}],"about":[{"href":"https:\/\/www.industrialwood.nl\/de\/wp-json\/wp\/v2\/types\/product"}],"replies":[{"embeddable":true,"href":"https:\/\/www.industrialwood.nl\/de\/wp-json\/wp\/v2\/comments?post=97404"}],"wp:featuredmedia":[{"embeddable":true,"href":"https:\/\/www.industrialwood.nl\/de\/wp-json\/wp\/v2\/media\/97406"}],"wp:attachment":[{"href":"https:\/\/www.industrialwood.nl\/de\/wp-json\/wp\/v2\/media?parent=97404"}],"wp:term":[{"taxonomy":"product_brand","embeddable":true,"href":"https:\/\/www.industrialwood.nl\/de\/wp-json\/wp\/v2\/product_brand?post=97404"},{"taxonomy":"product_cat","embeddable":true,"href":"https:\/\/www.industrialwood.nl\/de\/wp-json\/wp\/v2\/product_cat?post=97404"},{"taxonomy":"product_tag","embeddable":true,"href":"https:\/\/www.industrialwood.nl\/de\/wp-json\/wp\/v2\/product_tag?post=97404"},{"taxonomy":"seizoen","embeddable":true,"href":"https:\/\/www.industrialwood.nl\/de\/wp-json\/wp\/v2\/seizoen?post=97404"},{"taxonomy":"bloemensoort","embeddable":true,"href":"https:\/\/www.industrialwood.nl\/de\/wp-json\/wp\/v2\/bloemensoort?post=97404"},{"taxonomy":"samenstelling","embeddable":true,"href":"https:\/\/www.industrialwood.nl\/de\/wp-json\/wp\/v2\/samenstelling?post=97404"},{"taxonomy":"shop-per-kamer","embeddable":true,"href":"https:\/\/www.industrialwood.nl\/de\/wp-json\/wp\/v2\/shop-per-kamer?post=97404"},{"taxonomy":"indooroutdoor","embeddable":true,"href":"https:\/\/www.industrialwood.nl\/de\/wp-json\/wp\/v2\/indooroutdoor?post=97404"},{"taxonomy":"vorm","embeddable":true,"href":"https:\/\/www.industrialwood.nl\/de\/wp-json\/wp\/v2\/vorm?post=97404"},{"taxonomy":"duurzaam","embeddable":true,"href":"https:\/\/www.industrialwood.nl\/de\/wp-json\/wp\/v2\/duurzaam?post=97404"},{"taxonomy":"productafmetingen","embeddable":true,"href":"https:\/\/www.industrialwood.nl\/de\/wp-json\/wp\/v2\/productafmetingen?post=97404"},{"taxonomy":"stijl","embeddable":true,"href":"https:\/\/www.industrialwood.nl\/de\/wp-json\/wp\/v2\/stijl?post=97404"},{"taxonomy":"merk","embeddable":true,"href":"https:\/\/www.industrialwood.nl\/de\/wp-json\/wp\/v2\/merk?post=97404"},{"taxonomy":"materiaal","embeddable":true,"href":"https:\/\/www.industrialwood.nl\/de\/wp-json\/wp\/v2\/materiaal?post=97404"},{"taxonomy":"materiaal-schaaltje","embeddable":true,"href":"https:\/\/www.industrialwood.nl\/de\/wp-json\/wp\/v2\/materiaal-schaaltje?post=97404"},{"taxonomy":"geur","embeddable":true,"href":"https:\/\/www.industrialwood.nl\/de\/wp-json\/wp\/v2\/geur?post=97404"},{"taxonomy":"product-type","embeddable":true,"href":"https:\/\/www.industrialwood.nl\/de\/wp-json\/wp\/v2\/product-type?post=97404"},{"taxonomy":"beoordeling","embeddable":true,"href":"https:\/\/www.industrialwood.nl\/de\/wp-json\/wp\/v2\/beoordeling?post=97404"},{"taxonomy":"uitsparingen","embeddable":true,"href":"https:\/\/www.industrialwood.nl\/de\/wp-json\/wp\/v2\/uitsparingen?post=97404"},{"taxonomy":"houtsoort","embeddable":true,"href":"https:\/\/www.industrialwood.nl\/de\/wp-json\/wp\/v2\/houtsoort?post=97404"},{"taxonomy":"breedte","embeddable":true,"href":"https:\/\/www.industrialwood.nl\/de\/wp-json\/wp\/v2\/breedte?post=97404"},{"taxonomy":"badplanken-lengte","embeddable":true,"href":"https:\/\/www.industrialwood.nl\/de\/wp-json\/wp\/v2\/badplanken-lengte?post=97404"},{"taxonomy":"kleur","embeddable":true,"href":"https:\/\/www.industrialwood.nl\/de\/wp-json\/wp\/v2\/kleur?post=97404"}],"curies":[{"name":"wp","href":"https:\/\/api.w.org\/{rel}","templated":true}]}}