{"id":97397,"date":"2026-02-23T10:59:50","date_gmt":"2026-02-23T09:59:50","guid":{"rendered":"https:\/\/www.industrialwood.nl\/kerzenleuchter-guam-bio-weiss-m\/"},"modified":"2026-03-19T09:32:02","modified_gmt":"2026-03-19T08:32:02","slug":"kerzenleuchter-guam-bio-weiss-m","status":"publish","type":"product","link":"https:\/\/www.industrialwood.nl\/de\/kerzenleuchter-guam-bio-weiss-m\/","title":{"rendered":"Kerzenleuchter | Guam | Bio | Wei\u00df | M"},"content":{"rendered":"","protected":false},"excerpt":{"rendered":"<p data-start=\"0\" data-end=\"59\"><strong>Kerzenst\u00e4nder Light&amp;Living &#8211; organic \ud83e\udd0d<br \/>\n<\/strong>Sie suchen einen <strong data-start=\"78\" data-end=\"103\">wei\u00dfen Kerzenst\u00e4nder<\/strong>, der Ruhe und Atmosph\u00e4re in Ihr Zuhause bringt? Dieser sch\u00f6ne Kerzenst\u00e4nder Guam von <strong>Light&amp;Living <\/strong>ist ein echter Stimmungsmacher. Das sanfte Off-White schafft einen warmen und ruhigen Look und passt perfekt in eine japandische, moderne oder nat\u00fcrliche Einrichtung <strong>\ud83d\udd6f\ufe0f<\/strong>  <\/p>\n<p data-start=\"357\" data-end=\"636\">Die Form ist elegant und etwas anders, wodurch dieser dekorative Kerzenst\u00e4nder sofort auff\u00e4llt, ohne zu aufdringlich zu sein. Stellen Sie eine sch\u00f6ne Tischkerze oder eine LED-Kerze hinein und Sie schaffen sofort eine gem\u00fctliche Atmosph\u00e4re auf Ihrem Couchtisch, Esstisch, Sideboard oder in einem offenen Schrank. Besonders sch\u00f6n: dieser Kerzenst\u00e4nder in Wei\u00df-Beige ist in 2 Gr\u00f6\u00dfen erh\u00e4ltlich. Kombinieren Sie sie zusammen f\u00fcr einen spielerischen H\u00f6henunterschied oder stellen Sie sie einzeln in Ihrer Wohnung auf. Zusammen bilden sie ein stilvolles Set, aber auch einzeln sind sie ein echter Blickfang. M\u00f6chten Sie einen Light&amp;Living Kerzenst\u00e4nder in Wei\u00df-Beige, der Ihrer Einrichtung Atmosph\u00e4re und Stil verleiht? Mit diesen beiden Gr\u00f6\u00dfen liegen Sie immer richtig \u2728.      <\/p>\n<p data-start=\"885\" data-end=\"1167\"><strong>Warum Sie diesen Light&amp;Living-Kandelaber haben m\u00f6chten:<\/strong><\/p>\n<ul>\n<li data-start=\"885\" data-end=\"1167\">Zeitloser wei\u00df-beiger Kerzenleuchter<\/li>\n<li data-start=\"885\" data-end=\"1167\">Auch in einer passenden gr\u00f6\u00dferen Gr\u00f6\u00dfe erh\u00e4ltlich<\/li>\n<li data-start=\"885\" data-end=\"1167\">Perfekt f\u00fcr Tischkerzen oder LED-Kerzen<\/li>\n<\/ul>\n<p data-start=\"1169\" data-end=\"1315\" data-is-last-node=\"\" data-is-only-node=\"\"><strong>Ma\u00dfe<\/strong>: 6&#215;26 cm<br \/>\n<strong>Material<\/strong>: Kunststoff<br \/>\n<strong>Farbe<\/strong>: Wei\u00df<\/p>\n","protected":false},"featured_media":97398,"comment_status":"open","ping_status":"closed","template":"","meta":[],"product_brand":[],"product_cat":[400,418,402,413,424,420,395,422,396],"product_tag":[],"seizoen":[543,545,544,546],"bloemensoort":[],"samenstelling":[],"shop-per-kamer":[552,549],"indooroutdoor":[555],"vorm":[563],"duurzaam":[565],"productafmetingen":[568],"stijl":[574,571,575,573,572],"merk":[580],"materiaal":[617],"materiaal-schaaltje":[],"geur":[],"product-type":[],"beoordeling":[640,641,642],"uitsparingen":[],"houtsoort":[],"breedte":[],"badplanken-lengte":[],"kleur":[657,659],"class_list":{"0":"post-97397","1":"product","2":"type-product","3":"status-publish","4":"has-post-thumbnail","6":"product_cat-boheme-wohnzimmer","7":"product_cat-hotel-chic-wohnzimmer","8":"product_cat-japandi-wohnzimmer","9":"product_cat-kerzenstander-kerzenleuchter","10":"product_cat-landwohnzimmer","11":"product_cat-modernes-wohnzimmer","12":"product_cat-naturliche-tone","13":"product_cat-skandinavisches-wohnzimmer","14":"product_cat-wohnzimmer","15":"seizoen-lente-de","16":"seizoen-herfst-de","17":"seizoen-zomer-de","18":"seizoen-winter-de","19":"shop-per-kamer-hal-de","20":"shop-per-kamer-woonkamer-de","21":"indooroutdoor-indoor-de","22":"vorm-organisch-de","23":"duurzaam-ja-de","24":"productafmetingen-m-de","25":"stijl-bohemian-de","26":"stijl-hotel-chique-de","27":"stijl-japandi-de","28":"stijl-modern-de","29":"stijl-scandinavisch-de","30":"merk-lightliving-de","31":"materiaal-kunststof-de","32":"beoordeling-three-star-de","33":"beoordeling-four-star-de","34":"beoordeling-five-star-de","35":"kleur-beige-de","36":"kleur-wit-de","38":"first","39":"instock","40":"taxable","41":"shipping-taxable","42":"purchasable","43":"product-type-simple"},"supplier_id":null,"supplier_sku":"","barcode":null,"atum_controlled":true,"out_stock_date":null,"out_stock_threshold":null,"inheritable":false,"inbound_stock":0,"stock_on_hold":1,"sold_today":0,"sales_last_days":4,"reserved_stock":0,"customer_returns":0,"warehouse_damage":0,"lost_in_post":0,"other_logs":0,"out_stock_days":0,"lost_sales":0,"has_location":false,"update_date":"2026-04-07T19:13:01","atum_locations":[],"atum_stock_status":"instock","restock_status":false,"low_stock_amount":"","sales_update_date":"2026-04-07T19:13:01","calc_backorders":null,"_links":{"self":[{"href":"https:\/\/www.industrialwood.nl\/de\/wp-json\/wp\/v2\/product\/97397","targetHints":{"allow":["GET"]}}],"collection":[{"href":"https:\/\/www.industrialwood.nl\/de\/wp-json\/wp\/v2\/product"}],"about":[{"href":"https:\/\/www.industrialwood.nl\/de\/wp-json\/wp\/v2\/types\/product"}],"replies":[{"embeddable":true,"href":"https:\/\/www.industrialwood.nl\/de\/wp-json\/wp\/v2\/comments?post=97397"}],"wp:featuredmedia":[{"embeddable":true,"href":"https:\/\/www.industrialwood.nl\/de\/wp-json\/wp\/v2\/media\/97398"}],"wp:attachment":[{"href":"https:\/\/www.industrialwood.nl\/de\/wp-json\/wp\/v2\/media?parent=97397"}],"wp:term":[{"taxonomy":"product_brand","embeddable":true,"href":"https:\/\/www.industrialwood.nl\/de\/wp-json\/wp\/v2\/product_brand?post=97397"},{"taxonomy":"product_cat","embeddable":true,"href":"https:\/\/www.industrialwood.nl\/de\/wp-json\/wp\/v2\/product_cat?post=97397"},{"taxonomy":"product_tag","embeddable":true,"href":"https:\/\/www.industrialwood.nl\/de\/wp-json\/wp\/v2\/product_tag?post=97397"},{"taxonomy":"seizoen","embeddable":true,"href":"https:\/\/www.industrialwood.nl\/de\/wp-json\/wp\/v2\/seizoen?post=97397"},{"taxonomy":"bloemensoort","embeddable":true,"href":"https:\/\/www.industrialwood.nl\/de\/wp-json\/wp\/v2\/bloemensoort?post=97397"},{"taxonomy":"samenstelling","embeddable":true,"href":"https:\/\/www.industrialwood.nl\/de\/wp-json\/wp\/v2\/samenstelling?post=97397"},{"taxonomy":"shop-per-kamer","embeddable":true,"href":"https:\/\/www.industrialwood.nl\/de\/wp-json\/wp\/v2\/shop-per-kamer?post=97397"},{"taxonomy":"indooroutdoor","embeddable":true,"href":"https:\/\/www.industrialwood.nl\/de\/wp-json\/wp\/v2\/indooroutdoor?post=97397"},{"taxonomy":"vorm","embeddable":true,"href":"https:\/\/www.industrialwood.nl\/de\/wp-json\/wp\/v2\/vorm?post=97397"},{"taxonomy":"duurzaam","embeddable":true,"href":"https:\/\/www.industrialwood.nl\/de\/wp-json\/wp\/v2\/duurzaam?post=97397"},{"taxonomy":"productafmetingen","embeddable":true,"href":"https:\/\/www.industrialwood.nl\/de\/wp-json\/wp\/v2\/productafmetingen?post=97397"},{"taxonomy":"stijl","embeddable":true,"href":"https:\/\/www.industrialwood.nl\/de\/wp-json\/wp\/v2\/stijl?post=97397"},{"taxonomy":"merk","embeddable":true,"href":"https:\/\/www.industrialwood.nl\/de\/wp-json\/wp\/v2\/merk?post=97397"},{"taxonomy":"materiaal","embeddable":true,"href":"https:\/\/www.industrialwood.nl\/de\/wp-json\/wp\/v2\/materiaal?post=97397"},{"taxonomy":"materiaal-schaaltje","embeddable":true,"href":"https:\/\/www.industrialwood.nl\/de\/wp-json\/wp\/v2\/materiaal-schaaltje?post=97397"},{"taxonomy":"geur","embeddable":true,"href":"https:\/\/www.industrialwood.nl\/de\/wp-json\/wp\/v2\/geur?post=97397"},{"taxonomy":"product-type","embeddable":true,"href":"https:\/\/www.industrialwood.nl\/de\/wp-json\/wp\/v2\/product-type?post=97397"},{"taxonomy":"beoordeling","embeddable":true,"href":"https:\/\/www.industrialwood.nl\/de\/wp-json\/wp\/v2\/beoordeling?post=97397"},{"taxonomy":"uitsparingen","embeddable":true,"href":"https:\/\/www.industrialwood.nl\/de\/wp-json\/wp\/v2\/uitsparingen?post=97397"},{"taxonomy":"houtsoort","embeddable":true,"href":"https:\/\/www.industrialwood.nl\/de\/wp-json\/wp\/v2\/houtsoort?post=97397"},{"taxonomy":"breedte","embeddable":true,"href":"https:\/\/www.industrialwood.nl\/de\/wp-json\/wp\/v2\/breedte?post=97397"},{"taxonomy":"badplanken-lengte","embeddable":true,"href":"https:\/\/www.industrialwood.nl\/de\/wp-json\/wp\/v2\/badplanken-lengte?post=97397"},{"taxonomy":"kleur","embeddable":true,"href":"https:\/\/www.industrialwood.nl\/de\/wp-json\/wp\/v2\/kleur?post=97397"}],"curies":[{"name":"wp","href":"https:\/\/api.w.org\/{rel}","templated":true}]}}