{"id":97137,"date":"2026-04-27T18:55:31","date_gmt":"2026-04-27T16:55:31","guid":{"rendered":"https:\/\/www.industrialwood.nl\/?post_type=product&#038;p=97137"},"modified":"2026-04-27T19:02:38","modified_gmt":"2026-04-27T17:02:38","slug":"set-mit-2-kerzenhaltern-fleur-kopie","status":"publish","type":"product","link":"https:\/\/www.industrialwood.nl\/de\/set-mit-2-kerzenhaltern-fleur-kopie\/","title":{"rendered":"Vase | Jiro | Beige | L"},"content":{"rendered":"","protected":false},"excerpt":{"rendered":"<p data-start=\"0\" data-end=\"61\"><strong>Vase Jiro &#8211; cremefarbenes Beige mit k\u00f6rniger Textur \ud83e\udd0d\u2728<br \/>\n<\/strong>Suchen Sie nach einer <strong data-start=\"80\" data-end=\"100\">sch\u00f6nen beigen Vase<\/strong>, die Ruhe und Atmosph\u00e4re in Ihr Zuhause bringt? Das ist die Vase Jiro. Diese sch\u00f6ne Vase hat eine k\u00f6rnige, nat\u00fcrliche Textur, die sie wie einen echten Tontopf aussehen l\u00e4sst. Aber das Tolle daran? Sie ist aus Metall gefertigt! Das macht sie besonders robust und stabil und verleiht ihr gleichzeitig das warme Aussehen von Keramik.     <\/p>\n<p data-start=\"427\" data-end=\"722\">Das weiche Off-White-Beige passt perfekt in eine japanische Einrichtung, kommt aber auch in einer minimalistischen, modernen oder nat\u00fcrlichen Einrichtung wunderbar zur Geltung. Mit seiner ruhigen Farbe und der subtilen Struktur strahlt Jiro Schlichtheit und Luxus aus, ohne zu \u00fcberladen zu sein \ud83e\udd0d. <\/p>\n<p data-start=\"724\" data-end=\"959\">Diese Metallvase ist ideal f\u00fcr einen sch\u00f6nen (Seiden-)Zweig oder einen frischen (Seiden-)Blumenstrau\u00df. Stellen Sie sie auf Ihren Couchtisch, Ihr Sideboard, Ihren Esstisch oder in einen offenen Schrank und Sie haben sofort einen stilvollen Blickfang. Suchen Sie nach einer beigefarbenen, strukturierten Vase, die ruhig aussieht und dennoch Charakter hat? Dann ist die Vase Jiro genau das, was Sie brauchen \ud83e\udd0e.   <\/p>\n<p data-start=\"961\" data-end=\"1252\"><strong>Warum Sie die Vase Jiro wollen:<\/strong><\/p>\n<ul>\n<li data-start=\"961\" data-end=\"1252\">Sch\u00f6ne k\u00f6rnige Struktur mit nat\u00fcrlichem Aussehen<\/li>\n<li data-start=\"961\" data-end=\"1252\">Robust und langlebig dank Metall<\/li>\n<li data-start=\"961\" data-end=\"1252\">Zeitloses cremefarbenes Beige<\/li>\n<li data-start=\"961\" data-end=\"1252\">Ideal f\u00fcr einen Seidenzweig oder einen Blumenstrau\u00df \ud83c\udf38.<\/li>\n<\/ul>\n<p data-start=\"1254\" data-end=\"1389\" data-is-last-node=\"\" data-is-only-node=\"\">\n<p data-start=\"1254\" data-end=\"1389\" data-is-last-node=\"\" data-is-only-node=\"\"><strong>Ma\u00dfe<\/strong>: 35 x 35 x 39,5 cm<br \/>\n<strong>Material<\/strong>: Metall<br \/>\n<strong>Farbe<\/strong>: Off white | Beige<\/p>\n","protected":false},"featured_media":103008,"comment_status":"open","ping_status":"closed","template":"","meta":[],"product_brand":[],"product_cat":[400,418,402,424,420,395,387],"product_tag":[],"seizoen":[543,545,544,546],"bloemensoort":[],"samenstelling":[],"shop-per-kamer":[552,549],"indooroutdoor":[555],"vorm":[557],"duurzaam":[565],"productafmetingen":[569],"stijl":[574,571,575,573,572],"merk":[576],"materiaal":[614],"materiaal-schaaltje":[],"geur":[],"product-type":[],"beoordeling":[640,641,642],"uitsparingen":[],"houtsoort":[],"breedte":[],"badplanken-lengte":[],"kleur":[657,659],"class_list":{"0":"post-97137","1":"product","2":"type-product","3":"status-publish","4":"has-post-thumbnail","6":"product_cat-boheme-wohnzimmer","7":"product_cat-hotel-chic-wohnzimmer","8":"product_cat-japandi-wohnzimmer","9":"product_cat-landwohnzimmer","10":"product_cat-modernes-wohnzimmer","11":"product_cat-naturliche-tone","12":"product_cat-vasen-topfe","13":"seizoen-lente-de","14":"seizoen-herfst-de","15":"seizoen-zomer-de","16":"seizoen-winter-de","17":"shop-per-kamer-hal-de","18":"shop-per-kamer-woonkamer-de","19":"indooroutdoor-indoor-de","20":"vorm-rond-de","21":"duurzaam-ja-de","22":"productafmetingen-l-de","23":"stijl-bohemian-de","24":"stijl-hotel-chique-de","25":"stijl-japandi-de","26":"stijl-modern-de","27":"stijl-scandinavisch-de","28":"merk-industrialwood-de","29":"materiaal-metaal-de","30":"beoordeling-three-star-de","31":"beoordeling-four-star-de","32":"beoordeling-five-star-de","33":"kleur-beige-de","34":"kleur-wit-de","36":"first","37":"instock","38":"taxable","39":"shipping-taxable","40":"purchasable","41":"product-type-simple"},"supplier_id":null,"supplier_sku":"","barcode":null,"atum_controlled":true,"out_stock_date":null,"out_stock_threshold":null,"inheritable":false,"inbound_stock":0,"stock_on_hold":0,"sold_today":0,"sales_last_days":0,"reserved_stock":0,"customer_returns":0,"warehouse_damage":0,"lost_in_post":0,"other_logs":0,"out_stock_days":42,"lost_sales":1078,"has_location":false,"update_date":"2026-04-27T17:02:27","atum_locations":[],"atum_stock_status":"instock","restock_status":false,"low_stock_amount":"","sales_update_date":"2026-04-27T13:02:04","calc_backorders":null,"_links":{"self":[{"href":"https:\/\/www.industrialwood.nl\/de\/wp-json\/wp\/v2\/product\/97137","targetHints":{"allow":["GET"]}}],"collection":[{"href":"https:\/\/www.industrialwood.nl\/de\/wp-json\/wp\/v2\/product"}],"about":[{"href":"https:\/\/www.industrialwood.nl\/de\/wp-json\/wp\/v2\/types\/product"}],"replies":[{"embeddable":true,"href":"https:\/\/www.industrialwood.nl\/de\/wp-json\/wp\/v2\/comments?post=97137"}],"wp:featuredmedia":[{"embeddable":true,"href":"https:\/\/www.industrialwood.nl\/de\/wp-json\/wp\/v2\/media\/103008"}],"wp:attachment":[{"href":"https:\/\/www.industrialwood.nl\/de\/wp-json\/wp\/v2\/media?parent=97137"}],"wp:term":[{"taxonomy":"product_brand","embeddable":true,"href":"https:\/\/www.industrialwood.nl\/de\/wp-json\/wp\/v2\/product_brand?post=97137"},{"taxonomy":"product_cat","embeddable":true,"href":"https:\/\/www.industrialwood.nl\/de\/wp-json\/wp\/v2\/product_cat?post=97137"},{"taxonomy":"product_tag","embeddable":true,"href":"https:\/\/www.industrialwood.nl\/de\/wp-json\/wp\/v2\/product_tag?post=97137"},{"taxonomy":"seizoen","embeddable":true,"href":"https:\/\/www.industrialwood.nl\/de\/wp-json\/wp\/v2\/seizoen?post=97137"},{"taxonomy":"bloemensoort","embeddable":true,"href":"https:\/\/www.industrialwood.nl\/de\/wp-json\/wp\/v2\/bloemensoort?post=97137"},{"taxonomy":"samenstelling","embeddable":true,"href":"https:\/\/www.industrialwood.nl\/de\/wp-json\/wp\/v2\/samenstelling?post=97137"},{"taxonomy":"shop-per-kamer","embeddable":true,"href":"https:\/\/www.industrialwood.nl\/de\/wp-json\/wp\/v2\/shop-per-kamer?post=97137"},{"taxonomy":"indooroutdoor","embeddable":true,"href":"https:\/\/www.industrialwood.nl\/de\/wp-json\/wp\/v2\/indooroutdoor?post=97137"},{"taxonomy":"vorm","embeddable":true,"href":"https:\/\/www.industrialwood.nl\/de\/wp-json\/wp\/v2\/vorm?post=97137"},{"taxonomy":"duurzaam","embeddable":true,"href":"https:\/\/www.industrialwood.nl\/de\/wp-json\/wp\/v2\/duurzaam?post=97137"},{"taxonomy":"productafmetingen","embeddable":true,"href":"https:\/\/www.industrialwood.nl\/de\/wp-json\/wp\/v2\/productafmetingen?post=97137"},{"taxonomy":"stijl","embeddable":true,"href":"https:\/\/www.industrialwood.nl\/de\/wp-json\/wp\/v2\/stijl?post=97137"},{"taxonomy":"merk","embeddable":true,"href":"https:\/\/www.industrialwood.nl\/de\/wp-json\/wp\/v2\/merk?post=97137"},{"taxonomy":"materiaal","embeddable":true,"href":"https:\/\/www.industrialwood.nl\/de\/wp-json\/wp\/v2\/materiaal?post=97137"},{"taxonomy":"materiaal-schaaltje","embeddable":true,"href":"https:\/\/www.industrialwood.nl\/de\/wp-json\/wp\/v2\/materiaal-schaaltje?post=97137"},{"taxonomy":"geur","embeddable":true,"href":"https:\/\/www.industrialwood.nl\/de\/wp-json\/wp\/v2\/geur?post=97137"},{"taxonomy":"product-type","embeddable":true,"href":"https:\/\/www.industrialwood.nl\/de\/wp-json\/wp\/v2\/product-type?post=97137"},{"taxonomy":"beoordeling","embeddable":true,"href":"https:\/\/www.industrialwood.nl\/de\/wp-json\/wp\/v2\/beoordeling?post=97137"},{"taxonomy":"uitsparingen","embeddable":true,"href":"https:\/\/www.industrialwood.nl\/de\/wp-json\/wp\/v2\/uitsparingen?post=97137"},{"taxonomy":"houtsoort","embeddable":true,"href":"https:\/\/www.industrialwood.nl\/de\/wp-json\/wp\/v2\/houtsoort?post=97137"},{"taxonomy":"breedte","embeddable":true,"href":"https:\/\/www.industrialwood.nl\/de\/wp-json\/wp\/v2\/breedte?post=97137"},{"taxonomy":"badplanken-lengte","embeddable":true,"href":"https:\/\/www.industrialwood.nl\/de\/wp-json\/wp\/v2\/badplanken-lengte?post=97137"},{"taxonomy":"kleur","embeddable":true,"href":"https:\/\/www.industrialwood.nl\/de\/wp-json\/wp\/v2\/kleur?post=97137"}],"curies":[{"name":"wp","href":"https:\/\/api.w.org\/{rel}","templated":true}]}}