{"id":96983,"date":"2026-02-19T15:58:31","date_gmt":"2026-02-19T14:58:31","guid":{"rendered":"https:\/\/www.industrialwood.nl\/?post_type=product&#038;p=96983"},"modified":"2026-03-29T11:24:41","modified_gmt":"2026-03-29T09:24:41","slug":"kompletter-satz-moa-kopie","status":"publish","type":"product","link":"https:\/\/www.industrialwood.nl\/de\/kompletter-satz-moa-kopie\/","title":{"rendered":"Vollst\u00e4ndiger Satz | Cato"},"content":{"rendered":"","protected":false},"excerpt":{"rendered":"<p data-start=\"0\" data-end=\"25\"><strong>\ud83e\udd0d Komplettset &#8211; Cato<br \/>\n<\/strong>Sie suchen ein <strong data-start=\"17\" data-end=\"42\">komplett durchgestyltes Set<\/strong>, das Ihrer Einrichtung sofort einen luxuri\u00f6sen Look verleiht? Dann ist das <strong data-start=\"102\" data-end=\"123\">Komplettset Cato <\/strong>genau das, wonach Sie suchen! Dieses Set ist in sanften Beige- und Taupe-T\u00f6nen gehalten und bringt sofort eine warme und stilvolle Atmosph\u00e4re in Ihr Zuhause. Perfekt, wenn Sie auf einen Schlag einen sch\u00f6nen, harmonischen Look kreieren m\u00f6chten, ohne sich selbst ins Zeug legen zu m\u00fcssen.   <\/p>\n<p data-start=\"378\" data-end=\"830\" data-is-last-node=\"\" data-is-only-node=\"\">Die Vasen von Lesse passen perfekt zu dem Tablett Bean S und dem wei\u00dfen Kiku-Bouquet. Die Vasen in einem dezenten Taupe-Farbton bringen W\u00e4rme in den Raum, w\u00e4hrend das Tablett das Set wunderbar zusammenh\u00e4lt. Der Kiku-Strau\u00df sorgt f\u00fcr eine frische und luftige Atmosph\u00e4re, die perfekt passt.   Das Ergebnis? Ein stilvoller Look f\u00fcr Ihren Couchtisch, Ihr Sideboard oder Ihren Esstisch, den Sie sofort abstellen und genie\u00dfen k\u00f6nnen! \ud83c\udf38\u2728 <\/p>\n<h4 data-start=\"987\" data-end=\"1015\">Inhalt des Sets Cato:<\/h4>\n<ul>\n<li data-start=\"1018\" data-end=\"1056\">1x <strong data-start=\"1021\" data-end=\"1037\">Lesse Vase M<\/strong><\/li>\n<li data-start=\"1018\" data-end=\"1056\">1x <strong data-start=\"1062\" data-end=\"1078\">Lesse Vase L<\/strong><\/li>\n<li data-start=\"1018\" data-end=\"1056\">1x <strong data-start=\"1102\" data-end=\"1121\">Bohnenteller S<\/strong><\/li>\n<li data-start=\"1018\" data-end=\"1056\">1x <strong data-start=\"1129\" data-end=\"1148\">Kiku Blumenstrau\u00df wei\u00df<\/strong> \ud83c\udf38.<\/li>\n<\/ul>\n<h4 data-start=\"1329\" data-end=\"1365\">Warum Sie dieses Set brauchen:<\/h4>\n<ul>\n<li data-start=\"1368\" data-end=\"1448\">Fertig gestyltes Set: alles passt perfekt zusammen, auspacken und abstellen!<\/li>\n<li data-start=\"1368\" data-end=\"1448\">Ruhige Beige-\/Taupe-Farben mit einem frischen wei\u00dfen Touch<\/li>\n<li data-start=\"1368\" data-end=\"1448\">Ideal f\u00fcr Japandi, moderne, nat\u00fcrliche und schicke Hotelinterieurs<\/li>\n<li data-start=\"1368\" data-end=\"1448\">Stellen Sie das Set auf einen Couchtisch, ein Sideboard oder einen Esstisch f\u00fcr einen kompletten Look<\/li>\n<\/ul>\n<p data-start=\"1783\" data-end=\"1800\"><strong data-start=\"1783\" data-end=\"1797\">Abmessungen<\/strong>: <strong data-start=\"1803\" data-end=\"1813\">Vase M<\/strong>: 19 x 24 cm | <strong data-start=\"1830\" data-end=\"1840\">Vase L<\/strong>: 22 x 28 cm | <strong data-start=\"1857\" data-end=\"1876\">Tablett Bohne S<\/strong>: 52 x 24 x 2 cm | <strong data-start=\"1897\" data-end=\"1912\">Strau\u00df Kiku<\/strong>: 52 cm<\/p>\n<p data-start=\"1923\" data-end=\"1989\"><strong data-start=\"1923\" data-end=\"1936\">Material<\/strong>: Glas, Metall<br data-start=\"1954\" data-end=\"1957\"><strong data-start=\"1957\" data-end=\"1968\">Farben<\/strong>: Beige, Taupe, Wei\u00df<\/p>\n","protected":false},"featured_media":96988,"comment_status":"open","ping_status":"closed","template":"","meta":[],"product_brand":[],"product_cat":[715],"product_tag":[],"seizoen":[543,545,544,546],"bloemensoort":[],"samenstelling":[],"shop-per-kamer":[549],"indooroutdoor":[555],"vorm":[563,557],"duurzaam":[565],"productafmetingen":[569,568,567,570,566],"stijl":[574,571,575,573,572],"merk":[582,576,588],"materiaal":[608],"materiaal-schaaltje":[],"geur":[],"product-type":[],"beoordeling":[640,641,642],"uitsparingen":[],"houtsoort":[],"breedte":[],"badplanken-lengte":[],"kleur":[657,663,659],"class_list":{"0":"post-96983","1":"product","2":"type-product","3":"status-publish","4":"has-post-thumbnail","6":"product_cat-das-set-kaufen","7":"seizoen-lente-de","8":"seizoen-herfst-de","9":"seizoen-zomer-de","10":"seizoen-winter-de","11":"shop-per-kamer-woonkamer-de","12":"indooroutdoor-indoor-de","13":"vorm-organisch-de","14":"vorm-rond-de","15":"duurzaam-ja-de","16":"productafmetingen-l-de","17":"productafmetingen-m-de","18":"productafmetingen-s-de","19":"productafmetingen-xl-de","20":"productafmetingen-xs-de","21":"stijl-bohemian-de","22":"stijl-hotel-chique-de","23":"stijl-japandi-de","24":"stijl-modern-de","25":"stijl-scandinavisch-de","26":"merk-deluxe-homeart-de","27":"merk-industrialwood-de","28":"merk-vase-the-world-de","29":"materiaal-glas-de","30":"beoordeling-three-star-de","31":"beoordeling-four-star-de","32":"beoordeling-five-star-de","33":"kleur-beige-de","34":"kleur-bruin-de","35":"kleur-wit-de","37":"first","38":"instock","39":"sale","40":"taxable","41":"shipping-taxable","42":"purchasable","43":"product-type-simple"},"supplier_id":null,"supplier_sku":"","barcode":null,"atum_controlled":true,"out_stock_date":null,"out_stock_threshold":null,"inheritable":false,"inbound_stock":0,"stock_on_hold":2,"sold_today":0,"sales_last_days":8,"reserved_stock":0,"customer_returns":0,"warehouse_damage":0,"lost_in_post":0,"other_logs":0,"out_stock_days":0,"lost_sales":0,"has_location":false,"update_date":"2026-04-14T19:52:45","atum_locations":[],"atum_stock_status":"instock","restock_status":false,"low_stock_amount":"","sales_update_date":"2026-04-14T19:52:45","calc_backorders":null,"_links":{"self":[{"href":"https:\/\/www.industrialwood.nl\/de\/wp-json\/wp\/v2\/product\/96983","targetHints":{"allow":["GET"]}}],"collection":[{"href":"https:\/\/www.industrialwood.nl\/de\/wp-json\/wp\/v2\/product"}],"about":[{"href":"https:\/\/www.industrialwood.nl\/de\/wp-json\/wp\/v2\/types\/product"}],"replies":[{"embeddable":true,"href":"https:\/\/www.industrialwood.nl\/de\/wp-json\/wp\/v2\/comments?post=96983"}],"wp:featuredmedia":[{"embeddable":true,"href":"https:\/\/www.industrialwood.nl\/de\/wp-json\/wp\/v2\/media\/96988"}],"wp:attachment":[{"href":"https:\/\/www.industrialwood.nl\/de\/wp-json\/wp\/v2\/media?parent=96983"}],"wp:term":[{"taxonomy":"product_brand","embeddable":true,"href":"https:\/\/www.industrialwood.nl\/de\/wp-json\/wp\/v2\/product_brand?post=96983"},{"taxonomy":"product_cat","embeddable":true,"href":"https:\/\/www.industrialwood.nl\/de\/wp-json\/wp\/v2\/product_cat?post=96983"},{"taxonomy":"product_tag","embeddable":true,"href":"https:\/\/www.industrialwood.nl\/de\/wp-json\/wp\/v2\/product_tag?post=96983"},{"taxonomy":"seizoen","embeddable":true,"href":"https:\/\/www.industrialwood.nl\/de\/wp-json\/wp\/v2\/seizoen?post=96983"},{"taxonomy":"bloemensoort","embeddable":true,"href":"https:\/\/www.industrialwood.nl\/de\/wp-json\/wp\/v2\/bloemensoort?post=96983"},{"taxonomy":"samenstelling","embeddable":true,"href":"https:\/\/www.industrialwood.nl\/de\/wp-json\/wp\/v2\/samenstelling?post=96983"},{"taxonomy":"shop-per-kamer","embeddable":true,"href":"https:\/\/www.industrialwood.nl\/de\/wp-json\/wp\/v2\/shop-per-kamer?post=96983"},{"taxonomy":"indooroutdoor","embeddable":true,"href":"https:\/\/www.industrialwood.nl\/de\/wp-json\/wp\/v2\/indooroutdoor?post=96983"},{"taxonomy":"vorm","embeddable":true,"href":"https:\/\/www.industrialwood.nl\/de\/wp-json\/wp\/v2\/vorm?post=96983"},{"taxonomy":"duurzaam","embeddable":true,"href":"https:\/\/www.industrialwood.nl\/de\/wp-json\/wp\/v2\/duurzaam?post=96983"},{"taxonomy":"productafmetingen","embeddable":true,"href":"https:\/\/www.industrialwood.nl\/de\/wp-json\/wp\/v2\/productafmetingen?post=96983"},{"taxonomy":"stijl","embeddable":true,"href":"https:\/\/www.industrialwood.nl\/de\/wp-json\/wp\/v2\/stijl?post=96983"},{"taxonomy":"merk","embeddable":true,"href":"https:\/\/www.industrialwood.nl\/de\/wp-json\/wp\/v2\/merk?post=96983"},{"taxonomy":"materiaal","embeddable":true,"href":"https:\/\/www.industrialwood.nl\/de\/wp-json\/wp\/v2\/materiaal?post=96983"},{"taxonomy":"materiaal-schaaltje","embeddable":true,"href":"https:\/\/www.industrialwood.nl\/de\/wp-json\/wp\/v2\/materiaal-schaaltje?post=96983"},{"taxonomy":"geur","embeddable":true,"href":"https:\/\/www.industrialwood.nl\/de\/wp-json\/wp\/v2\/geur?post=96983"},{"taxonomy":"product-type","embeddable":true,"href":"https:\/\/www.industrialwood.nl\/de\/wp-json\/wp\/v2\/product-type?post=96983"},{"taxonomy":"beoordeling","embeddable":true,"href":"https:\/\/www.industrialwood.nl\/de\/wp-json\/wp\/v2\/beoordeling?post=96983"},{"taxonomy":"uitsparingen","embeddable":true,"href":"https:\/\/www.industrialwood.nl\/de\/wp-json\/wp\/v2\/uitsparingen?post=96983"},{"taxonomy":"houtsoort","embeddable":true,"href":"https:\/\/www.industrialwood.nl\/de\/wp-json\/wp\/v2\/houtsoort?post=96983"},{"taxonomy":"breedte","embeddable":true,"href":"https:\/\/www.industrialwood.nl\/de\/wp-json\/wp\/v2\/breedte?post=96983"},{"taxonomy":"badplanken-lengte","embeddable":true,"href":"https:\/\/www.industrialwood.nl\/de\/wp-json\/wp\/v2\/badplanken-lengte?post=96983"},{"taxonomy":"kleur","embeddable":true,"href":"https:\/\/www.industrialwood.nl\/de\/wp-json\/wp\/v2\/kleur?post=96983"}],"curies":[{"name":"wp","href":"https:\/\/api.w.org\/{rel}","templated":true}]}}