{"id":96976,"date":"2026-02-19T14:49:30","date_gmt":"2026-02-19T13:49:30","guid":{"rendered":"https:\/\/www.industrialwood.nl\/?post_type=product&#038;p=96976"},"modified":"2026-03-09T21:03:44","modified_gmt":"2026-03-09T20:03:44","slug":"teelichthalter-birne-tasman-smokey-taupe-xs-kopie","status":"publish","type":"product","link":"https:\/\/www.industrialwood.nl\/de\/teelichthalter-birne-tasman-smokey-taupe-xs-kopie\/","title":{"rendered":"Kerzenhalter | Zylinder | Hurricane | Rippe | Smokey Taupe"},"content":{"rendered":"","protected":false},"excerpt":{"rendered":"<p data-start=\"0\" data-end=\"84\"><strong>Waxlight holder cylinder Rib Hurricane in smokey taupe \ud83e\udd0e<br \/>\n<\/strong>Bringen Sie Gem\u00fctlichkeit in Ihr Zuhause mit dem <strong>Waxlight holder cylinder rib hurricane in smokey taupe<\/strong>! Diese Glaslaterne ist nicht nur perfekt f\u00fcr Ihre Teelichter, sondern auch eine sch\u00f6ne Erg\u00e4nzung Ihrer Einrichtung. Das taupefarbene Glas hat einen Hurricane-Effekt, so dass das Kerzenlicht wunderbar sanft durch den Raum strahlt und eine warme Atmosph\u00e4re schafft. <\/p>\n<p data-start=\"450\" data-end=\"741\">Dank des gerippten Randes hat dieser Teelichthalter ein luxuri\u00f6ses Aussehen. Stellen Sie ihn auf Ihren Couchtisch, Ihr Sideboard, Ihre Fensterbank oder Ihren Esstisch und er wird sofort gem\u00fctlich aussehen! Ob Sie es modern, minimalistisch oder boho m\u00f6gen, dieser Teelichthalter passt \u00fcberall hin \u2728.  <\/p>\n<p data-start=\"1073\" data-end=\"1145\"><strong>Warum Sie diesen Cylinder Rib Hurricane Teelichthalter haben m\u00f6chten:<\/strong><\/p>\n<ul>\n<li data-start=\"1148\" data-end=\"1229\">Rauchfarbenes taupefarbenes Glas mit gerippter Textur f\u00fcr einen eleganten Look<\/li>\n<li data-start=\"1148\" data-end=\"1229\">Ideal, um in jedem Raum eine gem\u00fctliche Atmosph\u00e4re zu schaffen<\/li>\n<li data-start=\"1148\" data-end=\"1229\">Perfekt f\u00fcr Teelichter und LED-Kerzen<\/li>\n<li data-start=\"1148\" data-end=\"1229\">Passt perfekt in moderne, Boho oder minimalistische Interieurs<\/li>\n<\/ul>\n<p>&nbsp;<\/p>\n<p><em>Jeder Teelichthalter ist mundgeblasen und wird sorgf\u00e4ltig von Hand gefertigt. Daher ist jedes St\u00fcck ein Unikat und es k\u00f6nnen kleine Luftblasen oder Linien im Glas auftreten. Diese subtilen Unvollkommenheiten unterstreichen die Handwerkskunst und verleihen dem Teelichthalter Charakter.  <\/em><\/p>\n<p><strong>Ma\u00dfe<\/strong>: 15 x 15 cm<br \/>\n<strong>Material<\/strong>: Glas<br \/>\n<strong>Farbe<\/strong>: Smokey taupe<\/p>\n","protected":false},"featured_media":96979,"comment_status":"open","ping_status":"closed","template":"","meta":[],"product_brand":[],"product_cat":[400,686,418,402,424,420,395,740,422,431,738,414,387,396],"product_tag":[],"seizoen":[543,545,544,546],"bloemensoort":[],"samenstelling":[],"shop-per-kamer":[552,549],"indooroutdoor":[555],"vorm":[557],"duurzaam":[565],"productafmetingen":[569,568,567],"stijl":[574,571,575,573,572],"merk":[576],"materiaal":[608],"materiaal-schaaltje":[],"geur":[],"product-type":[],"beoordeling":[640,641,642],"uitsparingen":[],"houtsoort":[],"breedte":[],"badplanken-lengte":[],"kleur":[663,666],"class_list":{"0":"post-96976","1":"product","2":"type-product","3":"status-publish","4":"has-post-thumbnail","6":"product_cat-boheme-wohnzimmer","7":"product_cat-geschenk","8":"product_cat-hotel-chic-wohnzimmer","9":"product_cat-japandi-wohnzimmer","10":"product_cat-landwohnzimmer","11":"product_cat-modernes-wohnzimmer","12":"product_cat-naturliche-tone","13":"product_cat-schwarzer-freitag-2","14":"product_cat-skandinavisches-wohnzimmer","15":"product_cat-smokey-taupe-de","16":"product_cat-tasmanische-vasen","17":"product_cat-teelichthalter","18":"product_cat-vasen-topfe","19":"product_cat-wohnzimmer","20":"seizoen-lente-de","21":"seizoen-herfst-de","22":"seizoen-zomer-de","23":"seizoen-winter-de","24":"shop-per-kamer-hal-de","25":"shop-per-kamer-woonkamer-de","26":"indooroutdoor-indoor-de","27":"vorm-rond-de","28":"duurzaam-ja-de","29":"productafmetingen-l-de","30":"productafmetingen-m-de","31":"productafmetingen-s-de","32":"stijl-bohemian-de","33":"stijl-hotel-chique-de","34":"stijl-japandi-de","35":"stijl-modern-de","36":"stijl-scandinavisch-de","37":"merk-industrialwood-de","38":"materiaal-glas-de","39":"beoordeling-three-star-de","40":"beoordeling-four-star-de","41":"beoordeling-five-star-de","42":"kleur-bruin-de","43":"kleur-taupe-de","45":"first","46":"instock","47":"taxable","48":"shipping-taxable","49":"purchasable","50":"product-type-simple"},"supplier_id":null,"supplier_sku":"","barcode":null,"atum_controlled":true,"out_stock_date":null,"out_stock_threshold":null,"inheritable":false,"inbound_stock":0,"stock_on_hold":1,"sold_today":0,"sales_last_days":2,"reserved_stock":0,"customer_returns":0,"warehouse_damage":0,"lost_in_post":0,"other_logs":0,"out_stock_days":0,"lost_sales":0,"has_location":false,"update_date":"2026-04-07T19:13:01","atum_locations":[],"atum_stock_status":"instock","restock_status":false,"low_stock_amount":"","sales_update_date":"2026-04-07T19:13:01","calc_backorders":null,"_links":{"self":[{"href":"https:\/\/www.industrialwood.nl\/de\/wp-json\/wp\/v2\/product\/96976","targetHints":{"allow":["GET"]}}],"collection":[{"href":"https:\/\/www.industrialwood.nl\/de\/wp-json\/wp\/v2\/product"}],"about":[{"href":"https:\/\/www.industrialwood.nl\/de\/wp-json\/wp\/v2\/types\/product"}],"replies":[{"embeddable":true,"href":"https:\/\/www.industrialwood.nl\/de\/wp-json\/wp\/v2\/comments?post=96976"}],"wp:featuredmedia":[{"embeddable":true,"href":"https:\/\/www.industrialwood.nl\/de\/wp-json\/wp\/v2\/media\/96979"}],"wp:attachment":[{"href":"https:\/\/www.industrialwood.nl\/de\/wp-json\/wp\/v2\/media?parent=96976"}],"wp:term":[{"taxonomy":"product_brand","embeddable":true,"href":"https:\/\/www.industrialwood.nl\/de\/wp-json\/wp\/v2\/product_brand?post=96976"},{"taxonomy":"product_cat","embeddable":true,"href":"https:\/\/www.industrialwood.nl\/de\/wp-json\/wp\/v2\/product_cat?post=96976"},{"taxonomy":"product_tag","embeddable":true,"href":"https:\/\/www.industrialwood.nl\/de\/wp-json\/wp\/v2\/product_tag?post=96976"},{"taxonomy":"seizoen","embeddable":true,"href":"https:\/\/www.industrialwood.nl\/de\/wp-json\/wp\/v2\/seizoen?post=96976"},{"taxonomy":"bloemensoort","embeddable":true,"href":"https:\/\/www.industrialwood.nl\/de\/wp-json\/wp\/v2\/bloemensoort?post=96976"},{"taxonomy":"samenstelling","embeddable":true,"href":"https:\/\/www.industrialwood.nl\/de\/wp-json\/wp\/v2\/samenstelling?post=96976"},{"taxonomy":"shop-per-kamer","embeddable":true,"href":"https:\/\/www.industrialwood.nl\/de\/wp-json\/wp\/v2\/shop-per-kamer?post=96976"},{"taxonomy":"indooroutdoor","embeddable":true,"href":"https:\/\/www.industrialwood.nl\/de\/wp-json\/wp\/v2\/indooroutdoor?post=96976"},{"taxonomy":"vorm","embeddable":true,"href":"https:\/\/www.industrialwood.nl\/de\/wp-json\/wp\/v2\/vorm?post=96976"},{"taxonomy":"duurzaam","embeddable":true,"href":"https:\/\/www.industrialwood.nl\/de\/wp-json\/wp\/v2\/duurzaam?post=96976"},{"taxonomy":"productafmetingen","embeddable":true,"href":"https:\/\/www.industrialwood.nl\/de\/wp-json\/wp\/v2\/productafmetingen?post=96976"},{"taxonomy":"stijl","embeddable":true,"href":"https:\/\/www.industrialwood.nl\/de\/wp-json\/wp\/v2\/stijl?post=96976"},{"taxonomy":"merk","embeddable":true,"href":"https:\/\/www.industrialwood.nl\/de\/wp-json\/wp\/v2\/merk?post=96976"},{"taxonomy":"materiaal","embeddable":true,"href":"https:\/\/www.industrialwood.nl\/de\/wp-json\/wp\/v2\/materiaal?post=96976"},{"taxonomy":"materiaal-schaaltje","embeddable":true,"href":"https:\/\/www.industrialwood.nl\/de\/wp-json\/wp\/v2\/materiaal-schaaltje?post=96976"},{"taxonomy":"geur","embeddable":true,"href":"https:\/\/www.industrialwood.nl\/de\/wp-json\/wp\/v2\/geur?post=96976"},{"taxonomy":"product-type","embeddable":true,"href":"https:\/\/www.industrialwood.nl\/de\/wp-json\/wp\/v2\/product-type?post=96976"},{"taxonomy":"beoordeling","embeddable":true,"href":"https:\/\/www.industrialwood.nl\/de\/wp-json\/wp\/v2\/beoordeling?post=96976"},{"taxonomy":"uitsparingen","embeddable":true,"href":"https:\/\/www.industrialwood.nl\/de\/wp-json\/wp\/v2\/uitsparingen?post=96976"},{"taxonomy":"houtsoort","embeddable":true,"href":"https:\/\/www.industrialwood.nl\/de\/wp-json\/wp\/v2\/houtsoort?post=96976"},{"taxonomy":"breedte","embeddable":true,"href":"https:\/\/www.industrialwood.nl\/de\/wp-json\/wp\/v2\/breedte?post=96976"},{"taxonomy":"badplanken-lengte","embeddable":true,"href":"https:\/\/www.industrialwood.nl\/de\/wp-json\/wp\/v2\/badplanken-lengte?post=96976"},{"taxonomy":"kleur","embeddable":true,"href":"https:\/\/www.industrialwood.nl\/de\/wp-json\/wp\/v2\/kleur?post=96976"}],"curies":[{"name":"wp","href":"https:\/\/api.w.org\/{rel}","templated":true}]}}