{"id":95281,"date":"2026-02-03T09:55:54","date_gmt":"2026-02-03T08:55:54","guid":{"rendered":"https:\/\/www.industrialwood.nl\/?post_type=product&#038;p=95281"},"modified":"2026-04-07T21:36:08","modified_gmt":"2026-04-07T19:36:08","slug":"komplettset-elle-kopie-3","status":"publish","type":"product","link":"https:\/\/www.industrialwood.nl\/de\/komplettset-elle-kopie-3\/","title":{"rendered":"Kompletter Satz | Moa"},"content":{"rendered":"","protected":false},"excerpt":{"rendered":"<p data-start=\"0\" data-end=\"33\"><strong>Komplettes Sand-Set &#8211; Moa \ud83e\udd0d\u2728<br \/>\n<\/strong>Sie m\u00f6chten Ihren Couchtisch, Esstisch oder Ihr Sideboard in einem Rutsch <strong data-start=\"57\" data-end=\"88\">fertig gestalten<\/strong>? Dann ist <strong data-start=\"136\" data-end=\"156\">das Komplettset Moa<\/strong> genau das Richtige f\u00fcr Sie. Dieses Set wurde so zusammengestellt, als ob Ihr Innenarchitekt bereits bei Ihnen zu Hause gewesen w\u00e4re: alles passt perfekt zu den ruhigen Sand-\/Beiget\u00f6nen und schafft sofort eine warme, stilvolle Atmosph\u00e4re<\/p>\n<p data-start=\"356\" data-end=\"687\">Die Kombination des Bohnentabletts Sand mit den Kerzenhaltern Sand und der Keramikvase Moises schafft eine luxuri\u00f6se, ruhige Basis. Und als kr\u00f6nender Abschluss ist ein wei\u00dfer Kiku-Strau\u00df enthalten: sch\u00f6n und frisch, sanft und zeitlos.  Das Ergebnis? Eine komplette Ecke, die im Handumdrehen fertig aussieht, ohne dass Sie sich abm\u00fchen m\u00fcssen. Sie suchen ein beigefarbenes Dekorationsset, das mit einem Schlag eine ruhige, stilvolle Atmosph\u00e4re in Ihr Zuhause bringt? Dann ist das Set Moa genau das Richtige f\u00fcr Sie \ud83e\udd0e.  <\/p>\n<p data-start=\"689\" data-end=\"717\"><strong data-start=\"689\" data-end=\"715\">Inhalt des Sets Moa:<\/strong><\/p>\n<ul>\n<li data-start=\"720\" data-end=\"749\">1x Bohnenteller Sand S<\/li>\n<li data-start=\"720\" data-end=\"749\">1x Kerzenleuchter Sand S<\/li>\n<li data-start=\"720\" data-end=\"749\">1x Kerzenleuchter Sand M<\/li>\n<li data-start=\"720\" data-end=\"749\">1x Vase Moises<\/li>\n<li data-start=\"720\" data-end=\"749\">1x Kiku Blumenstrau\u00df wei\u00df \ud83c\udf38.<\/li>\n<\/ul>\n<p><strong><br \/>\nHinweis<\/strong>: Kerzen sind nicht im Lieferumfang enthalten. Sie k\u00f6nnen <a href=\"https:\/\/www.industrialwood.nl\/de\/suchergebnisse-11\/?q=deluxe+homeart+indoor\">(LED-)Stumpenkerzen<\/a> oder <a href=\"https:\/\/www.industrialwood.nl\/waxinelicht-doorzichtige-cup-5-stuks-wit-l\/\">Teelichter<\/a> nach Ihrem Geschmack (Farbe) darauf stellen.<\/p>\n<p><strong data-start=\"874\" data-end=\"909\">Warum Sie dieses Set brauchen:<\/strong><\/p>\n<ul>\n<li data-start=\"914\" data-end=\"981\">Fertig gestyltes Set: auspacken, abstellen und genie\u00dfen<\/li>\n<li data-start=\"914\" data-end=\"981\">Perfekte Erg\u00e4nzung in Beige\/Sand mit einem frischen wei\u00dfen Touch<\/li>\n<li data-start=\"914\" data-end=\"981\">Ideal f\u00fcr Japandi, moderne, nat\u00fcrliche und schicke Hotelinterieurs<\/li>\n<li data-start=\"914\" data-end=\"981\">Ein kompletter Look f\u00fcr Couchtisch, Anrichte oder Esstisch<\/li>\n<li data-start=\"914\" data-end=\"981\">Auch sehr sch\u00f6n als Geschenk (weil es wirklich &#8220;fertig&#8221; ist)<\/li>\n<\/ul>\n<p data-start=\"1389\" data-end=\"1539\" data-is-last-node=\"\" data-is-only-node=\"\">\n<p data-start=\"1389\" data-end=\"1539\" data-is-last-node=\"\" data-is-only-node=\"\">\n<p data-start=\"1389\" data-end=\"1539\" data-is-last-node=\"\" data-is-only-node=\"\"><strong>Abmessungen<\/strong>: <strong>Vase<\/strong>: 14 x 28 cm | <strong>Kerzenleuchter S<\/strong>: 10,5 x 14 cm | <b>Kerzenleuchter M<\/b>: 10,5 x 18 cm | <strong>Tablett Bohne S<\/strong>: 52 x 24 x 2 cm | <strong>Blumen<\/strong>: 52 cm<br \/>\n<strong>Material<\/strong>: Keramik, Metall<br \/>\n<strong>Farben<\/strong>: Wei\u00df, Beige<\/p>\n","protected":false},"featured_media":95278,"comment_status":"open","ping_status":"closed","template":"","meta":[],"product_brand":[],"product_cat":[715],"product_tag":[],"seizoen":[543,545,544,546],"bloemensoort":[],"samenstelling":[],"shop-per-kamer":[549],"indooroutdoor":[555],"vorm":[563,557],"duurzaam":[565],"productafmetingen":[569,568,567,570,566],"stijl":[574,571,575,573,572],"merk":[582,576,588],"materiaal":[608],"materiaal-schaaltje":[],"geur":[],"product-type":[],"beoordeling":[640,641,642],"uitsparingen":[],"houtsoort":[],"breedte":[],"badplanken-lengte":[],"kleur":[657,663,659],"class_list":{"0":"post-95281","1":"product","2":"type-product","3":"status-publish","4":"has-post-thumbnail","6":"product_cat-das-set-kaufen","7":"seizoen-lente-de","8":"seizoen-herfst-de","9":"seizoen-zomer-de","10":"seizoen-winter-de","11":"shop-per-kamer-woonkamer-de","12":"indooroutdoor-indoor-de","13":"vorm-organisch-de","14":"vorm-rond-de","15":"duurzaam-ja-de","16":"productafmetingen-l-de","17":"productafmetingen-m-de","18":"productafmetingen-s-de","19":"productafmetingen-xl-de","20":"productafmetingen-xs-de","21":"stijl-bohemian-de","22":"stijl-hotel-chique-de","23":"stijl-japandi-de","24":"stijl-modern-de","25":"stijl-scandinavisch-de","26":"merk-deluxe-homeart-de","27":"merk-industrialwood-de","28":"merk-vase-the-world-de","29":"materiaal-glas-de","30":"beoordeling-three-star-de","31":"beoordeling-four-star-de","32":"beoordeling-five-star-de","33":"kleur-beige-de","34":"kleur-bruin-de","35":"kleur-wit-de","37":"first","38":"instock","39":"sale","40":"taxable","41":"shipping-taxable","42":"purchasable","43":"product-type-simple"},"supplier_id":null,"supplier_sku":"","barcode":null,"atum_controlled":true,"out_stock_date":null,"out_stock_threshold":null,"inheritable":false,"inbound_stock":0,"stock_on_hold":1,"sold_today":0,"sales_last_days":9,"reserved_stock":0,"customer_returns":0,"warehouse_damage":0,"lost_in_post":0,"other_logs":0,"out_stock_days":0,"lost_sales":0,"has_location":false,"update_date":"2026-04-14T19:52:45","atum_locations":[],"atum_stock_status":"instock","restock_status":false,"low_stock_amount":"","sales_update_date":"2026-04-14T19:52:45","calc_backorders":null,"_links":{"self":[{"href":"https:\/\/www.industrialwood.nl\/de\/wp-json\/wp\/v2\/product\/95281","targetHints":{"allow":["GET"]}}],"collection":[{"href":"https:\/\/www.industrialwood.nl\/de\/wp-json\/wp\/v2\/product"}],"about":[{"href":"https:\/\/www.industrialwood.nl\/de\/wp-json\/wp\/v2\/types\/product"}],"replies":[{"embeddable":true,"href":"https:\/\/www.industrialwood.nl\/de\/wp-json\/wp\/v2\/comments?post=95281"}],"wp:featuredmedia":[{"embeddable":true,"href":"https:\/\/www.industrialwood.nl\/de\/wp-json\/wp\/v2\/media\/95278"}],"wp:attachment":[{"href":"https:\/\/www.industrialwood.nl\/de\/wp-json\/wp\/v2\/media?parent=95281"}],"wp:term":[{"taxonomy":"product_brand","embeddable":true,"href":"https:\/\/www.industrialwood.nl\/de\/wp-json\/wp\/v2\/product_brand?post=95281"},{"taxonomy":"product_cat","embeddable":true,"href":"https:\/\/www.industrialwood.nl\/de\/wp-json\/wp\/v2\/product_cat?post=95281"},{"taxonomy":"product_tag","embeddable":true,"href":"https:\/\/www.industrialwood.nl\/de\/wp-json\/wp\/v2\/product_tag?post=95281"},{"taxonomy":"seizoen","embeddable":true,"href":"https:\/\/www.industrialwood.nl\/de\/wp-json\/wp\/v2\/seizoen?post=95281"},{"taxonomy":"bloemensoort","embeddable":true,"href":"https:\/\/www.industrialwood.nl\/de\/wp-json\/wp\/v2\/bloemensoort?post=95281"},{"taxonomy":"samenstelling","embeddable":true,"href":"https:\/\/www.industrialwood.nl\/de\/wp-json\/wp\/v2\/samenstelling?post=95281"},{"taxonomy":"shop-per-kamer","embeddable":true,"href":"https:\/\/www.industrialwood.nl\/de\/wp-json\/wp\/v2\/shop-per-kamer?post=95281"},{"taxonomy":"indooroutdoor","embeddable":true,"href":"https:\/\/www.industrialwood.nl\/de\/wp-json\/wp\/v2\/indooroutdoor?post=95281"},{"taxonomy":"vorm","embeddable":true,"href":"https:\/\/www.industrialwood.nl\/de\/wp-json\/wp\/v2\/vorm?post=95281"},{"taxonomy":"duurzaam","embeddable":true,"href":"https:\/\/www.industrialwood.nl\/de\/wp-json\/wp\/v2\/duurzaam?post=95281"},{"taxonomy":"productafmetingen","embeddable":true,"href":"https:\/\/www.industrialwood.nl\/de\/wp-json\/wp\/v2\/productafmetingen?post=95281"},{"taxonomy":"stijl","embeddable":true,"href":"https:\/\/www.industrialwood.nl\/de\/wp-json\/wp\/v2\/stijl?post=95281"},{"taxonomy":"merk","embeddable":true,"href":"https:\/\/www.industrialwood.nl\/de\/wp-json\/wp\/v2\/merk?post=95281"},{"taxonomy":"materiaal","embeddable":true,"href":"https:\/\/www.industrialwood.nl\/de\/wp-json\/wp\/v2\/materiaal?post=95281"},{"taxonomy":"materiaal-schaaltje","embeddable":true,"href":"https:\/\/www.industrialwood.nl\/de\/wp-json\/wp\/v2\/materiaal-schaaltje?post=95281"},{"taxonomy":"geur","embeddable":true,"href":"https:\/\/www.industrialwood.nl\/de\/wp-json\/wp\/v2\/geur?post=95281"},{"taxonomy":"product-type","embeddable":true,"href":"https:\/\/www.industrialwood.nl\/de\/wp-json\/wp\/v2\/product-type?post=95281"},{"taxonomy":"beoordeling","embeddable":true,"href":"https:\/\/www.industrialwood.nl\/de\/wp-json\/wp\/v2\/beoordeling?post=95281"},{"taxonomy":"uitsparingen","embeddable":true,"href":"https:\/\/www.industrialwood.nl\/de\/wp-json\/wp\/v2\/uitsparingen?post=95281"},{"taxonomy":"houtsoort","embeddable":true,"href":"https:\/\/www.industrialwood.nl\/de\/wp-json\/wp\/v2\/houtsoort?post=95281"},{"taxonomy":"breedte","embeddable":true,"href":"https:\/\/www.industrialwood.nl\/de\/wp-json\/wp\/v2\/breedte?post=95281"},{"taxonomy":"badplanken-lengte","embeddable":true,"href":"https:\/\/www.industrialwood.nl\/de\/wp-json\/wp\/v2\/badplanken-lengte?post=95281"},{"taxonomy":"kleur","embeddable":true,"href":"https:\/\/www.industrialwood.nl\/de\/wp-json\/wp\/v2\/kleur?post=95281"}],"curies":[{"name":"wp","href":"https:\/\/api.w.org\/{rel}","templated":true}]}}