{"id":94064,"date":"2026-01-22T19:03:03","date_gmt":"2026-01-22T18:03:03","guid":{"rendered":"https:\/\/www.industrialwood.nl\/?post_type=product&#038;p=94064"},"modified":"2026-03-09T21:36:15","modified_gmt":"2026-03-09T20:36:15","slug":"opferkorb-l-papua-muscheln-perlen-weis-kaypo-kopie","status":"publish","type":"product","link":"https:\/\/www.industrialwood.nl\/de\/opferkorb-l-papua-muscheln-perlen-weis-kaypo-kopie\/","title":{"rendered":"Opferkorb l Papua Muscheln | Perlen | Wei\u00df | Tayu"},"content":{"rendered":"","protected":false},"excerpt":{"rendered":"<p data-start=\"0\" data-end=\"69\"><strong data-start=\"0\" data-end=\"69\">\ud83e\udd0d Handgefertigter Opferkorb | Bali-Perlen und Papua-Muscheln wei\u00df<br \/>\n<\/strong>Verleihen Sie Ihrer Einrichtung einen Hauch von Boho-Chic mit diesem sch\u00f6nen <strong>handgefertigten Opferkorb<\/strong>! Dieser in Bali gefertigte Korb ist von Hand mit zarten Perlen besetzt und mit wundersch\u00f6nen Papua-Muscheln verziert. Er ist nicht nur eine praktische Aufbewahrungsl\u00f6sung, sondern auch ein wundersch\u00f6nes Dekorationsobjekt f\u00fcr jeden Raum in Ihrem Zuhause \ud83d\udc1a. <\/p>\n<p data-start=\"407\" data-end=\"747\">Die wei\u00dfe Farbe macht den Korb perfekt f\u00fcr eine Vielzahl von Stilen &#8211; von Japandi und minimalistisch bis hin zum Hotelschick. Ob Sie ihn zur Aufbewahrung von Schmuck, Make-up oder anderen kleinen Gegenst\u00e4nden verwenden oder ihn als Blickfang auf Ihrem Couchtisch, auf der Fensterbank oder in einem Fach platzieren: dieser Korb verleiht immer etwas Besonderes \u2728. <\/p>\n<p data-start=\"749\" data-end=\"798\"><strong data-start=\"749\" data-end=\"798\">Warum Sie diesen wei\u00dfen Perlenkorb haben m\u00f6chten:<\/strong><\/p>\n<ul>\n<li data-start=\"802\" data-end=\"889\"><strong data-start=\"802\" data-end=\"825\">Handgefertigt in Bali<\/strong> &#8211; jede Perle und Muschel wird mit Sorgfalt und Liebe von Hand gefasst<\/li>\n<li data-start=\"802\" data-end=\"889\"><strong data-start=\"957\" data-end=\"993\">Perfekt zur Aufbewahrung oder Dekoration<\/strong> &#8211; ideal f\u00fcr kleine Gegenst\u00e4nde oder als stilvolles Objekt in Ihrer Einrichtung<\/li>\n<li data-start=\"802\" data-end=\"889\"><strong data-start=\"1067\" data-end=\"1084\">Leicht und frisch<\/strong> &#8211; die wei\u00dfe Farbe bringt Ruhe und ein luxuri\u00f6ses Gef\u00fchl<\/li>\n<li data-start=\"802\" data-end=\"889\"><strong data-start=\"1140\" data-end=\"1165\">Kompakt und vielseitig<\/strong> &#8211; passt in jeden Raum und ist leicht mit anderen Gegenst\u00e4nden zu kombinieren<\/li>\n<li data-start=\"802\" data-end=\"889\">Auch in <a href=\"https:\/\/www.industrialwood.nl\/offermandje-l-papua-schelpen-kralen-wit-kaypo\/\">Beige<\/a> erh\u00e4ltlich<\/li>\n<\/ul>\n<p data-start=\"1238\" data-end=\"1380\" data-is-last-node=\"\" data-is-only-node=\"\">Dieser handgefertigte Geschenkkorb ist perfekt f\u00fcr eine stilvolle, b\u00f6hmische Einrichtung und bietet eine sch\u00f6ne Kombination aus Funktionalit\u00e4t und Sch\u00f6nheit!<\/p>\n<p data-start=\"1289\" data-end=\"1391\"><strong>Ma\u00dfe<\/strong>: 10 x 10 x 10 cm<br \/>\n<strong>Material<\/strong>: Muscheln | Perlen<br \/>\n<strong>Farbe<\/strong>: Wei\u00df<\/p>\n","protected":false},"featured_media":94066,"comment_status":"open","ping_status":"closed","template":"","meta":[],"product_brand":[],"product_cat":[393,412,399,400,401,404,403,402,502,425,540,424,395,391,483,507,482,423,422,396],"product_tag":[],"seizoen":[543,545,544,546],"bloemensoort":[],"samenstelling":[],"shop-per-kamer":[551,552,550,553,549],"indooroutdoor":[555],"vorm":[557],"duurzaam":[565],"productafmetingen":[569,568,567],"stijl":[574,575,572],"merk":[576],"materiaal":[619,616],"materiaal-schaaltje":[],"geur":[],"product-type":[],"beoordeling":[640,641,642],"uitsparingen":[],"houtsoort":[],"breedte":[],"badplanken-lengte":[],"kleur":[659],"class_list":{"0":"post-94064","1":"product","2":"type-product","3":"status-publish","4":"has-post-thumbnail","6":"product_cat-badezimmer","7":"product_cat-boheme-kuche","8":"product_cat-boheme-schlafzimmer","9":"product_cat-boheme-wohnzimmer","10":"product_cat-bohmisches-badezimmer","11":"product_cat-japandi-badezimmer","12":"product_cat-japandi-schlafzimmer","13":"product_cat-japandi-wohnzimmer","14":"product_cat-japandische-kuche","15":"product_cat-land-schlafzimmer","16":"product_cat-landhauskuche","17":"product_cat-landwohnzimmer","18":"product_cat-naturliche-tone","19":"product_cat-ornamente","20":"product_cat-rustikales-badezimmer","21":"product_cat-skandinavische-kuche","22":"product_cat-skandinavisches-badezimmer","23":"product_cat-skandinavisches-schlafzimmer","24":"product_cat-skandinavisches-wohnzimmer","25":"product_cat-wohnzimmer","26":"seizoen-lente-de","27":"seizoen-herfst-de","28":"seizoen-zomer-de","29":"seizoen-winter-de","30":"shop-per-kamer-badkamer-de","31":"shop-per-kamer-hal-de","32":"shop-per-kamer-keuken-de","33":"shop-per-kamer-slaapkamer-de","34":"shop-per-kamer-woonkamer-de","35":"indooroutdoor-indoor-de","36":"vorm-rond-de","37":"duurzaam-ja-de","38":"productafmetingen-l-de","39":"productafmetingen-m-de","40":"productafmetingen-s-de","41":"stijl-bohemian-de","42":"stijl-japandi-de","43":"stijl-scandinavisch-de","44":"merk-industrialwood-de","45":"materiaal-schelp-de","46":"materiaal-stof-de","47":"beoordeling-three-star-de","48":"beoordeling-four-star-de","49":"beoordeling-five-star-de","50":"kleur-wit-de","52":"first","53":"instock","54":"taxable","55":"shipping-taxable","56":"purchasable","57":"product-type-simple"},"supplier_id":null,"supplier_sku":"","barcode":null,"atum_controlled":true,"out_stock_date":null,"out_stock_threshold":null,"inheritable":false,"inbound_stock":0,"stock_on_hold":1,"sold_today":0,"sales_last_days":1,"reserved_stock":0,"customer_returns":0,"warehouse_damage":0,"lost_in_post":0,"other_logs":0,"out_stock_days":0,"lost_sales":0,"has_location":false,"update_date":"2026-04-14T19:52:45","atum_locations":[],"atum_stock_status":"instock","restock_status":true,"low_stock_amount":"","sales_update_date":"2026-04-14T19:52:45","calc_backorders":null,"_links":{"self":[{"href":"https:\/\/www.industrialwood.nl\/de\/wp-json\/wp\/v2\/product\/94064","targetHints":{"allow":["GET"]}}],"collection":[{"href":"https:\/\/www.industrialwood.nl\/de\/wp-json\/wp\/v2\/product"}],"about":[{"href":"https:\/\/www.industrialwood.nl\/de\/wp-json\/wp\/v2\/types\/product"}],"replies":[{"embeddable":true,"href":"https:\/\/www.industrialwood.nl\/de\/wp-json\/wp\/v2\/comments?post=94064"}],"wp:featuredmedia":[{"embeddable":true,"href":"https:\/\/www.industrialwood.nl\/de\/wp-json\/wp\/v2\/media\/94066"}],"wp:attachment":[{"href":"https:\/\/www.industrialwood.nl\/de\/wp-json\/wp\/v2\/media?parent=94064"}],"wp:term":[{"taxonomy":"product_brand","embeddable":true,"href":"https:\/\/www.industrialwood.nl\/de\/wp-json\/wp\/v2\/product_brand?post=94064"},{"taxonomy":"product_cat","embeddable":true,"href":"https:\/\/www.industrialwood.nl\/de\/wp-json\/wp\/v2\/product_cat?post=94064"},{"taxonomy":"product_tag","embeddable":true,"href":"https:\/\/www.industrialwood.nl\/de\/wp-json\/wp\/v2\/product_tag?post=94064"},{"taxonomy":"seizoen","embeddable":true,"href":"https:\/\/www.industrialwood.nl\/de\/wp-json\/wp\/v2\/seizoen?post=94064"},{"taxonomy":"bloemensoort","embeddable":true,"href":"https:\/\/www.industrialwood.nl\/de\/wp-json\/wp\/v2\/bloemensoort?post=94064"},{"taxonomy":"samenstelling","embeddable":true,"href":"https:\/\/www.industrialwood.nl\/de\/wp-json\/wp\/v2\/samenstelling?post=94064"},{"taxonomy":"shop-per-kamer","embeddable":true,"href":"https:\/\/www.industrialwood.nl\/de\/wp-json\/wp\/v2\/shop-per-kamer?post=94064"},{"taxonomy":"indooroutdoor","embeddable":true,"href":"https:\/\/www.industrialwood.nl\/de\/wp-json\/wp\/v2\/indooroutdoor?post=94064"},{"taxonomy":"vorm","embeddable":true,"href":"https:\/\/www.industrialwood.nl\/de\/wp-json\/wp\/v2\/vorm?post=94064"},{"taxonomy":"duurzaam","embeddable":true,"href":"https:\/\/www.industrialwood.nl\/de\/wp-json\/wp\/v2\/duurzaam?post=94064"},{"taxonomy":"productafmetingen","embeddable":true,"href":"https:\/\/www.industrialwood.nl\/de\/wp-json\/wp\/v2\/productafmetingen?post=94064"},{"taxonomy":"stijl","embeddable":true,"href":"https:\/\/www.industrialwood.nl\/de\/wp-json\/wp\/v2\/stijl?post=94064"},{"taxonomy":"merk","embeddable":true,"href":"https:\/\/www.industrialwood.nl\/de\/wp-json\/wp\/v2\/merk?post=94064"},{"taxonomy":"materiaal","embeddable":true,"href":"https:\/\/www.industrialwood.nl\/de\/wp-json\/wp\/v2\/materiaal?post=94064"},{"taxonomy":"materiaal-schaaltje","embeddable":true,"href":"https:\/\/www.industrialwood.nl\/de\/wp-json\/wp\/v2\/materiaal-schaaltje?post=94064"},{"taxonomy":"geur","embeddable":true,"href":"https:\/\/www.industrialwood.nl\/de\/wp-json\/wp\/v2\/geur?post=94064"},{"taxonomy":"product-type","embeddable":true,"href":"https:\/\/www.industrialwood.nl\/de\/wp-json\/wp\/v2\/product-type?post=94064"},{"taxonomy":"beoordeling","embeddable":true,"href":"https:\/\/www.industrialwood.nl\/de\/wp-json\/wp\/v2\/beoordeling?post=94064"},{"taxonomy":"uitsparingen","embeddable":true,"href":"https:\/\/www.industrialwood.nl\/de\/wp-json\/wp\/v2\/uitsparingen?post=94064"},{"taxonomy":"houtsoort","embeddable":true,"href":"https:\/\/www.industrialwood.nl\/de\/wp-json\/wp\/v2\/houtsoort?post=94064"},{"taxonomy":"breedte","embeddable":true,"href":"https:\/\/www.industrialwood.nl\/de\/wp-json\/wp\/v2\/breedte?post=94064"},{"taxonomy":"badplanken-lengte","embeddable":true,"href":"https:\/\/www.industrialwood.nl\/de\/wp-json\/wp\/v2\/badplanken-lengte?post=94064"},{"taxonomy":"kleur","embeddable":true,"href":"https:\/\/www.industrialwood.nl\/de\/wp-json\/wp\/v2\/kleur?post=94064"}],"curies":[{"name":"wp","href":"https:\/\/api.w.org\/{rel}","templated":true}]}}