{"id":93260,"date":"2025-11-16T10:05:42","date_gmt":"2025-11-16T09:05:42","guid":{"rendered":"https:\/\/www.industrialwood.nl\/?post_type=product&#038;p=93260"},"modified":"2026-04-02T23:23:29","modified_gmt":"2026-04-02T21:23:29","slug":"seidenzweig-blute-cappuccino-kopie","status":"publish","type":"product","link":"https:\/\/www.industrialwood.nl\/de\/seidenzweig-blute-cappuccino-kopie\/","title":{"rendered":"Seidenzweig | Bl\u00fcte | Cappuccino | XL"},"content":{"rendered":"","protected":false},"excerpt":{"rendered":"<p data-start=\"156\" data-end=\"231\"><strong data-start=\"156\" data-end=\"231\">Neu in der Kollektion: der XL-Seidenbl\u00fctenzweig im warmen Cappuccino-Ton \ud83e\udd0e.<\/strong><\/p>\n<p data-start=\"233\" data-end=\"645\">Suchen Sie einen echten Blickfang? Dieser <strong data-start=\"273\" data-end=\"317\">extralange 126 cm lange Seidenbl\u00fctenzweig<\/strong> in einer sch\u00f6nen Cappuccino-Farbe bringt sofort W\u00e4rme und Eleganz in Ihr Zuhause. Dank seiner XL-Gr\u00f6\u00dfe eignet sich dieser k\u00fcnstliche Zweig perfekt f\u00fcr <strong data-start=\"444\" data-end=\"459\">lange Vasen<\/strong>, aber er sieht auch in einer k\u00fcrzeren Vase toll aus. Da der Zweig <strong data-start=\"549\" data-end=\"587\">biegbar<\/strong> ist <strong data-start=\"549\" data-end=\"587\">und sich leicht k\u00fcrzen l\u00e4sst<\/strong>, k\u00f6nnen Sie ihn an Ihr Styling anpassen \ud83c\udf38\u2728 &#8230;   <\/p>\n<p data-start=\"647\" data-end=\"1035\">Der weiche, warme Cappuccino-Ton verleiht Ihrer Einrichtung einen ruhigen und luxuri\u00f6sen Look und passt m\u00fchelos zu einer Vielzahl von Wohnstilen: von <strong data-start=\"784\" data-end=\"837\">modern und Japandi bis zu l\u00e4ndlich und minimalistisch<\/strong>. Stellen Sie einen XL-Zweig einzeln auf oder kombinieren Sie mehrere Zweige f\u00fcr einen vollen, \u00fcppigen Look. Sie k\u00f6nnen ihn auch wunderbar mit anderen Farben aus unserer Kollektion kombinieren, um einen spielerischen Effekt zu erzielen. Wie Sie es von unseren Seidenblumen gewohnt sind, bleibt auch dieser Bl\u00fctenzweig <strong data-start=\"1110\" data-end=\"1125\">ewig sch\u00f6n<\/strong> &#8211; kein Wasser, kein Fallout, keine Pflege. Genie\u00dfen Sie ihn einfach \u00fcber Jahre hinweg \ud83c\udf3f.    <\/p>\n<p data-start=\"1199\" data-end=\"1256\"><strong data-start=\"1199\" data-end=\"1256\">Warum Sie diesen XL Cappuccino-Bl\u00fctenzweig haben m\u00f6chten:<\/strong><\/p>\n<ul>\n<li data-start=\"1260\" data-end=\"1330\">Extra lange XL-Variante &#8211; <strong data-start=\"1285\" data-end=\"1295\">126 cm<\/strong>, ideal f\u00fcr hohe und gro\u00dfe Vasen<\/li>\n<li data-start=\"1260\" data-end=\"1330\">Warme Cappuccino-Farbe &#8211; stilvoll, zeitlos und absolut modern<\/li>\n<li data-start=\"1260\" data-end=\"1330\">Biegbarer &amp; k\u00fcrzbarer Stiel &#8211; passt sowohl f\u00fcr lange als auch f\u00fcr kurze Vasen<\/li>\n<li data-start=\"1260\" data-end=\"1330\">Dauerhaft sch\u00f6n &#8211; keine Pflege erforderlich<\/li>\n<li data-start=\"1260\" data-end=\"1330\">Perfekt als Statement-Zweig oder in einem ganzen B\u00fcndel<\/li>\n<\/ul>\n<p data-start=\"1560\" data-end=\"1699\" data-is-last-node=\"\" data-is-only-node=\"\">Vervollst\u00e4ndigen Sie Ihr Interieur mit diesem <strong data-start=\"1596\" data-end=\"1640\">XL-Seidenbl\u00fctenzweig in der Farbe Cappuccino<\/strong>, einem stilvollen Blickfang, der jede Saison sch\u00f6n bleibt!<\/p>\n","protected":false},"featured_media":93292,"comment_status":"open","ping_status":"closed","template":"","meta":[],"product_brand":[],"product_cat":[399,400,419,418,403,402,425,424,421,420,395,428,423,422,396],"product_tag":[],"seizoen":[543,545,544,546],"bloemensoort":[],"samenstelling":[677],"shop-per-kamer":[551,552,550,553,549],"indooroutdoor":[555],"vorm":[],"duurzaam":[565],"productafmetingen":[],"stijl":[574,571,575,573,572],"merk":[],"materiaal":[],"materiaal-schaaltje":[],"geur":[],"product-type":[],"beoordeling":[640,641,642],"uitsparingen":[],"houtsoort":[],"breedte":[],"badplanken-lengte":[],"kleur":[657],"class_list":{"0":"post-93260","1":"product","2":"type-product","3":"status-publish","4":"has-post-thumbnail","6":"product_cat-boheme-schlafzimmer","7":"product_cat-boheme-wohnzimmer","8":"product_cat-hotel-chic-schlafzimmer","9":"product_cat-hotel-chic-wohnzimmer","10":"product_cat-japandi-schlafzimmer","11":"product_cat-japandi-wohnzimmer","12":"product_cat-land-schlafzimmer","13":"product_cat-landwohnzimmer","14":"product_cat-modernes-schlafzimmer","15":"product_cat-modernes-wohnzimmer","16":"product_cat-naturliche-tone","17":"product_cat-seidenblumen","18":"product_cat-skandinavisches-schlafzimmer","19":"product_cat-skandinavisches-wohnzimmer","20":"product_cat-wohnzimmer","21":"seizoen-lente-de","22":"seizoen-herfst-de","23":"seizoen-zomer-de","24":"seizoen-winter-de","25":"samenstelling-lose-blumen","26":"shop-per-kamer-badkamer-de","27":"shop-per-kamer-hal-de","28":"shop-per-kamer-keuken-de","29":"shop-per-kamer-slaapkamer-de","30":"shop-per-kamer-woonkamer-de","31":"indooroutdoor-indoor-de","32":"duurzaam-ja-de","33":"stijl-bohemian-de","34":"stijl-hotel-chique-de","35":"stijl-japandi-de","36":"stijl-modern-de","37":"stijl-scandinavisch-de","38":"beoordeling-three-star-de","39":"beoordeling-four-star-de","40":"beoordeling-five-star-de","41":"kleur-beige-de","43":"first","44":"instock","45":"taxable","46":"shipping-taxable","47":"purchasable","48":"product-type-simple"},"supplier_id":null,"supplier_sku":"","barcode":null,"atum_controlled":true,"out_stock_date":null,"out_stock_threshold":null,"inheritable":false,"inbound_stock":0,"stock_on_hold":0,"sold_today":0,"sales_last_days":4,"reserved_stock":0,"customer_returns":0,"warehouse_damage":0,"lost_in_post":0,"other_logs":0,"out_stock_days":0,"lost_sales":0,"has_location":false,"update_date":"2026-04-14T19:52:46","atum_locations":[],"atum_stock_status":"instock","restock_status":false,"low_stock_amount":"","sales_update_date":"2026-04-14T19:52:46","calc_backorders":null,"_links":{"self":[{"href":"https:\/\/www.industrialwood.nl\/de\/wp-json\/wp\/v2\/product\/93260","targetHints":{"allow":["GET"]}}],"collection":[{"href":"https:\/\/www.industrialwood.nl\/de\/wp-json\/wp\/v2\/product"}],"about":[{"href":"https:\/\/www.industrialwood.nl\/de\/wp-json\/wp\/v2\/types\/product"}],"replies":[{"embeddable":true,"href":"https:\/\/www.industrialwood.nl\/de\/wp-json\/wp\/v2\/comments?post=93260"}],"wp:featuredmedia":[{"embeddable":true,"href":"https:\/\/www.industrialwood.nl\/de\/wp-json\/wp\/v2\/media\/93292"}],"wp:attachment":[{"href":"https:\/\/www.industrialwood.nl\/de\/wp-json\/wp\/v2\/media?parent=93260"}],"wp:term":[{"taxonomy":"product_brand","embeddable":true,"href":"https:\/\/www.industrialwood.nl\/de\/wp-json\/wp\/v2\/product_brand?post=93260"},{"taxonomy":"product_cat","embeddable":true,"href":"https:\/\/www.industrialwood.nl\/de\/wp-json\/wp\/v2\/product_cat?post=93260"},{"taxonomy":"product_tag","embeddable":true,"href":"https:\/\/www.industrialwood.nl\/de\/wp-json\/wp\/v2\/product_tag?post=93260"},{"taxonomy":"seizoen","embeddable":true,"href":"https:\/\/www.industrialwood.nl\/de\/wp-json\/wp\/v2\/seizoen?post=93260"},{"taxonomy":"bloemensoort","embeddable":true,"href":"https:\/\/www.industrialwood.nl\/de\/wp-json\/wp\/v2\/bloemensoort?post=93260"},{"taxonomy":"samenstelling","embeddable":true,"href":"https:\/\/www.industrialwood.nl\/de\/wp-json\/wp\/v2\/samenstelling?post=93260"},{"taxonomy":"shop-per-kamer","embeddable":true,"href":"https:\/\/www.industrialwood.nl\/de\/wp-json\/wp\/v2\/shop-per-kamer?post=93260"},{"taxonomy":"indooroutdoor","embeddable":true,"href":"https:\/\/www.industrialwood.nl\/de\/wp-json\/wp\/v2\/indooroutdoor?post=93260"},{"taxonomy":"vorm","embeddable":true,"href":"https:\/\/www.industrialwood.nl\/de\/wp-json\/wp\/v2\/vorm?post=93260"},{"taxonomy":"duurzaam","embeddable":true,"href":"https:\/\/www.industrialwood.nl\/de\/wp-json\/wp\/v2\/duurzaam?post=93260"},{"taxonomy":"productafmetingen","embeddable":true,"href":"https:\/\/www.industrialwood.nl\/de\/wp-json\/wp\/v2\/productafmetingen?post=93260"},{"taxonomy":"stijl","embeddable":true,"href":"https:\/\/www.industrialwood.nl\/de\/wp-json\/wp\/v2\/stijl?post=93260"},{"taxonomy":"merk","embeddable":true,"href":"https:\/\/www.industrialwood.nl\/de\/wp-json\/wp\/v2\/merk?post=93260"},{"taxonomy":"materiaal","embeddable":true,"href":"https:\/\/www.industrialwood.nl\/de\/wp-json\/wp\/v2\/materiaal?post=93260"},{"taxonomy":"materiaal-schaaltje","embeddable":true,"href":"https:\/\/www.industrialwood.nl\/de\/wp-json\/wp\/v2\/materiaal-schaaltje?post=93260"},{"taxonomy":"geur","embeddable":true,"href":"https:\/\/www.industrialwood.nl\/de\/wp-json\/wp\/v2\/geur?post=93260"},{"taxonomy":"product-type","embeddable":true,"href":"https:\/\/www.industrialwood.nl\/de\/wp-json\/wp\/v2\/product-type?post=93260"},{"taxonomy":"beoordeling","embeddable":true,"href":"https:\/\/www.industrialwood.nl\/de\/wp-json\/wp\/v2\/beoordeling?post=93260"},{"taxonomy":"uitsparingen","embeddable":true,"href":"https:\/\/www.industrialwood.nl\/de\/wp-json\/wp\/v2\/uitsparingen?post=93260"},{"taxonomy":"houtsoort","embeddable":true,"href":"https:\/\/www.industrialwood.nl\/de\/wp-json\/wp\/v2\/houtsoort?post=93260"},{"taxonomy":"breedte","embeddable":true,"href":"https:\/\/www.industrialwood.nl\/de\/wp-json\/wp\/v2\/breedte?post=93260"},{"taxonomy":"badplanken-lengte","embeddable":true,"href":"https:\/\/www.industrialwood.nl\/de\/wp-json\/wp\/v2\/badplanken-lengte?post=93260"},{"taxonomy":"kleur","embeddable":true,"href":"https:\/\/www.industrialwood.nl\/de\/wp-json\/wp\/v2\/kleur?post=93260"}],"curies":[{"name":"wp","href":"https:\/\/api.w.org\/{rel}","templated":true}]}}