{"id":92726,"date":"2026-01-10T15:08:14","date_gmt":"2026-01-10T14:08:14","guid":{"rendered":"https:\/\/www.industrialwood.nl\/?post_type=product&#038;p=92726"},"modified":"2026-03-29T11:24:40","modified_gmt":"2026-03-29T09:24:40","slug":"anhanger-blume-japandi-beige-papua-muscheln-kopie-2","status":"publish","type":"product","link":"https:\/\/www.industrialwood.nl\/de\/anhanger-blume-japandi-beige-papua-muscheln-kopie-2\/","title":{"rendered":"Box l Perlen | Wei\u00df"},"content":{"rendered":"","protected":false},"excerpt":{"rendered":"<p data-start=\"78\" data-end=\"129\"><strong data-start=\"78\" data-end=\"129\">\ud83e\udd0d Handgefertigte Perlenbox aus Bali<br \/>\n<\/strong>Bringen Sie einen Hauch von Boho-Chic in Ihre Einrichtung mit dieser sch\u00f6nen <b>Perlenbox.<\/b> Diese in Bali mit gr\u00f6\u00dfter Sorgfalt und Liebe zum Detail handgefertigte Box ist nicht nur eine praktische Aufbewahrungsl\u00f6sung, sondern auch eine sch\u00f6ne Dekoration f\u00fcr jeden Raum.<\/p>\n<p data-start=\"78\" data-end=\"129\">Die Schachtel besteht aus sch\u00f6nen wei\u00dfen Perlen, die in einer verspielten Kreisform verwoben sind, wodurch ein einzigartiges und strukturiertes Design entsteht. Das weiche, nat\u00fcrliche Material und das dezente Finish verleihen ihr einen friedlichen Look, der perfekt zu fast jedem Interieur passt, von japandisch bis modern. Ob Sie sie zur Aufbewahrung Ihrer kleinen Sch\u00e4tze, Ihres Schmucks oder einfach als Blickfang auf Ihrem Couchtisch oder Tisch verwenden, diese Box wird Ihre Einrichtung versch\u00f6nern \u2728.  <\/p>\n<p data-start=\"882\" data-end=\"896\"><strong data-start=\"882\" data-end=\"896\">Warum Sie diese Perlenbox wollen:<\/strong><\/p>\n<ul>\n<li data-start=\"899\" data-end=\"923\"><strong data-start=\"899\" data-end=\"914\">Handgefertigt<\/strong> aus Bali<\/li>\n<li data-start=\"899\" data-end=\"923\">Hergestellt aus <strong data-start=\"938\" data-end=\"957\">wei\u00dfen Perlen<\/strong> f\u00fcr einen frischen, zeitlosen Look<\/li>\n<li data-start=\"899\" data-end=\"923\"><strong data-start=\"998\" data-end=\"1008\">Deckel<\/strong> mit h\u00fcbscher Oberfl\u00e4che und Quaste f\u00fcr zus\u00e4tzlichen Charme \ud83e\udd0e.<\/li>\n<li data-start=\"899\" data-end=\"923\">Perfekt zur <strong data-start=\"1077\" data-end=\"1100\">Aufbewahrung und Dekoration<\/strong> im Wohnzimmer, Schlafzimmer oder sogar im Badezimmer<\/li>\n<li data-start=\"899\" data-end=\"923\">Auch in <a href=\"https:\/\/www.industrialwood.nl\/doosje-l-kraaltjes-beige\/\">Beige<\/a> erh\u00e4ltlich<\/li>\n<\/ul>\n<p>&nbsp;<\/p>\n<p data-start=\"1289\" data-end=\"1391\"><strong>Ma\u00dfe<\/strong>: 10 x 10 x 9 cm<br \/>\n<strong>Material<\/strong>: Bambus | Perlen<br \/>\n<strong>Farbe<\/strong>: Wei\u00df<\/p>\n","protected":false},"featured_media":92740,"comment_status":"open","ping_status":"closed","template":"","meta":[],"product_brand":[],"product_cat":[393,412,399,400,401,404,403,402,502,425,540,424,395,391,483,507,482,423,422,396],"product_tag":[],"seizoen":[543,545,544,546],"bloemensoort":[],"samenstelling":[],"shop-per-kamer":[551,552,550,553,549],"indooroutdoor":[555],"vorm":[557],"duurzaam":[565],"productafmetingen":[569,568,567],"stijl":[574,575,572],"merk":[576],"materiaal":[619,616],"materiaal-schaaltje":[],"geur":[],"product-type":[],"beoordeling":[640,641,642],"uitsparingen":[],"houtsoort":[],"breedte":[],"badplanken-lengte":[],"kleur":[657,659],"class_list":{"0":"post-92726","1":"product","2":"type-product","3":"status-publish","4":"has-post-thumbnail","6":"product_cat-badezimmer","7":"product_cat-boheme-kuche","8":"product_cat-boheme-schlafzimmer","9":"product_cat-boheme-wohnzimmer","10":"product_cat-bohmisches-badezimmer","11":"product_cat-japandi-badezimmer","12":"product_cat-japandi-schlafzimmer","13":"product_cat-japandi-wohnzimmer","14":"product_cat-japandische-kuche","15":"product_cat-land-schlafzimmer","16":"product_cat-landhauskuche","17":"product_cat-landwohnzimmer","18":"product_cat-naturliche-tone","19":"product_cat-ornamente","20":"product_cat-rustikales-badezimmer","21":"product_cat-skandinavische-kuche","22":"product_cat-skandinavisches-badezimmer","23":"product_cat-skandinavisches-schlafzimmer","24":"product_cat-skandinavisches-wohnzimmer","25":"product_cat-wohnzimmer","26":"seizoen-lente-de","27":"seizoen-herfst-de","28":"seizoen-zomer-de","29":"seizoen-winter-de","30":"shop-per-kamer-badkamer-de","31":"shop-per-kamer-hal-de","32":"shop-per-kamer-keuken-de","33":"shop-per-kamer-slaapkamer-de","34":"shop-per-kamer-woonkamer-de","35":"indooroutdoor-indoor-de","36":"vorm-rond-de","37":"duurzaam-ja-de","38":"productafmetingen-l-de","39":"productafmetingen-m-de","40":"productafmetingen-s-de","41":"stijl-bohemian-de","42":"stijl-japandi-de","43":"stijl-scandinavisch-de","44":"merk-industrialwood-de","45":"materiaal-schelp-de","46":"materiaal-stof-de","47":"beoordeling-three-star-de","48":"beoordeling-four-star-de","49":"beoordeling-five-star-de","50":"kleur-beige-de","51":"kleur-wit-de","53":"first","54":"instock","55":"taxable","56":"shipping-taxable","57":"purchasable","58":"product-type-simple"},"supplier_id":null,"supplier_sku":"","barcode":null,"atum_controlled":true,"out_stock_date":null,"out_stock_threshold":null,"inheritable":false,"inbound_stock":0,"stock_on_hold":1,"sold_today":0,"sales_last_days":2,"reserved_stock":0,"customer_returns":0,"warehouse_damage":0,"lost_in_post":0,"other_logs":0,"out_stock_days":0,"lost_sales":0,"has_location":false,"update_date":"2026-04-14T19:52:45","atum_locations":[],"atum_stock_status":"instock","restock_status":false,"low_stock_amount":"","sales_update_date":"2026-04-14T19:52:45","calc_backorders":null,"_links":{"self":[{"href":"https:\/\/www.industrialwood.nl\/de\/wp-json\/wp\/v2\/product\/92726","targetHints":{"allow":["GET"]}}],"collection":[{"href":"https:\/\/www.industrialwood.nl\/de\/wp-json\/wp\/v2\/product"}],"about":[{"href":"https:\/\/www.industrialwood.nl\/de\/wp-json\/wp\/v2\/types\/product"}],"replies":[{"embeddable":true,"href":"https:\/\/www.industrialwood.nl\/de\/wp-json\/wp\/v2\/comments?post=92726"}],"wp:featuredmedia":[{"embeddable":true,"href":"https:\/\/www.industrialwood.nl\/de\/wp-json\/wp\/v2\/media\/92740"}],"wp:attachment":[{"href":"https:\/\/www.industrialwood.nl\/de\/wp-json\/wp\/v2\/media?parent=92726"}],"wp:term":[{"taxonomy":"product_brand","embeddable":true,"href":"https:\/\/www.industrialwood.nl\/de\/wp-json\/wp\/v2\/product_brand?post=92726"},{"taxonomy":"product_cat","embeddable":true,"href":"https:\/\/www.industrialwood.nl\/de\/wp-json\/wp\/v2\/product_cat?post=92726"},{"taxonomy":"product_tag","embeddable":true,"href":"https:\/\/www.industrialwood.nl\/de\/wp-json\/wp\/v2\/product_tag?post=92726"},{"taxonomy":"seizoen","embeddable":true,"href":"https:\/\/www.industrialwood.nl\/de\/wp-json\/wp\/v2\/seizoen?post=92726"},{"taxonomy":"bloemensoort","embeddable":true,"href":"https:\/\/www.industrialwood.nl\/de\/wp-json\/wp\/v2\/bloemensoort?post=92726"},{"taxonomy":"samenstelling","embeddable":true,"href":"https:\/\/www.industrialwood.nl\/de\/wp-json\/wp\/v2\/samenstelling?post=92726"},{"taxonomy":"shop-per-kamer","embeddable":true,"href":"https:\/\/www.industrialwood.nl\/de\/wp-json\/wp\/v2\/shop-per-kamer?post=92726"},{"taxonomy":"indooroutdoor","embeddable":true,"href":"https:\/\/www.industrialwood.nl\/de\/wp-json\/wp\/v2\/indooroutdoor?post=92726"},{"taxonomy":"vorm","embeddable":true,"href":"https:\/\/www.industrialwood.nl\/de\/wp-json\/wp\/v2\/vorm?post=92726"},{"taxonomy":"duurzaam","embeddable":true,"href":"https:\/\/www.industrialwood.nl\/de\/wp-json\/wp\/v2\/duurzaam?post=92726"},{"taxonomy":"productafmetingen","embeddable":true,"href":"https:\/\/www.industrialwood.nl\/de\/wp-json\/wp\/v2\/productafmetingen?post=92726"},{"taxonomy":"stijl","embeddable":true,"href":"https:\/\/www.industrialwood.nl\/de\/wp-json\/wp\/v2\/stijl?post=92726"},{"taxonomy":"merk","embeddable":true,"href":"https:\/\/www.industrialwood.nl\/de\/wp-json\/wp\/v2\/merk?post=92726"},{"taxonomy":"materiaal","embeddable":true,"href":"https:\/\/www.industrialwood.nl\/de\/wp-json\/wp\/v2\/materiaal?post=92726"},{"taxonomy":"materiaal-schaaltje","embeddable":true,"href":"https:\/\/www.industrialwood.nl\/de\/wp-json\/wp\/v2\/materiaal-schaaltje?post=92726"},{"taxonomy":"geur","embeddable":true,"href":"https:\/\/www.industrialwood.nl\/de\/wp-json\/wp\/v2\/geur?post=92726"},{"taxonomy":"product-type","embeddable":true,"href":"https:\/\/www.industrialwood.nl\/de\/wp-json\/wp\/v2\/product-type?post=92726"},{"taxonomy":"beoordeling","embeddable":true,"href":"https:\/\/www.industrialwood.nl\/de\/wp-json\/wp\/v2\/beoordeling?post=92726"},{"taxonomy":"uitsparingen","embeddable":true,"href":"https:\/\/www.industrialwood.nl\/de\/wp-json\/wp\/v2\/uitsparingen?post=92726"},{"taxonomy":"houtsoort","embeddable":true,"href":"https:\/\/www.industrialwood.nl\/de\/wp-json\/wp\/v2\/houtsoort?post=92726"},{"taxonomy":"breedte","embeddable":true,"href":"https:\/\/www.industrialwood.nl\/de\/wp-json\/wp\/v2\/breedte?post=92726"},{"taxonomy":"badplanken-lengte","embeddable":true,"href":"https:\/\/www.industrialwood.nl\/de\/wp-json\/wp\/v2\/badplanken-lengte?post=92726"},{"taxonomy":"kleur","embeddable":true,"href":"https:\/\/www.industrialwood.nl\/de\/wp-json\/wp\/v2\/kleur?post=92726"}],"curies":[{"name":"wp","href":"https:\/\/api.w.org\/{rel}","templated":true}]}}