{"id":92356,"date":"2026-01-09T10:08:40","date_gmt":"2026-01-09T09:08:40","guid":{"rendered":"https:\/\/www.industrialwood.nl\/?post_type=product&#038;p=92356"},"modified":"2026-01-09T00:31:02","modified_gmt":"2026-01-08T23:31:02","slug":"waldtulpen-aus-seide-seide-7-blumen-lavendel-kopie-kopie-kopie","status":"publish","type":"product","link":"https:\/\/www.industrialwood.nl\/de\/waldtulpen-aus-seide-seide-7-blumen-lavendel-kopie-kopie-kopie\/","title":{"rendered":"Strau\u00df Tulpen von Real Touch | 6 Blumen | Orange | Sunset Blaze"},"content":{"rendered":"","protected":false},"excerpt":{"rendered":"<p data-start=\"157\" data-end=\"213\">\ud83c\udf05 <strong>Sunset Blaze orangefarbene Tulpen &#8211; warme Farben f\u00fcr ein stimmungsvolles Zuhause<br \/>\n<\/strong>Holen Sie sich mit diesen sch\u00f6nen<strong data-start=\"277\" data-end=\"300\"> orangefarbenen Tulpen<\/strong> die warmen Farben des Sonnenuntergangs in Ihr Zuhause. Die leuchtenden Orange- und Gelbt\u00f6ne verleihen Ihrer Einrichtung sofort ein frisches, energiegeladenes Gef\u00fchl. Diese Tulpen passen perfekt zu jeder Art von Interieur und schaffen immer eine fr\u00f6hliche Atmosph\u00e4re! \ud83e\udde1<\/p>\n<p data-start=\"583\" data-end=\"980\">Diese <strong data-start=\"588\" data-end=\"604\">Kunsttulpen<\/strong> werden mit Sorgfalt und Liebe zum Detail aus <strong data-start=\"650\" data-end=\"684\">hochwertigem Silikonmaterial<\/strong> hergestellt, so dass sie nicht nur sch\u00f6n aussehen, sondern auch die richtige Textur und ein lebensechtes Aussehen haben. Die Bl\u00fctenbl\u00e4tter weisen subtile <strong data-start=\"838\" data-end=\"864\">nat\u00fcrliche Zeichnungen<\/strong> auf, die die Tulpen noch realistischer machen. Sie sind genau so sch\u00f6n wie echte Blumen, aber ohne das l\u00e4stige Verwelken!  <\/p>\n<h3 data-start=\"982\" data-end=\"1039\">Warum <strong data-start=\"996\" data-end=\"1012\">Sunset Blaze<\/strong> Tulpen ein Muss sind:<\/h3>\n<ul>\n<li data-start=\"1040\" data-end=\"1514\"><strong data-start=\"1042\" data-end=\"1075\">Warme Orange- und Gelbt\u00f6ne<\/strong> &#8211; genau wie der Sonnenuntergang \ud83c\udf05.<\/li>\n<li data-start=\"1040\" data-end=\"1514\"><strong data-start=\"1110\" data-end=\"1136\">Real Touch<\/strong> &#8211; F\u00fchlt sich an wie das echte Ding<\/li>\n<li data-start=\"1040\" data-end=\"1514\"><strong data-start=\"1295\" data-end=\"1315\">6 Tulpen pro Strau\u00df<\/strong>: 3 offene und 3 geschlossene Bl\u00fcten &#8211; genau wie ein echter Strau\u00df<\/li>\n<li data-start=\"1040\" data-end=\"1514\">Perfekt f\u00fcr eine <strong data-start=\"1400\" data-end=\"1409\">46 cm<\/strong> Vase<\/li>\n<li data-start=\"1040\" data-end=\"1514\">In verschiedenen Farben erh\u00e4ltlich<\/li>\n<\/ul>\n<p data-start=\"1516\" data-end=\"1813\">Ganz gleich, ob Sie Sunset Blaze-Tulpen als Kunsttulpenstrau\u00df oder lose in eine Vase stellen, sie sorgen immer f\u00fcr einen warmen Look. Sie bringen nicht nur Farbe in Ihr Zuhause, sondern auch ein wenig Sonnenschein, das ganze Jahr \u00fcber! \ud83c\udf1e<\/p>\n<p data-start=\"1815\" data-end=\"1833\"><strong>Styling-Tipp<\/strong>: Kombinieren Sie die Tulpen mit der passenden <a href=\"https:\/\/www.industrialwood.nl\/cilinder-transparant-l\/\">Zylindervase<\/a>, der perfekten Vasengr\u00f6\u00dfe f\u00fcr diese Tulpen!<\/p>\n","protected":false},"featured_media":92359,"comment_status":"open","ping_status":"closed","template":"","meta":[],"product_brand":[],"product_cat":[400,686,418,402,424,420,428,422,396],"product_tag":[],"seizoen":[543,544],"bloemensoort":[],"samenstelling":[675],"shop-per-kamer":[552,549],"indooroutdoor":[555],"vorm":[],"duurzaam":[565],"productafmetingen":[],"stijl":[574,571,575,573,572],"merk":[576],"materiaal":[],"materiaal-schaaltje":[],"geur":[],"product-type":[],"beoordeling":[640,641,642],"uitsparingen":[],"houtsoort":[],"breedte":[],"badplanken-lengte":[],"kleur":[672,667],"class_list":{"0":"post-92356","1":"product","2":"type-product","3":"status-publish","4":"has-post-thumbnail","6":"product_cat-boheme-wohnzimmer","7":"product_cat-geschenk","8":"product_cat-hotel-chic-wohnzimmer","9":"product_cat-japandi-wohnzimmer","10":"product_cat-landwohnzimmer","11":"product_cat-modernes-wohnzimmer","12":"product_cat-seidenblumen","13":"product_cat-skandinavisches-wohnzimmer","14":"product_cat-wohnzimmer","15":"seizoen-lente-de","16":"seizoen-zomer-de","17":"samenstelling-blumenstraus","18":"shop-per-kamer-hal-de","19":"shop-per-kamer-woonkamer-de","20":"indooroutdoor-indoor-de","21":"duurzaam-ja-de","22":"stijl-bohemian-de","23":"stijl-hotel-chique-de","24":"stijl-japandi-de","25":"stijl-modern-de","26":"stijl-scandinavisch-de","27":"merk-industrialwood-de","28":"beoordeling-three-star-de","29":"beoordeling-four-star-de","30":"beoordeling-five-star-de","31":"kleur-geel-de","32":"kleur-oranje-de","34":"first","35":"instock","36":"taxable","37":"shipping-taxable","38":"purchasable","39":"product-type-simple"},"supplier_id":null,"supplier_sku":"","barcode":null,"atum_controlled":true,"out_stock_date":null,"out_stock_threshold":null,"inheritable":false,"inbound_stock":0,"stock_on_hold":0,"sold_today":0,"sales_last_days":2,"reserved_stock":0,"customer_returns":0,"warehouse_damage":0,"lost_in_post":0,"other_logs":0,"out_stock_days":0,"lost_sales":0,"has_location":false,"update_date":"2026-04-18T15:34:33","atum_locations":[],"atum_stock_status":"instock","restock_status":false,"low_stock_amount":"","sales_update_date":"2026-04-18T15:34:33","calc_backorders":null,"_links":{"self":[{"href":"https:\/\/www.industrialwood.nl\/de\/wp-json\/wp\/v2\/product\/92356","targetHints":{"allow":["GET"]}}],"collection":[{"href":"https:\/\/www.industrialwood.nl\/de\/wp-json\/wp\/v2\/product"}],"about":[{"href":"https:\/\/www.industrialwood.nl\/de\/wp-json\/wp\/v2\/types\/product"}],"replies":[{"embeddable":true,"href":"https:\/\/www.industrialwood.nl\/de\/wp-json\/wp\/v2\/comments?post=92356"}],"wp:featuredmedia":[{"embeddable":true,"href":"https:\/\/www.industrialwood.nl\/de\/wp-json\/wp\/v2\/media\/92359"}],"wp:attachment":[{"href":"https:\/\/www.industrialwood.nl\/de\/wp-json\/wp\/v2\/media?parent=92356"}],"wp:term":[{"taxonomy":"product_brand","embeddable":true,"href":"https:\/\/www.industrialwood.nl\/de\/wp-json\/wp\/v2\/product_brand?post=92356"},{"taxonomy":"product_cat","embeddable":true,"href":"https:\/\/www.industrialwood.nl\/de\/wp-json\/wp\/v2\/product_cat?post=92356"},{"taxonomy":"product_tag","embeddable":true,"href":"https:\/\/www.industrialwood.nl\/de\/wp-json\/wp\/v2\/product_tag?post=92356"},{"taxonomy":"seizoen","embeddable":true,"href":"https:\/\/www.industrialwood.nl\/de\/wp-json\/wp\/v2\/seizoen?post=92356"},{"taxonomy":"bloemensoort","embeddable":true,"href":"https:\/\/www.industrialwood.nl\/de\/wp-json\/wp\/v2\/bloemensoort?post=92356"},{"taxonomy":"samenstelling","embeddable":true,"href":"https:\/\/www.industrialwood.nl\/de\/wp-json\/wp\/v2\/samenstelling?post=92356"},{"taxonomy":"shop-per-kamer","embeddable":true,"href":"https:\/\/www.industrialwood.nl\/de\/wp-json\/wp\/v2\/shop-per-kamer?post=92356"},{"taxonomy":"indooroutdoor","embeddable":true,"href":"https:\/\/www.industrialwood.nl\/de\/wp-json\/wp\/v2\/indooroutdoor?post=92356"},{"taxonomy":"vorm","embeddable":true,"href":"https:\/\/www.industrialwood.nl\/de\/wp-json\/wp\/v2\/vorm?post=92356"},{"taxonomy":"duurzaam","embeddable":true,"href":"https:\/\/www.industrialwood.nl\/de\/wp-json\/wp\/v2\/duurzaam?post=92356"},{"taxonomy":"productafmetingen","embeddable":true,"href":"https:\/\/www.industrialwood.nl\/de\/wp-json\/wp\/v2\/productafmetingen?post=92356"},{"taxonomy":"stijl","embeddable":true,"href":"https:\/\/www.industrialwood.nl\/de\/wp-json\/wp\/v2\/stijl?post=92356"},{"taxonomy":"merk","embeddable":true,"href":"https:\/\/www.industrialwood.nl\/de\/wp-json\/wp\/v2\/merk?post=92356"},{"taxonomy":"materiaal","embeddable":true,"href":"https:\/\/www.industrialwood.nl\/de\/wp-json\/wp\/v2\/materiaal?post=92356"},{"taxonomy":"materiaal-schaaltje","embeddable":true,"href":"https:\/\/www.industrialwood.nl\/de\/wp-json\/wp\/v2\/materiaal-schaaltje?post=92356"},{"taxonomy":"geur","embeddable":true,"href":"https:\/\/www.industrialwood.nl\/de\/wp-json\/wp\/v2\/geur?post=92356"},{"taxonomy":"product-type","embeddable":true,"href":"https:\/\/www.industrialwood.nl\/de\/wp-json\/wp\/v2\/product-type?post=92356"},{"taxonomy":"beoordeling","embeddable":true,"href":"https:\/\/www.industrialwood.nl\/de\/wp-json\/wp\/v2\/beoordeling?post=92356"},{"taxonomy":"uitsparingen","embeddable":true,"href":"https:\/\/www.industrialwood.nl\/de\/wp-json\/wp\/v2\/uitsparingen?post=92356"},{"taxonomy":"houtsoort","embeddable":true,"href":"https:\/\/www.industrialwood.nl\/de\/wp-json\/wp\/v2\/houtsoort?post=92356"},{"taxonomy":"breedte","embeddable":true,"href":"https:\/\/www.industrialwood.nl\/de\/wp-json\/wp\/v2\/breedte?post=92356"},{"taxonomy":"badplanken-lengte","embeddable":true,"href":"https:\/\/www.industrialwood.nl\/de\/wp-json\/wp\/v2\/badplanken-lengte?post=92356"},{"taxonomy":"kleur","embeddable":true,"href":"https:\/\/www.industrialwood.nl\/de\/wp-json\/wp\/v2\/kleur?post=92356"}],"curies":[{"name":"wp","href":"https:\/\/api.w.org\/{rel}","templated":true}]}}