{"id":85322,"date":"2025-10-24T20:56:59","date_gmt":"2025-10-24T18:56:59","guid":{"rendered":"https:\/\/www.industrialwood.nl\/?post_type=product&#038;p=85322"},"modified":"2026-02-16T12:30:49","modified_gmt":"2026-02-16T11:30:49","slug":"vase-lippe-beige-s-kopie-3","status":"publish","type":"product","link":"https:\/\/www.industrialwood.nl\/de\/vase-lippe-beige-s-kopie-3\/","title":{"rendered":"Vase | Atticus | Organisch | Beige"},"content":{"rendered":"","protected":false},"excerpt":{"rendered":"<p data-start=\"164\" data-end=\"465\">Suchen Sie nach einer eleganten Vase, die Ihrer Einrichtung das gewisse Etwas verleiht? Dann ist die <strong data-start=\"249\" data-end=\"274\">Vase Atticus in Beige<\/strong> genau das, was Sie brauchen! Diese Keramiksch\u00f6nheit hat eine organische Form mit subtilen Wellen und ein gl\u00e4nzendes, nat\u00fcrliches Finish. Perfekt f\u00fcr eine ruhige, stilvolle Atmosph\u00e4re in Ihrem Zuhause \ud83c\udf3f Ob Sie sie nun allein auf einem Sideboard erstrahlen lassen oder sie mit einem sch\u00f6nen Zweig oder Seidenblumen kombinieren: Atticus schafft Gleichgewicht und Ruhe in Ihrem Interieur. Dank ihrer neutralen Farbe passt diese Vase m\u00fchelos in jeden Wohnstil: von skandinavisch \u00fcber japanisch bis minimalistisch \ud83e\udd0e.    <\/p>\n<p data-start=\"732\" data-end=\"764\"><strong data-start=\"734\" data-end=\"762\">Warum Sie es wollen?<\/strong><\/p>\n<ul>\n<li data-start=\"767\" data-end=\"805\">Organisches Design mit gewellten Linien<\/li>\n<li data-start=\"767\" data-end=\"805\">Zeitloses Beige, passt immer!<\/li>\n<li data-start=\"767\" data-end=\"805\">Sch\u00f6n in Kombination mit dekorativen Zweigen<\/li>\n<\/ul>\n<p>&nbsp;<\/p>\n<p><strong>Ma\u00dfe<\/strong>: 16,5 x 16,5 x 41,5 cm<br \/>\n<strong>Material<\/strong>: T\u00f6pferei<br \/>\n<strong>Farbe<\/strong>: Beige<\/p>\n","protected":false},"featured_media":93429,"comment_status":"open","ping_status":"closed","template":"","meta":[],"product_brand":[],"product_cat":[400,504,418,402,424,420,395,422,387,396],"product_tag":[],"seizoen":[543,545,544,546],"bloemensoort":[],"samenstelling":[],"shop-per-kamer":[552,549],"indooroutdoor":[555],"vorm":[563,557],"duurzaam":[565],"productafmetingen":[569],"stijl":[574,571,575,573,572],"merk":[576],"materiaal":[611],"materiaal-schaaltje":[],"geur":[],"product-type":[],"beoordeling":[640,641,642],"uitsparingen":[],"houtsoort":[],"breedte":[],"badplanken-lengte":[],"kleur":[657],"class_list":{"0":"post-85322","1":"product","2":"type-product","3":"status-publish","4":"has-post-thumbnail","6":"product_cat-boheme-wohnzimmer","7":"product_cat-drausen","8":"product_cat-hotel-chic-wohnzimmer","9":"product_cat-japandi-wohnzimmer","10":"product_cat-landwohnzimmer","11":"product_cat-modernes-wohnzimmer","12":"product_cat-naturliche-tone","13":"product_cat-skandinavisches-wohnzimmer","14":"product_cat-vasen-topfe","15":"product_cat-wohnzimmer","16":"seizoen-lente-de","17":"seizoen-herfst-de","18":"seizoen-zomer-de","19":"seizoen-winter-de","20":"shop-per-kamer-hal-de","21":"shop-per-kamer-woonkamer-de","22":"indooroutdoor-indoor-de","23":"vorm-organisch-de","24":"vorm-rond-de","25":"duurzaam-ja-de","26":"productafmetingen-l-de","27":"stijl-bohemian-de","28":"stijl-hotel-chique-de","29":"stijl-japandi-de","30":"stijl-modern-de","31":"stijl-scandinavisch-de","32":"merk-industrialwood-de","33":"materiaal-keramiek-de","34":"beoordeling-three-star-de","35":"beoordeling-four-star-de","36":"beoordeling-five-star-de","37":"kleur-beige-de","39":"first","40":"instock","41":"taxable","42":"shipping-taxable","43":"purchasable","44":"product-type-simple"},"supplier_id":null,"supplier_sku":"","barcode":null,"atum_controlled":true,"out_stock_date":null,"out_stock_threshold":null,"inheritable":false,"inbound_stock":0,"stock_on_hold":0,"sold_today":0,"sales_last_days":0,"reserved_stock":0,"customer_returns":0,"warehouse_damage":0,"lost_in_post":0,"other_logs":0,"out_stock_days":0,"lost_sales":0,"has_location":false,"update_date":"2026-04-18T15:34:34","atum_locations":[],"atum_stock_status":"instock","restock_status":false,"low_stock_amount":"","sales_update_date":"2026-04-18T15:34:34","calc_backorders":null,"_links":{"self":[{"href":"https:\/\/www.industrialwood.nl\/de\/wp-json\/wp\/v2\/product\/85322","targetHints":{"allow":["GET"]}}],"collection":[{"href":"https:\/\/www.industrialwood.nl\/de\/wp-json\/wp\/v2\/product"}],"about":[{"href":"https:\/\/www.industrialwood.nl\/de\/wp-json\/wp\/v2\/types\/product"}],"replies":[{"embeddable":true,"href":"https:\/\/www.industrialwood.nl\/de\/wp-json\/wp\/v2\/comments?post=85322"}],"wp:featuredmedia":[{"embeddable":true,"href":"https:\/\/www.industrialwood.nl\/de\/wp-json\/wp\/v2\/media\/93429"}],"wp:attachment":[{"href":"https:\/\/www.industrialwood.nl\/de\/wp-json\/wp\/v2\/media?parent=85322"}],"wp:term":[{"taxonomy":"product_brand","embeddable":true,"href":"https:\/\/www.industrialwood.nl\/de\/wp-json\/wp\/v2\/product_brand?post=85322"},{"taxonomy":"product_cat","embeddable":true,"href":"https:\/\/www.industrialwood.nl\/de\/wp-json\/wp\/v2\/product_cat?post=85322"},{"taxonomy":"product_tag","embeddable":true,"href":"https:\/\/www.industrialwood.nl\/de\/wp-json\/wp\/v2\/product_tag?post=85322"},{"taxonomy":"seizoen","embeddable":true,"href":"https:\/\/www.industrialwood.nl\/de\/wp-json\/wp\/v2\/seizoen?post=85322"},{"taxonomy":"bloemensoort","embeddable":true,"href":"https:\/\/www.industrialwood.nl\/de\/wp-json\/wp\/v2\/bloemensoort?post=85322"},{"taxonomy":"samenstelling","embeddable":true,"href":"https:\/\/www.industrialwood.nl\/de\/wp-json\/wp\/v2\/samenstelling?post=85322"},{"taxonomy":"shop-per-kamer","embeddable":true,"href":"https:\/\/www.industrialwood.nl\/de\/wp-json\/wp\/v2\/shop-per-kamer?post=85322"},{"taxonomy":"indooroutdoor","embeddable":true,"href":"https:\/\/www.industrialwood.nl\/de\/wp-json\/wp\/v2\/indooroutdoor?post=85322"},{"taxonomy":"vorm","embeddable":true,"href":"https:\/\/www.industrialwood.nl\/de\/wp-json\/wp\/v2\/vorm?post=85322"},{"taxonomy":"duurzaam","embeddable":true,"href":"https:\/\/www.industrialwood.nl\/de\/wp-json\/wp\/v2\/duurzaam?post=85322"},{"taxonomy":"productafmetingen","embeddable":true,"href":"https:\/\/www.industrialwood.nl\/de\/wp-json\/wp\/v2\/productafmetingen?post=85322"},{"taxonomy":"stijl","embeddable":true,"href":"https:\/\/www.industrialwood.nl\/de\/wp-json\/wp\/v2\/stijl?post=85322"},{"taxonomy":"merk","embeddable":true,"href":"https:\/\/www.industrialwood.nl\/de\/wp-json\/wp\/v2\/merk?post=85322"},{"taxonomy":"materiaal","embeddable":true,"href":"https:\/\/www.industrialwood.nl\/de\/wp-json\/wp\/v2\/materiaal?post=85322"},{"taxonomy":"materiaal-schaaltje","embeddable":true,"href":"https:\/\/www.industrialwood.nl\/de\/wp-json\/wp\/v2\/materiaal-schaaltje?post=85322"},{"taxonomy":"geur","embeddable":true,"href":"https:\/\/www.industrialwood.nl\/de\/wp-json\/wp\/v2\/geur?post=85322"},{"taxonomy":"product-type","embeddable":true,"href":"https:\/\/www.industrialwood.nl\/de\/wp-json\/wp\/v2\/product-type?post=85322"},{"taxonomy":"beoordeling","embeddable":true,"href":"https:\/\/www.industrialwood.nl\/de\/wp-json\/wp\/v2\/beoordeling?post=85322"},{"taxonomy":"uitsparingen","embeddable":true,"href":"https:\/\/www.industrialwood.nl\/de\/wp-json\/wp\/v2\/uitsparingen?post=85322"},{"taxonomy":"houtsoort","embeddable":true,"href":"https:\/\/www.industrialwood.nl\/de\/wp-json\/wp\/v2\/houtsoort?post=85322"},{"taxonomy":"breedte","embeddable":true,"href":"https:\/\/www.industrialwood.nl\/de\/wp-json\/wp\/v2\/breedte?post=85322"},{"taxonomy":"badplanken-lengte","embeddable":true,"href":"https:\/\/www.industrialwood.nl\/de\/wp-json\/wp\/v2\/badplanken-lengte?post=85322"},{"taxonomy":"kleur","embeddable":true,"href":"https:\/\/www.industrialwood.nl\/de\/wp-json\/wp\/v2\/kleur?post=85322"}],"curies":[{"name":"wp","href":"https:\/\/api.w.org\/{rel}","templated":true}]}}