{"id":81393,"date":"2025-09-15T16:19:17","date_gmt":"2025-09-15T14:19:17","guid":{"rendered":"https:\/\/www.industrialwood.nl\/?post_type=product&#038;p=81393"},"modified":"2026-01-09T15:10:19","modified_gmt":"2026-01-09T14:10:19","slug":"badewannenbrett-eiche-schwarz-ohne-aussparung-kopie-2","status":"publish","type":"product","link":"https:\/\/www.industrialwood.nl\/de\/badewannenbrett-eiche-schwarz-ohne-aussparung-kopie-2\/","title":{"rendered":"Badewannenbrett Eiche | Nussbaum | Japandi | Ohne Aussparung"},"content":{"rendered":"","protected":false},"excerpt":{"rendered":"<p style=\"font-weight: 400;\"><strong>Neues Eichenbadebrett Farbe &#8211; Japandi Walnuss \ud83e\udd0e<\/strong><br \/>\nG\u00f6nnen Sie sich den ultimativen Entspannungsmoment mit diesem <strong>handgefertigten Eichenbadebrett in der Farbe Walnuss<\/strong> \ud83d\udec1. Der tiefe, dunkelbraune Farbton verleiht Ihrem Badezimmer sofort ein warmes und luxuri\u00f6ses Gef\u00fchl. Dieses Badregal passt in fast jeden Wohnstil, von modern bis Japandi, und sorgt immer f\u00fcr eine ruhige und stilvolle Atmosph\u00e4re. Stilvoll, funktionell und langlebig &#8211; der letzte Schliff f\u00fcr Ihr Badezimmer. Mit diesem ma\u00dfgefertigten Badebrett aus massiver Eiche k\u00f6nnen Sie problemlos ein Tablet, ein Telefon, einen Laptop, Essen oder Getr\u00e4nke mit in die Badewanne nehmen. Genie\u00dfen Sie Snacks und Getr\u00e4nke, w\u00e4hrend Sie Ihre Lieblingsserie sehen &#8211; gro\u00dfartig!<\/p>\n<p style=\"font-weight: 400;\"><strong>Holzart \ud83e\udeb5<\/strong><br \/>\nEichenholz ist eine sehr beliebte Holzart. Es ist eine sehr dauerhafte und harte Holzart, so dass Ihr Badbrett oft jahrelang h\u00e4lt. Eichenholz l\u00e4sst sich gut mit allen m\u00f6glichen (Innen-)Stilen kombinieren. Gut zu wissen! Unsere Badebretter sind breiter als die Standard-Badebretter aus Eichenholz in anderen L\u00e4ndern. Dadurch wirkt unser Badebrett robuster und Sie haben mehr Platz, um Dinge darauf abzustellen! Wir w\u00e4hlen die Dielen selbst mit gro\u00dfer Sorgfalt aus, damit Sie die sch\u00f6nste und haltbarste Badewannendiele verwenden k\u00f6nnen. Zeit zum Entspannen! \u2728<\/p>\n<p style=\"font-weight: 400;\"><strong>Ausmessen der Wanne \ud83d\udccf<\/strong><br \/>\nDas Wannenbrett kann f\u00fcr verschiedene Formen von Wannen verwendet werden. Die \u00e4u\u00dfere Gr\u00f6\u00dfe der Badewanne wird ben\u00f6tigt, um das Brett zurechtzuschneiden. Sehen Sie sich die Beispielma\u00dfe auf den Fotos dieses Produkts an.<br \/>\nSonderma\u00dfe, zum Beispiel f\u00fcr eine Eckbadewanne oder eine andere au\u00dfergew\u00f6hnliche Badewanne? Schicken Sie uns eine E-Mail, um zu erfahren, welche M\u00f6glichkeiten es f\u00fcr Ihr Bad gibt, wir helfen Ihnen gerne weiter!<\/p>\n<p style=\"font-weight: 400;\">Dieses Badebrett ist in mehreren Varianten erh\u00e4ltlich. In der Kategorie<a href=\"https:\/\/www.industrialwood.nl\/de\/badebrett\/\">&#8216;Badebretter<\/a>&#8216; finden Sie eine Liste aller Badebretter.<\/p>\n<ul>\n<li style=\"font-weight: 400;\"><em>Im Lieferumfang der Badewanne sind <strong>Anti-Rutsch-Streifen<\/strong> enthalten, die das Wannenbrett etwas stabiler auf der Badewanne machen und gleichzeitig Sch\u00e4den an der Badewanne verhindern.<\/em><\/li>\n<li style=\"font-weight: 400;\"><em>F\u00fcr eine (freistehende) Badewanne mit d\u00fcnnen R\u00e4ndern empfehlen wir, 4-5 Zentimeter zu den Au\u00dfenma\u00dfen hinzuzuf\u00fcgen. Dadurch ragt das Badebrett etwas \u00fcber die Kanten hinaus, was es wesentlich stabiler macht. Beispiel: Die Au\u00dfengr\u00f6\u00dfe der Badewanne betr\u00e4gt 80 cm, geben Sie 84 cm in das Eingabefeld ein.<\/em><\/li>\n<li style=\"font-weight: 400;\"><em>Da das Badebrett aus nat\u00fcrlichen Materialien hergestellt wird, k\u00f6nnen Farben, Formen und Details variieren. Leichte Verf\u00e4rbungen, Verknotungen und Verdrehungen lassen sich nicht immer verhindern. Dabei empfehlen wir Ihnen auch, das Brett auf eine ebene Fl\u00e4che zu legen.<\/em><\/li>\n<li style=\"font-weight: 400;\"><em>Badebretter k\u00f6nnen nicht zur\u00fcckgegeben werden, da sie auf Bestellung gefertigt werden.<\/em><\/li>\n<\/ul>\n<p>&nbsp;<\/p>\n<p style=\"font-weight: 400;\"><strong>Ma\u00dfe<\/strong>: +- 24 cm Breite, L\u00e4nge 80-90 cm oder nach Ma\u00df!<br \/>\n<strong>Material<\/strong>: Eiche<br \/>\n<strong>Farbe<\/strong>: Dunkelbraun (Walnuss)<\/p>\n","protected":false},"featured_media":81831,"comment_status":"open","ping_status":"closed","template":"","meta":[],"product_brand":[],"product_cat":[437,393,401,686,479,404,481,395,483,740,482,706],"product_tag":[438,442,440,439],"seizoen":[543,545,544,546],"bloemensoort":[],"samenstelling":[],"shop-per-kamer":[551],"indooroutdoor":[555],"vorm":[563,562,561],"duurzaam":[565],"productafmetingen":[],"stijl":[574,571,575,573,572],"merk":[576],"materiaal":[609],"materiaal-schaaltje":[],"geur":[],"product-type":[],"beoordeling":[641,642],"uitsparingen":[643],"houtsoort":[648],"breedte":[651],"badplanken-lengte":[652,653,654],"kleur":[663],"class_list":{"0":"post-81393","1":"product","2":"type-product","3":"status-publish","4":"has-post-thumbnail","6":"product_cat-badebrett","7":"product_cat-badezimmer","8":"product_cat-bohmisches-badezimmer","9":"product_cat-geschenk","10":"product_cat-hotel-chic-badezimmer","11":"product_cat-japandi-badezimmer","12":"product_cat-modernes-badezimmer","13":"product_cat-naturliche-tone","14":"product_cat-rustikales-badezimmer","15":"product_cat-schwarzer-freitag-2","16":"product_cat-skandinavisches-badezimmer","17":"product_cat-verkaufsschlager","18":"product_tag-badebrett","19":"product_tag-badetafel-schwarz","20":"product_tag-geschenk","21":"product_tag-masgeschneidertes-badebrett","22":"seizoen-lente-de","23":"seizoen-herfst-de","24":"seizoen-zomer-de","25":"seizoen-winter-de","26":"shop-per-kamer-badkamer-de","27":"indooroutdoor-indoor-de","28":"vorm-organisch-de","29":"vorm-recht-de","30":"vorm-rechthoek-de","31":"duurzaam-ja-de","32":"stijl-bohemian-de","33":"stijl-hotel-chique-de","34":"stijl-japandi-de","35":"stijl-modern-de","36":"stijl-scandinavisch-de","37":"merk-industrialwood-de","38":"materiaal-hout-de","39":"beoordeling-four-star-de","40":"beoordeling-five-star-de","41":"uitsparingen-geen-de","42":"houtsoort-eikenhout-de","43":"breedte-24cm-de","44":"badplanken-lengte-80-de","45":"badplanken-lengte-90-de","46":"badplanken-lengte-op-maat-de","47":"kleur-bruin-de","49":"first","50":"instock","51":"taxable","52":"shipping-taxable","53":"purchasable","54":"product-type-variable"},"supplier_id":null,"supplier_sku":"","barcode":null,"atum_controlled":true,"out_stock_date":null,"out_stock_threshold":null,"inheritable":true,"inbound_stock":0,"stock_on_hold":2,"sold_today":0,"sales_last_days":4,"reserved_stock":0,"customer_returns":0,"warehouse_damage":0,"lost_in_post":0,"other_logs":0,"out_stock_days":0,"lost_sales":0,"has_location":false,"update_date":"2026-04-14T19:52:47","atum_locations":[],"atum_stock_status":"instock","restock_status":false,"low_stock_amount":"","sales_update_date":"2026-04-14T19:52:47","calc_backorders":null,"_links":{"self":[{"href":"https:\/\/www.industrialwood.nl\/de\/wp-json\/wp\/v2\/product\/81393","targetHints":{"allow":["GET"]}}],"collection":[{"href":"https:\/\/www.industrialwood.nl\/de\/wp-json\/wp\/v2\/product"}],"about":[{"href":"https:\/\/www.industrialwood.nl\/de\/wp-json\/wp\/v2\/types\/product"}],"replies":[{"embeddable":true,"href":"https:\/\/www.industrialwood.nl\/de\/wp-json\/wp\/v2\/comments?post=81393"}],"wp:featuredmedia":[{"embeddable":true,"href":"https:\/\/www.industrialwood.nl\/de\/wp-json\/wp\/v2\/media\/81831"}],"wp:attachment":[{"href":"https:\/\/www.industrialwood.nl\/de\/wp-json\/wp\/v2\/media?parent=81393"}],"wp:term":[{"taxonomy":"product_brand","embeddable":true,"href":"https:\/\/www.industrialwood.nl\/de\/wp-json\/wp\/v2\/product_brand?post=81393"},{"taxonomy":"product_cat","embeddable":true,"href":"https:\/\/www.industrialwood.nl\/de\/wp-json\/wp\/v2\/product_cat?post=81393"},{"taxonomy":"product_tag","embeddable":true,"href":"https:\/\/www.industrialwood.nl\/de\/wp-json\/wp\/v2\/product_tag?post=81393"},{"taxonomy":"seizoen","embeddable":true,"href":"https:\/\/www.industrialwood.nl\/de\/wp-json\/wp\/v2\/seizoen?post=81393"},{"taxonomy":"bloemensoort","embeddable":true,"href":"https:\/\/www.industrialwood.nl\/de\/wp-json\/wp\/v2\/bloemensoort?post=81393"},{"taxonomy":"samenstelling","embeddable":true,"href":"https:\/\/www.industrialwood.nl\/de\/wp-json\/wp\/v2\/samenstelling?post=81393"},{"taxonomy":"shop-per-kamer","embeddable":true,"href":"https:\/\/www.industrialwood.nl\/de\/wp-json\/wp\/v2\/shop-per-kamer?post=81393"},{"taxonomy":"indooroutdoor","embeddable":true,"href":"https:\/\/www.industrialwood.nl\/de\/wp-json\/wp\/v2\/indooroutdoor?post=81393"},{"taxonomy":"vorm","embeddable":true,"href":"https:\/\/www.industrialwood.nl\/de\/wp-json\/wp\/v2\/vorm?post=81393"},{"taxonomy":"duurzaam","embeddable":true,"href":"https:\/\/www.industrialwood.nl\/de\/wp-json\/wp\/v2\/duurzaam?post=81393"},{"taxonomy":"productafmetingen","embeddable":true,"href":"https:\/\/www.industrialwood.nl\/de\/wp-json\/wp\/v2\/productafmetingen?post=81393"},{"taxonomy":"stijl","embeddable":true,"href":"https:\/\/www.industrialwood.nl\/de\/wp-json\/wp\/v2\/stijl?post=81393"},{"taxonomy":"merk","embeddable":true,"href":"https:\/\/www.industrialwood.nl\/de\/wp-json\/wp\/v2\/merk?post=81393"},{"taxonomy":"materiaal","embeddable":true,"href":"https:\/\/www.industrialwood.nl\/de\/wp-json\/wp\/v2\/materiaal?post=81393"},{"taxonomy":"materiaal-schaaltje","embeddable":true,"href":"https:\/\/www.industrialwood.nl\/de\/wp-json\/wp\/v2\/materiaal-schaaltje?post=81393"},{"taxonomy":"geur","embeddable":true,"href":"https:\/\/www.industrialwood.nl\/de\/wp-json\/wp\/v2\/geur?post=81393"},{"taxonomy":"product-type","embeddable":true,"href":"https:\/\/www.industrialwood.nl\/de\/wp-json\/wp\/v2\/product-type?post=81393"},{"taxonomy":"beoordeling","embeddable":true,"href":"https:\/\/www.industrialwood.nl\/de\/wp-json\/wp\/v2\/beoordeling?post=81393"},{"taxonomy":"uitsparingen","embeddable":true,"href":"https:\/\/www.industrialwood.nl\/de\/wp-json\/wp\/v2\/uitsparingen?post=81393"},{"taxonomy":"houtsoort","embeddable":true,"href":"https:\/\/www.industrialwood.nl\/de\/wp-json\/wp\/v2\/houtsoort?post=81393"},{"taxonomy":"breedte","embeddable":true,"href":"https:\/\/www.industrialwood.nl\/de\/wp-json\/wp\/v2\/breedte?post=81393"},{"taxonomy":"badplanken-lengte","embeddable":true,"href":"https:\/\/www.industrialwood.nl\/de\/wp-json\/wp\/v2\/badplanken-lengte?post=81393"},{"taxonomy":"kleur","embeddable":true,"href":"https:\/\/www.industrialwood.nl\/de\/wp-json\/wp\/v2\/kleur?post=81393"}],"curies":[{"name":"wp","href":"https:\/\/api.w.org\/{rel}","templated":true}]}}