{"id":81243,"date":"2025-09-06T18:01:41","date_gmt":"2025-09-06T16:01:41","guid":{"rendered":"https:\/\/www.industrialwood.nl\/vase-amina-kegel-weiss-l\/"},"modified":"2026-03-12T12:13:38","modified_gmt":"2026-03-12T11:13:38","slug":"vase-amina-kegel-weiss-l","status":"publish","type":"product","link":"https:\/\/www.industrialwood.nl\/de\/vase-amina-kegel-weiss-l\/","title":{"rendered":"Vase | Amina | Kegel | Wei\u00df | L"},"content":{"rendered":"","protected":false},"excerpt":{"rendered":"<p data-start=\"172\" data-end=\"213\"><strong data-start=\"179\" data-end=\"213\">Amina Cone Vase L &#8211; 49 cm \ud83e\udd0d<br \/>\n<\/strong>M\u00f6chten Sie Ihrer Fensterbank oder Ihrem Fu\u00dfboden das gewisse Etwas verleihen?<strong data-start=\"215\" data-end=\"283\"> <\/strong>Dann ist die <strong data-start=\"296\" data-end=\"325\">Amina Cone Vase L (49 cm)<\/strong> genau das Richtige f\u00fcr Sie! Diese hohe, schlanke Vase ist schon allein ein stilvoller Blickfang, kommt aber auch in Kombination mit der <strong data-start=\"470\" data-end=\"476\">XL-Variante<\/strong> wundersch\u00f6n zur Geltung. Zusammen bilden sie ein elegantes Duo, das Ruhe und Charakter in Ihrem Interieur ausstrahlt \ud83e\udd0e Die matte elfenbeinwei\u00dfe Farbe und die organische Form passen perfekt zu fast jedem Wohnstil: von japanisch, skandinavisch bis l\u00e4ndlich. Auch cool: Kombinieren Sie diese Gr\u00f6\u00dfe mit den kleineren <strong>XS-, S- oder <a href=\"https:\/\/www.industrialwood.nl\/vaas-amina-cone-wit-m\/\">M-Varianten<\/a><\/strong> f\u00fcr einen verspielten Look an verschiedenen Orten in Ihrer Wohnung! \u2728   <\/p>\n<p data-start=\"172\" data-end=\"213\"><strong data-start=\"761\" data-end=\"776\">Warum Sie diese hohe wei\u00dfe Vase haben m\u00f6chten?<\/strong><\/p>\n<ul>\n<li data-start=\"933\" data-end=\"982\">Perfekte Gr\u00f6\u00dfe f\u00fcr den Fu\u00dfboden oder die Fensterbank (aufgrund seiner Gr\u00f6\u00dfe)<\/li>\n<li data-start=\"933\" data-end=\"982\">Auch verf\u00fcgbar in Gr\u00f6\u00dfe <a href=\"https:\/\/www.industrialwood.nl\/vaas-amina-cone-wit-m\/\"><strong>M<\/strong><\/a><\/li>\n<\/ul>\n<p data-start=\"829\" data-end=\"911\"><strong data-start=\"829\" data-end=\"844\">Ma\u00dfe:<\/strong> 14 x 14 x 49 cm<br data-start=\"860\" data-end=\"863\"><strong data-start=\"863\" data-end=\"877\">Material:<\/strong> Keramik<br data-start=\"886\" data-end=\"889\"><strong data-start=\"889\" data-end=\"899\">Farbe:<\/strong> Elfenbeinwei\u00df<\/p>\n","protected":false},"featured_media":84973,"comment_status":"open","ping_status":"closed","template":"","meta":[],"product_brand":[],"product_cat":[400,418,402,424,420,395,422,387,706,396],"product_tag":[],"seizoen":[543,545,544,546],"bloemensoort":[],"samenstelling":[],"shop-per-kamer":[549],"indooroutdoor":[555],"vorm":[],"duurzaam":[565],"productafmetingen":[569],"stijl":[574,571,575,573,572],"merk":[576],"materiaal":[611],"materiaal-schaaltje":[],"geur":[],"product-type":[],"beoordeling":[640,641,642],"uitsparingen":[],"houtsoort":[],"breedte":[],"badplanken-lengte":[],"kleur":[657,659],"class_list":{"0":"post-81243","1":"product","2":"type-product","3":"status-publish","4":"has-post-thumbnail","6":"product_cat-boheme-wohnzimmer","7":"product_cat-hotel-chic-wohnzimmer","8":"product_cat-japandi-wohnzimmer","9":"product_cat-landwohnzimmer","10":"product_cat-modernes-wohnzimmer","11":"product_cat-naturliche-tone","12":"product_cat-skandinavisches-wohnzimmer","13":"product_cat-vasen-topfe","14":"product_cat-verkaufsschlager","15":"product_cat-wohnzimmer","16":"seizoen-lente-de","17":"seizoen-herfst-de","18":"seizoen-zomer-de","19":"seizoen-winter-de","20":"shop-per-kamer-woonkamer-de","21":"indooroutdoor-indoor-de","22":"duurzaam-ja-de","23":"productafmetingen-l-de","24":"stijl-bohemian-de","25":"stijl-hotel-chique-de","26":"stijl-japandi-de","27":"stijl-modern-de","28":"stijl-scandinavisch-de","29":"merk-industrialwood-de","30":"materiaal-keramiek-de","31":"beoordeling-three-star-de","32":"beoordeling-four-star-de","33":"beoordeling-five-star-de","34":"kleur-beige-de","35":"kleur-wit-de","37":"first","38":"instock","39":"taxable","40":"shipping-taxable","41":"purchasable","42":"product-type-simple"},"supplier_id":null,"supplier_sku":"","barcode":null,"atum_controlled":true,"out_stock_date":null,"out_stock_threshold":null,"inheritable":false,"inbound_stock":0,"stock_on_hold":0,"sold_today":0,"sales_last_days":0,"reserved_stock":0,"customer_returns":0,"warehouse_damage":0,"lost_in_post":0,"other_logs":0,"out_stock_days":0,"lost_sales":0,"has_location":false,"update_date":"2026-04-23T11:58:08","atum_locations":[],"atum_stock_status":"instock","restock_status":true,"low_stock_amount":"","sales_update_date":"2026-04-23T11:58:08","calc_backorders":null,"_links":{"self":[{"href":"https:\/\/www.industrialwood.nl\/de\/wp-json\/wp\/v2\/product\/81243","targetHints":{"allow":["GET"]}}],"collection":[{"href":"https:\/\/www.industrialwood.nl\/de\/wp-json\/wp\/v2\/product"}],"about":[{"href":"https:\/\/www.industrialwood.nl\/de\/wp-json\/wp\/v2\/types\/product"}],"replies":[{"embeddable":true,"href":"https:\/\/www.industrialwood.nl\/de\/wp-json\/wp\/v2\/comments?post=81243"}],"wp:featuredmedia":[{"embeddable":true,"href":"https:\/\/www.industrialwood.nl\/de\/wp-json\/wp\/v2\/media\/84973"}],"wp:attachment":[{"href":"https:\/\/www.industrialwood.nl\/de\/wp-json\/wp\/v2\/media?parent=81243"}],"wp:term":[{"taxonomy":"product_brand","embeddable":true,"href":"https:\/\/www.industrialwood.nl\/de\/wp-json\/wp\/v2\/product_brand?post=81243"},{"taxonomy":"product_cat","embeddable":true,"href":"https:\/\/www.industrialwood.nl\/de\/wp-json\/wp\/v2\/product_cat?post=81243"},{"taxonomy":"product_tag","embeddable":true,"href":"https:\/\/www.industrialwood.nl\/de\/wp-json\/wp\/v2\/product_tag?post=81243"},{"taxonomy":"seizoen","embeddable":true,"href":"https:\/\/www.industrialwood.nl\/de\/wp-json\/wp\/v2\/seizoen?post=81243"},{"taxonomy":"bloemensoort","embeddable":true,"href":"https:\/\/www.industrialwood.nl\/de\/wp-json\/wp\/v2\/bloemensoort?post=81243"},{"taxonomy":"samenstelling","embeddable":true,"href":"https:\/\/www.industrialwood.nl\/de\/wp-json\/wp\/v2\/samenstelling?post=81243"},{"taxonomy":"shop-per-kamer","embeddable":true,"href":"https:\/\/www.industrialwood.nl\/de\/wp-json\/wp\/v2\/shop-per-kamer?post=81243"},{"taxonomy":"indooroutdoor","embeddable":true,"href":"https:\/\/www.industrialwood.nl\/de\/wp-json\/wp\/v2\/indooroutdoor?post=81243"},{"taxonomy":"vorm","embeddable":true,"href":"https:\/\/www.industrialwood.nl\/de\/wp-json\/wp\/v2\/vorm?post=81243"},{"taxonomy":"duurzaam","embeddable":true,"href":"https:\/\/www.industrialwood.nl\/de\/wp-json\/wp\/v2\/duurzaam?post=81243"},{"taxonomy":"productafmetingen","embeddable":true,"href":"https:\/\/www.industrialwood.nl\/de\/wp-json\/wp\/v2\/productafmetingen?post=81243"},{"taxonomy":"stijl","embeddable":true,"href":"https:\/\/www.industrialwood.nl\/de\/wp-json\/wp\/v2\/stijl?post=81243"},{"taxonomy":"merk","embeddable":true,"href":"https:\/\/www.industrialwood.nl\/de\/wp-json\/wp\/v2\/merk?post=81243"},{"taxonomy":"materiaal","embeddable":true,"href":"https:\/\/www.industrialwood.nl\/de\/wp-json\/wp\/v2\/materiaal?post=81243"},{"taxonomy":"materiaal-schaaltje","embeddable":true,"href":"https:\/\/www.industrialwood.nl\/de\/wp-json\/wp\/v2\/materiaal-schaaltje?post=81243"},{"taxonomy":"geur","embeddable":true,"href":"https:\/\/www.industrialwood.nl\/de\/wp-json\/wp\/v2\/geur?post=81243"},{"taxonomy":"product-type","embeddable":true,"href":"https:\/\/www.industrialwood.nl\/de\/wp-json\/wp\/v2\/product-type?post=81243"},{"taxonomy":"beoordeling","embeddable":true,"href":"https:\/\/www.industrialwood.nl\/de\/wp-json\/wp\/v2\/beoordeling?post=81243"},{"taxonomy":"uitsparingen","embeddable":true,"href":"https:\/\/www.industrialwood.nl\/de\/wp-json\/wp\/v2\/uitsparingen?post=81243"},{"taxonomy":"houtsoort","embeddable":true,"href":"https:\/\/www.industrialwood.nl\/de\/wp-json\/wp\/v2\/houtsoort?post=81243"},{"taxonomy":"breedte","embeddable":true,"href":"https:\/\/www.industrialwood.nl\/de\/wp-json\/wp\/v2\/breedte?post=81243"},{"taxonomy":"badplanken-lengte","embeddable":true,"href":"https:\/\/www.industrialwood.nl\/de\/wp-json\/wp\/v2\/badplanken-lengte?post=81243"},{"taxonomy":"kleur","embeddable":true,"href":"https:\/\/www.industrialwood.nl\/de\/wp-json\/wp\/v2\/kleur?post=81243"}],"curies":[{"name":"wp","href":"https:\/\/api.w.org\/{rel}","templated":true}]}}