{"id":81242,"date":"2025-09-06T18:02:57","date_gmt":"2025-09-06T16:02:57","guid":{"rendered":"https:\/\/www.industrialwood.nl\/vase-amina-kegel-weiss-m\/"},"modified":"2026-03-04T09:34:23","modified_gmt":"2026-03-04T08:34:23","slug":"vase-amina-kegel-weiss-m","status":"publish","type":"product","link":"https:\/\/www.industrialwood.nl\/de\/vase-amina-kegel-weiss-m\/","title":{"rendered":"Vase | Amina | Kegel | Wei\u00df | M"},"content":{"rendered":"","protected":false},"excerpt":{"rendered":"<p data-start=\"2148\" data-end=\"2189\"><strong data-start=\"2155\" data-end=\"2189\">Amina Cone Vase M &#8211; 37 cm \ud83e\udd0d<br \/>\n<\/strong>Sie suchen eine Vase, die gerade gro\u00df genug ist, um aufzufallen, aber dennoch dezent auf dem Tisch steht? \ud83e\udd0d Die <strong data-start=\"2194\" data-end=\"2223\">Amina Cone Vase M (37 cm)<\/strong> ist die perfekte Balance zwischen bescheiden und beeindruckend. Diese Vase ist ideal f\u00fcr alle, die ein bisschen mehr H\u00f6he suchen, ohne dass es zu viel ist. Stellen Sie sie auf einen Tisch, eine Fensterbank oder in eine Gruppe mit den kleineren und gr\u00f6\u00dferen Varianten f\u00fcr einen stilvollen Look \ud83d\ude0d Dank der matten elfenbeinwei\u00dfen Keramik und der nat\u00fcrlichen Verarbeitung passt diese Vase in jedes Interieur. Kombinieren Sie sie mit k\u00fcnstlichen Zweigen oder Seidenblumen f\u00fcr einen kompletten Look \ud83e\udd0e    <\/p>\n<p data-start=\"761\" data-end=\"778\"><strong data-start=\"761\" data-end=\"776\">Warum Sie diese hohe Vase haben m\u00f6chten?<\/strong><\/p>\n<ul>\n<li data-start=\"781\" data-end=\"834\">Kompakte Vase, perfekt f\u00fcr Tisch, Tablett oder Anrichte<\/li>\n<li data-start=\"781\" data-end=\"834\">Auch erh\u00e4ltlich in<strong> <a href=\"https:\/\/www.industrialwood.nl\/vaas-amina-cone-wit-l\/\">L<\/a><\/strong><\/li>\n<\/ul>\n<p data-start=\"1287\" data-end=\"1369\"><strong data-start=\"1854\" data-end=\"1869\">Ma\u00dfe:<\/strong> 13 x 13 x 37 cm<br data-start=\"1885\" data-end=\"1888\"><strong data-start=\"1888\" data-end=\"1902\">Material:<\/strong> Keramik<br data-start=\"1911\" data-end=\"1914\"><strong data-start=\"1914\" data-end=\"1924\">Farbe:<\/strong> Elfenbeinwei\u00df<\/p>\n","protected":false},"featured_media":84971,"comment_status":"open","ping_status":"closed","template":"","meta":[],"product_brand":[],"product_cat":[400,418,402,424,420,395,422,387,706,396],"product_tag":[],"seizoen":[543,545,544,546],"bloemensoort":[],"samenstelling":[],"shop-per-kamer":[549],"indooroutdoor":[555],"vorm":[],"duurzaam":[565],"productafmetingen":[568],"stijl":[574,571,575,573,572],"merk":[576],"materiaal":[611],"materiaal-schaaltje":[],"geur":[],"product-type":[],"beoordeling":[640,641,642],"uitsparingen":[],"houtsoort":[],"breedte":[],"badplanken-lengte":[],"kleur":[657,659],"class_list":{"0":"post-81242","1":"product","2":"type-product","3":"status-publish","4":"has-post-thumbnail","6":"product_cat-boheme-wohnzimmer","7":"product_cat-hotel-chic-wohnzimmer","8":"product_cat-japandi-wohnzimmer","9":"product_cat-landwohnzimmer","10":"product_cat-modernes-wohnzimmer","11":"product_cat-naturliche-tone","12":"product_cat-skandinavisches-wohnzimmer","13":"product_cat-vasen-topfe","14":"product_cat-verkaufsschlager","15":"product_cat-wohnzimmer","16":"seizoen-lente-de","17":"seizoen-herfst-de","18":"seizoen-zomer-de","19":"seizoen-winter-de","20":"shop-per-kamer-woonkamer-de","21":"indooroutdoor-indoor-de","22":"duurzaam-ja-de","23":"productafmetingen-m-de","24":"stijl-bohemian-de","25":"stijl-hotel-chique-de","26":"stijl-japandi-de","27":"stijl-modern-de","28":"stijl-scandinavisch-de","29":"merk-industrialwood-de","30":"materiaal-keramiek-de","31":"beoordeling-three-star-de","32":"beoordeling-four-star-de","33":"beoordeling-five-star-de","34":"kleur-beige-de","35":"kleur-wit-de","37":"first","38":"outofstock","39":"taxable","40":"shipping-taxable","41":"purchasable","42":"product-type-simple"},"supplier_id":null,"supplier_sku":"","barcode":null,"atum_controlled":true,"out_stock_date":"2026-03-01 22:15:33","out_stock_threshold":null,"inheritable":false,"inbound_stock":0,"stock_on_hold":0,"sold_today":0,"sales_last_days":9,"reserved_stock":0,"customer_returns":0,"warehouse_damage":0,"lost_in_post":0,"other_logs":0,"out_stock_days":14,"lost_sales":479,"has_location":false,"update_date":"2026-03-16T09:43:13","atum_locations":[],"atum_stock_status":"outofstock","restock_status":false,"low_stock_amount":"","sales_update_date":"2026-03-16T08:32:53","calc_backorders":null,"_links":{"self":[{"href":"https:\/\/www.industrialwood.nl\/de\/wp-json\/wp\/v2\/product\/81242","targetHints":{"allow":["GET"]}}],"collection":[{"href":"https:\/\/www.industrialwood.nl\/de\/wp-json\/wp\/v2\/product"}],"about":[{"href":"https:\/\/www.industrialwood.nl\/de\/wp-json\/wp\/v2\/types\/product"}],"replies":[{"embeddable":true,"href":"https:\/\/www.industrialwood.nl\/de\/wp-json\/wp\/v2\/comments?post=81242"}],"wp:featuredmedia":[{"embeddable":true,"href":"https:\/\/www.industrialwood.nl\/de\/wp-json\/wp\/v2\/media\/84971"}],"wp:attachment":[{"href":"https:\/\/www.industrialwood.nl\/de\/wp-json\/wp\/v2\/media?parent=81242"}],"wp:term":[{"taxonomy":"product_brand","embeddable":true,"href":"https:\/\/www.industrialwood.nl\/de\/wp-json\/wp\/v2\/product_brand?post=81242"},{"taxonomy":"product_cat","embeddable":true,"href":"https:\/\/www.industrialwood.nl\/de\/wp-json\/wp\/v2\/product_cat?post=81242"},{"taxonomy":"product_tag","embeddable":true,"href":"https:\/\/www.industrialwood.nl\/de\/wp-json\/wp\/v2\/product_tag?post=81242"},{"taxonomy":"seizoen","embeddable":true,"href":"https:\/\/www.industrialwood.nl\/de\/wp-json\/wp\/v2\/seizoen?post=81242"},{"taxonomy":"bloemensoort","embeddable":true,"href":"https:\/\/www.industrialwood.nl\/de\/wp-json\/wp\/v2\/bloemensoort?post=81242"},{"taxonomy":"samenstelling","embeddable":true,"href":"https:\/\/www.industrialwood.nl\/de\/wp-json\/wp\/v2\/samenstelling?post=81242"},{"taxonomy":"shop-per-kamer","embeddable":true,"href":"https:\/\/www.industrialwood.nl\/de\/wp-json\/wp\/v2\/shop-per-kamer?post=81242"},{"taxonomy":"indooroutdoor","embeddable":true,"href":"https:\/\/www.industrialwood.nl\/de\/wp-json\/wp\/v2\/indooroutdoor?post=81242"},{"taxonomy":"vorm","embeddable":true,"href":"https:\/\/www.industrialwood.nl\/de\/wp-json\/wp\/v2\/vorm?post=81242"},{"taxonomy":"duurzaam","embeddable":true,"href":"https:\/\/www.industrialwood.nl\/de\/wp-json\/wp\/v2\/duurzaam?post=81242"},{"taxonomy":"productafmetingen","embeddable":true,"href":"https:\/\/www.industrialwood.nl\/de\/wp-json\/wp\/v2\/productafmetingen?post=81242"},{"taxonomy":"stijl","embeddable":true,"href":"https:\/\/www.industrialwood.nl\/de\/wp-json\/wp\/v2\/stijl?post=81242"},{"taxonomy":"merk","embeddable":true,"href":"https:\/\/www.industrialwood.nl\/de\/wp-json\/wp\/v2\/merk?post=81242"},{"taxonomy":"materiaal","embeddable":true,"href":"https:\/\/www.industrialwood.nl\/de\/wp-json\/wp\/v2\/materiaal?post=81242"},{"taxonomy":"materiaal-schaaltje","embeddable":true,"href":"https:\/\/www.industrialwood.nl\/de\/wp-json\/wp\/v2\/materiaal-schaaltje?post=81242"},{"taxonomy":"geur","embeddable":true,"href":"https:\/\/www.industrialwood.nl\/de\/wp-json\/wp\/v2\/geur?post=81242"},{"taxonomy":"product-type","embeddable":true,"href":"https:\/\/www.industrialwood.nl\/de\/wp-json\/wp\/v2\/product-type?post=81242"},{"taxonomy":"beoordeling","embeddable":true,"href":"https:\/\/www.industrialwood.nl\/de\/wp-json\/wp\/v2\/beoordeling?post=81242"},{"taxonomy":"uitsparingen","embeddable":true,"href":"https:\/\/www.industrialwood.nl\/de\/wp-json\/wp\/v2\/uitsparingen?post=81242"},{"taxonomy":"houtsoort","embeddable":true,"href":"https:\/\/www.industrialwood.nl\/de\/wp-json\/wp\/v2\/houtsoort?post=81242"},{"taxonomy":"breedte","embeddable":true,"href":"https:\/\/www.industrialwood.nl\/de\/wp-json\/wp\/v2\/breedte?post=81242"},{"taxonomy":"badplanken-lengte","embeddable":true,"href":"https:\/\/www.industrialwood.nl\/de\/wp-json\/wp\/v2\/badplanken-lengte?post=81242"},{"taxonomy":"kleur","embeddable":true,"href":"https:\/\/www.industrialwood.nl\/de\/wp-json\/wp\/v2\/kleur?post=81242"}],"curies":[{"name":"wp","href":"https:\/\/api.w.org\/{rel}","templated":true}]}}