{"id":81236,"date":"2025-09-06T18:05:32","date_gmt":"2025-09-06T16:05:32","guid":{"rendered":"https:\/\/www.industrialwood.nl\/vase-amina-kegel-weiss-xs\/"},"modified":"2026-03-12T12:13:39","modified_gmt":"2026-03-12T11:13:39","slug":"vase-amina-kegel-weiss-xs","status":"publish","type":"product","link":"https:\/\/www.industrialwood.nl\/de\/vase-amina-kegel-weiss-xs\/","title":{"rendered":"Vase | Amina | Kegel | Wei\u00df | XS"},"content":{"rendered":"","protected":false},"excerpt":{"rendered":"<p data-start=\"301\" data-end=\"343\"><strong data-start=\"308\" data-end=\"343\">Amina Cone Vase XS &#8211; 20 cm \ud83e\udd0d<br \/>\n<\/strong>Suchen Sie nach einer stilvollen, hohen Vase mit schickem Aussehen? Die <strong data-start=\"369\" data-end=\"399\">Amina Cone Vase XS (20 cm)<\/strong> ist die kleinste in dieser sch\u00f6nen Serie und ein subtiles Detail f\u00fcr Ihre Einrichtung! \ud83d\udcab Ideal f\u00fcr einen Couchtisch, ein Sideboard oder ein Tablett und besonders sch\u00f6n in Kombination mit den h\u00f6heren Gr\u00f6\u00dfen wie der S und L Vase f\u00fcr einen spielerischen H\u00f6henunterschied. Diese Vase sorgt immer f\u00fcr einen ruhigen und schicken Look \ud83e\udd0e Hergestellt aus matt elfenbeinwei\u00dfer Keramik, mit einer organischen Form, die perfekt in eine moderne oder Japandi-Einrichtung passt.   <\/p>\n<p data-start=\"761\" data-end=\"778\"><strong data-start=\"761\" data-end=\"776\">Warum sollten Sie diese wei\u00dfe Vase haben wollen?<\/strong><\/p>\n<ul>\n<li data-start=\"781\" data-end=\"834\">Kompakte Vase, perfekt f\u00fcr Tisch, Tablett oder Anrichte<\/li>\n<li data-start=\"781\" data-end=\"834\">Kombinieren Sie das Dreierset mit S und L f\u00fcr ein verspieltes Ensemble<\/li>\n<li data-start=\"781\" data-end=\"834\">Auch erh\u00e4ltlich in <strong data-start=\"915\" data-end=\"920\">S<\/strong>, <a href=\"https:\/\/www.industrialwood.nl\/vaas-amina-cone-wit-m\/\"><strong data-start=\"922\" data-end=\"927\">M<\/strong><\/a>, <a href=\"https:\/\/www.industrialwood.nl\/vaas-amina-cone-wit-l\/\"><strong data-start=\"929\" data-end=\"934\">L<\/strong><\/a> und <strong data-start=\"938\" data-end=\"944\">XL<\/strong><\/li>\n<\/ul>\n<p data-start=\"677\" data-end=\"759\"><strong data-start=\"677\" data-end=\"692\">Ma\u00dfe:<\/strong> 10 x 10 x 20 cm<br data-start=\"708\" data-end=\"711\"><strong data-start=\"711\" data-end=\"725\">Material:<\/strong> Keramik<br data-start=\"734\" data-end=\"737\"><strong data-start=\"737\" data-end=\"747\">Farbe:<\/strong> Elfenbeinwei\u00df<\/p>\n","protected":false},"featured_media":84967,"comment_status":"open","ping_status":"closed","template":"","meta":[],"product_brand":[],"product_cat":[400,418,402,424,420,395,422,387,396],"product_tag":[],"seizoen":[543,545,544,546],"bloemensoort":[],"samenstelling":[],"shop-per-kamer":[549],"indooroutdoor":[555],"vorm":[],"duurzaam":[565],"productafmetingen":[566],"stijl":[574,571,575,573,572],"merk":[576],"materiaal":[611],"materiaal-schaaltje":[],"geur":[],"product-type":[],"beoordeling":[640,641,642],"uitsparingen":[],"houtsoort":[],"breedte":[],"badplanken-lengte":[],"kleur":[657,659],"class_list":{"0":"post-81236","1":"product","2":"type-product","3":"status-publish","4":"has-post-thumbnail","6":"product_cat-boheme-wohnzimmer","7":"product_cat-hotel-chic-wohnzimmer","8":"product_cat-japandi-wohnzimmer","9":"product_cat-landwohnzimmer","10":"product_cat-modernes-wohnzimmer","11":"product_cat-naturliche-tone","12":"product_cat-skandinavisches-wohnzimmer","13":"product_cat-vasen-topfe","14":"product_cat-wohnzimmer","15":"seizoen-lente-de","16":"seizoen-herfst-de","17":"seizoen-zomer-de","18":"seizoen-winter-de","19":"shop-per-kamer-woonkamer-de","20":"indooroutdoor-indoor-de","21":"duurzaam-ja-de","22":"productafmetingen-xs-de","23":"stijl-bohemian-de","24":"stijl-hotel-chique-de","25":"stijl-japandi-de","26":"stijl-modern-de","27":"stijl-scandinavisch-de","28":"merk-industrialwood-de","29":"materiaal-keramiek-de","30":"beoordeling-three-star-de","31":"beoordeling-four-star-de","32":"beoordeling-five-star-de","33":"kleur-beige-de","34":"kleur-wit-de","36":"first","37":"outofstock","38":"taxable","39":"shipping-taxable","40":"purchasable","41":"product-type-simple"},"supplier_id":null,"supplier_sku":"","barcode":null,"atum_controlled":true,"out_stock_date":"2026-01-14 23:22:32","out_stock_threshold":null,"inheritable":false,"inbound_stock":0,"stock_on_hold":0,"sold_today":0,"sales_last_days":0,"reserved_stock":0,"customer_returns":0,"warehouse_damage":0,"lost_in_post":0,"other_logs":0,"out_stock_days":54,"lost_sales":0,"has_location":false,"update_date":"2026-03-10T01:36:23","atum_locations":[],"atum_stock_status":"outofstock","restock_status":false,"low_stock_amount":"","sales_update_date":"2026-03-10T01:36:23","calc_backorders":null,"_links":{"self":[{"href":"https:\/\/www.industrialwood.nl\/de\/wp-json\/wp\/v2\/product\/81236","targetHints":{"allow":["GET"]}}],"collection":[{"href":"https:\/\/www.industrialwood.nl\/de\/wp-json\/wp\/v2\/product"}],"about":[{"href":"https:\/\/www.industrialwood.nl\/de\/wp-json\/wp\/v2\/types\/product"}],"replies":[{"embeddable":true,"href":"https:\/\/www.industrialwood.nl\/de\/wp-json\/wp\/v2\/comments?post=81236"}],"wp:featuredmedia":[{"embeddable":true,"href":"https:\/\/www.industrialwood.nl\/de\/wp-json\/wp\/v2\/media\/84967"}],"wp:attachment":[{"href":"https:\/\/www.industrialwood.nl\/de\/wp-json\/wp\/v2\/media?parent=81236"}],"wp:term":[{"taxonomy":"product_brand","embeddable":true,"href":"https:\/\/www.industrialwood.nl\/de\/wp-json\/wp\/v2\/product_brand?post=81236"},{"taxonomy":"product_cat","embeddable":true,"href":"https:\/\/www.industrialwood.nl\/de\/wp-json\/wp\/v2\/product_cat?post=81236"},{"taxonomy":"product_tag","embeddable":true,"href":"https:\/\/www.industrialwood.nl\/de\/wp-json\/wp\/v2\/product_tag?post=81236"},{"taxonomy":"seizoen","embeddable":true,"href":"https:\/\/www.industrialwood.nl\/de\/wp-json\/wp\/v2\/seizoen?post=81236"},{"taxonomy":"bloemensoort","embeddable":true,"href":"https:\/\/www.industrialwood.nl\/de\/wp-json\/wp\/v2\/bloemensoort?post=81236"},{"taxonomy":"samenstelling","embeddable":true,"href":"https:\/\/www.industrialwood.nl\/de\/wp-json\/wp\/v2\/samenstelling?post=81236"},{"taxonomy":"shop-per-kamer","embeddable":true,"href":"https:\/\/www.industrialwood.nl\/de\/wp-json\/wp\/v2\/shop-per-kamer?post=81236"},{"taxonomy":"indooroutdoor","embeddable":true,"href":"https:\/\/www.industrialwood.nl\/de\/wp-json\/wp\/v2\/indooroutdoor?post=81236"},{"taxonomy":"vorm","embeddable":true,"href":"https:\/\/www.industrialwood.nl\/de\/wp-json\/wp\/v2\/vorm?post=81236"},{"taxonomy":"duurzaam","embeddable":true,"href":"https:\/\/www.industrialwood.nl\/de\/wp-json\/wp\/v2\/duurzaam?post=81236"},{"taxonomy":"productafmetingen","embeddable":true,"href":"https:\/\/www.industrialwood.nl\/de\/wp-json\/wp\/v2\/productafmetingen?post=81236"},{"taxonomy":"stijl","embeddable":true,"href":"https:\/\/www.industrialwood.nl\/de\/wp-json\/wp\/v2\/stijl?post=81236"},{"taxonomy":"merk","embeddable":true,"href":"https:\/\/www.industrialwood.nl\/de\/wp-json\/wp\/v2\/merk?post=81236"},{"taxonomy":"materiaal","embeddable":true,"href":"https:\/\/www.industrialwood.nl\/de\/wp-json\/wp\/v2\/materiaal?post=81236"},{"taxonomy":"materiaal-schaaltje","embeddable":true,"href":"https:\/\/www.industrialwood.nl\/de\/wp-json\/wp\/v2\/materiaal-schaaltje?post=81236"},{"taxonomy":"geur","embeddable":true,"href":"https:\/\/www.industrialwood.nl\/de\/wp-json\/wp\/v2\/geur?post=81236"},{"taxonomy":"product-type","embeddable":true,"href":"https:\/\/www.industrialwood.nl\/de\/wp-json\/wp\/v2\/product-type?post=81236"},{"taxonomy":"beoordeling","embeddable":true,"href":"https:\/\/www.industrialwood.nl\/de\/wp-json\/wp\/v2\/beoordeling?post=81236"},{"taxonomy":"uitsparingen","embeddable":true,"href":"https:\/\/www.industrialwood.nl\/de\/wp-json\/wp\/v2\/uitsparingen?post=81236"},{"taxonomy":"houtsoort","embeddable":true,"href":"https:\/\/www.industrialwood.nl\/de\/wp-json\/wp\/v2\/houtsoort?post=81236"},{"taxonomy":"breedte","embeddable":true,"href":"https:\/\/www.industrialwood.nl\/de\/wp-json\/wp\/v2\/breedte?post=81236"},{"taxonomy":"badplanken-lengte","embeddable":true,"href":"https:\/\/www.industrialwood.nl\/de\/wp-json\/wp\/v2\/badplanken-lengte?post=81236"},{"taxonomy":"kleur","embeddable":true,"href":"https:\/\/www.industrialwood.nl\/de\/wp-json\/wp\/v2\/kleur?post=81236"}],"curies":[{"name":"wp","href":"https:\/\/api.w.org\/{rel}","templated":true}]}}