{"id":80996,"date":"2025-09-04T21:20:07","date_gmt":"2025-09-04T19:20:07","guid":{"rendered":"https:\/\/www.industrialwood.nl\/?post_type=product&#038;p=80996"},"modified":"2025-09-06T22:00:34","modified_gmt":"2025-09-06T20:00:34","slug":"kerzenleuchter-kristall-glanz-champagner-s-kopie-2","status":"publish","type":"product","link":"https:\/\/www.industrialwood.nl\/de\/kerzenleuchter-kristall-glanz-champagner-s-kopie-2\/","title":{"rendered":"3er Set | Kerzenleuchter | Kristall | Glanz | Champagner"},"content":{"rendered":"","protected":false},"excerpt":{"rendered":"<p data-start=\"0\" data-end=\"79\"><strong>Luster Kerzenst\u00e4nder Kristall &#8211; 3er Set \u2728<br \/>\n<\/strong>Sonderangebot: 3x Luster Kerzenst\u00e4nder zu einem besonders g\u00fcnstigen Preis, von \u20ac129,95 f\u00fcr nur \u20ac124,95 &#8211; nutzen Sie jetzt den Set-Rabatt! M\u00f6chten Sie Ihr Interieur so richtig zur Geltung bringen? Dann ist dieses <strong data-start=\"319\" data-end=\"353\">Set aus drei Luster-Kerzenhaltern<\/strong> in der Farbe Champagner perfekt f\u00fcr Sie! Die Kombination der Gr\u00f6\u00dfen S, M und L erzeugt einen verspielten, stilvollen und luxuri\u00f6sen Effekt. Dank des Kristallglases und der warmen Champagnerfarbe strahlt dieses Set pure Eleganz aus. Egal, ob Sie sie auf einem Sideboard, einem Couchtisch oder auf einem h\u00fcbschen Tablett platzieren, diese gl\u00e4sernen Kerzenst\u00e4nder schaffen mit einem Schlag ein stimmungsvolles und schickes Ganzes. Kombinieren Sie Luxus mit Vorteil und holen Sie sich dieses sch\u00f6ne Set von Glaskerzenhaltern jetzt zu einem g\u00fcnstigeren Preis in Ihr Zuhause! \ud83d\udd6f\ufe0f\u2728       <\/p>\n<p data-start=\"739\" data-end=\"790\"><strong data-start=\"742\" data-end=\"790\">Warum Sie sich dieses Schn\u00e4ppchen-Set nicht entgehen lassen sollten:<\/strong><\/p>\n<ul>\n<li data-start=\"793\" data-end=\"871\">Luxuri\u00f6ses Aussehen dank des sprudelnden Kristallglases und der champagnerfarbenen Oberfl\u00e4che<\/li>\n<li data-start=\"793\" data-end=\"871\">Perfekte Kombination von H\u00f6hen: stilvoll zusammen, aber auch ein Blickfang f\u00fcr sich allein<\/li>\n<li data-start=\"793\" data-end=\"871\">Besonders g\u00fcnstig: ab \u20ac129.95 f\u00fcr nur \u20ac124.95<\/li>\n<\/ul>\n<p data-start=\"1005\" data-end=\"1183\">\n<p data-start=\"1005\" data-end=\"1183\">\n<p data-start=\"1005\" data-end=\"1183\"><strong data-start=\"1005\" data-end=\"1019\">Abmessungen: S<\/strong>: 12 x 12 x 16 cm | <strong>M<\/strong>: 12 x 12 x 30 cm | <strong>L<\/strong>: 12 x 12 x 38 cm<strong data-start=\"1005\" data-end=\"1019\"><br \/>\nMaterial:<\/strong> Kristallglas<br data-start=\"1031\" data-end=\"1034\"><strong data-start=\"1034\" data-end=\"1044\">Farbe:<\/strong> Champagner<\/p>\n","protected":false},"featured_media":80998,"comment_status":"open","ping_status":"closed","template":"","meta":[],"product_brand":[],"product_cat":[400,418,402,413,424,420,395,422,396],"product_tag":[],"seizoen":[543,545,544,546],"bloemensoort":[],"samenstelling":[],"shop-per-kamer":[552,549],"indooroutdoor":[555],"vorm":[563,557],"duurzaam":[565],"productafmetingen":[569,568,567],"stijl":[574,571,575,573,572],"merk":[576],"materiaal":[608],"materiaal-schaaltje":[],"geur":[],"product-type":[],"beoordeling":[640,641,642],"uitsparingen":[],"houtsoort":[],"breedte":[],"badplanken-lengte":[],"kleur":[657,661],"class_list":{"0":"post-80996","1":"product","2":"type-product","3":"status-publish","4":"has-post-thumbnail","6":"product_cat-boheme-wohnzimmer","7":"product_cat-hotel-chic-wohnzimmer","8":"product_cat-japandi-wohnzimmer","9":"product_cat-kerzenstander-kerzenleuchter","10":"product_cat-landwohnzimmer","11":"product_cat-modernes-wohnzimmer","12":"product_cat-naturliche-tone","13":"product_cat-skandinavisches-wohnzimmer","14":"product_cat-wohnzimmer","15":"seizoen-lente-de","16":"seizoen-herfst-de","17":"seizoen-zomer-de","18":"seizoen-winter-de","19":"shop-per-kamer-hal-de","20":"shop-per-kamer-woonkamer-de","21":"indooroutdoor-indoor-de","22":"vorm-organisch-de","23":"vorm-rond-de","24":"duurzaam-ja-de","25":"productafmetingen-l-de","26":"productafmetingen-m-de","27":"productafmetingen-s-de","28":"stijl-bohemian-de","29":"stijl-hotel-chique-de","30":"stijl-japandi-de","31":"stijl-modern-de","32":"stijl-scandinavisch-de","33":"merk-industrialwood-de","34":"materiaal-glas-de","35":"beoordeling-three-star-de","36":"beoordeling-four-star-de","37":"beoordeling-five-star-de","38":"kleur-beige-de","39":"kleur-champagne-de","41":"first","42":"outofstock","43":"sale","44":"taxable","45":"shipping-taxable","46":"purchasable","47":"product-type-simple"},"supplier_id":null,"supplier_sku":"","barcode":null,"atum_controlled":true,"out_stock_date":"2025-10-04 15:23:59","out_stock_threshold":null,"inheritable":false,"inbound_stock":0,"stock_on_hold":0,"sold_today":0,"sales_last_days":0,"reserved_stock":0,"customer_returns":0,"warehouse_damage":0,"lost_in_post":0,"other_logs":0,"out_stock_days":156,"lost_sales":0,"has_location":false,"update_date":"2026-03-10T01:36:07","atum_locations":[],"atum_stock_status":"outofstock","restock_status":false,"low_stock_amount":"","sales_update_date":"2026-03-10T01:36:07","calc_backorders":null,"_links":{"self":[{"href":"https:\/\/www.industrialwood.nl\/de\/wp-json\/wp\/v2\/product\/80996","targetHints":{"allow":["GET"]}}],"collection":[{"href":"https:\/\/www.industrialwood.nl\/de\/wp-json\/wp\/v2\/product"}],"about":[{"href":"https:\/\/www.industrialwood.nl\/de\/wp-json\/wp\/v2\/types\/product"}],"replies":[{"embeddable":true,"href":"https:\/\/www.industrialwood.nl\/de\/wp-json\/wp\/v2\/comments?post=80996"}],"wp:featuredmedia":[{"embeddable":true,"href":"https:\/\/www.industrialwood.nl\/de\/wp-json\/wp\/v2\/media\/80998"}],"wp:attachment":[{"href":"https:\/\/www.industrialwood.nl\/de\/wp-json\/wp\/v2\/media?parent=80996"}],"wp:term":[{"taxonomy":"product_brand","embeddable":true,"href":"https:\/\/www.industrialwood.nl\/de\/wp-json\/wp\/v2\/product_brand?post=80996"},{"taxonomy":"product_cat","embeddable":true,"href":"https:\/\/www.industrialwood.nl\/de\/wp-json\/wp\/v2\/product_cat?post=80996"},{"taxonomy":"product_tag","embeddable":true,"href":"https:\/\/www.industrialwood.nl\/de\/wp-json\/wp\/v2\/product_tag?post=80996"},{"taxonomy":"seizoen","embeddable":true,"href":"https:\/\/www.industrialwood.nl\/de\/wp-json\/wp\/v2\/seizoen?post=80996"},{"taxonomy":"bloemensoort","embeddable":true,"href":"https:\/\/www.industrialwood.nl\/de\/wp-json\/wp\/v2\/bloemensoort?post=80996"},{"taxonomy":"samenstelling","embeddable":true,"href":"https:\/\/www.industrialwood.nl\/de\/wp-json\/wp\/v2\/samenstelling?post=80996"},{"taxonomy":"shop-per-kamer","embeddable":true,"href":"https:\/\/www.industrialwood.nl\/de\/wp-json\/wp\/v2\/shop-per-kamer?post=80996"},{"taxonomy":"indooroutdoor","embeddable":true,"href":"https:\/\/www.industrialwood.nl\/de\/wp-json\/wp\/v2\/indooroutdoor?post=80996"},{"taxonomy":"vorm","embeddable":true,"href":"https:\/\/www.industrialwood.nl\/de\/wp-json\/wp\/v2\/vorm?post=80996"},{"taxonomy":"duurzaam","embeddable":true,"href":"https:\/\/www.industrialwood.nl\/de\/wp-json\/wp\/v2\/duurzaam?post=80996"},{"taxonomy":"productafmetingen","embeddable":true,"href":"https:\/\/www.industrialwood.nl\/de\/wp-json\/wp\/v2\/productafmetingen?post=80996"},{"taxonomy":"stijl","embeddable":true,"href":"https:\/\/www.industrialwood.nl\/de\/wp-json\/wp\/v2\/stijl?post=80996"},{"taxonomy":"merk","embeddable":true,"href":"https:\/\/www.industrialwood.nl\/de\/wp-json\/wp\/v2\/merk?post=80996"},{"taxonomy":"materiaal","embeddable":true,"href":"https:\/\/www.industrialwood.nl\/de\/wp-json\/wp\/v2\/materiaal?post=80996"},{"taxonomy":"materiaal-schaaltje","embeddable":true,"href":"https:\/\/www.industrialwood.nl\/de\/wp-json\/wp\/v2\/materiaal-schaaltje?post=80996"},{"taxonomy":"geur","embeddable":true,"href":"https:\/\/www.industrialwood.nl\/de\/wp-json\/wp\/v2\/geur?post=80996"},{"taxonomy":"product-type","embeddable":true,"href":"https:\/\/www.industrialwood.nl\/de\/wp-json\/wp\/v2\/product-type?post=80996"},{"taxonomy":"beoordeling","embeddable":true,"href":"https:\/\/www.industrialwood.nl\/de\/wp-json\/wp\/v2\/beoordeling?post=80996"},{"taxonomy":"uitsparingen","embeddable":true,"href":"https:\/\/www.industrialwood.nl\/de\/wp-json\/wp\/v2\/uitsparingen?post=80996"},{"taxonomy":"houtsoort","embeddable":true,"href":"https:\/\/www.industrialwood.nl\/de\/wp-json\/wp\/v2\/houtsoort?post=80996"},{"taxonomy":"breedte","embeddable":true,"href":"https:\/\/www.industrialwood.nl\/de\/wp-json\/wp\/v2\/breedte?post=80996"},{"taxonomy":"badplanken-lengte","embeddable":true,"href":"https:\/\/www.industrialwood.nl\/de\/wp-json\/wp\/v2\/badplanken-lengte?post=80996"},{"taxonomy":"kleur","embeddable":true,"href":"https:\/\/www.industrialwood.nl\/de\/wp-json\/wp\/v2\/kleur?post=80996"}],"curies":[{"name":"wp","href":"https:\/\/api.w.org\/{rel}","templated":true}]}}