{"id":80994,"date":"2025-09-04T21:44:51","date_gmt":"2025-09-04T19:44:51","guid":{"rendered":"https:\/\/www.industrialwood.nl\/?post_type=product&#038;p=80994"},"modified":"2026-01-07T13:37:30","modified_gmt":"2026-01-07T12:37:30","slug":"kerzenleuchter-kristall-glanz-champagner-s-kopie","status":"publish","type":"product","link":"https:\/\/www.industrialwood.nl\/de\/kerzenleuchter-kristall-glanz-champagner-s-kopie\/","title":{"rendered":"Kerzenleuchter | Kristall | Glanz | Champagner | M"},"content":{"rendered":"","protected":false},"excerpt":{"rendered":"<p data-start=\"0\" data-end=\"79\"><strong>Luster Kerzenst\u00e4nder Kristall &#8211; M \u2728<br \/>\n<\/strong>Luxus und Atmosph\u00e4re in einem: entdecken Sie den <strong>Luster Kerzenst\u00e4nder<\/strong> in der <strong>Gr\u00f6\u00dfe M<\/strong>! Suchen Sie nach einem eleganten Kerzenhalter, der Ihrem Interieur sofort eine besondere Atmosph\u00e4re verleiht? Dann ist der Luster Kerzenst\u00e4nder in Gr\u00f6\u00dfe M genau das Richtige f\u00fcr Sie. Diese Variante mit drei stilvollen Kugeln ist eine perfekte mittlere Gr\u00f6\u00dfe. Sie ist ein Blickfang, aber auch dezent genug, um in jeder Ecke Ihres Hauses zu gl\u00e4nzen. Die warme Champagnerfarbe verleiht dem Kerzenst\u00e4nder einen luxuri\u00f6sen Look, den Sie nicht so leicht \u00fcbersehen werden. Ob Sie ihn auf einem Sideboard, einem Beistelltisch oder auf einem sch\u00f6nen Tablett platzieren, dieser Kerzenhalter aus Glas sorgt immer f\u00fcr einen stimmungsvollen Moment. Verleihen Sie Ihrer Einrichtung ein stilvolles Upgrade mit diesem sch\u00f6nen Kerzenst\u00e4nder aus Glas. Kombinieren Sie ihn mit den anderen Gr\u00f6\u00dfen f\u00fcr einen verspielten und luxuri\u00f6sen Effekt! \ud83e\udd0e<\/p>\n<p data-start=\"746\" data-end=\"807\"><strong data-start=\"749\" data-end=\"807\">Warum Sie diesen Luster Kerzenst\u00e4nder in Gr\u00f6\u00dfe M haben m\u00f6chten:<\/strong><\/p>\n<ul>\n<li data-start=\"810\" data-end=\"883\">Hergestellt aus luxuri\u00f6sem Kristallglas in champagnerfarbener Ausf\u00fchrung<\/li>\n<li data-start=\"810\" data-end=\"883\">Perfekte Gr\u00f6\u00dfe: ideal als Mittelst\u00fcck oder in Kombination mit Gr\u00f6\u00dfe <a href=\"https:\/\/www.industrialwood.nl\/kandelaar-kristal-itinga-champagne-m\/\">L<\/a><\/li>\n<li data-start=\"810\" data-end=\"883\">Zeitloses Design, das zu jeder Einrichtung passt &#8211; vom Hotelschick bis zur Moderne<\/li>\n<\/ul>\n<p>&nbsp;<\/p>\n<p>&nbsp;<\/p>\n<p data-start=\"1101\" data-end=\"1226\" data-is-last-node=\"\" data-is-only-node=\"\"><strong>Ma\u00dfe<\/strong>: 12 x 12 x 30 cm<br \/>\n<strong>Material<\/strong>: Kristallglas<br \/>\n<strong>Farbe<\/strong>: Champagner<\/p>\n","protected":false},"featured_media":42764,"comment_status":"open","ping_status":"closed","template":"","meta":[],"product_brand":[],"product_cat":[400,418,402,413,424,420,395,422,396],"product_tag":[],"seizoen":[543,545,544,546],"bloemensoort":[],"samenstelling":[],"shop-per-kamer":[552,549],"indooroutdoor":[555],"vorm":[563,557],"duurzaam":[565],"productafmetingen":[568],"stijl":[574,571,575,573,572],"merk":[576],"materiaal":[608],"materiaal-schaaltje":[],"geur":[],"product-type":[],"beoordeling":[640,641,642],"uitsparingen":[],"houtsoort":[],"breedte":[],"badplanken-lengte":[],"kleur":[657,661],"class_list":{"0":"post-80994","1":"product","2":"type-product","3":"status-publish","4":"has-post-thumbnail","6":"product_cat-boheme-wohnzimmer","7":"product_cat-hotel-chic-wohnzimmer","8":"product_cat-japandi-wohnzimmer","9":"product_cat-kerzenstander-kerzenleuchter","10":"product_cat-landwohnzimmer","11":"product_cat-modernes-wohnzimmer","12":"product_cat-naturliche-tone","13":"product_cat-skandinavisches-wohnzimmer","14":"product_cat-wohnzimmer","15":"seizoen-lente-de","16":"seizoen-herfst-de","17":"seizoen-zomer-de","18":"seizoen-winter-de","19":"shop-per-kamer-hal-de","20":"shop-per-kamer-woonkamer-de","21":"indooroutdoor-indoor-de","22":"vorm-organisch-de","23":"vorm-rond-de","24":"duurzaam-ja-de","25":"productafmetingen-m-de","26":"stijl-bohemian-de","27":"stijl-hotel-chique-de","28":"stijl-japandi-de","29":"stijl-modern-de","30":"stijl-scandinavisch-de","31":"merk-industrialwood-de","32":"materiaal-glas-de","33":"beoordeling-three-star-de","34":"beoordeling-four-star-de","35":"beoordeling-five-star-de","36":"kleur-beige-de","37":"kleur-champagne-de","39":"first","40":"outofstock","41":"taxable","42":"shipping-taxable","43":"purchasable","44":"product-type-simple"},"supplier_id":null,"supplier_sku":"","barcode":null,"atum_controlled":true,"out_stock_date":"2025-12-01 00:18:11","out_stock_threshold":null,"inheritable":false,"inbound_stock":0,"stock_on_hold":0,"sold_today":0,"sales_last_days":0,"reserved_stock":0,"customer_returns":0,"warehouse_damage":0,"lost_in_post":0,"other_logs":0,"out_stock_days":138,"lost_sales":886,"has_location":false,"update_date":"2026-04-18T15:34:34","atum_locations":[],"atum_stock_status":"outofstock","restock_status":false,"low_stock_amount":"","sales_update_date":"2026-04-18T15:34:34","calc_backorders":null,"_links":{"self":[{"href":"https:\/\/www.industrialwood.nl\/de\/wp-json\/wp\/v2\/product\/80994","targetHints":{"allow":["GET"]}}],"collection":[{"href":"https:\/\/www.industrialwood.nl\/de\/wp-json\/wp\/v2\/product"}],"about":[{"href":"https:\/\/www.industrialwood.nl\/de\/wp-json\/wp\/v2\/types\/product"}],"replies":[{"embeddable":true,"href":"https:\/\/www.industrialwood.nl\/de\/wp-json\/wp\/v2\/comments?post=80994"}],"wp:featuredmedia":[{"embeddable":true,"href":"https:\/\/www.industrialwood.nl\/de\/wp-json\/wp\/v2\/media\/42764"}],"wp:attachment":[{"href":"https:\/\/www.industrialwood.nl\/de\/wp-json\/wp\/v2\/media?parent=80994"}],"wp:term":[{"taxonomy":"product_brand","embeddable":true,"href":"https:\/\/www.industrialwood.nl\/de\/wp-json\/wp\/v2\/product_brand?post=80994"},{"taxonomy":"product_cat","embeddable":true,"href":"https:\/\/www.industrialwood.nl\/de\/wp-json\/wp\/v2\/product_cat?post=80994"},{"taxonomy":"product_tag","embeddable":true,"href":"https:\/\/www.industrialwood.nl\/de\/wp-json\/wp\/v2\/product_tag?post=80994"},{"taxonomy":"seizoen","embeddable":true,"href":"https:\/\/www.industrialwood.nl\/de\/wp-json\/wp\/v2\/seizoen?post=80994"},{"taxonomy":"bloemensoort","embeddable":true,"href":"https:\/\/www.industrialwood.nl\/de\/wp-json\/wp\/v2\/bloemensoort?post=80994"},{"taxonomy":"samenstelling","embeddable":true,"href":"https:\/\/www.industrialwood.nl\/de\/wp-json\/wp\/v2\/samenstelling?post=80994"},{"taxonomy":"shop-per-kamer","embeddable":true,"href":"https:\/\/www.industrialwood.nl\/de\/wp-json\/wp\/v2\/shop-per-kamer?post=80994"},{"taxonomy":"indooroutdoor","embeddable":true,"href":"https:\/\/www.industrialwood.nl\/de\/wp-json\/wp\/v2\/indooroutdoor?post=80994"},{"taxonomy":"vorm","embeddable":true,"href":"https:\/\/www.industrialwood.nl\/de\/wp-json\/wp\/v2\/vorm?post=80994"},{"taxonomy":"duurzaam","embeddable":true,"href":"https:\/\/www.industrialwood.nl\/de\/wp-json\/wp\/v2\/duurzaam?post=80994"},{"taxonomy":"productafmetingen","embeddable":true,"href":"https:\/\/www.industrialwood.nl\/de\/wp-json\/wp\/v2\/productafmetingen?post=80994"},{"taxonomy":"stijl","embeddable":true,"href":"https:\/\/www.industrialwood.nl\/de\/wp-json\/wp\/v2\/stijl?post=80994"},{"taxonomy":"merk","embeddable":true,"href":"https:\/\/www.industrialwood.nl\/de\/wp-json\/wp\/v2\/merk?post=80994"},{"taxonomy":"materiaal","embeddable":true,"href":"https:\/\/www.industrialwood.nl\/de\/wp-json\/wp\/v2\/materiaal?post=80994"},{"taxonomy":"materiaal-schaaltje","embeddable":true,"href":"https:\/\/www.industrialwood.nl\/de\/wp-json\/wp\/v2\/materiaal-schaaltje?post=80994"},{"taxonomy":"geur","embeddable":true,"href":"https:\/\/www.industrialwood.nl\/de\/wp-json\/wp\/v2\/geur?post=80994"},{"taxonomy":"product-type","embeddable":true,"href":"https:\/\/www.industrialwood.nl\/de\/wp-json\/wp\/v2\/product-type?post=80994"},{"taxonomy":"beoordeling","embeddable":true,"href":"https:\/\/www.industrialwood.nl\/de\/wp-json\/wp\/v2\/beoordeling?post=80994"},{"taxonomy":"uitsparingen","embeddable":true,"href":"https:\/\/www.industrialwood.nl\/de\/wp-json\/wp\/v2\/uitsparingen?post=80994"},{"taxonomy":"houtsoort","embeddable":true,"href":"https:\/\/www.industrialwood.nl\/de\/wp-json\/wp\/v2\/houtsoort?post=80994"},{"taxonomy":"breedte","embeddable":true,"href":"https:\/\/www.industrialwood.nl\/de\/wp-json\/wp\/v2\/breedte?post=80994"},{"taxonomy":"badplanken-lengte","embeddable":true,"href":"https:\/\/www.industrialwood.nl\/de\/wp-json\/wp\/v2\/badplanken-lengte?post=80994"},{"taxonomy":"kleur","embeddable":true,"href":"https:\/\/www.industrialwood.nl\/de\/wp-json\/wp\/v2\/kleur?post=80994"}],"curies":[{"name":"wp","href":"https:\/\/api.w.org\/{rel}","templated":true}]}}