{"id":80633,"date":"2025-09-06T21:50:43","date_gmt":"2025-09-06T19:50:43","guid":{"rendered":"https:\/\/www.industrialwood.nl\/deal-set-tischkamin-bioethanol-waldduft-weiss\/"},"modified":"2026-01-12T11:25:52","modified_gmt":"2026-01-12T10:25:52","slug":"deal-set-tischkamin-bioethanol-waldduft-weiss","status":"publish","type":"product","link":"https:\/\/www.industrialwood.nl\/de\/deal-set-tischkamin-bioethanol-waldduft-weiss\/","title":{"rendered":"Deal Set Tischkamin | Bioethanol | Waldduft | Wei\u00df"},"content":{"rendered":"","protected":false},"excerpt":{"rendered":"<p data-start=\"0\" data-end=\"64\"><strong data-start=\"0\" data-end=\"64\">Dealset Tischkamin Rippen + Bioethanol mit Waldduft \ud83c\udf3f\ud83d\udd25<br \/>\n<\/strong>Verwandeln Sie jeden Abend in einen warmen und stimmungsvollen Moment mit diesem <strong>kompletten Dealset<\/strong>! Dieser stilvolle <strong>Tischkamin<\/strong> mit verspieltem Rippendesign in sanftem Beige ist ein echter Blickfang, sowohl drinnen als auch drau\u00dfen. Besonders sch\u00f6n: Sie erhalten gleich eine <strong>Flasche<\/strong> <strong>nach Wald duftendes<\/strong> <strong>Bio-Ethanol<\/strong> dazu! \ud83c\udf32\u2728Das Bio-Ethanol sorgt nicht nur f\u00fcr eine saubere und rauchfreie Verbrennung, sondern verbreitet auch einen dezenten frischen Waldduft, der Ihre Sinne anregt. Gem\u00fctlichkeit und Entspannung in einem! Schaffen Sie sich Ihre eigene gem\u00fctliche Stimmungsecke auf dem Tisch, auf Ihrem Balkon oder im Garten. Perfekt f\u00fcr lange Abende, gem\u00fctliche Abendessen oder einfach zum Entspannen.     <\/p>\n<p><em>Wie funktioniert das?<\/em><br \/>\nGanz einfach! F\u00fcllen Sie das Reservoir mit Bioethanol, stellen Sie den Ofen auf eine stabile Oberfl\u00e4che, z\u00fcnden Sie die Flamme an und stellen Sie das Glas darauf. Genie\u00dfen Sie sofort die sch\u00f6nen Flammen &#8211; ohne viel Aufhebens. Der hinzugef\u00fcgte <strong data-start=\"1478\" data-end=\"1489\">Waldduft<\/strong> sorgt au\u00dferdem f\u00fcr ein subtiles, nat\u00fcrliches Dufterlebnis.   <\/p>\n<p data-start=\"525\" data-end=\"561\"><strong data-start=\"525\" data-end=\"561\">Warum Sie dieses Set brauchen:<\/strong><\/p>\n<ul>\n<li data-start=\"917\" data-end=\"980\">Komplettset: Tischkamin + 1 Liter Bioethanol mit Waldduft<\/li>\n<li data-start=\"917\" data-end=\"980\">F\u00fcr den Innen- und Au\u00dfenbereich geeignet<\/li>\n<li data-start=\"917\" data-end=\"980\">Verbrennt sauber: kein Rauch, Ru\u00df oder Geruch<\/li>\n<li data-start=\"917\" data-end=\"980\">Hergestellt aus robuster Keramik und hitzebest\u00e4ndigem Glas<\/li>\n<li data-start=\"917\" data-end=\"980\">Sicher &amp; benutzerfreundlich: inklusive passender Flammensperre<\/li>\n<li data-start=\"917\" data-end=\"980\">Einzigartiges Geschenk f\u00fcr sich selbst oder jemand anderen<\/li>\n<\/ul>\n<p data-start=\"980\" data-end=\"1055\"><strong data-start=\"980\" data-end=\"1055\">Hinweis: <\/strong>Dieses Schn\u00e4ppchen-Set ist vor\u00fcbergehend besonders g\u00fcnstig, OP=OP!<\/p>\n<p><strong>Ma\u00dfe<\/strong>: 15 x 22 cm<br \/>\n<strong>Material<\/strong>: Glas | Edelstahl | Keramik (Dolomit)<br \/>\n<strong>Farbe<\/strong>: Wei\u00df<\/p>\n","protected":false},"featured_media":80631,"comment_status":"open","ping_status":"closed","template":"","meta":[],"product_brand":[],"product_cat":[400,715,686,418,402,424,420,395,422,396],"product_tag":[],"seizoen":[543,545,544,546],"bloemensoort":[],"samenstelling":[],"shop-per-kamer":[549],"indooroutdoor":[556,555],"vorm":[563,557,559],"duurzaam":[565],"productafmetingen":[],"stijl":[574,571,575,573,572],"merk":[601,576],"materiaal":[608,611],"materiaal-schaaltje":[],"geur":[],"product-type":[],"beoordeling":[640,641,642],"uitsparingen":[],"houtsoort":[],"breedte":[],"badplanken-lengte":[],"kleur":[659],"class_list":{"0":"post-80633","1":"product","2":"type-product","3":"status-publish","4":"has-post-thumbnail","6":"product_cat-boheme-wohnzimmer","7":"product_cat-das-set-kaufen","8":"product_cat-geschenk","9":"product_cat-hotel-chic-wohnzimmer","10":"product_cat-japandi-wohnzimmer","11":"product_cat-landwohnzimmer","12":"product_cat-modernes-wohnzimmer","13":"product_cat-naturliche-tone","14":"product_cat-skandinavisches-wohnzimmer","15":"product_cat-wohnzimmer","16":"seizoen-lente-de","17":"seizoen-herfst-de","18":"seizoen-zomer-de","19":"seizoen-winter-de","20":"shop-per-kamer-woonkamer-de","21":"indooroutdoor-outdoor-de","22":"indooroutdoor-indoor-de","23":"vorm-organisch-de","24":"vorm-rond-de","25":"vorm-cilinder-de","26":"duurzaam-ja-de","27":"stijl-bohemian-de","28":"stijl-hotel-chique-de","29":"stijl-japandi-de","30":"stijl-modern-de","31":"stijl-scandinavisch-de","32":"merk-gusta-de","33":"merk-industrialwood-de","34":"materiaal-glas-de","35":"materiaal-keramiek-de","36":"beoordeling-three-star-de","37":"beoordeling-four-star-de","38":"beoordeling-five-star-de","39":"kleur-wit-de","41":"first","42":"outofstock","43":"sale","44":"taxable","45":"shipping-taxable","46":"purchasable","47":"product-type-simple"},"supplier_id":null,"supplier_sku":"","barcode":null,"atum_controlled":true,"out_stock_date":"2026-01-08 18:07:24","out_stock_threshold":null,"inheritable":false,"inbound_stock":0,"stock_on_hold":0,"sold_today":0,"sales_last_days":0,"reserved_stock":0,"customer_returns":0,"warehouse_damage":0,"lost_in_post":0,"other_logs":0,"out_stock_days":98,"lost_sales":601,"has_location":false,"update_date":"2026-04-17T11:34:58","atum_locations":[],"atum_stock_status":"outofstock","restock_status":false,"low_stock_amount":"","sales_update_date":"2026-04-17T11:34:58","calc_backorders":null,"_links":{"self":[{"href":"https:\/\/www.industrialwood.nl\/de\/wp-json\/wp\/v2\/product\/80633","targetHints":{"allow":["GET"]}}],"collection":[{"href":"https:\/\/www.industrialwood.nl\/de\/wp-json\/wp\/v2\/product"}],"about":[{"href":"https:\/\/www.industrialwood.nl\/de\/wp-json\/wp\/v2\/types\/product"}],"replies":[{"embeddable":true,"href":"https:\/\/www.industrialwood.nl\/de\/wp-json\/wp\/v2\/comments?post=80633"}],"wp:featuredmedia":[{"embeddable":true,"href":"https:\/\/www.industrialwood.nl\/de\/wp-json\/wp\/v2\/media\/80631"}],"wp:attachment":[{"href":"https:\/\/www.industrialwood.nl\/de\/wp-json\/wp\/v2\/media?parent=80633"}],"wp:term":[{"taxonomy":"product_brand","embeddable":true,"href":"https:\/\/www.industrialwood.nl\/de\/wp-json\/wp\/v2\/product_brand?post=80633"},{"taxonomy":"product_cat","embeddable":true,"href":"https:\/\/www.industrialwood.nl\/de\/wp-json\/wp\/v2\/product_cat?post=80633"},{"taxonomy":"product_tag","embeddable":true,"href":"https:\/\/www.industrialwood.nl\/de\/wp-json\/wp\/v2\/product_tag?post=80633"},{"taxonomy":"seizoen","embeddable":true,"href":"https:\/\/www.industrialwood.nl\/de\/wp-json\/wp\/v2\/seizoen?post=80633"},{"taxonomy":"bloemensoort","embeddable":true,"href":"https:\/\/www.industrialwood.nl\/de\/wp-json\/wp\/v2\/bloemensoort?post=80633"},{"taxonomy":"samenstelling","embeddable":true,"href":"https:\/\/www.industrialwood.nl\/de\/wp-json\/wp\/v2\/samenstelling?post=80633"},{"taxonomy":"shop-per-kamer","embeddable":true,"href":"https:\/\/www.industrialwood.nl\/de\/wp-json\/wp\/v2\/shop-per-kamer?post=80633"},{"taxonomy":"indooroutdoor","embeddable":true,"href":"https:\/\/www.industrialwood.nl\/de\/wp-json\/wp\/v2\/indooroutdoor?post=80633"},{"taxonomy":"vorm","embeddable":true,"href":"https:\/\/www.industrialwood.nl\/de\/wp-json\/wp\/v2\/vorm?post=80633"},{"taxonomy":"duurzaam","embeddable":true,"href":"https:\/\/www.industrialwood.nl\/de\/wp-json\/wp\/v2\/duurzaam?post=80633"},{"taxonomy":"productafmetingen","embeddable":true,"href":"https:\/\/www.industrialwood.nl\/de\/wp-json\/wp\/v2\/productafmetingen?post=80633"},{"taxonomy":"stijl","embeddable":true,"href":"https:\/\/www.industrialwood.nl\/de\/wp-json\/wp\/v2\/stijl?post=80633"},{"taxonomy":"merk","embeddable":true,"href":"https:\/\/www.industrialwood.nl\/de\/wp-json\/wp\/v2\/merk?post=80633"},{"taxonomy":"materiaal","embeddable":true,"href":"https:\/\/www.industrialwood.nl\/de\/wp-json\/wp\/v2\/materiaal?post=80633"},{"taxonomy":"materiaal-schaaltje","embeddable":true,"href":"https:\/\/www.industrialwood.nl\/de\/wp-json\/wp\/v2\/materiaal-schaaltje?post=80633"},{"taxonomy":"geur","embeddable":true,"href":"https:\/\/www.industrialwood.nl\/de\/wp-json\/wp\/v2\/geur?post=80633"},{"taxonomy":"product-type","embeddable":true,"href":"https:\/\/www.industrialwood.nl\/de\/wp-json\/wp\/v2\/product-type?post=80633"},{"taxonomy":"beoordeling","embeddable":true,"href":"https:\/\/www.industrialwood.nl\/de\/wp-json\/wp\/v2\/beoordeling?post=80633"},{"taxonomy":"uitsparingen","embeddable":true,"href":"https:\/\/www.industrialwood.nl\/de\/wp-json\/wp\/v2\/uitsparingen?post=80633"},{"taxonomy":"houtsoort","embeddable":true,"href":"https:\/\/www.industrialwood.nl\/de\/wp-json\/wp\/v2\/houtsoort?post=80633"},{"taxonomy":"breedte","embeddable":true,"href":"https:\/\/www.industrialwood.nl\/de\/wp-json\/wp\/v2\/breedte?post=80633"},{"taxonomy":"badplanken-lengte","embeddable":true,"href":"https:\/\/www.industrialwood.nl\/de\/wp-json\/wp\/v2\/badplanken-lengte?post=80633"},{"taxonomy":"kleur","embeddable":true,"href":"https:\/\/www.industrialwood.nl\/de\/wp-json\/wp\/v2\/kleur?post=80633"}],"curies":[{"name":"wp","href":"https:\/\/api.w.org\/{rel}","templated":true}]}}