{"id":79395,"date":"2025-08-20T11:06:22","date_gmt":"2025-08-20T09:06:22","guid":{"rendered":"https:\/\/www.industrialwood.nl\/?post_type=product&#038;p=79395"},"modified":"2026-01-12T11:28:09","modified_gmt":"2026-01-12T10:28:09","slug":"kompletter-satz-quincy-kopie","status":"publish","type":"product","link":"https:\/\/www.industrialwood.nl\/de\/kompletter-satz-quincy-kopie\/","title":{"rendered":"Komplettset | Elle"},"content":{"rendered":"","protected":false},"excerpt":{"rendered":"<p data-start=\"231\" data-end=\"496\"><strong>Komplettes Set in Beige &#8211; Elle \ud83e\udd0d<\/strong><br \/>\nDieses wundersch\u00f6n <strong data-start=\"246\" data-end=\"267\">zusammengestellte Set<\/strong>, das von unserer Innenarchitektin gestaltet wurde, bringt sofort Atmosph\u00e4re und Stil in Ihr Zuhause. Das in sanften Beiget\u00f6nen gehaltene <strong>Komplettset Elle<\/strong> schafft einen warmen, eleganten Look, der perfekt in jede Einrichtung passt. Dank der perfekten Kombination aus den Tasman Vasen in einem matten Beige (eine sehr beliebte Farbe) und einem wei\u00dfen Seidenbl\u00fctenzweig haben Sie mit einem Schlag einen komplett durchgestylten Look, ideal f\u00fcr Ihren Couchtisch, Esstisch oder Ihr Sideboard.<\/p>\n<ul>\n<li>Normalerweise kosten diese Produkte einzeln \u20ac60,85 &#8211; <strong>jetzt im Set f\u00fcr \u20ac53,95 \ud83d\udd25.<\/strong><\/li>\n<\/ul>\n<p data-start=\"679\" data-end=\"703\"><strong data-start=\"679\" data-end=\"701\">Inhalt des Sets:<\/strong><\/p>\n<ul>\n<li data-start=\"706\" data-end=\"716\">1x Tasman Vase matt beige XS<\/li>\n<li>1x Tasman Vase matt beige M<\/li>\n<li data-start=\"706\" data-end=\"716\">1\u00d7 Seidenbl\u00fctenzweig<\/li>\n<\/ul>\n<p data-start=\"760\" data-end=\"922\">Mit diesem Bundle profitieren Sie von einem <strong data-start=\"797\" data-end=\"823\">besonders g\u00fcnstigen Setpreis <\/strong>und k\u00f6nnen sicher sein, dass alles wunderbar zusammenpasst. Auspacken, hinstellen und genie\u00dfen! \u2728<br \/>\n<em><strong>Tipp<\/strong>: Kombinieren Sie das Set wunderbar mit dem <a href=\"https:\/\/www.industrialwood.nl\/dienblad-organisch-bean-sand-s-2\/\">Sandbohnentablett<\/a> oder dem <a href=\"https:\/\/www.industrialwood.nl\/dienblad-schaal-japandi-organisch-hout\/\">Bio-Walnusstablett<\/a>.<\/em><\/p>\n<p><strong>Abmessungen<\/strong>: <strong>XS Vase<\/strong>: 13 x 12 cm | <strong>M Vase<\/strong>: 18 x 20 cm | <strong>Bl\u00fcte<\/strong>: 85 cm<br \/>\n<strong>Material<\/strong>: Glas<br \/>\n<strong>Farben<\/strong>: Beige | Wei\u00df<\/p>\n","protected":false},"featured_media":83785,"comment_status":"open","ping_status":"closed","template":"","meta":[],"product_brand":[],"product_cat":[715,740,738],"product_tag":[],"seizoen":[543,545,544,546],"bloemensoort":[],"samenstelling":[],"shop-per-kamer":[549],"indooroutdoor":[555],"vorm":[563,557],"duurzaam":[565],"productafmetingen":[569,568,567,570,566],"stijl":[574,571,575,573,572],"merk":[582,576,588],"materiaal":[608],"materiaal-schaaltje":[],"geur":[],"product-type":[],"beoordeling":[640,641,642],"uitsparingen":[],"houtsoort":[],"breedte":[],"badplanken-lengte":[],"kleur":[657],"class_list":{"0":"post-79395","1":"product","2":"type-product","3":"status-publish","4":"has-post-thumbnail","6":"product_cat-das-set-kaufen","7":"product_cat-schwarzer-freitag-2","8":"product_cat-tasmanische-vasen","9":"seizoen-lente-de","10":"seizoen-herfst-de","11":"seizoen-zomer-de","12":"seizoen-winter-de","13":"shop-per-kamer-woonkamer-de","14":"indooroutdoor-indoor-de","15":"vorm-organisch-de","16":"vorm-rond-de","17":"duurzaam-ja-de","18":"productafmetingen-l-de","19":"productafmetingen-m-de","20":"productafmetingen-s-de","21":"productafmetingen-xl-de","22":"productafmetingen-xs-de","23":"stijl-bohemian-de","24":"stijl-hotel-chique-de","25":"stijl-japandi-de","26":"stijl-modern-de","27":"stijl-scandinavisch-de","28":"merk-deluxe-homeart-de","29":"merk-industrialwood-de","30":"merk-vase-the-world-de","31":"materiaal-glas-de","32":"beoordeling-three-star-de","33":"beoordeling-four-star-de","34":"beoordeling-five-star-de","35":"kleur-beige-de","37":"first","38":"outofstock","39":"sale","40":"taxable","41":"shipping-taxable","42":"purchasable","43":"product-type-simple"},"supplier_id":null,"supplier_sku":"","barcode":null,"atum_controlled":true,"out_stock_date":"2026-01-10 22:41:03","out_stock_threshold":null,"inheritable":false,"inbound_stock":0,"stock_on_hold":0,"sold_today":0,"sales_last_days":0,"reserved_stock":0,"customer_returns":0,"warehouse_damage":0,"lost_in_post":0,"other_logs":0,"out_stock_days":93,"lost_sales":1643,"has_location":false,"update_date":"2026-04-14T19:52:47","atum_locations":[],"atum_stock_status":"outofstock","restock_status":false,"low_stock_amount":"","sales_update_date":"2026-04-14T19:52:47","calc_backorders":null,"_links":{"self":[{"href":"https:\/\/www.industrialwood.nl\/de\/wp-json\/wp\/v2\/product\/79395","targetHints":{"allow":["GET"]}}],"collection":[{"href":"https:\/\/www.industrialwood.nl\/de\/wp-json\/wp\/v2\/product"}],"about":[{"href":"https:\/\/www.industrialwood.nl\/de\/wp-json\/wp\/v2\/types\/product"}],"replies":[{"embeddable":true,"href":"https:\/\/www.industrialwood.nl\/de\/wp-json\/wp\/v2\/comments?post=79395"}],"wp:featuredmedia":[{"embeddable":true,"href":"https:\/\/www.industrialwood.nl\/de\/wp-json\/wp\/v2\/media\/83785"}],"wp:attachment":[{"href":"https:\/\/www.industrialwood.nl\/de\/wp-json\/wp\/v2\/media?parent=79395"}],"wp:term":[{"taxonomy":"product_brand","embeddable":true,"href":"https:\/\/www.industrialwood.nl\/de\/wp-json\/wp\/v2\/product_brand?post=79395"},{"taxonomy":"product_cat","embeddable":true,"href":"https:\/\/www.industrialwood.nl\/de\/wp-json\/wp\/v2\/product_cat?post=79395"},{"taxonomy":"product_tag","embeddable":true,"href":"https:\/\/www.industrialwood.nl\/de\/wp-json\/wp\/v2\/product_tag?post=79395"},{"taxonomy":"seizoen","embeddable":true,"href":"https:\/\/www.industrialwood.nl\/de\/wp-json\/wp\/v2\/seizoen?post=79395"},{"taxonomy":"bloemensoort","embeddable":true,"href":"https:\/\/www.industrialwood.nl\/de\/wp-json\/wp\/v2\/bloemensoort?post=79395"},{"taxonomy":"samenstelling","embeddable":true,"href":"https:\/\/www.industrialwood.nl\/de\/wp-json\/wp\/v2\/samenstelling?post=79395"},{"taxonomy":"shop-per-kamer","embeddable":true,"href":"https:\/\/www.industrialwood.nl\/de\/wp-json\/wp\/v2\/shop-per-kamer?post=79395"},{"taxonomy":"indooroutdoor","embeddable":true,"href":"https:\/\/www.industrialwood.nl\/de\/wp-json\/wp\/v2\/indooroutdoor?post=79395"},{"taxonomy":"vorm","embeddable":true,"href":"https:\/\/www.industrialwood.nl\/de\/wp-json\/wp\/v2\/vorm?post=79395"},{"taxonomy":"duurzaam","embeddable":true,"href":"https:\/\/www.industrialwood.nl\/de\/wp-json\/wp\/v2\/duurzaam?post=79395"},{"taxonomy":"productafmetingen","embeddable":true,"href":"https:\/\/www.industrialwood.nl\/de\/wp-json\/wp\/v2\/productafmetingen?post=79395"},{"taxonomy":"stijl","embeddable":true,"href":"https:\/\/www.industrialwood.nl\/de\/wp-json\/wp\/v2\/stijl?post=79395"},{"taxonomy":"merk","embeddable":true,"href":"https:\/\/www.industrialwood.nl\/de\/wp-json\/wp\/v2\/merk?post=79395"},{"taxonomy":"materiaal","embeddable":true,"href":"https:\/\/www.industrialwood.nl\/de\/wp-json\/wp\/v2\/materiaal?post=79395"},{"taxonomy":"materiaal-schaaltje","embeddable":true,"href":"https:\/\/www.industrialwood.nl\/de\/wp-json\/wp\/v2\/materiaal-schaaltje?post=79395"},{"taxonomy":"geur","embeddable":true,"href":"https:\/\/www.industrialwood.nl\/de\/wp-json\/wp\/v2\/geur?post=79395"},{"taxonomy":"product-type","embeddable":true,"href":"https:\/\/www.industrialwood.nl\/de\/wp-json\/wp\/v2\/product-type?post=79395"},{"taxonomy":"beoordeling","embeddable":true,"href":"https:\/\/www.industrialwood.nl\/de\/wp-json\/wp\/v2\/beoordeling?post=79395"},{"taxonomy":"uitsparingen","embeddable":true,"href":"https:\/\/www.industrialwood.nl\/de\/wp-json\/wp\/v2\/uitsparingen?post=79395"},{"taxonomy":"houtsoort","embeddable":true,"href":"https:\/\/www.industrialwood.nl\/de\/wp-json\/wp\/v2\/houtsoort?post=79395"},{"taxonomy":"breedte","embeddable":true,"href":"https:\/\/www.industrialwood.nl\/de\/wp-json\/wp\/v2\/breedte?post=79395"},{"taxonomy":"badplanken-lengte","embeddable":true,"href":"https:\/\/www.industrialwood.nl\/de\/wp-json\/wp\/v2\/badplanken-lengte?post=79395"},{"taxonomy":"kleur","embeddable":true,"href":"https:\/\/www.industrialwood.nl\/de\/wp-json\/wp\/v2\/kleur?post=79395"}],"curies":[{"name":"wp","href":"https:\/\/api.w.org\/{rel}","templated":true}]}}