{"id":79127,"date":"2025-08-17T18:34:14","date_gmt":"2025-08-17T16:34:14","guid":{"rendered":"https:\/\/www.industrialwood.nl\/?post_type=product&#038;p=79127"},"modified":"2026-01-12T11:28:11","modified_gmt":"2026-01-12T10:28:11","slug":"kompletter-satz-olivia-kopie","status":"publish","type":"product","link":"https:\/\/www.industrialwood.nl\/de\/kompletter-satz-olivia-kopie\/","title":{"rendered":"Komplettset | Sophie"},"content":{"rendered":"","protected":false},"excerpt":{"rendered":"<p data-start=\"133\" data-end=\"178\"><strong>Tasman Smokey Black Set mit LED-Kerzen \ud83d\udda4<\/strong><br \/>\nSind Sie auf der Suche nach einem Set, das sofort Atmosph\u00e4re und Eleganz in Ihr Interieur bringt? Das gro\u00dfe Tasman Smokey Black Set ist die perfekte Mischung aus k\u00fchn und stilvoll. Dieses komplette Set besteht aus den eleganten Tasman Pear Vasen (XS, M und L) in der Farbe Smokey Black, kombiniert mit zwei LED-Teelichtern Sand (M) und zwei LED-Kerzen Sand (S) von Deluxe Homeart. Zusammen sorgen sie f\u00fcr einen luxuri\u00f6sen Look und eine warme, gem\u00fctliche Atmosph\u00e4re.     <\/p>\n<p data-start=\"616\" data-end=\"988\">Ob Sie nun ein modernes, industrielles oder schickes Landhausinterieur haben, dieses Set ist immer eine wunderbare Erg\u00e4nzung. Der tiefschwarze Farbton der Vasen bietet einen starken Kontrast, w\u00e4hrend das weiche LED-Licht in Sand f\u00fcr W\u00e4rme und Ausgeglichenheit sorgt. Mit diesem Bundle entscheiden Sie sich f\u00fcr einen kompletten Look, einen attraktiven Setpreis und die Gewissheit, dass alles perfekt zusammenpasst.  <\/p>\n<ul>\n<li>Normalerweise kosten diese Produkte einzeln \u20ac 162,70 &#8211; <strong>jetzt im Set f\u00fcr \u20ac 154,95<\/strong><\/li>\n<li data-start=\"990\" data-end=\"1105\">Das Set ist auch erh\u00e4ltlich in <strong><a href=\"https:\/\/www.industrialwood.nl\/complete-set-olivia\/\">Smokey taupe<\/a><\/strong><\/li>\n<\/ul>\n<h4 data-start=\"1107\" data-end=\"1132\">Inhalt des Sets:<\/h4>\n<ul>\n<li data-start=\"1135\" data-end=\"1162\">1\u00d7 Tasman Smokey Schwarz XS<\/li>\n<li data-start=\"1135\" data-end=\"1162\">1x Tasman Smokey Schwarz M<\/li>\n<li data-start=\"1135\" data-end=\"1162\">1\u00d7 Tasman Smokey Schwarz L<\/li>\n<li data-start=\"1135\" data-end=\"1162\">2\u00d7 LED Kerze S<\/li>\n<li data-start=\"1135\" data-end=\"1162\">2\u00d7 LED Teelicht M (verpackt pro 2 &#8211; auf dem Bild sehen Sie 1 Teelicht, aber Sie erhalten 2)<\/li>\n<\/ul>\n<p data-start=\"1345\" data-end=\"1561\"><em>Jede Vase ist mundgeblasen und handgefertigt aus hochwertigem Recyclingglas. Daher ist jede Vase ein Unikat, das durch subtile Unvollkommenheiten wie kleine Blasen oder Linien seinen handwerklichen Charme unterstreicht. <\/em><\/p>\n<p><strong>Abmessungen<\/strong>: <strong>XS Vase<\/strong>: 13 x 12 cm | <strong>M Vase<\/strong>: 20 x 22 cm | <strong>L Vase <\/strong>: 26 x 28 cm, <strong>LED Teelichter Sand M<\/strong>: 6 \u00d7 7,5 cm, <strong>LED Kerzen Sand S<\/strong>: 7,5 \u00d7 10 cm<br \/>\n<strong>Material<\/strong>: Glas (Vase), Wachs\u00fcberzug mit echter Flamme (LED-Kerzen)<br \/>\n<strong>Farben<\/strong>: Smokey Taupe (Vase), Sand (LED-Kerzen\/Leuchtmittel)<\/p>\n","protected":false},"featured_media":54002,"comment_status":"open","ping_status":"closed","template":"","meta":[],"product_brand":[],"product_cat":[715,740,738],"product_tag":[],"seizoen":[543,545,544,546],"bloemensoort":[],"samenstelling":[],"shop-per-kamer":[549],"indooroutdoor":[],"vorm":[557],"duurzaam":[565],"productafmetingen":[569,568,566],"stijl":[574,571,575,573,572],"merk":[582,588],"materiaal":[608,615],"materiaal-schaaltje":[],"geur":[],"product-type":[],"beoordeling":[640,641,642],"uitsparingen":[],"houtsoort":[],"breedte":[],"badplanken-lengte":[],"kleur":[656],"class_list":{"0":"post-79127","1":"product","2":"type-product","3":"status-publish","4":"has-post-thumbnail","6":"product_cat-das-set-kaufen","7":"product_cat-schwarzer-freitag-2","8":"product_cat-tasmanische-vasen","9":"seizoen-lente-de","10":"seizoen-herfst-de","11":"seizoen-zomer-de","12":"seizoen-winter-de","13":"shop-per-kamer-woonkamer-de","14":"vorm-rond-de","15":"duurzaam-ja-de","16":"productafmetingen-l-de","17":"productafmetingen-m-de","18":"productafmetingen-xs-de","19":"stijl-bohemian-de","20":"stijl-hotel-chique-de","21":"stijl-japandi-de","22":"stijl-modern-de","23":"stijl-scandinavisch-de","24":"merk-deluxe-homeart-de","25":"merk-vase-the-world-de","26":"materiaal-glas-de","27":"materiaal-wax-de","28":"beoordeling-three-star-de","29":"beoordeling-four-star-de","30":"beoordeling-five-star-de","31":"kleur-zwart-de","33":"first","34":"instock","35":"sale","36":"taxable","37":"shipping-taxable","38":"purchasable","39":"product-type-simple"},"supplier_id":null,"supplier_sku":"","barcode":null,"atum_controlled":true,"out_stock_date":null,"out_stock_threshold":null,"inheritable":false,"inbound_stock":0,"stock_on_hold":0,"sold_today":0,"sales_last_days":0,"reserved_stock":0,"customer_returns":0,"warehouse_damage":0,"lost_in_post":0,"other_logs":0,"out_stock_days":0,"lost_sales":0,"has_location":false,"update_date":"2026-04-14T19:52:47","atum_locations":[],"atum_stock_status":"instock","restock_status":false,"low_stock_amount":"","sales_update_date":"2026-04-14T19:52:47","calc_backorders":null,"_links":{"self":[{"href":"https:\/\/www.industrialwood.nl\/de\/wp-json\/wp\/v2\/product\/79127","targetHints":{"allow":["GET"]}}],"collection":[{"href":"https:\/\/www.industrialwood.nl\/de\/wp-json\/wp\/v2\/product"}],"about":[{"href":"https:\/\/www.industrialwood.nl\/de\/wp-json\/wp\/v2\/types\/product"}],"replies":[{"embeddable":true,"href":"https:\/\/www.industrialwood.nl\/de\/wp-json\/wp\/v2\/comments?post=79127"}],"wp:featuredmedia":[{"embeddable":true,"href":"https:\/\/www.industrialwood.nl\/de\/wp-json\/wp\/v2\/media\/54002"}],"wp:attachment":[{"href":"https:\/\/www.industrialwood.nl\/de\/wp-json\/wp\/v2\/media?parent=79127"}],"wp:term":[{"taxonomy":"product_brand","embeddable":true,"href":"https:\/\/www.industrialwood.nl\/de\/wp-json\/wp\/v2\/product_brand?post=79127"},{"taxonomy":"product_cat","embeddable":true,"href":"https:\/\/www.industrialwood.nl\/de\/wp-json\/wp\/v2\/product_cat?post=79127"},{"taxonomy":"product_tag","embeddable":true,"href":"https:\/\/www.industrialwood.nl\/de\/wp-json\/wp\/v2\/product_tag?post=79127"},{"taxonomy":"seizoen","embeddable":true,"href":"https:\/\/www.industrialwood.nl\/de\/wp-json\/wp\/v2\/seizoen?post=79127"},{"taxonomy":"bloemensoort","embeddable":true,"href":"https:\/\/www.industrialwood.nl\/de\/wp-json\/wp\/v2\/bloemensoort?post=79127"},{"taxonomy":"samenstelling","embeddable":true,"href":"https:\/\/www.industrialwood.nl\/de\/wp-json\/wp\/v2\/samenstelling?post=79127"},{"taxonomy":"shop-per-kamer","embeddable":true,"href":"https:\/\/www.industrialwood.nl\/de\/wp-json\/wp\/v2\/shop-per-kamer?post=79127"},{"taxonomy":"indooroutdoor","embeddable":true,"href":"https:\/\/www.industrialwood.nl\/de\/wp-json\/wp\/v2\/indooroutdoor?post=79127"},{"taxonomy":"vorm","embeddable":true,"href":"https:\/\/www.industrialwood.nl\/de\/wp-json\/wp\/v2\/vorm?post=79127"},{"taxonomy":"duurzaam","embeddable":true,"href":"https:\/\/www.industrialwood.nl\/de\/wp-json\/wp\/v2\/duurzaam?post=79127"},{"taxonomy":"productafmetingen","embeddable":true,"href":"https:\/\/www.industrialwood.nl\/de\/wp-json\/wp\/v2\/productafmetingen?post=79127"},{"taxonomy":"stijl","embeddable":true,"href":"https:\/\/www.industrialwood.nl\/de\/wp-json\/wp\/v2\/stijl?post=79127"},{"taxonomy":"merk","embeddable":true,"href":"https:\/\/www.industrialwood.nl\/de\/wp-json\/wp\/v2\/merk?post=79127"},{"taxonomy":"materiaal","embeddable":true,"href":"https:\/\/www.industrialwood.nl\/de\/wp-json\/wp\/v2\/materiaal?post=79127"},{"taxonomy":"materiaal-schaaltje","embeddable":true,"href":"https:\/\/www.industrialwood.nl\/de\/wp-json\/wp\/v2\/materiaal-schaaltje?post=79127"},{"taxonomy":"geur","embeddable":true,"href":"https:\/\/www.industrialwood.nl\/de\/wp-json\/wp\/v2\/geur?post=79127"},{"taxonomy":"product-type","embeddable":true,"href":"https:\/\/www.industrialwood.nl\/de\/wp-json\/wp\/v2\/product-type?post=79127"},{"taxonomy":"beoordeling","embeddable":true,"href":"https:\/\/www.industrialwood.nl\/de\/wp-json\/wp\/v2\/beoordeling?post=79127"},{"taxonomy":"uitsparingen","embeddable":true,"href":"https:\/\/www.industrialwood.nl\/de\/wp-json\/wp\/v2\/uitsparingen?post=79127"},{"taxonomy":"houtsoort","embeddable":true,"href":"https:\/\/www.industrialwood.nl\/de\/wp-json\/wp\/v2\/houtsoort?post=79127"},{"taxonomy":"breedte","embeddable":true,"href":"https:\/\/www.industrialwood.nl\/de\/wp-json\/wp\/v2\/breedte?post=79127"},{"taxonomy":"badplanken-lengte","embeddable":true,"href":"https:\/\/www.industrialwood.nl\/de\/wp-json\/wp\/v2\/badplanken-lengte?post=79127"},{"taxonomy":"kleur","embeddable":true,"href":"https:\/\/www.industrialwood.nl\/de\/wp-json\/wp\/v2\/kleur?post=79127"}],"curies":[{"name":"wp","href":"https:\/\/api.w.org\/{rel}","templated":true}]}}