{"id":78968,"date":"2025-08-15T15:18:47","date_gmt":"2025-08-15T13:18:47","guid":{"rendered":"https:\/\/www.industrialwood.nl\/kompletter-satz-olivia\/"},"modified":"2026-01-12T11:29:14","modified_gmt":"2026-01-12T10:29:14","slug":"kompletter-satz-olivia","status":"publish","type":"product","link":"https:\/\/www.industrialwood.nl\/de\/kompletter-satz-olivia\/","title":{"rendered":"Kompletter Satz | Olivia"},"content":{"rendered":"","protected":false},"excerpt":{"rendered":"<p><strong>Tasman Smokey Taupe Set mit LED-Kerzen<br \/>\n<\/strong>Sind Sie auf der Suche nach einem Set, das sofort W\u00e4rme und Atmosph\u00e4re in Ihr Interieur bringt? Das gro\u00dfe Tasman Smokey Taupe Set ist die perfekte Kombination aus Stil und Gem\u00fctlichkeit. Dieses komplette Set besteht aus den eleganten Vasen Tasman Pear (XS, M und L) und zwei LED-Teelichtern Sand (M) und zwei LED-Kerzen Sand (S) von Deluxe Homeart. Zusammen ergeben sie einen harmonischen Look, der Ihr Interieur erstrahlen l\u00e4sst \ud83e\udd0e.     <\/p>\n<p>Ob Sie nun ein modernes, skandinavisches oder warmes Landhausinterieur haben, dieses Set passt perfekt in jeden Wohnstil. Die sanfte Taupe-Farbe und das subtile LED-Licht schaffen sofort eine luxuri\u00f6se und einladende Atmosph\u00e4re \u2728 Mit diesem Bundle profitieren Sie von einem tollen Set-Preis und k\u00f6nnen sicher sein, dass alle Artikel perfekt zueinander passen. <\/p>\n<ul>\n<li>Normalerweise kosten diese Produkte einzeln \u20ac 162,70 &#8211; <strong>jetzt im Set f\u00fcr \u20ac 154,95<\/strong><\/li>\n<li>Auch in Smokey Black erh\u00e4ltlich.<\/li>\n<\/ul>\n<p>&nbsp;<\/p>\n<p data-start=\"287\" data-end=\"311\"><strong data-start=\"287\" data-end=\"309\">Inhalt des Sets:<\/strong><\/p>\n<ul>\n<li data-start=\"314\" data-end=\"341\">1\u00d7 Tasman Smokey Taupe XS<\/li>\n<li data-start=\"314\" data-end=\"341\">1\u00d7 Tasman Smokey Taupe M<\/li>\n<li data-start=\"314\" data-end=\"341\">1\u00d7 Tasman Smokey Taupe L<\/li>\n<li data-start=\"314\" data-end=\"341\">2\u00d7 LED Kerze S<\/li>\n<li data-start=\"314\" data-end=\"341\">2\u00d7 LED Teelicht M (verpackt pro 2 &#8211; auf dem Bild sehen Sie 1 Teelicht, aber Sie erhalten 2)<\/li>\n<\/ul>\n<p>&nbsp;<\/p>\n<p><em>Jede Vase ist mundgeblasen und handgefertigt aus hochwertigem recyceltem Glas. Das macht jede Vase einzigartig, mit charmanten Unvollkommenheiten wie kleinen Blasen oder Linien. Das ist genau das, was ihr zus\u00e4tzlichen Charakter und einen traditionellen Look verleiht.  <\/em><\/p>\n<p><strong>Abmessungen<\/strong>: <strong>XS Vase<\/strong>: 13 x 12 cm | <strong>M Vase<\/strong>: 20 x 22 cm | <strong>L Vase <\/strong>: 26 x 28 cm, <strong>LED Teelichter Sand M<\/strong>: 6 \u00d7 7,5 cm, <strong>LED Kerzen Sand S<\/strong>: 7,5 \u00d7 10 cm<br \/>\n<strong>Material<\/strong>: Glas (Vase), Wachs\u00fcberzug mit echter Flamme (LED-Kerzen)<br \/>\n<strong>Farben<\/strong>: Smokey Taupe (Vase), Sand (LED-Kerzen\/Leuchtmittel)<\/p>\n","protected":false},"featured_media":54012,"comment_status":"open","ping_status":"closed","template":"","meta":[],"product_brand":[],"product_cat":[715,740,738],"product_tag":[],"seizoen":[543,545,544,546],"bloemensoort":[],"samenstelling":[],"shop-per-kamer":[549],"indooroutdoor":[],"vorm":[557],"duurzaam":[565],"productafmetingen":[569,568,566],"stijl":[574,571,575,573,572],"merk":[582,588],"materiaal":[608,615],"materiaal-schaaltje":[],"geur":[],"product-type":[],"beoordeling":[640,641,642],"uitsparingen":[],"houtsoort":[],"breedte":[],"badplanken-lengte":[],"kleur":[657,663,666],"class_list":{"0":"post-78968","1":"product","2":"type-product","3":"status-publish","4":"has-post-thumbnail","6":"product_cat-das-set-kaufen","7":"product_cat-schwarzer-freitag-2","8":"product_cat-tasmanische-vasen","9":"seizoen-lente-de","10":"seizoen-herfst-de","11":"seizoen-zomer-de","12":"seizoen-winter-de","13":"shop-per-kamer-woonkamer-de","14":"vorm-rond-de","15":"duurzaam-ja-de","16":"productafmetingen-l-de","17":"productafmetingen-m-de","18":"productafmetingen-xs-de","19":"stijl-bohemian-de","20":"stijl-hotel-chique-de","21":"stijl-japandi-de","22":"stijl-modern-de","23":"stijl-scandinavisch-de","24":"merk-deluxe-homeart-de","25":"merk-vase-the-world-de","26":"materiaal-glas-de","27":"materiaal-wax-de","28":"beoordeling-three-star-de","29":"beoordeling-four-star-de","30":"beoordeling-five-star-de","31":"kleur-beige-de","32":"kleur-bruin-de","33":"kleur-taupe-de","35":"first","36":"instock","37":"sale","38":"taxable","39":"shipping-taxable","40":"purchasable","41":"product-type-simple"},"supplier_id":null,"supplier_sku":"","barcode":null,"atum_controlled":true,"out_stock_date":"2026-01-03 22:44:30","out_stock_threshold":null,"inheritable":false,"inbound_stock":0,"stock_on_hold":1,"sold_today":0,"sales_last_days":5,"reserved_stock":0,"customer_returns":0,"warehouse_damage":0,"lost_in_post":0,"other_logs":0,"out_stock_days":100,"lost_sales":9297,"has_location":false,"update_date":"2026-04-14T19:52:47","atum_locations":[],"atum_stock_status":"instock","restock_status":false,"low_stock_amount":"","sales_update_date":"2026-04-14T19:52:47","calc_backorders":null,"_links":{"self":[{"href":"https:\/\/www.industrialwood.nl\/de\/wp-json\/wp\/v2\/product\/78968","targetHints":{"allow":["GET"]}}],"collection":[{"href":"https:\/\/www.industrialwood.nl\/de\/wp-json\/wp\/v2\/product"}],"about":[{"href":"https:\/\/www.industrialwood.nl\/de\/wp-json\/wp\/v2\/types\/product"}],"replies":[{"embeddable":true,"href":"https:\/\/www.industrialwood.nl\/de\/wp-json\/wp\/v2\/comments?post=78968"}],"wp:featuredmedia":[{"embeddable":true,"href":"https:\/\/www.industrialwood.nl\/de\/wp-json\/wp\/v2\/media\/54012"}],"wp:attachment":[{"href":"https:\/\/www.industrialwood.nl\/de\/wp-json\/wp\/v2\/media?parent=78968"}],"wp:term":[{"taxonomy":"product_brand","embeddable":true,"href":"https:\/\/www.industrialwood.nl\/de\/wp-json\/wp\/v2\/product_brand?post=78968"},{"taxonomy":"product_cat","embeddable":true,"href":"https:\/\/www.industrialwood.nl\/de\/wp-json\/wp\/v2\/product_cat?post=78968"},{"taxonomy":"product_tag","embeddable":true,"href":"https:\/\/www.industrialwood.nl\/de\/wp-json\/wp\/v2\/product_tag?post=78968"},{"taxonomy":"seizoen","embeddable":true,"href":"https:\/\/www.industrialwood.nl\/de\/wp-json\/wp\/v2\/seizoen?post=78968"},{"taxonomy":"bloemensoort","embeddable":true,"href":"https:\/\/www.industrialwood.nl\/de\/wp-json\/wp\/v2\/bloemensoort?post=78968"},{"taxonomy":"samenstelling","embeddable":true,"href":"https:\/\/www.industrialwood.nl\/de\/wp-json\/wp\/v2\/samenstelling?post=78968"},{"taxonomy":"shop-per-kamer","embeddable":true,"href":"https:\/\/www.industrialwood.nl\/de\/wp-json\/wp\/v2\/shop-per-kamer?post=78968"},{"taxonomy":"indooroutdoor","embeddable":true,"href":"https:\/\/www.industrialwood.nl\/de\/wp-json\/wp\/v2\/indooroutdoor?post=78968"},{"taxonomy":"vorm","embeddable":true,"href":"https:\/\/www.industrialwood.nl\/de\/wp-json\/wp\/v2\/vorm?post=78968"},{"taxonomy":"duurzaam","embeddable":true,"href":"https:\/\/www.industrialwood.nl\/de\/wp-json\/wp\/v2\/duurzaam?post=78968"},{"taxonomy":"productafmetingen","embeddable":true,"href":"https:\/\/www.industrialwood.nl\/de\/wp-json\/wp\/v2\/productafmetingen?post=78968"},{"taxonomy":"stijl","embeddable":true,"href":"https:\/\/www.industrialwood.nl\/de\/wp-json\/wp\/v2\/stijl?post=78968"},{"taxonomy":"merk","embeddable":true,"href":"https:\/\/www.industrialwood.nl\/de\/wp-json\/wp\/v2\/merk?post=78968"},{"taxonomy":"materiaal","embeddable":true,"href":"https:\/\/www.industrialwood.nl\/de\/wp-json\/wp\/v2\/materiaal?post=78968"},{"taxonomy":"materiaal-schaaltje","embeddable":true,"href":"https:\/\/www.industrialwood.nl\/de\/wp-json\/wp\/v2\/materiaal-schaaltje?post=78968"},{"taxonomy":"geur","embeddable":true,"href":"https:\/\/www.industrialwood.nl\/de\/wp-json\/wp\/v2\/geur?post=78968"},{"taxonomy":"product-type","embeddable":true,"href":"https:\/\/www.industrialwood.nl\/de\/wp-json\/wp\/v2\/product-type?post=78968"},{"taxonomy":"beoordeling","embeddable":true,"href":"https:\/\/www.industrialwood.nl\/de\/wp-json\/wp\/v2\/beoordeling?post=78968"},{"taxonomy":"uitsparingen","embeddable":true,"href":"https:\/\/www.industrialwood.nl\/de\/wp-json\/wp\/v2\/uitsparingen?post=78968"},{"taxonomy":"houtsoort","embeddable":true,"href":"https:\/\/www.industrialwood.nl\/de\/wp-json\/wp\/v2\/houtsoort?post=78968"},{"taxonomy":"breedte","embeddable":true,"href":"https:\/\/www.industrialwood.nl\/de\/wp-json\/wp\/v2\/breedte?post=78968"},{"taxonomy":"badplanken-lengte","embeddable":true,"href":"https:\/\/www.industrialwood.nl\/de\/wp-json\/wp\/v2\/badplanken-lengte?post=78968"},{"taxonomy":"kleur","embeddable":true,"href":"https:\/\/www.industrialwood.nl\/de\/wp-json\/wp\/v2\/kleur?post=78968"}],"curies":[{"name":"wp","href":"https:\/\/api.w.org\/{rel}","templated":true}]}}