{"id":76124,"date":"2025-07-07T19:07:36","date_gmt":"2025-07-07T17:07:36","guid":{"rendered":"https:\/\/www.industrialwood.nl\/?post_type=product&#038;p=76124"},"modified":"2026-03-29T11:27:19","modified_gmt":"2026-03-29T09:27:19","slug":"kerzenhalter-papua-muscheln-beige-kopie","status":"publish","type":"product","link":"https:\/\/www.industrialwood.nl\/de\/kerzenhalter-papua-muscheln-beige-kopie\/","title":{"rendered":"Kerzenhalter | Papua Muscheln | Beige"},"content":{"rendered":"<p>SO s\u00fc\u00df! \ud83d\udc1a Dieser <strong>Muschel-Teelichthalter<\/strong> ist ein echter Blickfang! Handgefertigt aus echten Papua-Muscheln und voller Charme, ist dies der letzte Schliff f\u00fcr Ihre Lieblingsecke. Perfekt f\u00fcr alle, die nat\u00fcrliche Materialien, Beiget\u00f6ne und einen Boho-, Japandi- oder Strand-Look lieben \u2728 Mit einem Teelicht im Inneren kommt das warme, tanzende Licht wundersch\u00f6n durch die Muscheln. Aber auch ohne Kerze ist dies ein wundersch\u00f6nes Dekorationsobjekt, das Sie gl\u00fccklich machen wird \ud83d\ude0d    <\/p>\n<p><strong>Warum Sie dieses Must-Have in Ihrem Zuhause haben sollten:<\/strong><\/p>\n<ul>\n<li>Handgefertigt aus echten Muscheln, jedes Exemplar ist einzigartig<\/li>\n<li>Ideal f\u00fcr eine nat\u00fcrliche, ruhige Atmosph\u00e4re<\/li>\n<li>Auch in einer Variante mit <a href=\"https:\/\/www.industrialwood.nl\/waxinelichthouder-schelpen-flower-wit\/\">Blumen<\/a> und <a href=\"https:\/\/www.industrialwood.nl\/waxinelichthouder-schelpen-nassa-wit\/\">Nesseln<\/a> erh\u00e4ltlich<\/li>\n<li>\ud83c\udf81 Auch super s\u00fc\u00df als originelles Geschenk!<\/li>\n<\/ul>\n<p>&nbsp;<\/p>\n<p><strong>Ma\u00dfe<\/strong>: 9 x 9 cm<br \/>\n<strong>Material<\/strong>: Papua-Muscheln<br \/>\n<strong>Farbe<\/strong>: Beige | Natur<\/p>\n","protected":false},"excerpt":{"rendered":"<p>SO s\u00fc\u00df! \ud83d\udc1a Dieser <strong>Muschel-Teelichthalter<\/strong> ist ein echter Blickfang! Handgefertigt aus echten Papua-Muscheln und voller Charme, ist dies der letzte Schliff f\u00fcr Ihre Lieblingsecke. Perfekt f\u00fcr alle, die nat\u00fcrliche Materialien, Beiget\u00f6ne und einen Boho-, Japandi- oder Strand-Look lieben \u2728 Mit einem Teelicht im Inneren kommt das warme, tanzende Licht wundersch\u00f6n durch die Muscheln. Aber auch ohne Kerze ist dies ein wundersch\u00f6nes Dekorationsobjekt, das Sie gl\u00fccklich machen wird \ud83d\ude0d    <\/p>\n<p><strong>Warum Sie dieses Must-Have in Ihrem Zuhause haben sollten:<\/strong><\/p>\n<ul>\n<li>Handgefertigt aus echten Muscheln, jedes Exemplar ist einzigartig<\/li>\n<li>Ideal f\u00fcr eine nat\u00fcrliche, ruhige Atmosph\u00e4re<\/li>\n<li>Auch in einer Variante mit <a href=\"https:\/\/www.industrialwood.nl\/waxinelichthouder-schelpen-flower-wit\/\">Blumen<\/a> und <a href=\"https:\/\/www.industrialwood.nl\/waxinelichthouder-schelpen-nassa-wit\/\">Nesseln<\/a> erh\u00e4ltlich<\/li>\n<li>\ud83c\udf81 Auch super s\u00fc\u00df als originelles Geschenk!<\/li>\n<\/ul>\n<p>&nbsp;<\/p>\n<p><strong>Ma\u00dfe<\/strong>: ca. 9 x 6 cm<br \/>\n<strong>Material<\/strong>: Papua-Muscheln<br \/>\n<strong>Farbe<\/strong>: Beige | Natur<\/p>\n<p>&nbsp;<\/p>\n","protected":false},"featured_media":94473,"comment_status":"open","ping_status":"closed","template":"","meta":[],"product_brand":[],"product_cat":[393,400,401,504,404,402,424,395,483,482,422,414,396],"product_tag":[],"seizoen":[543,545,544,546],"bloemensoort":[],"samenstelling":[],"shop-per-kamer":[551,549],"indooroutdoor":[555],"vorm":[557],"duurzaam":[565],"productafmetingen":[569,568,567],"stijl":[574,575,572],"merk":[576],"materiaal":[619],"materiaal-schaaltje":[],"geur":[],"product-type":[],"beoordeling":[640,641,642],"uitsparingen":[],"houtsoort":[],"breedte":[],"badplanken-lengte":[],"kleur":[657],"class_list":{"0":"post-76124","1":"product","2":"type-product","3":"status-publish","4":"has-post-thumbnail","6":"product_cat-badezimmer","7":"product_cat-boheme-wohnzimmer","8":"product_cat-bohmisches-badezimmer","9":"product_cat-drausen","10":"product_cat-japandi-badezimmer","11":"product_cat-japandi-wohnzimmer","12":"product_cat-landwohnzimmer","13":"product_cat-naturliche-tone","14":"product_cat-rustikales-badezimmer","15":"product_cat-skandinavisches-badezimmer","16":"product_cat-skandinavisches-wohnzimmer","17":"product_cat-teelichthalter","18":"product_cat-wohnzimmer","19":"seizoen-lente-de","20":"seizoen-herfst-de","21":"seizoen-zomer-de","22":"seizoen-winter-de","23":"shop-per-kamer-badkamer-de","24":"shop-per-kamer-woonkamer-de","25":"indooroutdoor-indoor-de","26":"vorm-rond-de","27":"duurzaam-ja-de","28":"productafmetingen-l-de","29":"productafmetingen-m-de","30":"productafmetingen-s-de","31":"stijl-bohemian-de","32":"stijl-japandi-de","33":"stijl-scandinavisch-de","34":"merk-industrialwood-de","35":"materiaal-schelp-de","36":"beoordeling-three-star-de","37":"beoordeling-four-star-de","38":"beoordeling-five-star-de","39":"kleur-beige-de","41":"first","42":"outofstock","43":"taxable","44":"shipping-taxable","45":"purchasable","46":"product-type-simple"},"supplier_id":null,"supplier_sku":"","barcode":null,"atum_controlled":true,"out_stock_date":"2026-03-29 14:54:56","out_stock_threshold":null,"inheritable":false,"inbound_stock":0,"stock_on_hold":1,"sold_today":0,"sales_last_days":1,"reserved_stock":0,"customer_returns":0,"warehouse_damage":0,"lost_in_post":0,"other_logs":0,"out_stock_days":20,"lost_sales":56,"has_location":false,"update_date":"2026-04-18T15:34:34","atum_locations":[],"atum_stock_status":"instock","restock_status":false,"low_stock_amount":"","sales_update_date":"2026-04-18T15:34:34","calc_backorders":null,"_links":{"self":[{"href":"https:\/\/www.industrialwood.nl\/de\/wp-json\/wp\/v2\/product\/76124","targetHints":{"allow":["GET"]}}],"collection":[{"href":"https:\/\/www.industrialwood.nl\/de\/wp-json\/wp\/v2\/product"}],"about":[{"href":"https:\/\/www.industrialwood.nl\/de\/wp-json\/wp\/v2\/types\/product"}],"replies":[{"embeddable":true,"href":"https:\/\/www.industrialwood.nl\/de\/wp-json\/wp\/v2\/comments?post=76124"}],"wp:featuredmedia":[{"embeddable":true,"href":"https:\/\/www.industrialwood.nl\/de\/wp-json\/wp\/v2\/media\/94473"}],"wp:attachment":[{"href":"https:\/\/www.industrialwood.nl\/de\/wp-json\/wp\/v2\/media?parent=76124"}],"wp:term":[{"taxonomy":"product_brand","embeddable":true,"href":"https:\/\/www.industrialwood.nl\/de\/wp-json\/wp\/v2\/product_brand?post=76124"},{"taxonomy":"product_cat","embeddable":true,"href":"https:\/\/www.industrialwood.nl\/de\/wp-json\/wp\/v2\/product_cat?post=76124"},{"taxonomy":"product_tag","embeddable":true,"href":"https:\/\/www.industrialwood.nl\/de\/wp-json\/wp\/v2\/product_tag?post=76124"},{"taxonomy":"seizoen","embeddable":true,"href":"https:\/\/www.industrialwood.nl\/de\/wp-json\/wp\/v2\/seizoen?post=76124"},{"taxonomy":"bloemensoort","embeddable":true,"href":"https:\/\/www.industrialwood.nl\/de\/wp-json\/wp\/v2\/bloemensoort?post=76124"},{"taxonomy":"samenstelling","embeddable":true,"href":"https:\/\/www.industrialwood.nl\/de\/wp-json\/wp\/v2\/samenstelling?post=76124"},{"taxonomy":"shop-per-kamer","embeddable":true,"href":"https:\/\/www.industrialwood.nl\/de\/wp-json\/wp\/v2\/shop-per-kamer?post=76124"},{"taxonomy":"indooroutdoor","embeddable":true,"href":"https:\/\/www.industrialwood.nl\/de\/wp-json\/wp\/v2\/indooroutdoor?post=76124"},{"taxonomy":"vorm","embeddable":true,"href":"https:\/\/www.industrialwood.nl\/de\/wp-json\/wp\/v2\/vorm?post=76124"},{"taxonomy":"duurzaam","embeddable":true,"href":"https:\/\/www.industrialwood.nl\/de\/wp-json\/wp\/v2\/duurzaam?post=76124"},{"taxonomy":"productafmetingen","embeddable":true,"href":"https:\/\/www.industrialwood.nl\/de\/wp-json\/wp\/v2\/productafmetingen?post=76124"},{"taxonomy":"stijl","embeddable":true,"href":"https:\/\/www.industrialwood.nl\/de\/wp-json\/wp\/v2\/stijl?post=76124"},{"taxonomy":"merk","embeddable":true,"href":"https:\/\/www.industrialwood.nl\/de\/wp-json\/wp\/v2\/merk?post=76124"},{"taxonomy":"materiaal","embeddable":true,"href":"https:\/\/www.industrialwood.nl\/de\/wp-json\/wp\/v2\/materiaal?post=76124"},{"taxonomy":"materiaal-schaaltje","embeddable":true,"href":"https:\/\/www.industrialwood.nl\/de\/wp-json\/wp\/v2\/materiaal-schaaltje?post=76124"},{"taxonomy":"geur","embeddable":true,"href":"https:\/\/www.industrialwood.nl\/de\/wp-json\/wp\/v2\/geur?post=76124"},{"taxonomy":"product-type","embeddable":true,"href":"https:\/\/www.industrialwood.nl\/de\/wp-json\/wp\/v2\/product-type?post=76124"},{"taxonomy":"beoordeling","embeddable":true,"href":"https:\/\/www.industrialwood.nl\/de\/wp-json\/wp\/v2\/beoordeling?post=76124"},{"taxonomy":"uitsparingen","embeddable":true,"href":"https:\/\/www.industrialwood.nl\/de\/wp-json\/wp\/v2\/uitsparingen?post=76124"},{"taxonomy":"houtsoort","embeddable":true,"href":"https:\/\/www.industrialwood.nl\/de\/wp-json\/wp\/v2\/houtsoort?post=76124"},{"taxonomy":"breedte","embeddable":true,"href":"https:\/\/www.industrialwood.nl\/de\/wp-json\/wp\/v2\/breedte?post=76124"},{"taxonomy":"badplanken-lengte","embeddable":true,"href":"https:\/\/www.industrialwood.nl\/de\/wp-json\/wp\/v2\/badplanken-lengte?post=76124"},{"taxonomy":"kleur","embeddable":true,"href":"https:\/\/www.industrialwood.nl\/de\/wp-json\/wp\/v2\/kleur?post=76124"}],"curies":[{"name":"wp","href":"https:\/\/api.w.org\/{rel}","templated":true}]}}