{"id":72592,"date":"2025-06-02T20:32:34","date_gmt":"2025-06-02T18:32:34","guid":{"rendered":"https:\/\/www.industrialwood.nl\/?post_type=product&#038;p=72592"},"modified":"2026-04-16T11:19:22","modified_gmt":"2026-04-16T09:19:22","slug":"tablett-sand-bio-s-kopie","status":"publish","type":"product","link":"https:\/\/www.industrialwood.nl\/de\/tablett-sand-bio-s-kopie\/","title":{"rendered":"Tablett | Sand | Bio | L"},"content":{"rendered":"","protected":false},"excerpt":{"rendered":"<p data-start=\"200\" data-end=\"471\">Gro\u00df, stilvoll und super vielseitig! \ud83e\udd0d Diese <strong data-start=\"245\" data-end=\"276\">Bio-Schale <\/strong>in Gr\u00f6\u00dfe L ist der Blickfang auf Ihrem Esstisch, Sideboard oder Ihrer K\u00fccheninsel. Die sanfte Sandfarbe und die gewellte Form schaffen einen ruhigen, eleganten Look, der perfekt zu den aktuellen Einrichtungstrends passt. Verwenden Sie diese gro\u00dfe Schale als Tafelaufsatz mit Obst, Dekokugeln oder Trockenblumen &#8211; oder kombinieren Sie sie mit den kleineren Varianten aus der gleichen Serie f\u00fcr ein verspieltes und stilvolles Ganzes. Alles in dieser Serie (denken Sie an die sandfarbenen Kerzenst\u00e4nder und Tabletts) ist perfekt aufeinander abgestimmt. Mischen und kombinieren hat noch nie so viel Spa\u00df gemacht! \u2728 <\/p>\n<p data-start=\"873\" data-end=\"1176\"><strong data-start=\"873\" data-end=\"916\">Warum Sie dieses Tablett in Ihr Haus holen sollten<\/strong>:<\/p>\n<ul>\n<li data-start=\"873\" data-end=\"1176\">Einzigartige organische Form mit verspieltem, modernem Look<\/li>\n<li data-start=\"873\" data-end=\"1176\">Stilvoll und funktionell &#8211; ideal zur Dekoration oder als Tablett<\/li>\n<li data-start=\"873\" data-end=\"1176\">Kombinieren Sie sie mit passenden Kerzenhaltern und <a href=\"https:\/\/www.industrialwood.nl\/de\/suchergebnisse-10\/?q=dienblad%20organisch%20sand\">Tabletts<\/a> aus der gleichen Serie<\/li>\n<li data-start=\"873\" data-end=\"1176\">Auch in den <a href=\"https:\/\/www.industrialwood.nl\/schaal-tray-sand-organisch-s\/\">Gr\u00f6\u00dfen S<\/a> und <a href=\"https:\/\/www.industrialwood.nl\/schaal-tray-sand-organisch-s-kopie\/\">M<\/a> erh\u00e4ltlich<\/li>\n<\/ul>\n<p data-start=\"1178\" data-end=\"1340\"><strong>Abmessungen<\/strong>: 26 x 32,5 x 9,5 cm<br \/>\n<strong>Material<\/strong>: Metall<br \/>\n<strong>Farbe<\/strong>: Sand | Beige<\/p>\n","protected":false},"featured_media":72568,"comment_status":"open","ping_status":"closed","template":"","meta":[],"product_brand":[],"product_cat":[701,400,504,418,402,424,420,395,422,478,396],"product_tag":[],"seizoen":[543,545,544,546],"bloemensoort":[],"samenstelling":[],"shop-per-kamer":[552,549],"indooroutdoor":[555],"vorm":[563],"duurzaam":[565],"productafmetingen":[569],"stijl":[574,571,575,573,572],"merk":[576],"materiaal":[614],"materiaal-schaaltje":[],"geur":[],"product-type":[],"beoordeling":[640,641,642],"uitsparingen":[],"houtsoort":[],"breedte":[],"badplanken-lengte":[],"kleur":[657],"class_list":{"0":"post-72592","1":"product","2":"type-product","3":"status-publish","4":"has-post-thumbnail","6":"product_cat-bio-tablett","7":"product_cat-boheme-wohnzimmer","8":"product_cat-drausen","9":"product_cat-hotel-chic-wohnzimmer","10":"product_cat-japandi-wohnzimmer","11":"product_cat-landwohnzimmer","12":"product_cat-modernes-wohnzimmer","13":"product_cat-naturliche-tone","14":"product_cat-skandinavisches-wohnzimmer","15":"product_cat-tabletts","16":"product_cat-wohnzimmer","17":"seizoen-lente-de","18":"seizoen-herfst-de","19":"seizoen-zomer-de","20":"seizoen-winter-de","21":"shop-per-kamer-hal-de","22":"shop-per-kamer-woonkamer-de","23":"indooroutdoor-indoor-de","24":"vorm-organisch-de","25":"duurzaam-ja-de","26":"productafmetingen-l-de","27":"stijl-bohemian-de","28":"stijl-hotel-chique-de","29":"stijl-japandi-de","30":"stijl-modern-de","31":"stijl-scandinavisch-de","32":"merk-industrialwood-de","33":"materiaal-metaal-de","34":"beoordeling-three-star-de","35":"beoordeling-four-star-de","36":"beoordeling-five-star-de","37":"kleur-beige-de","39":"first","40":"outofstock","41":"taxable","42":"shipping-taxable","43":"purchasable","44":"product-type-simple"},"supplier_id":null,"supplier_sku":"","barcode":null,"atum_controlled":true,"out_stock_date":"2026-04-16 11:19:23","out_stock_threshold":null,"inheritable":false,"inbound_stock":0,"stock_on_hold":0,"sold_today":0,"sales_last_days":1,"reserved_stock":0,"customer_returns":0,"warehouse_damage":0,"lost_in_post":0,"other_logs":0,"out_stock_days":2,"lost_sales":6,"has_location":false,"update_date":"2026-04-18T15:34:35","atum_locations":[],"atum_stock_status":"instock","restock_status":false,"low_stock_amount":"","sales_update_date":"2026-04-18T15:34:35","calc_backorders":null,"_links":{"self":[{"href":"https:\/\/www.industrialwood.nl\/de\/wp-json\/wp\/v2\/product\/72592","targetHints":{"allow":["GET"]}}],"collection":[{"href":"https:\/\/www.industrialwood.nl\/de\/wp-json\/wp\/v2\/product"}],"about":[{"href":"https:\/\/www.industrialwood.nl\/de\/wp-json\/wp\/v2\/types\/product"}],"replies":[{"embeddable":true,"href":"https:\/\/www.industrialwood.nl\/de\/wp-json\/wp\/v2\/comments?post=72592"}],"wp:featuredmedia":[{"embeddable":true,"href":"https:\/\/www.industrialwood.nl\/de\/wp-json\/wp\/v2\/media\/72568"}],"wp:attachment":[{"href":"https:\/\/www.industrialwood.nl\/de\/wp-json\/wp\/v2\/media?parent=72592"}],"wp:term":[{"taxonomy":"product_brand","embeddable":true,"href":"https:\/\/www.industrialwood.nl\/de\/wp-json\/wp\/v2\/product_brand?post=72592"},{"taxonomy":"product_cat","embeddable":true,"href":"https:\/\/www.industrialwood.nl\/de\/wp-json\/wp\/v2\/product_cat?post=72592"},{"taxonomy":"product_tag","embeddable":true,"href":"https:\/\/www.industrialwood.nl\/de\/wp-json\/wp\/v2\/product_tag?post=72592"},{"taxonomy":"seizoen","embeddable":true,"href":"https:\/\/www.industrialwood.nl\/de\/wp-json\/wp\/v2\/seizoen?post=72592"},{"taxonomy":"bloemensoort","embeddable":true,"href":"https:\/\/www.industrialwood.nl\/de\/wp-json\/wp\/v2\/bloemensoort?post=72592"},{"taxonomy":"samenstelling","embeddable":true,"href":"https:\/\/www.industrialwood.nl\/de\/wp-json\/wp\/v2\/samenstelling?post=72592"},{"taxonomy":"shop-per-kamer","embeddable":true,"href":"https:\/\/www.industrialwood.nl\/de\/wp-json\/wp\/v2\/shop-per-kamer?post=72592"},{"taxonomy":"indooroutdoor","embeddable":true,"href":"https:\/\/www.industrialwood.nl\/de\/wp-json\/wp\/v2\/indooroutdoor?post=72592"},{"taxonomy":"vorm","embeddable":true,"href":"https:\/\/www.industrialwood.nl\/de\/wp-json\/wp\/v2\/vorm?post=72592"},{"taxonomy":"duurzaam","embeddable":true,"href":"https:\/\/www.industrialwood.nl\/de\/wp-json\/wp\/v2\/duurzaam?post=72592"},{"taxonomy":"productafmetingen","embeddable":true,"href":"https:\/\/www.industrialwood.nl\/de\/wp-json\/wp\/v2\/productafmetingen?post=72592"},{"taxonomy":"stijl","embeddable":true,"href":"https:\/\/www.industrialwood.nl\/de\/wp-json\/wp\/v2\/stijl?post=72592"},{"taxonomy":"merk","embeddable":true,"href":"https:\/\/www.industrialwood.nl\/de\/wp-json\/wp\/v2\/merk?post=72592"},{"taxonomy":"materiaal","embeddable":true,"href":"https:\/\/www.industrialwood.nl\/de\/wp-json\/wp\/v2\/materiaal?post=72592"},{"taxonomy":"materiaal-schaaltje","embeddable":true,"href":"https:\/\/www.industrialwood.nl\/de\/wp-json\/wp\/v2\/materiaal-schaaltje?post=72592"},{"taxonomy":"geur","embeddable":true,"href":"https:\/\/www.industrialwood.nl\/de\/wp-json\/wp\/v2\/geur?post=72592"},{"taxonomy":"product-type","embeddable":true,"href":"https:\/\/www.industrialwood.nl\/de\/wp-json\/wp\/v2\/product-type?post=72592"},{"taxonomy":"beoordeling","embeddable":true,"href":"https:\/\/www.industrialwood.nl\/de\/wp-json\/wp\/v2\/beoordeling?post=72592"},{"taxonomy":"uitsparingen","embeddable":true,"href":"https:\/\/www.industrialwood.nl\/de\/wp-json\/wp\/v2\/uitsparingen?post=72592"},{"taxonomy":"houtsoort","embeddable":true,"href":"https:\/\/www.industrialwood.nl\/de\/wp-json\/wp\/v2\/houtsoort?post=72592"},{"taxonomy":"breedte","embeddable":true,"href":"https:\/\/www.industrialwood.nl\/de\/wp-json\/wp\/v2\/breedte?post=72592"},{"taxonomy":"badplanken-lengte","embeddable":true,"href":"https:\/\/www.industrialwood.nl\/de\/wp-json\/wp\/v2\/badplanken-lengte?post=72592"},{"taxonomy":"kleur","embeddable":true,"href":"https:\/\/www.industrialwood.nl\/de\/wp-json\/wp\/v2\/kleur?post=72592"}],"curies":[{"name":"wp","href":"https:\/\/api.w.org\/{rel}","templated":true}]}}