{"id":72589,"date":"2025-06-02T20:33:48","date_gmt":"2025-06-02T18:33:48","guid":{"rendered":"https:\/\/www.industrialwood.nl\/?post_type=product&#038;p=72589"},"modified":"2026-01-09T13:22:11","modified_gmt":"2026-01-09T12:22:11","slug":"tablett-sand-bio-s-kopie-2","status":"publish","type":"product","link":"https:\/\/www.industrialwood.nl\/de\/tablett-sand-bio-s-kopie-2\/","title":{"rendered":"Tablett | Sand | Bio | M"},"content":{"rendered":"","protected":false},"excerpt":{"rendered":"<p>Diese <strong>organische Schale<\/strong> in einer Sandfarbe ist wirklich ein Bild! \ud83e\udd0d Die organische Form verleiht ihr das gewisse Etwas, so dass sie \u00fcberall in Ihrem Zuhause wunderbar zur Geltung kommt. Verwenden Sie sie als Obstschale, als Dekoration f\u00fcr Ihre Lieblingsaccessoires oder einfach als Einzelst\u00fcck, sie macht sich immer gut! Dank ihrer sanften, neutralen beigefarbenen Farbe passt sie perfekt zu jeder Einrichtung. Und besonders sch\u00f6n: sie ist Teil einer kompletten Serie mit passenden Kerzenhaltern und Tabletts. Kombinieren Sie sie miteinander f\u00fcr ein ruhiges und stilvolles Gesamtbild auf Ihrem Tisch oder Schrank! \u2728<\/p>\n<p><strong>Warum Sie diese Waage brauchen<\/strong>:<\/p>\n<ul>\n<li>Auch in einer <a href=\"https:\/\/www.industrialwood.nl\/schaal-tray-sand-organisch-s\/\">S-<\/a> und <a href=\"https:\/\/www.industrialwood.nl\/schaal-tray-sand-organisch-l\/\">L-Variante<\/a> erh\u00e4ltlich<\/li>\n<li>Passt perfekt zu den passenden Kerzenhaltern und <a href=\"https:\/\/www.industrialwood.nl\/de\/suchergebnisse-10\/?q=dienblad%20organisch%20sand\">Tabletts<\/a><\/li>\n<li>Neutrale Sandfarbe, die sich leicht kombinieren l\u00e4sst<\/li>\n<li>Sch\u00f6n als Obstschale oder Dekorationsobjekt<\/li>\n<\/ul>\n<p>&nbsp;<\/p>\n<p data-start=\"1178\" data-end=\"1340\"><strong>Ma\u00dfe<\/strong>: 28,5 x 21 x 7,5 cm<br \/>\n<strong>Material<\/strong>: Metall<br \/>\n<strong>Farbe<\/strong>: Sand | Beige<\/p>\n","protected":false},"featured_media":72570,"comment_status":"open","ping_status":"closed","template":"","meta":[],"product_brand":[],"product_cat":[701,400,504,418,402,424,420,395,740,422,478,396],"product_tag":[],"seizoen":[543,545,544,546],"bloemensoort":[],"samenstelling":[],"shop-per-kamer":[552,549],"indooroutdoor":[555],"vorm":[563],"duurzaam":[565],"productafmetingen":[568],"stijl":[574,571,575,573,572],"merk":[576],"materiaal":[614],"materiaal-schaaltje":[],"geur":[],"product-type":[],"beoordeling":[640,641,642],"uitsparingen":[],"houtsoort":[],"breedte":[],"badplanken-lengte":[],"kleur":[657],"class_list":{"0":"post-72589","1":"product","2":"type-product","3":"status-publish","4":"has-post-thumbnail","6":"product_cat-bio-tablett","7":"product_cat-boheme-wohnzimmer","8":"product_cat-drausen","9":"product_cat-hotel-chic-wohnzimmer","10":"product_cat-japandi-wohnzimmer","11":"product_cat-landwohnzimmer","12":"product_cat-modernes-wohnzimmer","13":"product_cat-naturliche-tone","14":"product_cat-schwarzer-freitag-2","15":"product_cat-skandinavisches-wohnzimmer","16":"product_cat-tabletts","17":"product_cat-wohnzimmer","18":"seizoen-lente-de","19":"seizoen-herfst-de","20":"seizoen-zomer-de","21":"seizoen-winter-de","22":"shop-per-kamer-hal-de","23":"shop-per-kamer-woonkamer-de","24":"indooroutdoor-indoor-de","25":"vorm-organisch-de","26":"duurzaam-ja-de","27":"productafmetingen-m-de","28":"stijl-bohemian-de","29":"stijl-hotel-chique-de","30":"stijl-japandi-de","31":"stijl-modern-de","32":"stijl-scandinavisch-de","33":"merk-industrialwood-de","34":"materiaal-metaal-de","35":"beoordeling-three-star-de","36":"beoordeling-four-star-de","37":"beoordeling-five-star-de","38":"kleur-beige-de","40":"first","41":"instock","42":"taxable","43":"shipping-taxable","44":"purchasable","45":"product-type-simple"},"supplier_id":null,"supplier_sku":"","barcode":null,"atum_controlled":true,"out_stock_date":null,"out_stock_threshold":null,"inheritable":false,"inbound_stock":0,"stock_on_hold":0,"sold_today":0,"sales_last_days":0,"reserved_stock":0,"customer_returns":0,"warehouse_damage":0,"lost_in_post":0,"other_logs":0,"out_stock_days":0,"lost_sales":0,"has_location":false,"update_date":"2026-04-14T19:52:48","atum_locations":[],"atum_stock_status":"instock","restock_status":false,"low_stock_amount":"","sales_update_date":"2026-04-14T19:52:48","calc_backorders":null,"_links":{"self":[{"href":"https:\/\/www.industrialwood.nl\/de\/wp-json\/wp\/v2\/product\/72589","targetHints":{"allow":["GET"]}}],"collection":[{"href":"https:\/\/www.industrialwood.nl\/de\/wp-json\/wp\/v2\/product"}],"about":[{"href":"https:\/\/www.industrialwood.nl\/de\/wp-json\/wp\/v2\/types\/product"}],"replies":[{"embeddable":true,"href":"https:\/\/www.industrialwood.nl\/de\/wp-json\/wp\/v2\/comments?post=72589"}],"wp:featuredmedia":[{"embeddable":true,"href":"https:\/\/www.industrialwood.nl\/de\/wp-json\/wp\/v2\/media\/72570"}],"wp:attachment":[{"href":"https:\/\/www.industrialwood.nl\/de\/wp-json\/wp\/v2\/media?parent=72589"}],"wp:term":[{"taxonomy":"product_brand","embeddable":true,"href":"https:\/\/www.industrialwood.nl\/de\/wp-json\/wp\/v2\/product_brand?post=72589"},{"taxonomy":"product_cat","embeddable":true,"href":"https:\/\/www.industrialwood.nl\/de\/wp-json\/wp\/v2\/product_cat?post=72589"},{"taxonomy":"product_tag","embeddable":true,"href":"https:\/\/www.industrialwood.nl\/de\/wp-json\/wp\/v2\/product_tag?post=72589"},{"taxonomy":"seizoen","embeddable":true,"href":"https:\/\/www.industrialwood.nl\/de\/wp-json\/wp\/v2\/seizoen?post=72589"},{"taxonomy":"bloemensoort","embeddable":true,"href":"https:\/\/www.industrialwood.nl\/de\/wp-json\/wp\/v2\/bloemensoort?post=72589"},{"taxonomy":"samenstelling","embeddable":true,"href":"https:\/\/www.industrialwood.nl\/de\/wp-json\/wp\/v2\/samenstelling?post=72589"},{"taxonomy":"shop-per-kamer","embeddable":true,"href":"https:\/\/www.industrialwood.nl\/de\/wp-json\/wp\/v2\/shop-per-kamer?post=72589"},{"taxonomy":"indooroutdoor","embeddable":true,"href":"https:\/\/www.industrialwood.nl\/de\/wp-json\/wp\/v2\/indooroutdoor?post=72589"},{"taxonomy":"vorm","embeddable":true,"href":"https:\/\/www.industrialwood.nl\/de\/wp-json\/wp\/v2\/vorm?post=72589"},{"taxonomy":"duurzaam","embeddable":true,"href":"https:\/\/www.industrialwood.nl\/de\/wp-json\/wp\/v2\/duurzaam?post=72589"},{"taxonomy":"productafmetingen","embeddable":true,"href":"https:\/\/www.industrialwood.nl\/de\/wp-json\/wp\/v2\/productafmetingen?post=72589"},{"taxonomy":"stijl","embeddable":true,"href":"https:\/\/www.industrialwood.nl\/de\/wp-json\/wp\/v2\/stijl?post=72589"},{"taxonomy":"merk","embeddable":true,"href":"https:\/\/www.industrialwood.nl\/de\/wp-json\/wp\/v2\/merk?post=72589"},{"taxonomy":"materiaal","embeddable":true,"href":"https:\/\/www.industrialwood.nl\/de\/wp-json\/wp\/v2\/materiaal?post=72589"},{"taxonomy":"materiaal-schaaltje","embeddable":true,"href":"https:\/\/www.industrialwood.nl\/de\/wp-json\/wp\/v2\/materiaal-schaaltje?post=72589"},{"taxonomy":"geur","embeddable":true,"href":"https:\/\/www.industrialwood.nl\/de\/wp-json\/wp\/v2\/geur?post=72589"},{"taxonomy":"product-type","embeddable":true,"href":"https:\/\/www.industrialwood.nl\/de\/wp-json\/wp\/v2\/product-type?post=72589"},{"taxonomy":"beoordeling","embeddable":true,"href":"https:\/\/www.industrialwood.nl\/de\/wp-json\/wp\/v2\/beoordeling?post=72589"},{"taxonomy":"uitsparingen","embeddable":true,"href":"https:\/\/www.industrialwood.nl\/de\/wp-json\/wp\/v2\/uitsparingen?post=72589"},{"taxonomy":"houtsoort","embeddable":true,"href":"https:\/\/www.industrialwood.nl\/de\/wp-json\/wp\/v2\/houtsoort?post=72589"},{"taxonomy":"breedte","embeddable":true,"href":"https:\/\/www.industrialwood.nl\/de\/wp-json\/wp\/v2\/breedte?post=72589"},{"taxonomy":"badplanken-lengte","embeddable":true,"href":"https:\/\/www.industrialwood.nl\/de\/wp-json\/wp\/v2\/badplanken-lengte?post=72589"},{"taxonomy":"kleur","embeddable":true,"href":"https:\/\/www.industrialwood.nl\/de\/wp-json\/wp\/v2\/kleur?post=72589"}],"curies":[{"name":"wp","href":"https:\/\/api.w.org\/{rel}","templated":true}]}}