{"id":72330,"date":"2025-05-29T22:43:34","date_gmt":"2025-05-29T20:43:34","guid":{"rendered":"https:\/\/www.industrialwood.nl\/?post_type=product&#038;p=72330"},"modified":"2026-03-23T12:55:13","modified_gmt":"2026-03-23T11:55:13","slug":"vase-lisboa-zwiebel-sand-kopie","status":"publish","type":"product","link":"https:\/\/www.industrialwood.nl\/de\/vase-lisboa-zwiebel-sand-kopie\/","title":{"rendered":"Vase | Lisboa | Zwiebel | Braun"},"content":{"rendered":"","protected":false},"excerpt":{"rendered":"<p>Warm, stilvoll und einfach ein bisschen anders \ud83e\udd0e Diese <strong>braune lisboa Zwiebelvase<\/strong> aus unserer beliebten <a href=\"https:\/\/www.industrialwood.nl\/de\/suchergebnisse-10\/?q=lisboa\" target=\"_blank\" rel=\"noopener\">lisboa Kollektion<\/a> ist ein echter Stimmungsmacher. Die runde, organische Form verleiht ihm einen verspielten Look, w\u00e4hrend der tiefbraune Farbton W\u00e4rme und Luxus in Ihr Interieur bringt. Perfekt als Element auf einem Schrank, Sideboard oder Tisch &#8211; aber auch toll in Kombination mit der <a href=\"https:\/\/www.industrialwood.nl\/vaas-lisboa-bulb-sand\/\">Sandvariante<\/a>. Die beiden Formen und Farben erg\u00e4nzen sich wunderbar und schaffen zusammen ein elegantes, nat\u00fcrliches Gleichgewicht \u2728 Wunderbar zu kombinieren mit der <a href=\"https:\/\/www.industrialwood.nl\/vaas-lisboa-bruin-l\/\" target=\"_blank\" rel=\"noopener\">passenden Lisboa Vase<\/a> in der gleichen braunen Farbe!<\/p>\n<p><strong>Warum Sie diese Vase zu Ihrer Einrichtung hinzuf\u00fcgen m\u00f6chten<\/strong>:<\/p>\n<ul>\n<li>Warme braune Farbe f\u00fcr eine schicke und nat\u00fcrliche Atmosph\u00e4re<\/li>\n<li>Runde Zwiebelform mit verspielten, organischen Linien<\/li>\n<li>Passt perfekt zu der <a href=\"https:\/\/www.industrialwood.nl\/vaas-lisboa-bruin-l\/\" target=\"_blank\" rel=\"noopener\">braunen Lisboa-Vase<\/a> aus der gleichen Kollektion<\/li>\n<li>Auch in <a href=\"https:\/\/www.industrialwood.nl\/vaas-lisboa-bulb-sand\/\" target=\"_blank\" rel=\"noopener\">Sand<\/a> erh\u00e4ltlich &#8211; ein Spa\u00df zum Mischen und Kombinieren!<\/li>\n<\/ul>\n<p><strong>Ma\u00dfe<\/strong>: 18 x 18 x 34 cm<br \/>\n<strong>Material<\/strong>: Keramik<br \/>\n<strong>Farbe<\/strong>: Braun<\/p>\n","protected":false},"featured_media":72324,"comment_status":"open","ping_status":"closed","template":"","meta":[],"product_brand":[],"product_cat":[400,419,402,424,420,395,422,387,396],"product_tag":[],"seizoen":[543,545,544,546],"bloemensoort":[],"samenstelling":[],"shop-per-kamer":[552,549],"indooroutdoor":[555],"vorm":[563,557],"duurzaam":[565],"productafmetingen":[569,568,567],"stijl":[574,571,575,573,572],"merk":[576],"materiaal":[611],"materiaal-schaaltje":[],"geur":[],"product-type":[],"beoordeling":[640,641,642],"uitsparingen":[],"houtsoort":[],"breedte":[],"badplanken-lengte":[],"kleur":[663],"class_list":{"0":"post-72330","1":"product","2":"type-product","3":"status-publish","4":"has-post-thumbnail","6":"product_cat-boheme-wohnzimmer","7":"product_cat-hotel-chic-schlafzimmer","8":"product_cat-japandi-wohnzimmer","9":"product_cat-landwohnzimmer","10":"product_cat-modernes-wohnzimmer","11":"product_cat-naturliche-tone","12":"product_cat-skandinavisches-wohnzimmer","13":"product_cat-vasen-topfe","14":"product_cat-wohnzimmer","15":"seizoen-lente-de","16":"seizoen-herfst-de","17":"seizoen-zomer-de","18":"seizoen-winter-de","19":"shop-per-kamer-hal-de","20":"shop-per-kamer-woonkamer-de","21":"indooroutdoor-indoor-de","22":"vorm-organisch-de","23":"vorm-rond-de","24":"duurzaam-ja-de","25":"productafmetingen-l-de","26":"productafmetingen-m-de","27":"productafmetingen-s-de","28":"stijl-bohemian-de","29":"stijl-hotel-chique-de","30":"stijl-japandi-de","31":"stijl-modern-de","32":"stijl-scandinavisch-de","33":"merk-industrialwood-de","34":"materiaal-keramiek-de","35":"beoordeling-three-star-de","36":"beoordeling-four-star-de","37":"beoordeling-five-star-de","38":"kleur-bruin-de","40":"first","41":"instock","42":"taxable","43":"shipping-taxable","44":"purchasable","45":"product-type-simple"},"supplier_id":null,"supplier_sku":"","barcode":null,"atum_controlled":true,"out_stock_date":null,"out_stock_threshold":null,"inheritable":false,"inbound_stock":0,"stock_on_hold":0,"sold_today":0,"sales_last_days":0,"reserved_stock":0,"customer_returns":0,"warehouse_damage":0,"lost_in_post":0,"other_logs":0,"out_stock_days":0,"lost_sales":0,"has_location":false,"update_date":"2026-04-17T11:34:59","atum_locations":[],"atum_stock_status":"instock","restock_status":false,"low_stock_amount":"","sales_update_date":"2026-04-17T11:34:59","calc_backorders":null,"_links":{"self":[{"href":"https:\/\/www.industrialwood.nl\/de\/wp-json\/wp\/v2\/product\/72330","targetHints":{"allow":["GET"]}}],"collection":[{"href":"https:\/\/www.industrialwood.nl\/de\/wp-json\/wp\/v2\/product"}],"about":[{"href":"https:\/\/www.industrialwood.nl\/de\/wp-json\/wp\/v2\/types\/product"}],"replies":[{"embeddable":true,"href":"https:\/\/www.industrialwood.nl\/de\/wp-json\/wp\/v2\/comments?post=72330"}],"wp:featuredmedia":[{"embeddable":true,"href":"https:\/\/www.industrialwood.nl\/de\/wp-json\/wp\/v2\/media\/72324"}],"wp:attachment":[{"href":"https:\/\/www.industrialwood.nl\/de\/wp-json\/wp\/v2\/media?parent=72330"}],"wp:term":[{"taxonomy":"product_brand","embeddable":true,"href":"https:\/\/www.industrialwood.nl\/de\/wp-json\/wp\/v2\/product_brand?post=72330"},{"taxonomy":"product_cat","embeddable":true,"href":"https:\/\/www.industrialwood.nl\/de\/wp-json\/wp\/v2\/product_cat?post=72330"},{"taxonomy":"product_tag","embeddable":true,"href":"https:\/\/www.industrialwood.nl\/de\/wp-json\/wp\/v2\/product_tag?post=72330"},{"taxonomy":"seizoen","embeddable":true,"href":"https:\/\/www.industrialwood.nl\/de\/wp-json\/wp\/v2\/seizoen?post=72330"},{"taxonomy":"bloemensoort","embeddable":true,"href":"https:\/\/www.industrialwood.nl\/de\/wp-json\/wp\/v2\/bloemensoort?post=72330"},{"taxonomy":"samenstelling","embeddable":true,"href":"https:\/\/www.industrialwood.nl\/de\/wp-json\/wp\/v2\/samenstelling?post=72330"},{"taxonomy":"shop-per-kamer","embeddable":true,"href":"https:\/\/www.industrialwood.nl\/de\/wp-json\/wp\/v2\/shop-per-kamer?post=72330"},{"taxonomy":"indooroutdoor","embeddable":true,"href":"https:\/\/www.industrialwood.nl\/de\/wp-json\/wp\/v2\/indooroutdoor?post=72330"},{"taxonomy":"vorm","embeddable":true,"href":"https:\/\/www.industrialwood.nl\/de\/wp-json\/wp\/v2\/vorm?post=72330"},{"taxonomy":"duurzaam","embeddable":true,"href":"https:\/\/www.industrialwood.nl\/de\/wp-json\/wp\/v2\/duurzaam?post=72330"},{"taxonomy":"productafmetingen","embeddable":true,"href":"https:\/\/www.industrialwood.nl\/de\/wp-json\/wp\/v2\/productafmetingen?post=72330"},{"taxonomy":"stijl","embeddable":true,"href":"https:\/\/www.industrialwood.nl\/de\/wp-json\/wp\/v2\/stijl?post=72330"},{"taxonomy":"merk","embeddable":true,"href":"https:\/\/www.industrialwood.nl\/de\/wp-json\/wp\/v2\/merk?post=72330"},{"taxonomy":"materiaal","embeddable":true,"href":"https:\/\/www.industrialwood.nl\/de\/wp-json\/wp\/v2\/materiaal?post=72330"},{"taxonomy":"materiaal-schaaltje","embeddable":true,"href":"https:\/\/www.industrialwood.nl\/de\/wp-json\/wp\/v2\/materiaal-schaaltje?post=72330"},{"taxonomy":"geur","embeddable":true,"href":"https:\/\/www.industrialwood.nl\/de\/wp-json\/wp\/v2\/geur?post=72330"},{"taxonomy":"product-type","embeddable":true,"href":"https:\/\/www.industrialwood.nl\/de\/wp-json\/wp\/v2\/product-type?post=72330"},{"taxonomy":"beoordeling","embeddable":true,"href":"https:\/\/www.industrialwood.nl\/de\/wp-json\/wp\/v2\/beoordeling?post=72330"},{"taxonomy":"uitsparingen","embeddable":true,"href":"https:\/\/www.industrialwood.nl\/de\/wp-json\/wp\/v2\/uitsparingen?post=72330"},{"taxonomy":"houtsoort","embeddable":true,"href":"https:\/\/www.industrialwood.nl\/de\/wp-json\/wp\/v2\/houtsoort?post=72330"},{"taxonomy":"breedte","embeddable":true,"href":"https:\/\/www.industrialwood.nl\/de\/wp-json\/wp\/v2\/breedte?post=72330"},{"taxonomy":"badplanken-lengte","embeddable":true,"href":"https:\/\/www.industrialwood.nl\/de\/wp-json\/wp\/v2\/badplanken-lengte?post=72330"},{"taxonomy":"kleur","embeddable":true,"href":"https:\/\/www.industrialwood.nl\/de\/wp-json\/wp\/v2\/kleur?post=72330"}],"curies":[{"name":"wp","href":"https:\/\/api.w.org\/{rel}","templated":true}]}}