{"id":72078,"date":"2024-11-04T13:52:34","date_gmt":"2024-11-04T12:52:34","guid":{"rendered":"https:\/\/www.industrialwood.nl\/?post_type=product&#038;p=72078"},"modified":"2026-02-08T18:36:24","modified_gmt":"2026-02-08T17:36:24","slug":"ornament-muschel-halskette-weis-l-kopie","status":"publish","type":"product","link":"https:\/\/www.industrialwood.nl\/de\/ornament-muschel-halskette-weis-l-kopie\/","title":{"rendered":"Ornament | Muschel-Halskette | Braun | L"},"content":{"rendered":"","protected":false},"excerpt":{"rendered":"<p>Ein echter Blickfang mit weltlichem Charme! \ud83c\udf0d Dieses <strong>braune Muschelornament<\/strong> von <strong>Pole to Pole<\/strong> ist aus gl\u00e4nzenden Muscheln handgefertigt und fest mit einem luxuri\u00f6sen, schwarzen Metallst\u00e4nder verbunden. Die warmen Farben und die besondere Form verleihen Ihrer Einrichtung einen stilvollen, nat\u00fcrlichen Look, perfekt f\u00fcr einen Boho-, Japandi- oder Scandi-Wohnstil!  <\/p>\n<p>Ob Sie es auf einem Sideboard, einem Wandregal oder in einem offenen Regal platzieren, dieses Ornament zieht immer die Aufmerksamkeit auf sich. Besonders sch\u00f6n: es ist auch in einer <a href=\"https:\/\/www.industrialwood.nl\/ornament-schelpenketting-bruin\/\" target=\"_blank\" rel=\"noopener\">kleineren<\/a> Gr\u00f6\u00dfe und als <a href=\"https:\/\/www.industrialwood.nl\/ornament-schelpen-toren-wit\/\" target=\"_blank\" rel=\"noopener\">Turmversion<\/a> erh\u00e4ltlich &#8211; ideal, um es als Set f\u00fcr einen verspielten und dekorativen Effekt zu kombinieren \ud83d\ude0d Dieses braune Muschelornament bringt Atmosph\u00e4re, Stil und einen Hauch von exotischem Charme in Ihr Zuhause \ud83c\udf34 <\/p>\n<p><strong>Warum Sie sich diese einzigartige Muschelskulptur in Ihr Zuhause holen sollten<\/strong>:<\/p>\n<ul>\n<li>Handgefertigt aus nat\u00fcrlichen Muscheln<\/li>\n<li>Warme Braunt\u00f6ne f\u00fcr einen luxuri\u00f6sen, nat\u00fcrlichen Look<\/li>\n<li>Stabil und stilvoll auf einem Metallst\u00e4nder<\/li>\n<li>Auch in <a href=\"https:\/\/www.industrialwood.nl\/ornament-schelpenketting-bruin\/\" target=\"_blank\" rel=\"noopener\">kleinerer Gr\u00f6\u00dfe<\/a> und als <a href=\"https:\/\/www.industrialwood.nl\/ornament-schelpen-toren-wit\/\">Turm<\/a> erh\u00e4ltlich, sch\u00f6n im Set!<\/li>\n<\/ul>\n<p>&nbsp;<\/p>\n<p><strong>Ma\u00dfe<\/strong>: 26 x 10 x 59 cm<br \/>\n<strong>Material<\/strong>: Muscheln<br \/>\n<strong>Farbe<\/strong>: Braun<\/p>\n","protected":false},"featured_media":72080,"comment_status":"open","ping_status":"closed","template":"","meta":[],"product_brand":[],"product_cat":[393,399,400,401,479,419,418,404,403,402,395,391,482,423,422,396],"product_tag":[],"seizoen":[543,545,544,546],"bloemensoort":[],"samenstelling":[],"shop-per-kamer":[551,552,553,549],"indooroutdoor":[555],"vorm":[557],"duurzaam":[565],"productafmetingen":[569],"stijl":[574,571,575,572],"merk":[597],"materiaal":[619],"materiaal-schaaltje":[],"geur":[],"product-type":[],"beoordeling":[640,641,642],"uitsparingen":[],"houtsoort":[],"breedte":[],"badplanken-lengte":[],"kleur":[663],"class_list":{"0":"post-72078","1":"product","2":"type-product","3":"status-publish","4":"has-post-thumbnail","6":"product_cat-badezimmer","7":"product_cat-boheme-schlafzimmer","8":"product_cat-boheme-wohnzimmer","9":"product_cat-bohmisches-badezimmer","10":"product_cat-hotel-chic-badezimmer","11":"product_cat-hotel-chic-schlafzimmer","12":"product_cat-hotel-chic-wohnzimmer","13":"product_cat-japandi-badezimmer","14":"product_cat-japandi-schlafzimmer","15":"product_cat-japandi-wohnzimmer","16":"product_cat-naturliche-tone","17":"product_cat-ornamente","18":"product_cat-skandinavisches-badezimmer","19":"product_cat-skandinavisches-schlafzimmer","20":"product_cat-skandinavisches-wohnzimmer","21":"product_cat-wohnzimmer","22":"seizoen-lente-de","23":"seizoen-herfst-de","24":"seizoen-zomer-de","25":"seizoen-winter-de","26":"shop-per-kamer-badkamer-de","27":"shop-per-kamer-hal-de","28":"shop-per-kamer-slaapkamer-de","29":"shop-per-kamer-woonkamer-de","30":"indooroutdoor-indoor-de","31":"vorm-rond-de","32":"duurzaam-ja-de","33":"productafmetingen-l-de","34":"stijl-bohemian-de","35":"stijl-hotel-chique-de","36":"stijl-japandi-de","37":"stijl-scandinavisch-de","38":"merk-pole-to-pole-de","39":"materiaal-schelp-de","40":"beoordeling-three-star-de","41":"beoordeling-four-star-de","42":"beoordeling-five-star-de","43":"kleur-bruin-de","45":"first","46":"instock","47":"taxable","48":"shipping-taxable","49":"purchasable","50":"product-type-simple"},"supplier_id":null,"supplier_sku":"","barcode":null,"atum_controlled":true,"out_stock_date":null,"out_stock_threshold":null,"inheritable":false,"inbound_stock":0,"stock_on_hold":1,"sold_today":0,"sales_last_days":2,"reserved_stock":0,"customer_returns":0,"warehouse_damage":0,"lost_in_post":0,"other_logs":0,"out_stock_days":0,"lost_sales":0,"has_location":false,"update_date":"2026-04-14T19:52:50","atum_locations":[],"atum_stock_status":"instock","restock_status":false,"low_stock_amount":"","sales_update_date":"2026-04-14T19:52:50","calc_backorders":null,"_links":{"self":[{"href":"https:\/\/www.industrialwood.nl\/de\/wp-json\/wp\/v2\/product\/72078","targetHints":{"allow":["GET"]}}],"collection":[{"href":"https:\/\/www.industrialwood.nl\/de\/wp-json\/wp\/v2\/product"}],"about":[{"href":"https:\/\/www.industrialwood.nl\/de\/wp-json\/wp\/v2\/types\/product"}],"replies":[{"embeddable":true,"href":"https:\/\/www.industrialwood.nl\/de\/wp-json\/wp\/v2\/comments?post=72078"}],"wp:featuredmedia":[{"embeddable":true,"href":"https:\/\/www.industrialwood.nl\/de\/wp-json\/wp\/v2\/media\/72080"}],"wp:attachment":[{"href":"https:\/\/www.industrialwood.nl\/de\/wp-json\/wp\/v2\/media?parent=72078"}],"wp:term":[{"taxonomy":"product_brand","embeddable":true,"href":"https:\/\/www.industrialwood.nl\/de\/wp-json\/wp\/v2\/product_brand?post=72078"},{"taxonomy":"product_cat","embeddable":true,"href":"https:\/\/www.industrialwood.nl\/de\/wp-json\/wp\/v2\/product_cat?post=72078"},{"taxonomy":"product_tag","embeddable":true,"href":"https:\/\/www.industrialwood.nl\/de\/wp-json\/wp\/v2\/product_tag?post=72078"},{"taxonomy":"seizoen","embeddable":true,"href":"https:\/\/www.industrialwood.nl\/de\/wp-json\/wp\/v2\/seizoen?post=72078"},{"taxonomy":"bloemensoort","embeddable":true,"href":"https:\/\/www.industrialwood.nl\/de\/wp-json\/wp\/v2\/bloemensoort?post=72078"},{"taxonomy":"samenstelling","embeddable":true,"href":"https:\/\/www.industrialwood.nl\/de\/wp-json\/wp\/v2\/samenstelling?post=72078"},{"taxonomy":"shop-per-kamer","embeddable":true,"href":"https:\/\/www.industrialwood.nl\/de\/wp-json\/wp\/v2\/shop-per-kamer?post=72078"},{"taxonomy":"indooroutdoor","embeddable":true,"href":"https:\/\/www.industrialwood.nl\/de\/wp-json\/wp\/v2\/indooroutdoor?post=72078"},{"taxonomy":"vorm","embeddable":true,"href":"https:\/\/www.industrialwood.nl\/de\/wp-json\/wp\/v2\/vorm?post=72078"},{"taxonomy":"duurzaam","embeddable":true,"href":"https:\/\/www.industrialwood.nl\/de\/wp-json\/wp\/v2\/duurzaam?post=72078"},{"taxonomy":"productafmetingen","embeddable":true,"href":"https:\/\/www.industrialwood.nl\/de\/wp-json\/wp\/v2\/productafmetingen?post=72078"},{"taxonomy":"stijl","embeddable":true,"href":"https:\/\/www.industrialwood.nl\/de\/wp-json\/wp\/v2\/stijl?post=72078"},{"taxonomy":"merk","embeddable":true,"href":"https:\/\/www.industrialwood.nl\/de\/wp-json\/wp\/v2\/merk?post=72078"},{"taxonomy":"materiaal","embeddable":true,"href":"https:\/\/www.industrialwood.nl\/de\/wp-json\/wp\/v2\/materiaal?post=72078"},{"taxonomy":"materiaal-schaaltje","embeddable":true,"href":"https:\/\/www.industrialwood.nl\/de\/wp-json\/wp\/v2\/materiaal-schaaltje?post=72078"},{"taxonomy":"geur","embeddable":true,"href":"https:\/\/www.industrialwood.nl\/de\/wp-json\/wp\/v2\/geur?post=72078"},{"taxonomy":"product-type","embeddable":true,"href":"https:\/\/www.industrialwood.nl\/de\/wp-json\/wp\/v2\/product-type?post=72078"},{"taxonomy":"beoordeling","embeddable":true,"href":"https:\/\/www.industrialwood.nl\/de\/wp-json\/wp\/v2\/beoordeling?post=72078"},{"taxonomy":"uitsparingen","embeddable":true,"href":"https:\/\/www.industrialwood.nl\/de\/wp-json\/wp\/v2\/uitsparingen?post=72078"},{"taxonomy":"houtsoort","embeddable":true,"href":"https:\/\/www.industrialwood.nl\/de\/wp-json\/wp\/v2\/houtsoort?post=72078"},{"taxonomy":"breedte","embeddable":true,"href":"https:\/\/www.industrialwood.nl\/de\/wp-json\/wp\/v2\/breedte?post=72078"},{"taxonomy":"badplanken-lengte","embeddable":true,"href":"https:\/\/www.industrialwood.nl\/de\/wp-json\/wp\/v2\/badplanken-lengte?post=72078"},{"taxonomy":"kleur","embeddable":true,"href":"https:\/\/www.industrialwood.nl\/de\/wp-json\/wp\/v2\/kleur?post=72078"}],"curies":[{"name":"wp","href":"https:\/\/api.w.org\/{rel}","templated":true}]}}