{"id":71806,"date":"2025-04-17T10:09:34","date_gmt":"2025-04-17T08:09:34","guid":{"rendered":"https:\/\/www.industrialwood.nl\/seidenzweig-eukalyptus\/"},"modified":"2026-01-07T13:25:00","modified_gmt":"2026-01-07T12:25:00","slug":"seidenzweig-eukalyptus","status":"publish","type":"product","link":"https:\/\/www.industrialwood.nl\/de\/seidenzweig-eukalyptus\/","title":{"rendered":"Seidenzweig | Eukalyptus"},"content":{"rendered":"","protected":false},"excerpt":{"rendered":"<p class=\"\" data-start=\"0\" data-end=\"363\">M\u00f6chten Sie Ihrem Interieur einen frischen und stilvollen Impuls geben, ohne dass Sie sich um Wasser oder das Verwelken k\u00fcmmern m\u00fcssen? Dann ist dieser <strong>wei\u00dfe Eukalyptuszweig aus Seide<\/strong> genau das Richtige f\u00fcr Sie! Mit seiner weichen, cremefarbenen Farbe und den runden Bl\u00e4ttern bringt er Ruhe, Licht und einen eleganten, nat\u00fcrlichen Touch in Ihr Zuhause. Perfekt f\u00fcr eine Vase auf einem Tisch, auf einem Regal oder in einem Strau\u00df mit anderen Kunstblumen. Und dank des biegsamen Drahtes im Stiel k\u00f6nnen Sie ihn ganz nach Ihrem Geschmack gestalten. Der Eukalyptus stammt urspr\u00fcnglich aus Australien und symbolisiert Schutz, Erneuerung und Gleichgewicht &#8211; genau das, was Ihr Raum mit diesem sch\u00f6nen Zweig ausstrahlt. Minimalistisch, Boho oder Scandi &#8211; dieser Eukalyptus passt sich m\u00fchelos an jeden Stil an!      <\/p>\n<p class=\"\" data-start=\"542\" data-end=\"602\"><strong data-start=\"542\" data-end=\"602\">Warum Sie diesen wei\u00dfen Eukalyptuszweig aus Seide haben m\u00f6chten:<\/strong><\/p>\n<ul>\n<li data-start=\"604\" data-end=\"857\">Zeitlos und wartungsfrei<\/li>\n<li data-start=\"604\" data-end=\"857\">Sch\u00f6ne cremefarbene Farbe f\u00fcr einen frischen Look<\/li>\n<li data-start=\"604\" data-end=\"857\">Zweig ist biegsam<\/li>\n<\/ul>\n<p>&nbsp;<\/p>\n<p class=\"\" data-start=\"1302\" data-end=\"1434\"><strong data-start=\"1302\" data-end=\"1316\">Ma\u00dfe<\/strong>: 90 cm<br data-start=\"1317\" data-end=\"1320\"><strong data-start=\"1320\" data-end=\"1333\">Material<\/strong>: Seide<br data-start=\"1376\" data-end=\"1379\"><strong data-start=\"1379\" data-end=\"1388\">Farbe<\/strong>: Wei\u00df<\/p>\n","protected":false},"featured_media":69401,"comment_status":"open","ping_status":"closed","template":"","meta":[],"product_brand":[],"product_cat":[393,400,401,504,479,418,404,402,424,481,420,483,428,482,422,396],"product_tag":[],"seizoen":[543,545,544,546],"bloemensoort":[],"samenstelling":[],"shop-per-kamer":[551,554,552,549],"indooroutdoor":[555],"vorm":[],"duurzaam":[565],"productafmetingen":[],"stijl":[574,571,575,573,572],"merk":[576],"materiaal":[],"materiaal-schaaltje":[],"geur":[],"product-type":[],"beoordeling":[640,641,642],"uitsparingen":[],"houtsoort":[],"breedte":[],"badplanken-lengte":[],"kleur":[659],"class_list":{"0":"post-71806","1":"product","2":"type-product","3":"status-publish","4":"has-post-thumbnail","6":"product_cat-badezimmer","7":"product_cat-boheme-wohnzimmer","8":"product_cat-bohmisches-badezimmer","9":"product_cat-drausen","10":"product_cat-hotel-chic-badezimmer","11":"product_cat-hotel-chic-wohnzimmer","12":"product_cat-japandi-badezimmer","13":"product_cat-japandi-wohnzimmer","14":"product_cat-landwohnzimmer","15":"product_cat-modernes-badezimmer","16":"product_cat-modernes-wohnzimmer","17":"product_cat-rustikales-badezimmer","18":"product_cat-seidenblumen","19":"product_cat-skandinavisches-badezimmer","20":"product_cat-skandinavisches-wohnzimmer","21":"product_cat-wohnzimmer","22":"seizoen-lente-de","23":"seizoen-herfst-de","24":"seizoen-zomer-de","25":"seizoen-winter-de","26":"shop-per-kamer-badkamer-de","27":"shop-per-kamer-tuin-de","28":"shop-per-kamer-hal-de","29":"shop-per-kamer-woonkamer-de","30":"indooroutdoor-indoor-de","31":"duurzaam-ja-de","32":"stijl-bohemian-de","33":"stijl-hotel-chique-de","34":"stijl-japandi-de","35":"stijl-modern-de","36":"stijl-scandinavisch-de","37":"merk-industrialwood-de","38":"beoordeling-three-star-de","39":"beoordeling-four-star-de","40":"beoordeling-five-star-de","41":"kleur-wit-de","43":"first","44":"instock","45":"taxable","46":"shipping-taxable","47":"purchasable","48":"product-type-simple"},"supplier_id":null,"supplier_sku":"","barcode":null,"atum_controlled":true,"out_stock_date":null,"out_stock_threshold":null,"inheritable":false,"inbound_stock":0,"stock_on_hold":0,"sold_today":0,"sales_last_days":0,"reserved_stock":0,"customer_returns":0,"warehouse_damage":0,"lost_in_post":0,"other_logs":0,"out_stock_days":0,"lost_sales":0,"has_location":false,"update_date":"2026-04-07T19:13:04","atum_locations":[],"atum_stock_status":"instock","restock_status":false,"low_stock_amount":"","sales_update_date":"2026-04-07T19:13:04","calc_backorders":null,"_links":{"self":[{"href":"https:\/\/www.industrialwood.nl\/de\/wp-json\/wp\/v2\/product\/71806","targetHints":{"allow":["GET"]}}],"collection":[{"href":"https:\/\/www.industrialwood.nl\/de\/wp-json\/wp\/v2\/product"}],"about":[{"href":"https:\/\/www.industrialwood.nl\/de\/wp-json\/wp\/v2\/types\/product"}],"replies":[{"embeddable":true,"href":"https:\/\/www.industrialwood.nl\/de\/wp-json\/wp\/v2\/comments?post=71806"}],"wp:featuredmedia":[{"embeddable":true,"href":"https:\/\/www.industrialwood.nl\/de\/wp-json\/wp\/v2\/media\/69401"}],"wp:attachment":[{"href":"https:\/\/www.industrialwood.nl\/de\/wp-json\/wp\/v2\/media?parent=71806"}],"wp:term":[{"taxonomy":"product_brand","embeddable":true,"href":"https:\/\/www.industrialwood.nl\/de\/wp-json\/wp\/v2\/product_brand?post=71806"},{"taxonomy":"product_cat","embeddable":true,"href":"https:\/\/www.industrialwood.nl\/de\/wp-json\/wp\/v2\/product_cat?post=71806"},{"taxonomy":"product_tag","embeddable":true,"href":"https:\/\/www.industrialwood.nl\/de\/wp-json\/wp\/v2\/product_tag?post=71806"},{"taxonomy":"seizoen","embeddable":true,"href":"https:\/\/www.industrialwood.nl\/de\/wp-json\/wp\/v2\/seizoen?post=71806"},{"taxonomy":"bloemensoort","embeddable":true,"href":"https:\/\/www.industrialwood.nl\/de\/wp-json\/wp\/v2\/bloemensoort?post=71806"},{"taxonomy":"samenstelling","embeddable":true,"href":"https:\/\/www.industrialwood.nl\/de\/wp-json\/wp\/v2\/samenstelling?post=71806"},{"taxonomy":"shop-per-kamer","embeddable":true,"href":"https:\/\/www.industrialwood.nl\/de\/wp-json\/wp\/v2\/shop-per-kamer?post=71806"},{"taxonomy":"indooroutdoor","embeddable":true,"href":"https:\/\/www.industrialwood.nl\/de\/wp-json\/wp\/v2\/indooroutdoor?post=71806"},{"taxonomy":"vorm","embeddable":true,"href":"https:\/\/www.industrialwood.nl\/de\/wp-json\/wp\/v2\/vorm?post=71806"},{"taxonomy":"duurzaam","embeddable":true,"href":"https:\/\/www.industrialwood.nl\/de\/wp-json\/wp\/v2\/duurzaam?post=71806"},{"taxonomy":"productafmetingen","embeddable":true,"href":"https:\/\/www.industrialwood.nl\/de\/wp-json\/wp\/v2\/productafmetingen?post=71806"},{"taxonomy":"stijl","embeddable":true,"href":"https:\/\/www.industrialwood.nl\/de\/wp-json\/wp\/v2\/stijl?post=71806"},{"taxonomy":"merk","embeddable":true,"href":"https:\/\/www.industrialwood.nl\/de\/wp-json\/wp\/v2\/merk?post=71806"},{"taxonomy":"materiaal","embeddable":true,"href":"https:\/\/www.industrialwood.nl\/de\/wp-json\/wp\/v2\/materiaal?post=71806"},{"taxonomy":"materiaal-schaaltje","embeddable":true,"href":"https:\/\/www.industrialwood.nl\/de\/wp-json\/wp\/v2\/materiaal-schaaltje?post=71806"},{"taxonomy":"geur","embeddable":true,"href":"https:\/\/www.industrialwood.nl\/de\/wp-json\/wp\/v2\/geur?post=71806"},{"taxonomy":"product-type","embeddable":true,"href":"https:\/\/www.industrialwood.nl\/de\/wp-json\/wp\/v2\/product-type?post=71806"},{"taxonomy":"beoordeling","embeddable":true,"href":"https:\/\/www.industrialwood.nl\/de\/wp-json\/wp\/v2\/beoordeling?post=71806"},{"taxonomy":"uitsparingen","embeddable":true,"href":"https:\/\/www.industrialwood.nl\/de\/wp-json\/wp\/v2\/uitsparingen?post=71806"},{"taxonomy":"houtsoort","embeddable":true,"href":"https:\/\/www.industrialwood.nl\/de\/wp-json\/wp\/v2\/houtsoort?post=71806"},{"taxonomy":"breedte","embeddable":true,"href":"https:\/\/www.industrialwood.nl\/de\/wp-json\/wp\/v2\/breedte?post=71806"},{"taxonomy":"badplanken-lengte","embeddable":true,"href":"https:\/\/www.industrialwood.nl\/de\/wp-json\/wp\/v2\/badplanken-lengte?post=71806"},{"taxonomy":"kleur","embeddable":true,"href":"https:\/\/www.industrialwood.nl\/de\/wp-json\/wp\/v2\/kleur?post=71806"}],"curies":[{"name":"wp","href":"https:\/\/api.w.org\/{rel}","templated":true}]}}