{"id":71558,"date":"2025-05-19T15:56:37","date_gmt":"2025-05-19T13:56:37","guid":{"rendered":"https:\/\/www.industrialwood.nl\/schale-pappmache-bio-leeff-pim-2\/"},"modified":"2025-11-21T09:47:13","modified_gmt":"2025-11-21T08:47:13","slug":"schale-pappmache-bio-leeff-pim-2","status":"publish","type":"product","link":"https:\/\/www.industrialwood.nl\/de\/schale-pappmache-bio-leeff-pim-2\/","title":{"rendered":"Schale | Pappmach\u00e9 | Bio | Leeff | Pim"},"content":{"rendered":"","protected":false},"excerpt":{"rendered":"<p class=\"\" data-start=\"127\" data-end=\"525\">Neues Lieblingsst\u00fcck entdeckt! \ud83e\udd0d Das Tablett &#8216;Pim&#8217; aus Pappmach\u00e9 ist ein Must-Have f\u00fcr Ihre Einrichtung. Liebe auf den ersten Blick? Das k\u00f6nnen wir gut verstehen! Dieses <strong data-start=\"280\" data-end=\"324\">organische Pappmach\u00e9-Tablett<\/strong> von <strong>Leeff<\/strong> hat diesen l\u00e4ssigen, handgemachten Look, der Ihr Herz h\u00f6her schlagen l\u00e4sst. Mit seinem sanften Beigeton und seiner verspielten Form passt es in jede Ecke Ihres Zuhauses &#8211; vom Esstisch bis zum Sideboard. Und psst&#8230; es bildet zusammen mit der <a href=\"https:\/\/www.industrialwood.nl\/kom-papier-mache-organisch-leeff-pim\/\">passenden Schale<\/a> ein unwiderstehliches Duo! \ud83d\ude0d      <\/p>\n<p class=\"\" data-start=\"733\" data-end=\"1032\"><strong data-start=\"733\" data-end=\"793\">Warum Sie dieses Pappmach\u00e9-Tablett in Ihr Zuhause holen sollten:<\/strong><\/p>\n<ul>\n<li data-start=\"733\" data-end=\"1032\">Handgefertigt aus haltbarem Pappmach\u00e9<\/li>\n<li data-start=\"733\" data-end=\"1032\">Perfekt als Unterlage f\u00fcr Kerzen, Vasen oder Styling-Ecken<\/li>\n<li data-start=\"733\" data-end=\"1032\">  Kombinieren Sie mit der Schale f\u00fcr einen harmonischen Look<\/li>\n<\/ul>\n<p data-start=\"1062\" data-end=\"1109\">\n<p data-start=\"1062\" data-end=\"1109\">\n<p class=\"\" data-start=\"1062\" data-end=\"1109\"><strong data-start=\"1062\" data-end=\"1076\">Ma\u00dfe<\/strong>: 30 x 30 x 5 cm<br data-start=\"1077\" data-end=\"1080\"><strong data-start=\"1080\" data-end=\"1093\">Material<\/strong>: Papiermach\u00e9<br data-start=\"1094\" data-end=\"1097\"><strong data-start=\"1097\" data-end=\"1106\">Farbe<\/strong>: Beige<\/p>\n","protected":false},"featured_media":70739,"comment_status":"open","ping_status":"closed","template":"","meta":[],"product_brand":[],"product_cat":[701,412,400,504,402,502,540,424,395,740,507,422,478,405,396],"product_tag":[],"seizoen":[543,545,544,546],"bloemensoort":[],"samenstelling":[],"shop-per-kamer":[550,549],"indooroutdoor":[555],"vorm":[563],"duurzaam":[565],"productafmetingen":[569,568,567],"stijl":[574,575,572],"merk":[581],"materiaal":[612],"materiaal-schaaltje":[],"geur":[],"product-type":[],"beoordeling":[640,641,642],"uitsparingen":[],"houtsoort":[],"breedte":[],"badplanken-lengte":[],"kleur":[657],"class_list":{"0":"post-71558","1":"product","2":"type-product","3":"status-publish","4":"has-post-thumbnail","6":"product_cat-bio-tablett","7":"product_cat-boheme-kuche","8":"product_cat-boheme-wohnzimmer","9":"product_cat-drausen","10":"product_cat-japandi-wohnzimmer","11":"product_cat-japandische-kuche","12":"product_cat-landhauskuche","13":"product_cat-landwohnzimmer","14":"product_cat-naturliche-tone","15":"product_cat-schwarzer-freitag-2","16":"product_cat-skandinavische-kuche","17":"product_cat-skandinavisches-wohnzimmer","18":"product_cat-tabletts","19":"product_cat-verkauf","20":"product_cat-wohnzimmer","21":"seizoen-lente-de","22":"seizoen-herfst-de","23":"seizoen-zomer-de","24":"seizoen-winter-de","25":"shop-per-kamer-keuken-de","26":"shop-per-kamer-woonkamer-de","27":"indooroutdoor-indoor-de","28":"vorm-organisch-de","29":"duurzaam-ja-de","30":"productafmetingen-l-de","31":"productafmetingen-m-de","32":"productafmetingen-s-de","33":"stijl-bohemian-de","34":"stijl-japandi-de","35":"stijl-scandinavisch-de","36":"merk-leeff-de","37":"materiaal-papier-de","38":"beoordeling-three-star-de","39":"beoordeling-four-star-de","40":"beoordeling-five-star-de","41":"kleur-beige-de","43":"first","44":"outofstock","45":"sale","46":"taxable","47":"shipping-taxable","48":"purchasable","49":"product-type-simple"},"supplier_id":null,"supplier_sku":"","barcode":null,"atum_controlled":true,"out_stock_date":"2025-11-24 15:07:38","out_stock_threshold":null,"inheritable":false,"inbound_stock":0,"stock_on_hold":0,"sold_today":0,"sales_last_days":0,"reserved_stock":0,"customer_returns":0,"warehouse_damage":0,"lost_in_post":0,"other_logs":0,"out_stock_days":105,"lost_sales":0,"has_location":false,"update_date":"2026-03-10T01:36:08","atum_locations":[],"atum_stock_status":"outofstock","restock_status":false,"low_stock_amount":"","sales_update_date":"2026-03-10T01:36:08","calc_backorders":null,"_links":{"self":[{"href":"https:\/\/www.industrialwood.nl\/de\/wp-json\/wp\/v2\/product\/71558","targetHints":{"allow":["GET"]}}],"collection":[{"href":"https:\/\/www.industrialwood.nl\/de\/wp-json\/wp\/v2\/product"}],"about":[{"href":"https:\/\/www.industrialwood.nl\/de\/wp-json\/wp\/v2\/types\/product"}],"replies":[{"embeddable":true,"href":"https:\/\/www.industrialwood.nl\/de\/wp-json\/wp\/v2\/comments?post=71558"}],"wp:featuredmedia":[{"embeddable":true,"href":"https:\/\/www.industrialwood.nl\/de\/wp-json\/wp\/v2\/media\/70739"}],"wp:attachment":[{"href":"https:\/\/www.industrialwood.nl\/de\/wp-json\/wp\/v2\/media?parent=71558"}],"wp:term":[{"taxonomy":"product_brand","embeddable":true,"href":"https:\/\/www.industrialwood.nl\/de\/wp-json\/wp\/v2\/product_brand?post=71558"},{"taxonomy":"product_cat","embeddable":true,"href":"https:\/\/www.industrialwood.nl\/de\/wp-json\/wp\/v2\/product_cat?post=71558"},{"taxonomy":"product_tag","embeddable":true,"href":"https:\/\/www.industrialwood.nl\/de\/wp-json\/wp\/v2\/product_tag?post=71558"},{"taxonomy":"seizoen","embeddable":true,"href":"https:\/\/www.industrialwood.nl\/de\/wp-json\/wp\/v2\/seizoen?post=71558"},{"taxonomy":"bloemensoort","embeddable":true,"href":"https:\/\/www.industrialwood.nl\/de\/wp-json\/wp\/v2\/bloemensoort?post=71558"},{"taxonomy":"samenstelling","embeddable":true,"href":"https:\/\/www.industrialwood.nl\/de\/wp-json\/wp\/v2\/samenstelling?post=71558"},{"taxonomy":"shop-per-kamer","embeddable":true,"href":"https:\/\/www.industrialwood.nl\/de\/wp-json\/wp\/v2\/shop-per-kamer?post=71558"},{"taxonomy":"indooroutdoor","embeddable":true,"href":"https:\/\/www.industrialwood.nl\/de\/wp-json\/wp\/v2\/indooroutdoor?post=71558"},{"taxonomy":"vorm","embeddable":true,"href":"https:\/\/www.industrialwood.nl\/de\/wp-json\/wp\/v2\/vorm?post=71558"},{"taxonomy":"duurzaam","embeddable":true,"href":"https:\/\/www.industrialwood.nl\/de\/wp-json\/wp\/v2\/duurzaam?post=71558"},{"taxonomy":"productafmetingen","embeddable":true,"href":"https:\/\/www.industrialwood.nl\/de\/wp-json\/wp\/v2\/productafmetingen?post=71558"},{"taxonomy":"stijl","embeddable":true,"href":"https:\/\/www.industrialwood.nl\/de\/wp-json\/wp\/v2\/stijl?post=71558"},{"taxonomy":"merk","embeddable":true,"href":"https:\/\/www.industrialwood.nl\/de\/wp-json\/wp\/v2\/merk?post=71558"},{"taxonomy":"materiaal","embeddable":true,"href":"https:\/\/www.industrialwood.nl\/de\/wp-json\/wp\/v2\/materiaal?post=71558"},{"taxonomy":"materiaal-schaaltje","embeddable":true,"href":"https:\/\/www.industrialwood.nl\/de\/wp-json\/wp\/v2\/materiaal-schaaltje?post=71558"},{"taxonomy":"geur","embeddable":true,"href":"https:\/\/www.industrialwood.nl\/de\/wp-json\/wp\/v2\/geur?post=71558"},{"taxonomy":"product-type","embeddable":true,"href":"https:\/\/www.industrialwood.nl\/de\/wp-json\/wp\/v2\/product-type?post=71558"},{"taxonomy":"beoordeling","embeddable":true,"href":"https:\/\/www.industrialwood.nl\/de\/wp-json\/wp\/v2\/beoordeling?post=71558"},{"taxonomy":"uitsparingen","embeddable":true,"href":"https:\/\/www.industrialwood.nl\/de\/wp-json\/wp\/v2\/uitsparingen?post=71558"},{"taxonomy":"houtsoort","embeddable":true,"href":"https:\/\/www.industrialwood.nl\/de\/wp-json\/wp\/v2\/houtsoort?post=71558"},{"taxonomy":"breedte","embeddable":true,"href":"https:\/\/www.industrialwood.nl\/de\/wp-json\/wp\/v2\/breedte?post=71558"},{"taxonomy":"badplanken-lengte","embeddable":true,"href":"https:\/\/www.industrialwood.nl\/de\/wp-json\/wp\/v2\/badplanken-lengte?post=71558"},{"taxonomy":"kleur","embeddable":true,"href":"https:\/\/www.industrialwood.nl\/de\/wp-json\/wp\/v2\/kleur?post=71558"}],"curies":[{"name":"wp","href":"https:\/\/api.w.org\/{rel}","templated":true}]}}