{"id":71485,"date":"2025-05-19T16:03:35","date_gmt":"2025-05-19T14:03:35","guid":{"rendered":"https:\/\/www.industrialwood.nl\/?post_type=product&#038;p=71485"},"modified":"2025-05-20T17:47:15","modified_gmt":"2025-05-20T15:47:15","slug":"suppenschussel-bio-pomax-beige-kopie","status":"publish","type":"product","link":"https:\/\/www.industrialwood.nl\/de\/suppenschussel-bio-pomax-beige-kopie\/","title":{"rendered":"Nudelschale | Bio | Pomax | Beige"},"content":{"rendered":"","protected":false},"excerpt":{"rendered":"<p class=\"\" data-start=\"214\" data-end=\"495\">Pasta-Abend mit Stil \ud83c\udf5d Diese sch\u00f6ne <strong data-start=\"263\" data-end=\"311\">Pastaschale <\/strong>aus der Primeval Kollektion von<strong data-start=\"263\" data-end=\"311\"> Pomax<\/strong> macht jedes Gericht zu einem Fest auf dem Tisch. Mit ihrer organischen Form und der sanften beigen Farbe hat diese Schale eine ruhige und nat\u00fcrliche Ausstrahlung &#8211; perfekt f\u00fcr jeden gedeckten Tisch! Ob Spaghetti, Salat oder sogar eine Pok\u00e9bowl, diese tiefe Schale ist ein echtes Multitalent. Und dank ihres handgefertigten Charakters ist jedes St\u00fcck ein Unikat mit dem gewissen Extra an Charme \ud83d\ude0d Geben Sie Ihrem Esstisch ein stilvolles Upgrade mit dieser Schale von Pomax &#8211; perfekt f\u00fcr den t\u00e4glichen Gebrauch und gem\u00fctliche Abendessen mit Freunden \ud83c\udf77   <\/p>\n<p class=\"\" data-start=\"693\" data-end=\"982\"><strong data-start=\"693\" data-end=\"745\">Deshalb ist diese Schale ein Favorit f\u00fcr jeden Feinschmecker<\/strong>:<\/p>\n<ul>\n<li data-start=\"693\" data-end=\"982\">Tiefes Format, ideal f\u00fcr Pasta, Curry oder Salat<\/li>\n<li data-start=\"693\" data-end=\"982\">Sanfter Beigeton f\u00fcr einen ruhigen, nat\u00fcrlichen Look<\/li>\n<li data-start=\"693\" data-end=\"982\">Organische Form f\u00fcr einen verspielten, modernen Look<\/li>\n<li>Hervorragend zu kombinieren mit anderen Artikeln aus der <a href=\"https:\/\/www.industrialwood.nl\/de\/suchergebnisse-7\/?q=primeval\">Primeval Kollektion<\/a><\/li>\n<\/ul>\n<p>&nbsp;<\/p>\n<p class=\"\" data-start=\"1157\" data-end=\"1275\"><strong data-start=\"1157\" data-end=\"1171\">Ma\u00dfe<\/strong>: 22,1 x 21,7 x 4,8 cm<br data-start=\"1193\" data-end=\"1196\"><strong data-start=\"1196\" data-end=\"1209\">Material<\/strong>: Porzellan<br data-start=\"1220\" data-end=\"1223\"><strong data-start=\"1223\" data-end=\"1232\">Farbe<\/strong>: Beige<br \/>\n<strong>Sp\u00fclmaschinenfest<\/strong>: Ja<br \/>\n<strong>Mikrowellengeeignet<\/strong>: Ja<\/p>\n","protected":false},"featured_media":71489,"comment_status":"open","ping_status":"closed","template":"","meta":[],"product_brand":[],"product_cat":[412,504,480,502,540,505,395,507],"product_tag":[],"seizoen":[543,545,544,546],"bloemensoort":[],"samenstelling":[],"shop-per-kamer":[550],"indooroutdoor":[556,555],"vorm":[563,557],"duurzaam":[565],"productafmetingen":[569,568,567],"stijl":[574,571,575,573,572],"merk":[704],"materiaal":[611],"materiaal-schaaltje":[],"geur":[],"product-type":[],"beoordeling":[640,641,642],"uitsparingen":[],"houtsoort":[],"breedte":[],"badplanken-lengte":[],"kleur":[657,660],"class_list":{"0":"post-71485","1":"product","2":"type-product","3":"status-publish","4":"has-post-thumbnail","6":"product_cat-boheme-kuche","7":"product_cat-drausen","8":"product_cat-hotel-chic-kuche","9":"product_cat-japandische-kuche","10":"product_cat-landhauskuche","11":"product_cat-moderne-kuche","12":"product_cat-naturliche-tone","13":"product_cat-skandinavische-kuche","14":"seizoen-lente-de","15":"seizoen-herfst-de","16":"seizoen-zomer-de","17":"seizoen-winter-de","18":"shop-per-kamer-keuken-de","19":"indooroutdoor-outdoor-de","20":"indooroutdoor-indoor-de","21":"vorm-organisch-de","22":"vorm-rond-de","23":"duurzaam-ja-de","24":"productafmetingen-l-de","25":"productafmetingen-m-de","26":"productafmetingen-s-de","27":"stijl-bohemian-de","28":"stijl-hotel-chique-de","29":"stijl-japandi-de","30":"stijl-modern-de","31":"stijl-scandinavisch-de","32":"merk-pomax-de","33":"materiaal-keramiek-de","34":"beoordeling-three-star-de","35":"beoordeling-four-star-de","36":"beoordeling-five-star-de","37":"kleur-beige-de","38":"kleur-grijs-de","40":"first","41":"instock","42":"taxable","43":"shipping-taxable","44":"purchasable","45":"product-type-simple"},"supplier_id":null,"supplier_sku":"","barcode":null,"atum_controlled":true,"out_stock_date":null,"out_stock_threshold":null,"inheritable":false,"inbound_stock":0,"stock_on_hold":0,"sold_today":0,"sales_last_days":0,"reserved_stock":0,"customer_returns":0,"warehouse_damage":0,"lost_in_post":0,"other_logs":0,"out_stock_days":0,"lost_sales":0,"has_location":false,"update_date":"2026-03-10T01:36:03","atum_locations":[],"atum_stock_status":"instock","restock_status":false,"low_stock_amount":"","sales_update_date":"2026-03-10T01:36:03","calc_backorders":null,"_links":{"self":[{"href":"https:\/\/www.industrialwood.nl\/de\/wp-json\/wp\/v2\/product\/71485","targetHints":{"allow":["GET"]}}],"collection":[{"href":"https:\/\/www.industrialwood.nl\/de\/wp-json\/wp\/v2\/product"}],"about":[{"href":"https:\/\/www.industrialwood.nl\/de\/wp-json\/wp\/v2\/types\/product"}],"replies":[{"embeddable":true,"href":"https:\/\/www.industrialwood.nl\/de\/wp-json\/wp\/v2\/comments?post=71485"}],"wp:featuredmedia":[{"embeddable":true,"href":"https:\/\/www.industrialwood.nl\/de\/wp-json\/wp\/v2\/media\/71489"}],"wp:attachment":[{"href":"https:\/\/www.industrialwood.nl\/de\/wp-json\/wp\/v2\/media?parent=71485"}],"wp:term":[{"taxonomy":"product_brand","embeddable":true,"href":"https:\/\/www.industrialwood.nl\/de\/wp-json\/wp\/v2\/product_brand?post=71485"},{"taxonomy":"product_cat","embeddable":true,"href":"https:\/\/www.industrialwood.nl\/de\/wp-json\/wp\/v2\/product_cat?post=71485"},{"taxonomy":"product_tag","embeddable":true,"href":"https:\/\/www.industrialwood.nl\/de\/wp-json\/wp\/v2\/product_tag?post=71485"},{"taxonomy":"seizoen","embeddable":true,"href":"https:\/\/www.industrialwood.nl\/de\/wp-json\/wp\/v2\/seizoen?post=71485"},{"taxonomy":"bloemensoort","embeddable":true,"href":"https:\/\/www.industrialwood.nl\/de\/wp-json\/wp\/v2\/bloemensoort?post=71485"},{"taxonomy":"samenstelling","embeddable":true,"href":"https:\/\/www.industrialwood.nl\/de\/wp-json\/wp\/v2\/samenstelling?post=71485"},{"taxonomy":"shop-per-kamer","embeddable":true,"href":"https:\/\/www.industrialwood.nl\/de\/wp-json\/wp\/v2\/shop-per-kamer?post=71485"},{"taxonomy":"indooroutdoor","embeddable":true,"href":"https:\/\/www.industrialwood.nl\/de\/wp-json\/wp\/v2\/indooroutdoor?post=71485"},{"taxonomy":"vorm","embeddable":true,"href":"https:\/\/www.industrialwood.nl\/de\/wp-json\/wp\/v2\/vorm?post=71485"},{"taxonomy":"duurzaam","embeddable":true,"href":"https:\/\/www.industrialwood.nl\/de\/wp-json\/wp\/v2\/duurzaam?post=71485"},{"taxonomy":"productafmetingen","embeddable":true,"href":"https:\/\/www.industrialwood.nl\/de\/wp-json\/wp\/v2\/productafmetingen?post=71485"},{"taxonomy":"stijl","embeddable":true,"href":"https:\/\/www.industrialwood.nl\/de\/wp-json\/wp\/v2\/stijl?post=71485"},{"taxonomy":"merk","embeddable":true,"href":"https:\/\/www.industrialwood.nl\/de\/wp-json\/wp\/v2\/merk?post=71485"},{"taxonomy":"materiaal","embeddable":true,"href":"https:\/\/www.industrialwood.nl\/de\/wp-json\/wp\/v2\/materiaal?post=71485"},{"taxonomy":"materiaal-schaaltje","embeddable":true,"href":"https:\/\/www.industrialwood.nl\/de\/wp-json\/wp\/v2\/materiaal-schaaltje?post=71485"},{"taxonomy":"geur","embeddable":true,"href":"https:\/\/www.industrialwood.nl\/de\/wp-json\/wp\/v2\/geur?post=71485"},{"taxonomy":"product-type","embeddable":true,"href":"https:\/\/www.industrialwood.nl\/de\/wp-json\/wp\/v2\/product-type?post=71485"},{"taxonomy":"beoordeling","embeddable":true,"href":"https:\/\/www.industrialwood.nl\/de\/wp-json\/wp\/v2\/beoordeling?post=71485"},{"taxonomy":"uitsparingen","embeddable":true,"href":"https:\/\/www.industrialwood.nl\/de\/wp-json\/wp\/v2\/uitsparingen?post=71485"},{"taxonomy":"houtsoort","embeddable":true,"href":"https:\/\/www.industrialwood.nl\/de\/wp-json\/wp\/v2\/houtsoort?post=71485"},{"taxonomy":"breedte","embeddable":true,"href":"https:\/\/www.industrialwood.nl\/de\/wp-json\/wp\/v2\/breedte?post=71485"},{"taxonomy":"badplanken-lengte","embeddable":true,"href":"https:\/\/www.industrialwood.nl\/de\/wp-json\/wp\/v2\/badplanken-lengte?post=71485"},{"taxonomy":"kleur","embeddable":true,"href":"https:\/\/www.industrialwood.nl\/de\/wp-json\/wp\/v2\/kleur?post=71485"}],"curies":[{"name":"wp","href":"https:\/\/api.w.org\/{rel}","templated":true}]}}