{"id":71338,"date":"2025-04-26T10:15:15","date_gmt":"2025-04-26T08:15:15","guid":{"rendered":"https:\/\/www.industrialwood.nl\/kerzenhalter-alimos-lightliving-dunkelbraun\/"},"modified":"2026-01-08T08:51:44","modified_gmt":"2026-01-08T07:51:44","slug":"kerzenhalter-alimos-lightliving-dunkelbraun","status":"publish","type":"product","link":"https:\/\/www.industrialwood.nl\/de\/kerzenhalter-alimos-lightliving-dunkelbraun\/","title":{"rendered":"Kerzenhalter | Alimos | Light&amp;Living | Dunkelbraun"},"content":{"rendered":"","protected":false},"excerpt":{"rendered":"<p class=\"\" data-start=\"0\" data-end=\"371\">Lust auf einen Stimmungsmacher mit Charakter? Der <strong data-start=\"39\" data-end=\"67\">Alimos Teelichthalter<\/strong> von <em>Light &amp; Living<\/em> bringt mit seinem einzigartigen Design aus braunem Steingut und klarem Glas W\u00e4rme und Stil in Ihr Zuhause. Der handgefertigte Rahmen wirkt verspielt und robust zugleich &#8211; als w\u00fcrde man ein kleines Kunstwerk auf den Tisch stellen. Perfekt f\u00fcr eine gem\u00fctliche Ecke, Ihren Esstisch oder als stimmungsvoller Akzent in einem offenen Regal. Das verspielte Gitter verleiht dem Kerzenlicht einen sch\u00f6nen, diffusen Effekt, der sofort f\u00fcr Atmosph\u00e4re sorgt. Und dank des abnehmbaren Glases k\u00f6nnen Sie ganz einfach ein Teelicht oder eine LED-Kerze hineinstellen.     <\/p>\n<p class=\"\" data-start=\"560\" data-end=\"617\"><strong data-start=\"560\" data-end=\"617\">Warum Sie diesen Alimos Teelichthalter haben m\u00f6chten:<\/strong><\/p>\n<ul>\n<li data-start=\"619\" data-end=\"866\">Au\u00dfergew\u00f6hnliches Design aus brauner Keramik und Glas<\/li>\n<li data-start=\"619\" data-end=\"866\">Ideal f\u00fcr Teelichter und LED-Kerzen<\/li>\n<li data-start=\"619\" data-end=\"866\">Perfekt auf einem Tablett, in einem Schrank oder als eigenst\u00e4ndiger Artikel<\/li>\n<\/ul>\n<p>&nbsp;<\/p>\n<p><strong>Ma\u00dfe<\/strong>: 10 x 12 cm<br \/>\n<strong>Material<\/strong>: Glas<br \/>\n<strong>Farbe<\/strong>: Dunkelbraun<\/p>\n","protected":false},"featured_media":69462,"comment_status":"open","ping_status":"closed","template":"","meta":[],"product_brand":[],"product_cat":[400,504,418,402,424,420,395,422,414,405,396],"product_tag":[],"seizoen":[543,545,544,546],"bloemensoort":[],"samenstelling":[],"shop-per-kamer":[552,549],"indooroutdoor":[555],"vorm":[563],"duurzaam":[565],"productafmetingen":[568,567],"stijl":[574,571,575,573,572],"merk":[580],"materiaal":[611],"materiaal-schaaltje":[],"geur":[],"product-type":[],"beoordeling":[640,641,642],"uitsparingen":[],"houtsoort":[],"breedte":[],"badplanken-lengte":[],"kleur":[663],"class_list":{"0":"post-71338","1":"product","2":"type-product","3":"status-publish","4":"has-post-thumbnail","6":"product_cat-boheme-wohnzimmer","7":"product_cat-drausen","8":"product_cat-hotel-chic-wohnzimmer","9":"product_cat-japandi-wohnzimmer","10":"product_cat-landwohnzimmer","11":"product_cat-modernes-wohnzimmer","12":"product_cat-naturliche-tone","13":"product_cat-skandinavisches-wohnzimmer","14":"product_cat-teelichthalter","15":"product_cat-verkauf","16":"product_cat-wohnzimmer","17":"seizoen-lente-de","18":"seizoen-herfst-de","19":"seizoen-zomer-de","20":"seizoen-winter-de","21":"shop-per-kamer-hal-de","22":"shop-per-kamer-woonkamer-de","23":"indooroutdoor-indoor-de","24":"vorm-organisch-de","25":"duurzaam-ja-de","26":"productafmetingen-m-de","27":"productafmetingen-s-de","28":"stijl-bohemian-de","29":"stijl-hotel-chique-de","30":"stijl-japandi-de","31":"stijl-modern-de","32":"stijl-scandinavisch-de","33":"merk-lightliving-de","34":"materiaal-keramiek-de","35":"beoordeling-three-star-de","36":"beoordeling-four-star-de","37":"beoordeling-five-star-de","38":"kleur-bruin-de","40":"first","41":"outofstock","42":"sale","43":"taxable","44":"shipping-taxable","45":"purchasable","46":"product-type-simple"},"supplier_id":null,"supplier_sku":"","barcode":null,"atum_controlled":true,"out_stock_date":"2026-03-16 15:51:18","out_stock_threshold":null,"inheritable":false,"inbound_stock":0,"stock_on_hold":1,"sold_today":0,"sales_last_days":0,"reserved_stock":0,"customer_returns":0,"warehouse_damage":0,"lost_in_post":0,"other_logs":0,"out_stock_days":32,"lost_sales":63,"has_location":false,"update_date":"2026-04-18T15:34:35","atum_locations":[],"atum_stock_status":"outofstock","restock_status":false,"low_stock_amount":"","sales_update_date":"2026-04-18T15:34:35","calc_backorders":null,"_links":{"self":[{"href":"https:\/\/www.industrialwood.nl\/de\/wp-json\/wp\/v2\/product\/71338","targetHints":{"allow":["GET"]}}],"collection":[{"href":"https:\/\/www.industrialwood.nl\/de\/wp-json\/wp\/v2\/product"}],"about":[{"href":"https:\/\/www.industrialwood.nl\/de\/wp-json\/wp\/v2\/types\/product"}],"replies":[{"embeddable":true,"href":"https:\/\/www.industrialwood.nl\/de\/wp-json\/wp\/v2\/comments?post=71338"}],"wp:featuredmedia":[{"embeddable":true,"href":"https:\/\/www.industrialwood.nl\/de\/wp-json\/wp\/v2\/media\/69462"}],"wp:attachment":[{"href":"https:\/\/www.industrialwood.nl\/de\/wp-json\/wp\/v2\/media?parent=71338"}],"wp:term":[{"taxonomy":"product_brand","embeddable":true,"href":"https:\/\/www.industrialwood.nl\/de\/wp-json\/wp\/v2\/product_brand?post=71338"},{"taxonomy":"product_cat","embeddable":true,"href":"https:\/\/www.industrialwood.nl\/de\/wp-json\/wp\/v2\/product_cat?post=71338"},{"taxonomy":"product_tag","embeddable":true,"href":"https:\/\/www.industrialwood.nl\/de\/wp-json\/wp\/v2\/product_tag?post=71338"},{"taxonomy":"seizoen","embeddable":true,"href":"https:\/\/www.industrialwood.nl\/de\/wp-json\/wp\/v2\/seizoen?post=71338"},{"taxonomy":"bloemensoort","embeddable":true,"href":"https:\/\/www.industrialwood.nl\/de\/wp-json\/wp\/v2\/bloemensoort?post=71338"},{"taxonomy":"samenstelling","embeddable":true,"href":"https:\/\/www.industrialwood.nl\/de\/wp-json\/wp\/v2\/samenstelling?post=71338"},{"taxonomy":"shop-per-kamer","embeddable":true,"href":"https:\/\/www.industrialwood.nl\/de\/wp-json\/wp\/v2\/shop-per-kamer?post=71338"},{"taxonomy":"indooroutdoor","embeddable":true,"href":"https:\/\/www.industrialwood.nl\/de\/wp-json\/wp\/v2\/indooroutdoor?post=71338"},{"taxonomy":"vorm","embeddable":true,"href":"https:\/\/www.industrialwood.nl\/de\/wp-json\/wp\/v2\/vorm?post=71338"},{"taxonomy":"duurzaam","embeddable":true,"href":"https:\/\/www.industrialwood.nl\/de\/wp-json\/wp\/v2\/duurzaam?post=71338"},{"taxonomy":"productafmetingen","embeddable":true,"href":"https:\/\/www.industrialwood.nl\/de\/wp-json\/wp\/v2\/productafmetingen?post=71338"},{"taxonomy":"stijl","embeddable":true,"href":"https:\/\/www.industrialwood.nl\/de\/wp-json\/wp\/v2\/stijl?post=71338"},{"taxonomy":"merk","embeddable":true,"href":"https:\/\/www.industrialwood.nl\/de\/wp-json\/wp\/v2\/merk?post=71338"},{"taxonomy":"materiaal","embeddable":true,"href":"https:\/\/www.industrialwood.nl\/de\/wp-json\/wp\/v2\/materiaal?post=71338"},{"taxonomy":"materiaal-schaaltje","embeddable":true,"href":"https:\/\/www.industrialwood.nl\/de\/wp-json\/wp\/v2\/materiaal-schaaltje?post=71338"},{"taxonomy":"geur","embeddable":true,"href":"https:\/\/www.industrialwood.nl\/de\/wp-json\/wp\/v2\/geur?post=71338"},{"taxonomy":"product-type","embeddable":true,"href":"https:\/\/www.industrialwood.nl\/de\/wp-json\/wp\/v2\/product-type?post=71338"},{"taxonomy":"beoordeling","embeddable":true,"href":"https:\/\/www.industrialwood.nl\/de\/wp-json\/wp\/v2\/beoordeling?post=71338"},{"taxonomy":"uitsparingen","embeddable":true,"href":"https:\/\/www.industrialwood.nl\/de\/wp-json\/wp\/v2\/uitsparingen?post=71338"},{"taxonomy":"houtsoort","embeddable":true,"href":"https:\/\/www.industrialwood.nl\/de\/wp-json\/wp\/v2\/houtsoort?post=71338"},{"taxonomy":"breedte","embeddable":true,"href":"https:\/\/www.industrialwood.nl\/de\/wp-json\/wp\/v2\/breedte?post=71338"},{"taxonomy":"badplanken-lengte","embeddable":true,"href":"https:\/\/www.industrialwood.nl\/de\/wp-json\/wp\/v2\/badplanken-lengte?post=71338"},{"taxonomy":"kleur","embeddable":true,"href":"https:\/\/www.industrialwood.nl\/de\/wp-json\/wp\/v2\/kleur?post=71338"}],"curies":[{"name":"wp","href":"https:\/\/api.w.org\/{rel}","templated":true}]}}