{"id":71299,"date":"2025-05-19T20:24:20","date_gmt":"2025-05-19T18:24:20","guid":{"rendered":"https:\/\/www.industrialwood.nl\/plaid-beau-beige-140x180-cm\/"},"modified":"2025-09-28T22:41:42","modified_gmt":"2025-09-28T20:41:42","slug":"plaid-beau-beige-140x180-cm","status":"publish","type":"product","link":"https:\/\/www.industrialwood.nl\/de\/plaid-beau-beige-140x180-cm\/","title":{"rendered":"Plaid | Beau | Beige | 140&#215;180 cm"},"content":{"rendered":"","protected":false},"excerpt":{"rendered":"<p class=\"\" data-start=\"122\" data-end=\"454\">Laue Sommerabende oder gem\u00fctliches Zusammensitzen auf dem Sofa? \ud83e\udd0e Dieses <strong data-start=\"173\" data-end=\"196\">beigefarbene Plaid<\/strong> ist Ihr neues kuscheliges Must-Have! Diese beigefarbene Sch\u00f6nheit ist superweich, stilvoll und praktisch &#8211; perfekt f\u00fcr drinnen und drau\u00dfen. Werfen Sie es \u00fcber Ihr Sofa, um sich zu w\u00e4rmen, oder wickeln Sie es mit einem Drink auf der Terrasse um sich. \ud83c\udf77 Mit seinem dezenten grafischen Muster und den verspielten Fransen ist dieses beigefarbene Plaid genau das gewisse Extra, das Ihre Einrichtung (oder Ihr Garten!) braucht. Die Farbe passt perfekt zu jedem Wohnstil und die Gr\u00f6\u00dfe ist herrlich gro\u00dfz\u00fcgig (140&#215;180 cm).    <\/p>\n<p class=\"\" data-start=\"687\" data-end=\"731\"><strong data-start=\"687\" data-end=\"731\">Warum Sie dieses beigefarbene Plaid wollen:<\/strong><\/p>\n<ul>\n<li data-start=\"734\" data-end=\"785\">Perfekt f\u00fcr drau\u00dfen und drinnen<\/li>\n<li data-start=\"734\" data-end=\"785\">Leicht waschbar bei 30\u00b0C<\/li>\n<li data-start=\"734\" data-end=\"785\">Modische Fransen und stilvolles Muster<\/li>\n<\/ul>\n<p data-start=\"932\" data-end=\"1039\">\n<p data-start=\"932\" data-end=\"1039\">\n<p class=\"\" data-start=\"932\" data-end=\"1039\"><strong data-start=\"932\" data-end=\"947\">Ma\u00dfe:<\/strong> 140 x 180 cm<br data-start=\"960\" data-end=\"963\"><strong data-start=\"963\" data-end=\"977\">Material:<\/strong> 82% Polyester, 18% Viskose<br data-start=\"1004\" data-end=\"1007\"><strong data-start=\"1007\" data-end=\"1017\">Farbe:<\/strong> Beige | Irish Cream<\/p>\n","protected":false},"featured_media":70880,"comment_status":"open","ping_status":"closed","template":"","meta":[],"product_brand":[],"product_cat":[399,400,504,419,418,403,402,425,424,421,420,395,423,422,396],"product_tag":[],"seizoen":[543,545,544,546],"bloemensoort":[],"samenstelling":[],"shop-per-kamer":[554,553,549],"indooroutdoor":[555],"vorm":[],"duurzaam":[565],"productafmetingen":[569,568,567,570],"stijl":[574,571,575,573,572],"merk":[576],"materiaal":[616],"materiaal-schaaltje":[],"geur":[],"product-type":[],"beoordeling":[640,641,642],"uitsparingen":[],"houtsoort":[],"breedte":[],"badplanken-lengte":[],"kleur":[657],"class_list":{"0":"post-71299","1":"product","2":"type-product","3":"status-publish","4":"has-post-thumbnail","6":"product_cat-boheme-schlafzimmer","7":"product_cat-boheme-wohnzimmer","8":"product_cat-drausen","9":"product_cat-hotel-chic-schlafzimmer","10":"product_cat-hotel-chic-wohnzimmer","11":"product_cat-japandi-schlafzimmer","12":"product_cat-japandi-wohnzimmer","13":"product_cat-land-schlafzimmer","14":"product_cat-landwohnzimmer","15":"product_cat-modernes-schlafzimmer","16":"product_cat-modernes-wohnzimmer","17":"product_cat-naturliche-tone","18":"product_cat-skandinavisches-schlafzimmer","19":"product_cat-skandinavisches-wohnzimmer","20":"product_cat-wohnzimmer","21":"seizoen-lente-de","22":"seizoen-herfst-de","23":"seizoen-zomer-de","24":"seizoen-winter-de","25":"shop-per-kamer-tuin-de","26":"shop-per-kamer-slaapkamer-de","27":"shop-per-kamer-woonkamer-de","28":"indooroutdoor-indoor-de","29":"duurzaam-ja-de","30":"productafmetingen-l-de","31":"productafmetingen-m-de","32":"productafmetingen-s-de","33":"productafmetingen-xl-de","34":"stijl-bohemian-de","35":"stijl-hotel-chique-de","36":"stijl-japandi-de","37":"stijl-modern-de","38":"stijl-scandinavisch-de","39":"merk-industrialwood-de","40":"materiaal-stof-de","41":"beoordeling-three-star-de","42":"beoordeling-four-star-de","43":"beoordeling-five-star-de","44":"kleur-beige-de","46":"first","47":"outofstock","48":"taxable","49":"shipping-taxable","50":"purchasable","51":"product-type-simple"},"supplier_id":null,"supplier_sku":"","barcode":null,"atum_controlled":true,"out_stock_date":"2025-11-01 16:23:38","out_stock_threshold":null,"inheritable":false,"inbound_stock":0,"stock_on_hold":0,"sold_today":0,"sales_last_days":0,"reserved_stock":0,"customer_returns":0,"warehouse_damage":0,"lost_in_post":0,"other_logs":0,"out_stock_days":128,"lost_sales":0,"has_location":false,"update_date":"2026-03-10T01:36:08","atum_locations":[],"atum_stock_status":"outofstock","restock_status":false,"low_stock_amount":"","sales_update_date":"2026-03-10T01:36:08","calc_backorders":null,"_links":{"self":[{"href":"https:\/\/www.industrialwood.nl\/de\/wp-json\/wp\/v2\/product\/71299","targetHints":{"allow":["GET"]}}],"collection":[{"href":"https:\/\/www.industrialwood.nl\/de\/wp-json\/wp\/v2\/product"}],"about":[{"href":"https:\/\/www.industrialwood.nl\/de\/wp-json\/wp\/v2\/types\/product"}],"replies":[{"embeddable":true,"href":"https:\/\/www.industrialwood.nl\/de\/wp-json\/wp\/v2\/comments?post=71299"}],"wp:featuredmedia":[{"embeddable":true,"href":"https:\/\/www.industrialwood.nl\/de\/wp-json\/wp\/v2\/media\/70880"}],"wp:attachment":[{"href":"https:\/\/www.industrialwood.nl\/de\/wp-json\/wp\/v2\/media?parent=71299"}],"wp:term":[{"taxonomy":"product_brand","embeddable":true,"href":"https:\/\/www.industrialwood.nl\/de\/wp-json\/wp\/v2\/product_brand?post=71299"},{"taxonomy":"product_cat","embeddable":true,"href":"https:\/\/www.industrialwood.nl\/de\/wp-json\/wp\/v2\/product_cat?post=71299"},{"taxonomy":"product_tag","embeddable":true,"href":"https:\/\/www.industrialwood.nl\/de\/wp-json\/wp\/v2\/product_tag?post=71299"},{"taxonomy":"seizoen","embeddable":true,"href":"https:\/\/www.industrialwood.nl\/de\/wp-json\/wp\/v2\/seizoen?post=71299"},{"taxonomy":"bloemensoort","embeddable":true,"href":"https:\/\/www.industrialwood.nl\/de\/wp-json\/wp\/v2\/bloemensoort?post=71299"},{"taxonomy":"samenstelling","embeddable":true,"href":"https:\/\/www.industrialwood.nl\/de\/wp-json\/wp\/v2\/samenstelling?post=71299"},{"taxonomy":"shop-per-kamer","embeddable":true,"href":"https:\/\/www.industrialwood.nl\/de\/wp-json\/wp\/v2\/shop-per-kamer?post=71299"},{"taxonomy":"indooroutdoor","embeddable":true,"href":"https:\/\/www.industrialwood.nl\/de\/wp-json\/wp\/v2\/indooroutdoor?post=71299"},{"taxonomy":"vorm","embeddable":true,"href":"https:\/\/www.industrialwood.nl\/de\/wp-json\/wp\/v2\/vorm?post=71299"},{"taxonomy":"duurzaam","embeddable":true,"href":"https:\/\/www.industrialwood.nl\/de\/wp-json\/wp\/v2\/duurzaam?post=71299"},{"taxonomy":"productafmetingen","embeddable":true,"href":"https:\/\/www.industrialwood.nl\/de\/wp-json\/wp\/v2\/productafmetingen?post=71299"},{"taxonomy":"stijl","embeddable":true,"href":"https:\/\/www.industrialwood.nl\/de\/wp-json\/wp\/v2\/stijl?post=71299"},{"taxonomy":"merk","embeddable":true,"href":"https:\/\/www.industrialwood.nl\/de\/wp-json\/wp\/v2\/merk?post=71299"},{"taxonomy":"materiaal","embeddable":true,"href":"https:\/\/www.industrialwood.nl\/de\/wp-json\/wp\/v2\/materiaal?post=71299"},{"taxonomy":"materiaal-schaaltje","embeddable":true,"href":"https:\/\/www.industrialwood.nl\/de\/wp-json\/wp\/v2\/materiaal-schaaltje?post=71299"},{"taxonomy":"geur","embeddable":true,"href":"https:\/\/www.industrialwood.nl\/de\/wp-json\/wp\/v2\/geur?post=71299"},{"taxonomy":"product-type","embeddable":true,"href":"https:\/\/www.industrialwood.nl\/de\/wp-json\/wp\/v2\/product-type?post=71299"},{"taxonomy":"beoordeling","embeddable":true,"href":"https:\/\/www.industrialwood.nl\/de\/wp-json\/wp\/v2\/beoordeling?post=71299"},{"taxonomy":"uitsparingen","embeddable":true,"href":"https:\/\/www.industrialwood.nl\/de\/wp-json\/wp\/v2\/uitsparingen?post=71299"},{"taxonomy":"houtsoort","embeddable":true,"href":"https:\/\/www.industrialwood.nl\/de\/wp-json\/wp\/v2\/houtsoort?post=71299"},{"taxonomy":"breedte","embeddable":true,"href":"https:\/\/www.industrialwood.nl\/de\/wp-json\/wp\/v2\/breedte?post=71299"},{"taxonomy":"badplanken-lengte","embeddable":true,"href":"https:\/\/www.industrialwood.nl\/de\/wp-json\/wp\/v2\/badplanken-lengte?post=71299"},{"taxonomy":"kleur","embeddable":true,"href":"https:\/\/www.industrialwood.nl\/de\/wp-json\/wp\/v2\/kleur?post=71299"}],"curies":[{"name":"wp","href":"https:\/\/api.w.org\/{rel}","templated":true}]}}