{"id":71285,"date":"2025-05-19T20:35:04","date_gmt":"2025-05-19T18:35:04","guid":{"rendered":"https:\/\/www.industrialwood.nl\/tablett-bio-nora-holz-s\/"},"modified":"2026-03-15T20:55:13","modified_gmt":"2026-03-15T19:55:13","slug":"tablett-bio-nora-holz-s","status":"publish","type":"product","link":"https:\/\/www.industrialwood.nl\/de\/tablett-bio-nora-holz-s\/","title":{"rendered":"Tablett | Bio | Nora | Holz | S"},"content":{"rendered":"","protected":false},"excerpt":{"rendered":"<p class=\"\" data-start=\"170\" data-end=\"563\"><strong data-start=\"170\" data-end=\"201\">Neues Lieblingstablett entdeckt!<\/strong> <strong data-start=\"170\" data-end=\"201\"> \ud83e\udd0e Dieses<\/strong> <strong>organische Tablett<\/strong> aus Walnussholz in Gr\u00f6\u00dfe S ist perfekt f\u00fcr ein subtiles Stil-Upgrade. Seine verspielte Form und die warme, dunkle Holzfarbe machen es ideal f\u00fcr Ihren Couchtisch, Nachttisch oder Ihr Sideboard. Organische Formen sind der Trend der Stunde, und diese neue Version aus Walnussholz passt m\u00fchelos in jeden Einrichtungsstil &#8211; von modern bis Boho. Kombinieren Sie ihn mit der gr\u00f6\u00dferen <a href=\"https:\/\/www.industrialwood.nl\/dienblad-organisch-nora-hout-l\/\">L-Variante<\/a> f\u00fcr ein besonders stilvolles Duo oder lassen Sie ihn allein mit Ihrer Lieblingskerze, Vase oder Duftst\u00e4bchen erstrahlen. \u2728   <\/p>\n<p class=\"\" data-start=\"707\" data-end=\"947\"><strong data-start=\"707\" data-end=\"762\">Warum Sie dieses Tablett aus Walnussholz haben m\u00f6chten:<\/strong><\/p>\n<ul>\n<li data-start=\"707\" data-end=\"947\">Hergestellt aus hochwertigem Walnussholz<\/li>\n<li data-start=\"707\" data-end=\"947\">Trendige organische Form<\/li>\n<li data-start=\"707\" data-end=\"947\">Auch in <a href=\"https:\/\/www.industrialwood.nl\/dienblad-organisch-nora-hout-l\/\">Gr\u00f6\u00dfe L<\/a> erh\u00e4ltlich<\/li>\n<\/ul>\n<p class=\"\" data-start=\"949\" data-end=\"1043\"><strong data-start=\"949\" data-end=\"964\">Ma\u00dfe: <\/strong>44 x 25 x 2 cm<br data-start=\"979\" data-end=\"982\"><strong data-start=\"982\" data-end=\"996\">Material:<\/strong> Walnussholz<br data-start=\"1012\" data-end=\"1015\"><strong data-start=\"1015\" data-end=\"1025\">Farbe:<\/strong> Dunkelbraun<\/p>\n","protected":false},"featured_media":69846,"comment_status":"open","ping_status":"closed","template":"","meta":[],"product_brand":[],"product_cat":[701,400,504,418,402,424,420,395,740,422,478,396],"product_tag":[],"seizoen":[543,545,544,546],"bloemensoort":[],"samenstelling":[],"shop-per-kamer":[549],"indooroutdoor":[555],"vorm":[563],"duurzaam":[565],"productafmetingen":[567],"stijl":[574,571,575,573,572],"merk":[588],"materiaal":[609],"materiaal-schaaltje":[],"geur":[],"product-type":[],"beoordeling":[640,641,642],"uitsparingen":[],"houtsoort":[],"breedte":[],"badplanken-lengte":[],"kleur":[663],"class_list":{"0":"post-71285","1":"product","2":"type-product","3":"status-publish","4":"has-post-thumbnail","6":"product_cat-bio-tablett","7":"product_cat-boheme-wohnzimmer","8":"product_cat-drausen","9":"product_cat-hotel-chic-wohnzimmer","10":"product_cat-japandi-wohnzimmer","11":"product_cat-landwohnzimmer","12":"product_cat-modernes-wohnzimmer","13":"product_cat-naturliche-tone","14":"product_cat-schwarzer-freitag-2","15":"product_cat-skandinavisches-wohnzimmer","16":"product_cat-tabletts","17":"product_cat-wohnzimmer","18":"seizoen-lente-de","19":"seizoen-herfst-de","20":"seizoen-zomer-de","21":"seizoen-winter-de","22":"shop-per-kamer-woonkamer-de","23":"indooroutdoor-indoor-de","24":"vorm-organisch-de","25":"duurzaam-ja-de","26":"productafmetingen-s-de","27":"stijl-bohemian-de","28":"stijl-hotel-chique-de","29":"stijl-japandi-de","30":"stijl-modern-de","31":"stijl-scandinavisch-de","32":"merk-vase-the-world-de","33":"materiaal-hout-de","34":"beoordeling-three-star-de","35":"beoordeling-four-star-de","36":"beoordeling-five-star-de","37":"kleur-bruin-de","39":"first","40":"instock","41":"sale","42":"taxable","43":"shipping-taxable","44":"purchasable","45":"product-type-simple"},"supplier_id":null,"supplier_sku":"","barcode":null,"atum_controlled":true,"out_stock_date":null,"out_stock_threshold":null,"inheritable":false,"inbound_stock":0,"stock_on_hold":0,"sold_today":0,"sales_last_days":0,"reserved_stock":0,"customer_returns":0,"warehouse_damage":0,"lost_in_post":0,"other_logs":0,"out_stock_days":0,"lost_sales":0,"has_location":false,"update_date":"2026-04-18T15:34:35","atum_locations":[],"atum_stock_status":"instock","restock_status":false,"low_stock_amount":"","sales_update_date":"2026-04-18T15:34:35","calc_backorders":null,"_links":{"self":[{"href":"https:\/\/www.industrialwood.nl\/de\/wp-json\/wp\/v2\/product\/71285","targetHints":{"allow":["GET"]}}],"collection":[{"href":"https:\/\/www.industrialwood.nl\/de\/wp-json\/wp\/v2\/product"}],"about":[{"href":"https:\/\/www.industrialwood.nl\/de\/wp-json\/wp\/v2\/types\/product"}],"replies":[{"embeddable":true,"href":"https:\/\/www.industrialwood.nl\/de\/wp-json\/wp\/v2\/comments?post=71285"}],"wp:featuredmedia":[{"embeddable":true,"href":"https:\/\/www.industrialwood.nl\/de\/wp-json\/wp\/v2\/media\/69846"}],"wp:attachment":[{"href":"https:\/\/www.industrialwood.nl\/de\/wp-json\/wp\/v2\/media?parent=71285"}],"wp:term":[{"taxonomy":"product_brand","embeddable":true,"href":"https:\/\/www.industrialwood.nl\/de\/wp-json\/wp\/v2\/product_brand?post=71285"},{"taxonomy":"product_cat","embeddable":true,"href":"https:\/\/www.industrialwood.nl\/de\/wp-json\/wp\/v2\/product_cat?post=71285"},{"taxonomy":"product_tag","embeddable":true,"href":"https:\/\/www.industrialwood.nl\/de\/wp-json\/wp\/v2\/product_tag?post=71285"},{"taxonomy":"seizoen","embeddable":true,"href":"https:\/\/www.industrialwood.nl\/de\/wp-json\/wp\/v2\/seizoen?post=71285"},{"taxonomy":"bloemensoort","embeddable":true,"href":"https:\/\/www.industrialwood.nl\/de\/wp-json\/wp\/v2\/bloemensoort?post=71285"},{"taxonomy":"samenstelling","embeddable":true,"href":"https:\/\/www.industrialwood.nl\/de\/wp-json\/wp\/v2\/samenstelling?post=71285"},{"taxonomy":"shop-per-kamer","embeddable":true,"href":"https:\/\/www.industrialwood.nl\/de\/wp-json\/wp\/v2\/shop-per-kamer?post=71285"},{"taxonomy":"indooroutdoor","embeddable":true,"href":"https:\/\/www.industrialwood.nl\/de\/wp-json\/wp\/v2\/indooroutdoor?post=71285"},{"taxonomy":"vorm","embeddable":true,"href":"https:\/\/www.industrialwood.nl\/de\/wp-json\/wp\/v2\/vorm?post=71285"},{"taxonomy":"duurzaam","embeddable":true,"href":"https:\/\/www.industrialwood.nl\/de\/wp-json\/wp\/v2\/duurzaam?post=71285"},{"taxonomy":"productafmetingen","embeddable":true,"href":"https:\/\/www.industrialwood.nl\/de\/wp-json\/wp\/v2\/productafmetingen?post=71285"},{"taxonomy":"stijl","embeddable":true,"href":"https:\/\/www.industrialwood.nl\/de\/wp-json\/wp\/v2\/stijl?post=71285"},{"taxonomy":"merk","embeddable":true,"href":"https:\/\/www.industrialwood.nl\/de\/wp-json\/wp\/v2\/merk?post=71285"},{"taxonomy":"materiaal","embeddable":true,"href":"https:\/\/www.industrialwood.nl\/de\/wp-json\/wp\/v2\/materiaal?post=71285"},{"taxonomy":"materiaal-schaaltje","embeddable":true,"href":"https:\/\/www.industrialwood.nl\/de\/wp-json\/wp\/v2\/materiaal-schaaltje?post=71285"},{"taxonomy":"geur","embeddable":true,"href":"https:\/\/www.industrialwood.nl\/de\/wp-json\/wp\/v2\/geur?post=71285"},{"taxonomy":"product-type","embeddable":true,"href":"https:\/\/www.industrialwood.nl\/de\/wp-json\/wp\/v2\/product-type?post=71285"},{"taxonomy":"beoordeling","embeddable":true,"href":"https:\/\/www.industrialwood.nl\/de\/wp-json\/wp\/v2\/beoordeling?post=71285"},{"taxonomy":"uitsparingen","embeddable":true,"href":"https:\/\/www.industrialwood.nl\/de\/wp-json\/wp\/v2\/uitsparingen?post=71285"},{"taxonomy":"houtsoort","embeddable":true,"href":"https:\/\/www.industrialwood.nl\/de\/wp-json\/wp\/v2\/houtsoort?post=71285"},{"taxonomy":"breedte","embeddable":true,"href":"https:\/\/www.industrialwood.nl\/de\/wp-json\/wp\/v2\/breedte?post=71285"},{"taxonomy":"badplanken-lengte","embeddable":true,"href":"https:\/\/www.industrialwood.nl\/de\/wp-json\/wp\/v2\/badplanken-lengte?post=71285"},{"taxonomy":"kleur","embeddable":true,"href":"https:\/\/www.industrialwood.nl\/de\/wp-json\/wp\/v2\/kleur?post=71285"}],"curies":[{"name":"wp","href":"https:\/\/api.w.org\/{rel}","templated":true}]}}