{"id":71267,"date":"2025-05-19T20:12:53","date_gmt":"2025-05-19T18:12:53","guid":{"rendered":"https:\/\/www.industrialwood.nl\/schale-muschel-weiss\/"},"modified":"2026-03-12T16:27:47","modified_gmt":"2026-03-12T15:27:47","slug":"schale-muschel-weiss","status":"publish","type":"product","link":"https:\/\/www.industrialwood.nl\/de\/schale-muschel-weiss\/","title":{"rendered":"Schale | Muschel | Wei\u00df"},"content":{"rendered":"","protected":false},"excerpt":{"rendered":"<p class=\"\" data-start=\"239\" data-end=\"477\">Wie niedlich ist diese Schale? \ud83d\ude0d Diese <strong data-start=\"265\" data-end=\"289\">muschelf\u00f6rmige Porzellanschale<\/strong> ist ein subtiler Blickfang mit einem sommerlichen Twist! Mit ihrer sanften wei\u00dfen Farbe und ihrem eleganten Design passt sie perfekt zu einer nat\u00fcrlichen, k\u00fcstennahen oder Boho-Einrichtung \ud83d\udc1a Verwenden Sie sie als Schmuckschale, Seifenschale oder als Dekorationsobjekt auf einem Tablett oder im Badezimmer. Auch leer ist sie wundersch\u00f6n! Die matte, k\u00f6rnige Porzellanoberfl\u00e4che sorgt f\u00fcr einen luxuri\u00f6sen Look, w\u00e4hrend die verspielte Muschelform eine frische Anspielung auf den Strand darstellt \u2600\ufe0f Ein kleiner Gegenstand mit gro\u00dfer Wirkung &#8211; diese Schale bringt sofort Atmosph\u00e4re und einen Hauch von Strandgef\u00fchl in Ihr Zuhause!    <\/p>\n<p class=\"\" data-start=\"757\" data-end=\"976\"><strong data-start=\"757\" data-end=\"806\">Deshalb sollten Sie sich diese Muschelschale ins Haus holen<\/strong>:<\/p>\n<ul>\n<li data-start=\"757\" data-end=\"976\">Luxuri\u00f6ses Porzellan mit sommerlicher, verspielter Form<\/li>\n<li data-start=\"757\" data-end=\"976\">Perfekt als Schmuckschale oder Dekoration<\/li>\n<li data-start=\"757\" data-end=\"976\">Passt zu jedem Wohnstil: von K\u00fcsten- bis Hotelschick<\/li>\n<li data-start=\"757\" data-end=\"976\">Auch sch\u00f6n als Geschenk!<\/li>\n<\/ul>\n<p class=\"\" data-start=\"978\" data-end=\"1083\"><strong data-start=\"1085\" data-end=\"1099\">Ma\u00dfe<\/strong>: 24 x 23 x 4 cm<br data-start=\"1115\" data-end=\"1118\"><strong data-start=\"1118\" data-end=\"1131\">Material<\/strong>: Porzellan<br data-start=\"1142\" data-end=\"1145\"><strong data-start=\"1145\" data-end=\"1154\">Farbe<\/strong>: Wei\u00df<\/p>\n","protected":false},"featured_media":70919,"comment_status":"open","ping_status":"closed","template":"","meta":[],"product_brand":[],"product_cat":[393,400,401,479,418,404,402,424,481,420,395,483,482,422,478,405,396],"product_tag":[],"seizoen":[543,545,544,546],"bloemensoort":[],"samenstelling":[],"shop-per-kamer":[551,549],"indooroutdoor":[555],"vorm":[563],"duurzaam":[565],"productafmetingen":[569,568,567],"stijl":[574,571,575,573,572],"merk":[576],"materiaal":[611],"materiaal-schaaltje":[],"geur":[],"product-type":[],"beoordeling":[640,641,642],"uitsparingen":[],"houtsoort":[],"breedte":[],"badplanken-lengte":[],"kleur":[659],"class_list":{"0":"post-71267","1":"product","2":"type-product","3":"status-publish","4":"has-post-thumbnail","6":"product_cat-badezimmer","7":"product_cat-boheme-wohnzimmer","8":"product_cat-bohmisches-badezimmer","9":"product_cat-hotel-chic-badezimmer","10":"product_cat-hotel-chic-wohnzimmer","11":"product_cat-japandi-badezimmer","12":"product_cat-japandi-wohnzimmer","13":"product_cat-landwohnzimmer","14":"product_cat-modernes-badezimmer","15":"product_cat-modernes-wohnzimmer","16":"product_cat-naturliche-tone","17":"product_cat-rustikales-badezimmer","18":"product_cat-skandinavisches-badezimmer","19":"product_cat-skandinavisches-wohnzimmer","20":"product_cat-tabletts","21":"product_cat-verkauf","22":"product_cat-wohnzimmer","23":"seizoen-lente-de","24":"seizoen-herfst-de","25":"seizoen-zomer-de","26":"seizoen-winter-de","27":"shop-per-kamer-badkamer-de","28":"shop-per-kamer-woonkamer-de","29":"indooroutdoor-indoor-de","30":"vorm-organisch-de","31":"duurzaam-ja-de","32":"productafmetingen-l-de","33":"productafmetingen-m-de","34":"productafmetingen-s-de","35":"stijl-bohemian-de","36":"stijl-hotel-chique-de","37":"stijl-japandi-de","38":"stijl-modern-de","39":"stijl-scandinavisch-de","40":"merk-industrialwood-de","41":"materiaal-keramiek-de","42":"beoordeling-three-star-de","43":"beoordeling-four-star-de","44":"beoordeling-five-star-de","45":"kleur-wit-de","47":"first","48":"instock","49":"sale","50":"taxable","51":"shipping-taxable","52":"purchasable","53":"product-type-simple"},"supplier_id":null,"supplier_sku":"","barcode":null,"atum_controlled":true,"out_stock_date":null,"out_stock_threshold":null,"inheritable":false,"inbound_stock":0,"stock_on_hold":0,"sold_today":0,"sales_last_days":0,"reserved_stock":0,"customer_returns":0,"warehouse_damage":0,"lost_in_post":0,"other_logs":0,"out_stock_days":0,"lost_sales":0,"has_location":false,"update_date":"2026-04-07T19:13:04","atum_locations":[],"atum_stock_status":"instock","restock_status":false,"low_stock_amount":"","sales_update_date":"2026-04-07T19:13:04","calc_backorders":null,"_links":{"self":[{"href":"https:\/\/www.industrialwood.nl\/de\/wp-json\/wp\/v2\/product\/71267","targetHints":{"allow":["GET"]}}],"collection":[{"href":"https:\/\/www.industrialwood.nl\/de\/wp-json\/wp\/v2\/product"}],"about":[{"href":"https:\/\/www.industrialwood.nl\/de\/wp-json\/wp\/v2\/types\/product"}],"replies":[{"embeddable":true,"href":"https:\/\/www.industrialwood.nl\/de\/wp-json\/wp\/v2\/comments?post=71267"}],"wp:featuredmedia":[{"embeddable":true,"href":"https:\/\/www.industrialwood.nl\/de\/wp-json\/wp\/v2\/media\/70919"}],"wp:attachment":[{"href":"https:\/\/www.industrialwood.nl\/de\/wp-json\/wp\/v2\/media?parent=71267"}],"wp:term":[{"taxonomy":"product_brand","embeddable":true,"href":"https:\/\/www.industrialwood.nl\/de\/wp-json\/wp\/v2\/product_brand?post=71267"},{"taxonomy":"product_cat","embeddable":true,"href":"https:\/\/www.industrialwood.nl\/de\/wp-json\/wp\/v2\/product_cat?post=71267"},{"taxonomy":"product_tag","embeddable":true,"href":"https:\/\/www.industrialwood.nl\/de\/wp-json\/wp\/v2\/product_tag?post=71267"},{"taxonomy":"seizoen","embeddable":true,"href":"https:\/\/www.industrialwood.nl\/de\/wp-json\/wp\/v2\/seizoen?post=71267"},{"taxonomy":"bloemensoort","embeddable":true,"href":"https:\/\/www.industrialwood.nl\/de\/wp-json\/wp\/v2\/bloemensoort?post=71267"},{"taxonomy":"samenstelling","embeddable":true,"href":"https:\/\/www.industrialwood.nl\/de\/wp-json\/wp\/v2\/samenstelling?post=71267"},{"taxonomy":"shop-per-kamer","embeddable":true,"href":"https:\/\/www.industrialwood.nl\/de\/wp-json\/wp\/v2\/shop-per-kamer?post=71267"},{"taxonomy":"indooroutdoor","embeddable":true,"href":"https:\/\/www.industrialwood.nl\/de\/wp-json\/wp\/v2\/indooroutdoor?post=71267"},{"taxonomy":"vorm","embeddable":true,"href":"https:\/\/www.industrialwood.nl\/de\/wp-json\/wp\/v2\/vorm?post=71267"},{"taxonomy":"duurzaam","embeddable":true,"href":"https:\/\/www.industrialwood.nl\/de\/wp-json\/wp\/v2\/duurzaam?post=71267"},{"taxonomy":"productafmetingen","embeddable":true,"href":"https:\/\/www.industrialwood.nl\/de\/wp-json\/wp\/v2\/productafmetingen?post=71267"},{"taxonomy":"stijl","embeddable":true,"href":"https:\/\/www.industrialwood.nl\/de\/wp-json\/wp\/v2\/stijl?post=71267"},{"taxonomy":"merk","embeddable":true,"href":"https:\/\/www.industrialwood.nl\/de\/wp-json\/wp\/v2\/merk?post=71267"},{"taxonomy":"materiaal","embeddable":true,"href":"https:\/\/www.industrialwood.nl\/de\/wp-json\/wp\/v2\/materiaal?post=71267"},{"taxonomy":"materiaal-schaaltje","embeddable":true,"href":"https:\/\/www.industrialwood.nl\/de\/wp-json\/wp\/v2\/materiaal-schaaltje?post=71267"},{"taxonomy":"geur","embeddable":true,"href":"https:\/\/www.industrialwood.nl\/de\/wp-json\/wp\/v2\/geur?post=71267"},{"taxonomy":"product-type","embeddable":true,"href":"https:\/\/www.industrialwood.nl\/de\/wp-json\/wp\/v2\/product-type?post=71267"},{"taxonomy":"beoordeling","embeddable":true,"href":"https:\/\/www.industrialwood.nl\/de\/wp-json\/wp\/v2\/beoordeling?post=71267"},{"taxonomy":"uitsparingen","embeddable":true,"href":"https:\/\/www.industrialwood.nl\/de\/wp-json\/wp\/v2\/uitsparingen?post=71267"},{"taxonomy":"houtsoort","embeddable":true,"href":"https:\/\/www.industrialwood.nl\/de\/wp-json\/wp\/v2\/houtsoort?post=71267"},{"taxonomy":"breedte","embeddable":true,"href":"https:\/\/www.industrialwood.nl\/de\/wp-json\/wp\/v2\/breedte?post=71267"},{"taxonomy":"badplanken-lengte","embeddable":true,"href":"https:\/\/www.industrialwood.nl\/de\/wp-json\/wp\/v2\/badplanken-lengte?post=71267"},{"taxonomy":"kleur","embeddable":true,"href":"https:\/\/www.industrialwood.nl\/de\/wp-json\/wp\/v2\/kleur?post=71267"}],"curies":[{"name":"wp","href":"https:\/\/api.w.org\/{rel}","templated":true}]}}