{"id":68151,"date":"2025-04-13T12:50:54","date_gmt":"2025-04-13T10:50:54","guid":{"rendered":"https:\/\/www.industrialwood.nl\/?post_type=product&#038;p=68151"},"modified":"2026-03-12T12:00:06","modified_gmt":"2026-03-12T11:00:06","slug":"windlicht-hasel-m-kopie","status":"publish","type":"product","link":"https:\/\/www.industrialwood.nl\/de\/windlicht-hasel-m-kopie\/","title":{"rendered":"Windlicht | Hasel | L"},"content":{"rendered":"","protected":false},"excerpt":{"rendered":"<p class=\"\" data-start=\"88\" data-end=\"405\">M\u00f6chten Sie Ihrem Garten, Vordach oder Wohnzimmer eine gro\u00dfe Portion Gem\u00fctlichkeit verleihen? Dann ist dieses <strong data-start=\"179\" data-end=\"220\">gro\u00dfe Windlicht im Boho-Japandi-Stil<\/strong> Ihr neuer Favorit. Mit seiner gro\u00dfz\u00fcgigen Gr\u00f6\u00dfe, den nat\u00fcrlichen Materialien und dem warmen Look bringt es sofort Atmosph\u00e4re in jede Ecke &#8211; drinnen und drau\u00dfen (solange es sch\u00f6n trocken bleibt \ud83d\ude09). Perfekt f\u00fcr unter dem Vordach, auf Ihrem Balkon oder als Blickfang in Ihrem Wohnzimmer. Das geflochtene Design erzeugt ein wundersch\u00f6nes Spiel aus Licht und Schatten, wenn Sie eine Kerze hineinstellen. Und dank des Jutegriffs k\u00f6nnen Sie ihn leicht aus dem Garten mitnehmen, wenn das Wetter umschl\u00e4gt. <em>Inklusive Teelichthalter aus Glas<\/em> &#8211; so sicher mit echten Kerzen! Sie m\u00f6chten lieber keine Flamme? F\u00fcr den gleichen gem\u00fctlichen Effekt k\u00f6nnen Sie auch einfach eine <a href=\"https:\/\/www.industrialwood.nl\/de\/suchergebnisse-10\/?q=led+kaars\">LED-Kerze<\/a> hineinstellen.       <\/p>\n<p class=\"\" data-start=\"685\" data-end=\"747\"><strong data-start=\"688\" data-end=\"745\">Warum Sie diese gro\u00dfe Windlicht-Laterne haben m\u00f6chten:<\/strong><\/p>\n<ul>\n<li data-start=\"750\" data-end=\"785\">Extra gro\u00df, also extra viel Atmosph\u00e4re<\/li>\n<li data-start=\"750\" data-end=\"785\">Hergestellt aus hochwertigen, nat\u00fcrlichen Materialien<\/li>\n<li data-start=\"750\" data-end=\"785\">Perfekt f\u00fcr ein Japandi, Boho oder skandinavisches Interieur<\/li>\n<li data-start=\"750\" data-end=\"785\">Ideal f\u00fcr drau\u00dfen unter dem Vordach oder im Gartenzimmer<\/li>\n<li data-start=\"750\" data-end=\"785\">Kombinieren Sie es mit der Variante M f\u00fcr einen kompletten Look<\/li>\n<\/ul>\n<p class=\"\" data-start=\"1327\" data-end=\"1374\"><strong data-start=\"1327\" data-end=\"1341\">Ma\u00dfe<\/strong>: 23 x 44 cm<br data-start=\"1342\" data-end=\"1345\"><strong data-start=\"1345\" data-end=\"1358\">Material<\/strong>: Jute | Holz | Leinen<br data-start=\"1359\" data-end=\"1362\"><strong data-start=\"1362\" data-end=\"1371\">Farbe<\/strong>: Beige<\/p>\n","protected":false},"featured_media":68132,"comment_status":"open","ping_status":"closed","template":"","meta":[],"product_brand":[],"product_cat":[400,504,418,402,413,424,420,395,740,422,405,396],"product_tag":[],"seizoen":[543,545,544,546],"bloemensoort":[],"samenstelling":[],"shop-per-kamer":[554,552,549],"indooroutdoor":[555],"vorm":[558,557],"duurzaam":[565],"productafmetingen":[569],"stijl":[574,571,575,573,572],"merk":[576],"materiaal":[621,616],"materiaal-schaaltje":[],"geur":[],"product-type":[],"beoordeling":[640,641,642],"uitsparingen":[],"houtsoort":[],"breedte":[],"badplanken-lengte":[],"kleur":[657,663],"class_list":{"0":"post-68151","1":"product","2":"type-product","3":"status-publish","4":"has-post-thumbnail","6":"product_cat-boheme-wohnzimmer","7":"product_cat-drausen","8":"product_cat-hotel-chic-wohnzimmer","9":"product_cat-japandi-wohnzimmer","10":"product_cat-kerzenstander-kerzenleuchter","11":"product_cat-landwohnzimmer","12":"product_cat-modernes-wohnzimmer","13":"product_cat-naturliche-tone","14":"product_cat-schwarzer-freitag-2","15":"product_cat-skandinavisches-wohnzimmer","16":"product_cat-verkauf","17":"product_cat-wohnzimmer","18":"seizoen-lente-de","19":"seizoen-herfst-de","20":"seizoen-zomer-de","21":"seizoen-winter-de","22":"shop-per-kamer-tuin-de","23":"shop-per-kamer-hal-de","24":"shop-per-kamer-woonkamer-de","25":"indooroutdoor-indoor-de","26":"vorm-ovaal-de","27":"vorm-rond-de","28":"duurzaam-ja-de","29":"productafmetingen-l-de","30":"stijl-bohemian-de","31":"stijl-hotel-chique-de","32":"stijl-japandi-de","33":"stijl-modern-de","34":"stijl-scandinavisch-de","35":"merk-industrialwood-de","36":"materiaal-bamboe-de","37":"materiaal-stof-de","38":"beoordeling-three-star-de","39":"beoordeling-four-star-de","40":"beoordeling-five-star-de","41":"kleur-beige-de","42":"kleur-bruin-de","44":"first","45":"outofstock","46":"sale","47":"taxable","48":"shipping-taxable","49":"purchasable","50":"product-type-simple"},"supplier_id":null,"supplier_sku":"","barcode":null,"atum_controlled":true,"out_stock_date":"2026-01-22 00:17:13","out_stock_threshold":null,"inheritable":false,"inbound_stock":0,"stock_on_hold":0,"sold_today":0,"sales_last_days":0,"reserved_stock":0,"customer_returns":0,"warehouse_damage":0,"lost_in_post":0,"other_logs":0,"out_stock_days":47,"lost_sales":0,"has_location":false,"update_date":"2026-03-10T01:36:23","atum_locations":[],"atum_stock_status":"outofstock","restock_status":false,"low_stock_amount":"","sales_update_date":"2026-03-10T01:36:23","calc_backorders":null,"_links":{"self":[{"href":"https:\/\/www.industrialwood.nl\/de\/wp-json\/wp\/v2\/product\/68151","targetHints":{"allow":["GET"]}}],"collection":[{"href":"https:\/\/www.industrialwood.nl\/de\/wp-json\/wp\/v2\/product"}],"about":[{"href":"https:\/\/www.industrialwood.nl\/de\/wp-json\/wp\/v2\/types\/product"}],"replies":[{"embeddable":true,"href":"https:\/\/www.industrialwood.nl\/de\/wp-json\/wp\/v2\/comments?post=68151"}],"wp:featuredmedia":[{"embeddable":true,"href":"https:\/\/www.industrialwood.nl\/de\/wp-json\/wp\/v2\/media\/68132"}],"wp:attachment":[{"href":"https:\/\/www.industrialwood.nl\/de\/wp-json\/wp\/v2\/media?parent=68151"}],"wp:term":[{"taxonomy":"product_brand","embeddable":true,"href":"https:\/\/www.industrialwood.nl\/de\/wp-json\/wp\/v2\/product_brand?post=68151"},{"taxonomy":"product_cat","embeddable":true,"href":"https:\/\/www.industrialwood.nl\/de\/wp-json\/wp\/v2\/product_cat?post=68151"},{"taxonomy":"product_tag","embeddable":true,"href":"https:\/\/www.industrialwood.nl\/de\/wp-json\/wp\/v2\/product_tag?post=68151"},{"taxonomy":"seizoen","embeddable":true,"href":"https:\/\/www.industrialwood.nl\/de\/wp-json\/wp\/v2\/seizoen?post=68151"},{"taxonomy":"bloemensoort","embeddable":true,"href":"https:\/\/www.industrialwood.nl\/de\/wp-json\/wp\/v2\/bloemensoort?post=68151"},{"taxonomy":"samenstelling","embeddable":true,"href":"https:\/\/www.industrialwood.nl\/de\/wp-json\/wp\/v2\/samenstelling?post=68151"},{"taxonomy":"shop-per-kamer","embeddable":true,"href":"https:\/\/www.industrialwood.nl\/de\/wp-json\/wp\/v2\/shop-per-kamer?post=68151"},{"taxonomy":"indooroutdoor","embeddable":true,"href":"https:\/\/www.industrialwood.nl\/de\/wp-json\/wp\/v2\/indooroutdoor?post=68151"},{"taxonomy":"vorm","embeddable":true,"href":"https:\/\/www.industrialwood.nl\/de\/wp-json\/wp\/v2\/vorm?post=68151"},{"taxonomy":"duurzaam","embeddable":true,"href":"https:\/\/www.industrialwood.nl\/de\/wp-json\/wp\/v2\/duurzaam?post=68151"},{"taxonomy":"productafmetingen","embeddable":true,"href":"https:\/\/www.industrialwood.nl\/de\/wp-json\/wp\/v2\/productafmetingen?post=68151"},{"taxonomy":"stijl","embeddable":true,"href":"https:\/\/www.industrialwood.nl\/de\/wp-json\/wp\/v2\/stijl?post=68151"},{"taxonomy":"merk","embeddable":true,"href":"https:\/\/www.industrialwood.nl\/de\/wp-json\/wp\/v2\/merk?post=68151"},{"taxonomy":"materiaal","embeddable":true,"href":"https:\/\/www.industrialwood.nl\/de\/wp-json\/wp\/v2\/materiaal?post=68151"},{"taxonomy":"materiaal-schaaltje","embeddable":true,"href":"https:\/\/www.industrialwood.nl\/de\/wp-json\/wp\/v2\/materiaal-schaaltje?post=68151"},{"taxonomy":"geur","embeddable":true,"href":"https:\/\/www.industrialwood.nl\/de\/wp-json\/wp\/v2\/geur?post=68151"},{"taxonomy":"product-type","embeddable":true,"href":"https:\/\/www.industrialwood.nl\/de\/wp-json\/wp\/v2\/product-type?post=68151"},{"taxonomy":"beoordeling","embeddable":true,"href":"https:\/\/www.industrialwood.nl\/de\/wp-json\/wp\/v2\/beoordeling?post=68151"},{"taxonomy":"uitsparingen","embeddable":true,"href":"https:\/\/www.industrialwood.nl\/de\/wp-json\/wp\/v2\/uitsparingen?post=68151"},{"taxonomy":"houtsoort","embeddable":true,"href":"https:\/\/www.industrialwood.nl\/de\/wp-json\/wp\/v2\/houtsoort?post=68151"},{"taxonomy":"breedte","embeddable":true,"href":"https:\/\/www.industrialwood.nl\/de\/wp-json\/wp\/v2\/breedte?post=68151"},{"taxonomy":"badplanken-lengte","embeddable":true,"href":"https:\/\/www.industrialwood.nl\/de\/wp-json\/wp\/v2\/badplanken-lengte?post=68151"},{"taxonomy":"kleur","embeddable":true,"href":"https:\/\/www.industrialwood.nl\/de\/wp-json\/wp\/v2\/kleur?post=68151"}],"curies":[{"name":"wp","href":"https:\/\/api.w.org\/{rel}","templated":true}]}}