{"id":68148,"date":"2025-04-13T12:51:58","date_gmt":"2025-04-13T10:51:58","guid":{"rendered":"https:\/\/www.industrialwood.nl\/?post_type=product&#038;p=68148"},"modified":"2026-03-12T12:00:11","modified_gmt":"2026-03-12T11:00:11","slug":"windlicht-hasel-s-kopie","status":"publish","type":"product","link":"https:\/\/www.industrialwood.nl\/de\/windlicht-hasel-s-kopie\/","title":{"rendered":"Windlicht | Hasel | M"},"content":{"rendered":"","protected":false},"excerpt":{"rendered":"<p class=\"\" data-start=\"314\" data-end=\"616\">Dieses mittelgro\u00dfe <strong>Windlicht<\/strong> ist der Stimmungsmacher f\u00fcr drinnen und drau\u00dfen (okay, dann unter einem Unterstand \ud83d\ude09). Mit seinem nat\u00fcrlichen Look, der warmen Farbe und dem verspielten Jutegriff passt es m\u00fchelos in Ihr Boho, Japandi oder skandinavisches Interieur. Und seien wir mal ehrlich: ein wenig Kerzenlicht macht alles noch gem\u00fctlicher. Perfekt f\u00fcr Ihren Gartentisch unter dem Vordach, auf Ihrem Balkon oder einfach zu Hause auf einer Anrichte. Das geflochtene Muster sorgt f\u00fcr ein weiches, warmes Licht, das sich sofort gem\u00fctlich anf\u00fchlt. Kombinieren Sie sie mit der S- und L-Variante f\u00fcr ein stilvolles Ganzes, oder lassen Sie sie alleine leuchten.<br \/>\n<em>Inklusive Teelichthalter aus Glas<\/em> &#8211; so sicher mit echten Kerzen! Sie bevorzugen keine Flamme? Sie k\u00f6nnen auch einfach eine <a href=\"https:\/\/www.industrialwood.nl\/de\/suchergebnisse-10\/?q=led+kaars\">LED-Kerze<\/a> einsetzen, um den gleichen gem\u00fctlichen Effekt zu erzielen.  <\/p>\n<p class=\"\" data-start=\"889\" data-end=\"935\"><strong data-start=\"892\" data-end=\"933\">Warum dieses Windlicht eine gute Wahl ist:<\/strong><\/p>\n<ul>\n<li data-start=\"938\" data-end=\"982\">Das Must-Have f\u00fcr einen Boho oder Japandi Garten<\/li>\n<li data-start=\"938\" data-end=\"982\">Hergestellt aus robusten, nat\u00fcrlichen Materialien mit einer hochwertigen Verarbeitung<\/li>\n<li data-start=\"938\" data-end=\"982\">Ideal f\u00fcr drinnen und drau\u00dfen (unter einem Vordach), Balkon oder Wintergarten<\/li>\n<li data-start=\"938\" data-end=\"982\">Passt auch perfekt in ein skandinavisches oder minimalistisches Interieur<\/li>\n<li data-start=\"938\" data-end=\"982\">Mix &amp; Match mit Gr\u00f6\u00dfe L<\/li>\n<\/ul>\n<p class=\"\" data-start=\"1327\" data-end=\"1374\"><strong data-start=\"1327\" data-end=\"1341\">Ma\u00dfe<\/strong>: 22 x 38 cm<br data-start=\"1342\" data-end=\"1345\"><strong data-start=\"1345\" data-end=\"1358\">Material<\/strong>: Jute | Holz | Leinen<br data-start=\"1359\" data-end=\"1362\"><strong data-start=\"1362\" data-end=\"1371\">Farbe<\/strong>: Beige<\/p>\n","protected":false},"featured_media":68134,"comment_status":"open","ping_status":"closed","template":"","meta":[],"product_brand":[],"product_cat":[400,504,418,402,413,424,420,395,740,422,405,396],"product_tag":[],"seizoen":[543,545,544,546],"bloemensoort":[],"samenstelling":[],"shop-per-kamer":[554,553],"indooroutdoor":[555],"vorm":[558,557],"duurzaam":[565],"productafmetingen":[568],"stijl":[574,571,575,573,572],"merk":[576],"materiaal":[621,616],"materiaal-schaaltje":[],"geur":[],"product-type":[],"beoordeling":[640,641,642],"uitsparingen":[],"houtsoort":[],"breedte":[],"badplanken-lengte":[],"kleur":[657,663],"class_list":{"0":"post-68148","1":"product","2":"type-product","3":"status-publish","4":"has-post-thumbnail","6":"product_cat-boheme-wohnzimmer","7":"product_cat-drausen","8":"product_cat-hotel-chic-wohnzimmer","9":"product_cat-japandi-wohnzimmer","10":"product_cat-kerzenstander-kerzenleuchter","11":"product_cat-landwohnzimmer","12":"product_cat-modernes-wohnzimmer","13":"product_cat-naturliche-tone","14":"product_cat-schwarzer-freitag-2","15":"product_cat-skandinavisches-wohnzimmer","16":"product_cat-verkauf","17":"product_cat-wohnzimmer","18":"seizoen-lente-de","19":"seizoen-herfst-de","20":"seizoen-zomer-de","21":"seizoen-winter-de","22":"shop-per-kamer-tuin-de","23":"shop-per-kamer-slaapkamer-de","24":"indooroutdoor-indoor-de","25":"vorm-ovaal-de","26":"vorm-rond-de","27":"duurzaam-ja-de","28":"productafmetingen-m-de","29":"stijl-bohemian-de","30":"stijl-hotel-chique-de","31":"stijl-japandi-de","32":"stijl-modern-de","33":"stijl-scandinavisch-de","34":"merk-industrialwood-de","35":"materiaal-bamboe-de","36":"materiaal-stof-de","37":"beoordeling-three-star-de","38":"beoordeling-four-star-de","39":"beoordeling-five-star-de","40":"kleur-beige-de","41":"kleur-bruin-de","43":"first","44":"outofstock","45":"sale","46":"taxable","47":"shipping-taxable","48":"purchasable","49":"product-type-simple"},"supplier_id":null,"supplier_sku":"","barcode":null,"atum_controlled":true,"out_stock_date":"2026-01-29 00:26:11","out_stock_threshold":null,"inheritable":false,"inbound_stock":0,"stock_on_hold":0,"sold_today":0,"sales_last_days":0,"reserved_stock":0,"customer_returns":0,"warehouse_damage":0,"lost_in_post":0,"other_logs":0,"out_stock_days":40,"lost_sales":0,"has_location":false,"update_date":"2026-03-10T01:36:24","atum_locations":[],"atum_stock_status":"outofstock","restock_status":false,"low_stock_amount":"","sales_update_date":"2026-03-10T01:36:24","calc_backorders":null,"_links":{"self":[{"href":"https:\/\/www.industrialwood.nl\/de\/wp-json\/wp\/v2\/product\/68148","targetHints":{"allow":["GET"]}}],"collection":[{"href":"https:\/\/www.industrialwood.nl\/de\/wp-json\/wp\/v2\/product"}],"about":[{"href":"https:\/\/www.industrialwood.nl\/de\/wp-json\/wp\/v2\/types\/product"}],"replies":[{"embeddable":true,"href":"https:\/\/www.industrialwood.nl\/de\/wp-json\/wp\/v2\/comments?post=68148"}],"wp:featuredmedia":[{"embeddable":true,"href":"https:\/\/www.industrialwood.nl\/de\/wp-json\/wp\/v2\/media\/68134"}],"wp:attachment":[{"href":"https:\/\/www.industrialwood.nl\/de\/wp-json\/wp\/v2\/media?parent=68148"}],"wp:term":[{"taxonomy":"product_brand","embeddable":true,"href":"https:\/\/www.industrialwood.nl\/de\/wp-json\/wp\/v2\/product_brand?post=68148"},{"taxonomy":"product_cat","embeddable":true,"href":"https:\/\/www.industrialwood.nl\/de\/wp-json\/wp\/v2\/product_cat?post=68148"},{"taxonomy":"product_tag","embeddable":true,"href":"https:\/\/www.industrialwood.nl\/de\/wp-json\/wp\/v2\/product_tag?post=68148"},{"taxonomy":"seizoen","embeddable":true,"href":"https:\/\/www.industrialwood.nl\/de\/wp-json\/wp\/v2\/seizoen?post=68148"},{"taxonomy":"bloemensoort","embeddable":true,"href":"https:\/\/www.industrialwood.nl\/de\/wp-json\/wp\/v2\/bloemensoort?post=68148"},{"taxonomy":"samenstelling","embeddable":true,"href":"https:\/\/www.industrialwood.nl\/de\/wp-json\/wp\/v2\/samenstelling?post=68148"},{"taxonomy":"shop-per-kamer","embeddable":true,"href":"https:\/\/www.industrialwood.nl\/de\/wp-json\/wp\/v2\/shop-per-kamer?post=68148"},{"taxonomy":"indooroutdoor","embeddable":true,"href":"https:\/\/www.industrialwood.nl\/de\/wp-json\/wp\/v2\/indooroutdoor?post=68148"},{"taxonomy":"vorm","embeddable":true,"href":"https:\/\/www.industrialwood.nl\/de\/wp-json\/wp\/v2\/vorm?post=68148"},{"taxonomy":"duurzaam","embeddable":true,"href":"https:\/\/www.industrialwood.nl\/de\/wp-json\/wp\/v2\/duurzaam?post=68148"},{"taxonomy":"productafmetingen","embeddable":true,"href":"https:\/\/www.industrialwood.nl\/de\/wp-json\/wp\/v2\/productafmetingen?post=68148"},{"taxonomy":"stijl","embeddable":true,"href":"https:\/\/www.industrialwood.nl\/de\/wp-json\/wp\/v2\/stijl?post=68148"},{"taxonomy":"merk","embeddable":true,"href":"https:\/\/www.industrialwood.nl\/de\/wp-json\/wp\/v2\/merk?post=68148"},{"taxonomy":"materiaal","embeddable":true,"href":"https:\/\/www.industrialwood.nl\/de\/wp-json\/wp\/v2\/materiaal?post=68148"},{"taxonomy":"materiaal-schaaltje","embeddable":true,"href":"https:\/\/www.industrialwood.nl\/de\/wp-json\/wp\/v2\/materiaal-schaaltje?post=68148"},{"taxonomy":"geur","embeddable":true,"href":"https:\/\/www.industrialwood.nl\/de\/wp-json\/wp\/v2\/geur?post=68148"},{"taxonomy":"product-type","embeddable":true,"href":"https:\/\/www.industrialwood.nl\/de\/wp-json\/wp\/v2\/product-type?post=68148"},{"taxonomy":"beoordeling","embeddable":true,"href":"https:\/\/www.industrialwood.nl\/de\/wp-json\/wp\/v2\/beoordeling?post=68148"},{"taxonomy":"uitsparingen","embeddable":true,"href":"https:\/\/www.industrialwood.nl\/de\/wp-json\/wp\/v2\/uitsparingen?post=68148"},{"taxonomy":"houtsoort","embeddable":true,"href":"https:\/\/www.industrialwood.nl\/de\/wp-json\/wp\/v2\/houtsoort?post=68148"},{"taxonomy":"breedte","embeddable":true,"href":"https:\/\/www.industrialwood.nl\/de\/wp-json\/wp\/v2\/breedte?post=68148"},{"taxonomy":"badplanken-lengte","embeddable":true,"href":"https:\/\/www.industrialwood.nl\/de\/wp-json\/wp\/v2\/badplanken-lengte?post=68148"},{"taxonomy":"kleur","embeddable":true,"href":"https:\/\/www.industrialwood.nl\/de\/wp-json\/wp\/v2\/kleur?post=68148"}],"curies":[{"name":"wp","href":"https:\/\/api.w.org\/{rel}","templated":true}]}}