{"id":68146,"date":"2025-04-13T12:53:38","date_gmt":"2025-04-13T10:53:38","guid":{"rendered":"https:\/\/www.industrialwood.nl\/windlicht-hasel-s\/"},"modified":"2026-03-12T12:00:12","modified_gmt":"2026-03-12T11:00:12","slug":"windlicht-hasel-s","status":"publish","type":"product","link":"https:\/\/www.industrialwood.nl\/de\/windlicht-hasel-s\/","title":{"rendered":"Windlicht | Hasel | S"},"content":{"rendered":"","protected":false},"excerpt":{"rendered":"<p class=\"\" data-start=\"280\" data-end=\"568\">Suchen Sie einen Stimmungsmacher f\u00fcr Ihren Garten, Ihr Vordach oder Ihre gem\u00fctliche Wohnzimmerecke? Dieses mittelgro\u00dfe <strong>Windlicht<\/strong> im japanischen Boho-Stil ist die perfekte Erg\u00e4nzung. Denken Sie an warmes Kerzenlicht, eine sanfte Brise und ein Glas Wein &#8211; ja, Atmosph\u00e4re garantiert. Mit seinem verspielten Jutegriff, den nat\u00fcrlichen Materialien und der weichen Leinenstruktur passt dieses Windlicht in jedes Interieur. Ob Sie nun ein Fan von Boho, Skandinavien, Japandi oder einfach von allem sind, was Zen ausstrahlt, dieses Windlicht geh\u00f6rt dazu! Stellen Sie es auf Ihren Gartentisch, in den Flur oder kombinieren Sie es mit der S- und L-Variante f\u00fcr das ultimative &#8216;Wohnmagazin&#8217;-Feeling. Lassen Sie die Kerzen brennen, das Windlicht macht den Rest. \ud83d\udd25 <\/p>\n<p class=\"\" data-start=\"926\" data-end=\"976\"><strong data-start=\"929\" data-end=\"974\">Warum Sie dieses Windlicht unbedingt haben wollen:<\/strong><\/p>\n<ul>\n<li data-start=\"979\" data-end=\"1023\">Perfekt f\u00fcr einen Boho oder Japandi Wohnstil<\/li>\n<li data-start=\"979\" data-end=\"1023\">Hergestellt aus nat\u00fcrlichen und hochwertigen Materialien<\/li>\n<li data-start=\"979\" data-end=\"1023\">Ideal f\u00fcr unter Ihrem Vordach oder auf einem Sideboard<\/li>\n<li data-start=\"979\" data-end=\"1023\">Wunderbar zu kombinieren mit anderen Windlichtern in Gr\u00f6\u00dfe M oder L, oder kaufen Sie das ganze (preisg\u00fcnstige) Set<\/li>\n<li data-start=\"979\" data-end=\"1023\">Nicht f\u00fcr regnerische Abenteuer geeignet (halten Sie es lieber trocken)<\/li>\n<\/ul>\n<p>&nbsp;<\/p>\n<p class=\"\" data-start=\"1327\" data-end=\"1374\"><strong data-start=\"1327\" data-end=\"1341\">Ma\u00dfe<\/strong>: 19 x 33 cm<br data-start=\"1342\" data-end=\"1345\"><strong data-start=\"1345\" data-end=\"1358\">Material<\/strong>: Jute | Holz | Leinen<br data-start=\"1359\" data-end=\"1362\"><strong data-start=\"1362\" data-end=\"1371\">Farbe<\/strong>: Beige<\/p>\n","protected":false},"featured_media":68136,"comment_status":"open","ping_status":"closed","template":"","meta":[],"product_brand":[],"product_cat":[400,504,418,402,424,420,395,422,396],"product_tag":[],"seizoen":[543,545,544,546],"bloemensoort":[],"samenstelling":[],"shop-per-kamer":[554,549],"indooroutdoor":[555],"vorm":[558,557],"duurzaam":[565],"productafmetingen":[567],"stijl":[574,571,575,573,572],"merk":[576],"materiaal":[621,616],"materiaal-schaaltje":[],"geur":[],"product-type":[],"beoordeling":[640,641,642],"uitsparingen":[],"houtsoort":[],"breedte":[],"badplanken-lengte":[],"kleur":[657,663],"class_list":{"0":"post-68146","1":"product","2":"type-product","3":"status-publish","4":"has-post-thumbnail","6":"product_cat-boheme-wohnzimmer","7":"product_cat-drausen","8":"product_cat-hotel-chic-wohnzimmer","9":"product_cat-japandi-wohnzimmer","10":"product_cat-landwohnzimmer","11":"product_cat-modernes-wohnzimmer","12":"product_cat-naturliche-tone","13":"product_cat-skandinavisches-wohnzimmer","14":"product_cat-wohnzimmer","15":"seizoen-lente-de","16":"seizoen-herfst-de","17":"seizoen-zomer-de","18":"seizoen-winter-de","19":"shop-per-kamer-tuin-de","20":"shop-per-kamer-woonkamer-de","21":"indooroutdoor-indoor-de","22":"vorm-ovaal-de","23":"vorm-rond-de","24":"duurzaam-ja-de","25":"productafmetingen-s-de","26":"stijl-bohemian-de","27":"stijl-hotel-chique-de","28":"stijl-japandi-de","29":"stijl-modern-de","30":"stijl-scandinavisch-de","31":"merk-industrialwood-de","32":"materiaal-bamboe-de","33":"materiaal-stof-de","34":"beoordeling-three-star-de","35":"beoordeling-four-star-de","36":"beoordeling-five-star-de","37":"kleur-beige-de","38":"kleur-bruin-de","40":"first","41":"outofstock","42":"taxable","43":"shipping-taxable","44":"purchasable","45":"product-type-simple"},"supplier_id":null,"supplier_sku":"","barcode":null,"atum_controlled":true,"out_stock_date":"2025-06-15 20:31:58","out_stock_threshold":null,"inheritable":false,"inbound_stock":0,"stock_on_hold":0,"sold_today":0,"sales_last_days":0,"reserved_stock":0,"customer_returns":0,"warehouse_damage":0,"lost_in_post":0,"other_logs":0,"out_stock_days":267,"lost_sales":0,"has_location":false,"update_date":"2026-03-10T01:36:09","atum_locations":[],"atum_stock_status":"outofstock","restock_status":false,"low_stock_amount":"","sales_update_date":"2026-03-10T01:36:09","calc_backorders":null,"_links":{"self":[{"href":"https:\/\/www.industrialwood.nl\/de\/wp-json\/wp\/v2\/product\/68146","targetHints":{"allow":["GET"]}}],"collection":[{"href":"https:\/\/www.industrialwood.nl\/de\/wp-json\/wp\/v2\/product"}],"about":[{"href":"https:\/\/www.industrialwood.nl\/de\/wp-json\/wp\/v2\/types\/product"}],"replies":[{"embeddable":true,"href":"https:\/\/www.industrialwood.nl\/de\/wp-json\/wp\/v2\/comments?post=68146"}],"wp:featuredmedia":[{"embeddable":true,"href":"https:\/\/www.industrialwood.nl\/de\/wp-json\/wp\/v2\/media\/68136"}],"wp:attachment":[{"href":"https:\/\/www.industrialwood.nl\/de\/wp-json\/wp\/v2\/media?parent=68146"}],"wp:term":[{"taxonomy":"product_brand","embeddable":true,"href":"https:\/\/www.industrialwood.nl\/de\/wp-json\/wp\/v2\/product_brand?post=68146"},{"taxonomy":"product_cat","embeddable":true,"href":"https:\/\/www.industrialwood.nl\/de\/wp-json\/wp\/v2\/product_cat?post=68146"},{"taxonomy":"product_tag","embeddable":true,"href":"https:\/\/www.industrialwood.nl\/de\/wp-json\/wp\/v2\/product_tag?post=68146"},{"taxonomy":"seizoen","embeddable":true,"href":"https:\/\/www.industrialwood.nl\/de\/wp-json\/wp\/v2\/seizoen?post=68146"},{"taxonomy":"bloemensoort","embeddable":true,"href":"https:\/\/www.industrialwood.nl\/de\/wp-json\/wp\/v2\/bloemensoort?post=68146"},{"taxonomy":"samenstelling","embeddable":true,"href":"https:\/\/www.industrialwood.nl\/de\/wp-json\/wp\/v2\/samenstelling?post=68146"},{"taxonomy":"shop-per-kamer","embeddable":true,"href":"https:\/\/www.industrialwood.nl\/de\/wp-json\/wp\/v2\/shop-per-kamer?post=68146"},{"taxonomy":"indooroutdoor","embeddable":true,"href":"https:\/\/www.industrialwood.nl\/de\/wp-json\/wp\/v2\/indooroutdoor?post=68146"},{"taxonomy":"vorm","embeddable":true,"href":"https:\/\/www.industrialwood.nl\/de\/wp-json\/wp\/v2\/vorm?post=68146"},{"taxonomy":"duurzaam","embeddable":true,"href":"https:\/\/www.industrialwood.nl\/de\/wp-json\/wp\/v2\/duurzaam?post=68146"},{"taxonomy":"productafmetingen","embeddable":true,"href":"https:\/\/www.industrialwood.nl\/de\/wp-json\/wp\/v2\/productafmetingen?post=68146"},{"taxonomy":"stijl","embeddable":true,"href":"https:\/\/www.industrialwood.nl\/de\/wp-json\/wp\/v2\/stijl?post=68146"},{"taxonomy":"merk","embeddable":true,"href":"https:\/\/www.industrialwood.nl\/de\/wp-json\/wp\/v2\/merk?post=68146"},{"taxonomy":"materiaal","embeddable":true,"href":"https:\/\/www.industrialwood.nl\/de\/wp-json\/wp\/v2\/materiaal?post=68146"},{"taxonomy":"materiaal-schaaltje","embeddable":true,"href":"https:\/\/www.industrialwood.nl\/de\/wp-json\/wp\/v2\/materiaal-schaaltje?post=68146"},{"taxonomy":"geur","embeddable":true,"href":"https:\/\/www.industrialwood.nl\/de\/wp-json\/wp\/v2\/geur?post=68146"},{"taxonomy":"product-type","embeddable":true,"href":"https:\/\/www.industrialwood.nl\/de\/wp-json\/wp\/v2\/product-type?post=68146"},{"taxonomy":"beoordeling","embeddable":true,"href":"https:\/\/www.industrialwood.nl\/de\/wp-json\/wp\/v2\/beoordeling?post=68146"},{"taxonomy":"uitsparingen","embeddable":true,"href":"https:\/\/www.industrialwood.nl\/de\/wp-json\/wp\/v2\/uitsparingen?post=68146"},{"taxonomy":"houtsoort","embeddable":true,"href":"https:\/\/www.industrialwood.nl\/de\/wp-json\/wp\/v2\/houtsoort?post=68146"},{"taxonomy":"breedte","embeddable":true,"href":"https:\/\/www.industrialwood.nl\/de\/wp-json\/wp\/v2\/breedte?post=68146"},{"taxonomy":"badplanken-lengte","embeddable":true,"href":"https:\/\/www.industrialwood.nl\/de\/wp-json\/wp\/v2\/badplanken-lengte?post=68146"},{"taxonomy":"kleur","embeddable":true,"href":"https:\/\/www.industrialwood.nl\/de\/wp-json\/wp\/v2\/kleur?post=68146"}],"curies":[{"name":"wp","href":"https:\/\/api.w.org\/{rel}","templated":true}]}}