{"id":66742,"date":"2025-03-26T08:58:14","date_gmt":"2025-03-26T07:58:14","guid":{"rendered":"https:\/\/www.industrialwood.nl\/?post_type=product&#038;p=66742"},"modified":"2026-02-23T00:46:06","modified_gmt":"2026-02-22T23:46:06","slug":"tablett-bio-sand-kopie","status":"publish","type":"product","link":"https:\/\/www.industrialwood.nl\/de\/tablett-bio-sand-kopie\/","title":{"rendered":"Tablett | Bio | Sand | L"},"content":{"rendered":"","protected":false},"excerpt":{"rendered":"<p class=\"\" data-start=\"0\" data-end=\"385\">Suchen Sie nach einer stilvollen Basis f\u00fcr Ihre feinste Heimdekoration? \ud83e\udd0e Dieses <strong data-start=\"71\" data-end=\"114\">gro\u00dfe organische Tablett in Sandfarbe<\/strong> ist genau das, was Sie brauchen! Dank seiner gro\u00dfz\u00fcgigen Gr\u00f6\u00dfe haben Sie gen\u00fcgend Platz, um mehrere Kerzen, Vasen oder andere Blickf\u00e4nge zu einem stimmungsvollen Ganzen zu kombinieren. Durch die organische Form weicht es etwas vom Standard ab, was ihm einen modernen, verspielten Look verleiht. Der neutrale Sandton passt m\u00fchelos zu jeder Einrichtung &#8211; ob Sie nun japanischen, skandinavischen oder modernen Chic m\u00f6gen. Stellen Sie ihn auf den Couchtisch, das Sideboard oder den Esstisch und entfesseln Sie Ihre Stylingk\u00fcnste!   <\/p>\n<p><strong data-start=\"590\" data-end=\"622\">Warum wollen Sie dieses Tablett?<\/strong><\/p>\n<ul>\n<li data-start=\"587\" data-end=\"799\">Extra gro\u00df: genug Platz f\u00fcr all Ihre Lieblingsdekorationen<\/li>\n<li data-start=\"587\" data-end=\"799\">Organisches Design: stilvoll und etwas anders<\/li>\n<li data-start=\"587\" data-end=\"799\">Neutrale Farbe: leicht mit jedem Wohnstil zu kombinieren<\/li>\n<\/ul>\n<p>&nbsp;<\/p>\n<p><strong>Ma\u00dfe<\/strong>: 55 x 38 x 2 cm<br \/>\n<strong>Material<\/strong>: Metall<br \/>\n<strong>Farbe<\/strong>: Sand (Beige)<\/p>\n","protected":false},"featured_media":66744,"comment_status":"open","ping_status":"closed","template":"","meta":[],"product_brand":[],"product_cat":[701,400,418,402,424,420,395,740,422,478,706,396],"product_tag":[],"seizoen":[543,545,544,546],"bloemensoort":[],"samenstelling":[],"shop-per-kamer":[552,549],"indooroutdoor":[555],"vorm":[563],"duurzaam":[565],"productafmetingen":[569],"stijl":[574,571,575,573,572],"merk":[588],"materiaal":[614],"materiaal-schaaltje":[],"geur":[],"product-type":[],"beoordeling":[640,641,642],"uitsparingen":[],"houtsoort":[],"breedte":[],"badplanken-lengte":[],"kleur":[657],"class_list":{"0":"post-66742","1":"product","2":"type-product","3":"status-publish","4":"has-post-thumbnail","6":"product_cat-bio-tablett","7":"product_cat-boheme-wohnzimmer","8":"product_cat-hotel-chic-wohnzimmer","9":"product_cat-japandi-wohnzimmer","10":"product_cat-landwohnzimmer","11":"product_cat-modernes-wohnzimmer","12":"product_cat-naturliche-tone","13":"product_cat-schwarzer-freitag-2","14":"product_cat-skandinavisches-wohnzimmer","15":"product_cat-tabletts","16":"product_cat-verkaufsschlager","17":"product_cat-wohnzimmer","18":"seizoen-lente-de","19":"seizoen-herfst-de","20":"seizoen-zomer-de","21":"seizoen-winter-de","22":"shop-per-kamer-hal-de","23":"shop-per-kamer-woonkamer-de","24":"indooroutdoor-indoor-de","25":"vorm-organisch-de","26":"duurzaam-ja-de","27":"productafmetingen-l-de","28":"stijl-bohemian-de","29":"stijl-hotel-chique-de","30":"stijl-japandi-de","31":"stijl-modern-de","32":"stijl-scandinavisch-de","33":"merk-vase-the-world-de","34":"materiaal-metaal-de","35":"beoordeling-three-star-de","36":"beoordeling-four-star-de","37":"beoordeling-five-star-de","38":"kleur-beige-de","40":"first","41":"outofstock","42":"taxable","43":"shipping-taxable","44":"purchasable","45":"product-type-simple"},"supplier_id":null,"supplier_sku":"","barcode":null,"atum_controlled":true,"out_stock_date":"2026-02-23 00:46:06","out_stock_threshold":null,"inheritable":false,"inbound_stock":0,"stock_on_hold":0,"sold_today":0,"sales_last_days":0,"reserved_stock":0,"customer_returns":0,"warehouse_damage":0,"lost_in_post":0,"other_logs":0,"out_stock_days":54,"lost_sales":678,"has_location":false,"update_date":"2026-04-18T15:34:35","atum_locations":[],"atum_stock_status":"outofstock","restock_status":false,"low_stock_amount":"","sales_update_date":"2026-04-18T15:34:35","calc_backorders":null,"_links":{"self":[{"href":"https:\/\/www.industrialwood.nl\/de\/wp-json\/wp\/v2\/product\/66742","targetHints":{"allow":["GET"]}}],"collection":[{"href":"https:\/\/www.industrialwood.nl\/de\/wp-json\/wp\/v2\/product"}],"about":[{"href":"https:\/\/www.industrialwood.nl\/de\/wp-json\/wp\/v2\/types\/product"}],"replies":[{"embeddable":true,"href":"https:\/\/www.industrialwood.nl\/de\/wp-json\/wp\/v2\/comments?post=66742"}],"wp:featuredmedia":[{"embeddable":true,"href":"https:\/\/www.industrialwood.nl\/de\/wp-json\/wp\/v2\/media\/66744"}],"wp:attachment":[{"href":"https:\/\/www.industrialwood.nl\/de\/wp-json\/wp\/v2\/media?parent=66742"}],"wp:term":[{"taxonomy":"product_brand","embeddable":true,"href":"https:\/\/www.industrialwood.nl\/de\/wp-json\/wp\/v2\/product_brand?post=66742"},{"taxonomy":"product_cat","embeddable":true,"href":"https:\/\/www.industrialwood.nl\/de\/wp-json\/wp\/v2\/product_cat?post=66742"},{"taxonomy":"product_tag","embeddable":true,"href":"https:\/\/www.industrialwood.nl\/de\/wp-json\/wp\/v2\/product_tag?post=66742"},{"taxonomy":"seizoen","embeddable":true,"href":"https:\/\/www.industrialwood.nl\/de\/wp-json\/wp\/v2\/seizoen?post=66742"},{"taxonomy":"bloemensoort","embeddable":true,"href":"https:\/\/www.industrialwood.nl\/de\/wp-json\/wp\/v2\/bloemensoort?post=66742"},{"taxonomy":"samenstelling","embeddable":true,"href":"https:\/\/www.industrialwood.nl\/de\/wp-json\/wp\/v2\/samenstelling?post=66742"},{"taxonomy":"shop-per-kamer","embeddable":true,"href":"https:\/\/www.industrialwood.nl\/de\/wp-json\/wp\/v2\/shop-per-kamer?post=66742"},{"taxonomy":"indooroutdoor","embeddable":true,"href":"https:\/\/www.industrialwood.nl\/de\/wp-json\/wp\/v2\/indooroutdoor?post=66742"},{"taxonomy":"vorm","embeddable":true,"href":"https:\/\/www.industrialwood.nl\/de\/wp-json\/wp\/v2\/vorm?post=66742"},{"taxonomy":"duurzaam","embeddable":true,"href":"https:\/\/www.industrialwood.nl\/de\/wp-json\/wp\/v2\/duurzaam?post=66742"},{"taxonomy":"productafmetingen","embeddable":true,"href":"https:\/\/www.industrialwood.nl\/de\/wp-json\/wp\/v2\/productafmetingen?post=66742"},{"taxonomy":"stijl","embeddable":true,"href":"https:\/\/www.industrialwood.nl\/de\/wp-json\/wp\/v2\/stijl?post=66742"},{"taxonomy":"merk","embeddable":true,"href":"https:\/\/www.industrialwood.nl\/de\/wp-json\/wp\/v2\/merk?post=66742"},{"taxonomy":"materiaal","embeddable":true,"href":"https:\/\/www.industrialwood.nl\/de\/wp-json\/wp\/v2\/materiaal?post=66742"},{"taxonomy":"materiaal-schaaltje","embeddable":true,"href":"https:\/\/www.industrialwood.nl\/de\/wp-json\/wp\/v2\/materiaal-schaaltje?post=66742"},{"taxonomy":"geur","embeddable":true,"href":"https:\/\/www.industrialwood.nl\/de\/wp-json\/wp\/v2\/geur?post=66742"},{"taxonomy":"product-type","embeddable":true,"href":"https:\/\/www.industrialwood.nl\/de\/wp-json\/wp\/v2\/product-type?post=66742"},{"taxonomy":"beoordeling","embeddable":true,"href":"https:\/\/www.industrialwood.nl\/de\/wp-json\/wp\/v2\/beoordeling?post=66742"},{"taxonomy":"uitsparingen","embeddable":true,"href":"https:\/\/www.industrialwood.nl\/de\/wp-json\/wp\/v2\/uitsparingen?post=66742"},{"taxonomy":"houtsoort","embeddable":true,"href":"https:\/\/www.industrialwood.nl\/de\/wp-json\/wp\/v2\/houtsoort?post=66742"},{"taxonomy":"breedte","embeddable":true,"href":"https:\/\/www.industrialwood.nl\/de\/wp-json\/wp\/v2\/breedte?post=66742"},{"taxonomy":"badplanken-lengte","embeddable":true,"href":"https:\/\/www.industrialwood.nl\/de\/wp-json\/wp\/v2\/badplanken-lengte?post=66742"},{"taxonomy":"kleur","embeddable":true,"href":"https:\/\/www.industrialwood.nl\/de\/wp-json\/wp\/v2\/kleur?post=66742"}],"curies":[{"name":"wp","href":"https:\/\/api.w.org\/{rel}","templated":true}]}}