{"id":65303,"date":"2025-09-04T21:45:35","date_gmt":"2025-09-04T19:45:35","guid":{"rendered":"https:\/\/www.industrialwood.nl\/?post_type=product&#038;p=65303"},"modified":"2025-10-09T11:49:36","modified_gmt":"2025-10-09T09:49:36","slug":"kerzenleuchter-kristall-itinga-transparent-l-kopie","status":"publish","type":"product","link":"https:\/\/www.industrialwood.nl\/de\/kerzenleuchter-kristall-itinga-transparent-l-kopie\/","title":{"rendered":"Kerzenleuchter | Kristall | Glanz | Champagner | S"},"content":{"rendered":"","protected":false},"excerpt":{"rendered":"<p data-start=\"0\" data-end=\"79\"><strong>Luster Kerzenst\u00e4nder Kristall &#8211; S \u2728<\/strong><br \/>\nLassen Sie Ihr Interieur mit dem <strong>Luster Kerzenst\u00e4nder<\/strong> in Champagnerfarbe erstrahlen! \ud83e\udd0e Dieser Kerzenst\u00e4nder aus Kristallglas ist das Accessoire, das Ihrem Interieur sofort Luxus und W\u00e4rme verleiht. Die sanfte Champagnerfarbe verleiht ihm einen einzigartigen und schicken Look. Ob Sie nun einen gem\u00fctlichen Abend auf dem Sofa planen, eine stilvolle Dinnerparty ausrichten oder einfach ein elegantes und stimmungsvolles Zuhause lieben, der <em data-start=\"433\" data-end=\"441\">Luster<\/em> ist immer eine gute Idee. Erh\u00e4ltlich in drei Gr\u00f6\u00dfen (S, M und L), k\u00f6nnen Sie sie perfekt als Set f\u00fcr einen verspielten Effekt auf einem Tablett, Sideboard oder Couchtisch kombinieren. Das luxuri\u00f6se Finish und die zeitlose Form passen perfekt in jedes Interieur: von Hotelschick bis modern! Egal, ob Sie sich f\u00fcr eine Gr\u00f6\u00dfe oder das ganze Set entscheiden &#8211; dieser gl\u00e4serne Kronleuchter wird Ihr Interieur wie nie zuvor erstrahlen lassen. \ud83d\udcab   <\/p>\n<p data-start=\"737\" data-end=\"787\"><strong data-start=\"740\" data-end=\"787\">Warum Sie diesen Luxus-Kandelaber haben m\u00f6chten:<\/strong><\/p>\n<ul>\n<li data-start=\"790\" data-end=\"868\">Aus Kristallglas mit champagnerfarbener Oberfl\u00e4che und verspielten Blasen<\/li>\n<li data-start=\"790\" data-end=\"868\">Ein echter Blickfang, der W\u00e4rme, Atmosph\u00e4re und Stil ausstrahlt<\/li>\n<li data-start=\"790\" data-end=\"868\">Kombinieren Sie verschiedene Gr\u00f6\u00dfen (S, M und L) f\u00fcr einen wunderbar verspielten Effekt<\/li>\n<li data-start=\"790\" data-end=\"868\">Auch als g\u00fcnstigerer Setpreis erh\u00e4ltlich!<\/li>\n<\/ul>\n<p data-start=\"1101\" data-end=\"1226\" data-is-last-node=\"\" data-is-only-node=\"\"><strong>Ma\u00dfe<\/strong>: 12 x 12 x 16 cm<br \/>\n<strong>Material<\/strong>: Kristallglas<br \/>\n<strong>Farbe<\/strong>: Champagner<\/p>\n","protected":false},"featured_media":65305,"comment_status":"open","ping_status":"closed","template":"","meta":[],"product_brand":[],"product_cat":[400,418,402,413,424,420,395,422,396],"product_tag":[],"seizoen":[543,545,544,546],"bloemensoort":[],"samenstelling":[],"shop-per-kamer":[552,549],"indooroutdoor":[555],"vorm":[563,557],"duurzaam":[565],"productafmetingen":[567],"stijl":[574,571,575,573,572],"merk":[576],"materiaal":[608],"materiaal-schaaltje":[],"geur":[],"product-type":[],"beoordeling":[640,641,642],"uitsparingen":[],"houtsoort":[],"breedte":[],"badplanken-lengte":[],"kleur":[657,661],"class_list":{"0":"post-65303","1":"product","2":"type-product","3":"status-publish","4":"has-post-thumbnail","6":"product_cat-boheme-wohnzimmer","7":"product_cat-hotel-chic-wohnzimmer","8":"product_cat-japandi-wohnzimmer","9":"product_cat-kerzenstander-kerzenleuchter","10":"product_cat-landwohnzimmer","11":"product_cat-modernes-wohnzimmer","12":"product_cat-naturliche-tone","13":"product_cat-skandinavisches-wohnzimmer","14":"product_cat-wohnzimmer","15":"seizoen-lente-de","16":"seizoen-herfst-de","17":"seizoen-zomer-de","18":"seizoen-winter-de","19":"shop-per-kamer-hal-de","20":"shop-per-kamer-woonkamer-de","21":"indooroutdoor-indoor-de","22":"vorm-organisch-de","23":"vorm-rond-de","24":"duurzaam-ja-de","25":"productafmetingen-s-de","26":"stijl-bohemian-de","27":"stijl-hotel-chique-de","28":"stijl-japandi-de","29":"stijl-modern-de","30":"stijl-scandinavisch-de","31":"merk-industrialwood-de","32":"materiaal-glas-de","33":"beoordeling-three-star-de","34":"beoordeling-four-star-de","35":"beoordeling-five-star-de","36":"kleur-beige-de","37":"kleur-champagne-de","39":"first","40":"outofstock","41":"taxable","42":"shipping-taxable","43":"purchasable","44":"product-type-simple"},"supplier_id":null,"supplier_sku":"","barcode":null,"atum_controlled":true,"out_stock_date":"2025-10-09 11:49:36","out_stock_threshold":null,"inheritable":false,"inbound_stock":0,"stock_on_hold":0,"sold_today":0,"sales_last_days":0,"reserved_stock":0,"customer_returns":0,"warehouse_damage":0,"lost_in_post":0,"other_logs":0,"out_stock_days":151,"lost_sales":0,"has_location":false,"update_date":"2026-03-10T01:36:07","atum_locations":[],"atum_stock_status":"outofstock","restock_status":false,"low_stock_amount":"","sales_update_date":"2026-03-10T01:36:07","calc_backorders":null,"_links":{"self":[{"href":"https:\/\/www.industrialwood.nl\/de\/wp-json\/wp\/v2\/product\/65303","targetHints":{"allow":["GET"]}}],"collection":[{"href":"https:\/\/www.industrialwood.nl\/de\/wp-json\/wp\/v2\/product"}],"about":[{"href":"https:\/\/www.industrialwood.nl\/de\/wp-json\/wp\/v2\/types\/product"}],"replies":[{"embeddable":true,"href":"https:\/\/www.industrialwood.nl\/de\/wp-json\/wp\/v2\/comments?post=65303"}],"wp:featuredmedia":[{"embeddable":true,"href":"https:\/\/www.industrialwood.nl\/de\/wp-json\/wp\/v2\/media\/65305"}],"wp:attachment":[{"href":"https:\/\/www.industrialwood.nl\/de\/wp-json\/wp\/v2\/media?parent=65303"}],"wp:term":[{"taxonomy":"product_brand","embeddable":true,"href":"https:\/\/www.industrialwood.nl\/de\/wp-json\/wp\/v2\/product_brand?post=65303"},{"taxonomy":"product_cat","embeddable":true,"href":"https:\/\/www.industrialwood.nl\/de\/wp-json\/wp\/v2\/product_cat?post=65303"},{"taxonomy":"product_tag","embeddable":true,"href":"https:\/\/www.industrialwood.nl\/de\/wp-json\/wp\/v2\/product_tag?post=65303"},{"taxonomy":"seizoen","embeddable":true,"href":"https:\/\/www.industrialwood.nl\/de\/wp-json\/wp\/v2\/seizoen?post=65303"},{"taxonomy":"bloemensoort","embeddable":true,"href":"https:\/\/www.industrialwood.nl\/de\/wp-json\/wp\/v2\/bloemensoort?post=65303"},{"taxonomy":"samenstelling","embeddable":true,"href":"https:\/\/www.industrialwood.nl\/de\/wp-json\/wp\/v2\/samenstelling?post=65303"},{"taxonomy":"shop-per-kamer","embeddable":true,"href":"https:\/\/www.industrialwood.nl\/de\/wp-json\/wp\/v2\/shop-per-kamer?post=65303"},{"taxonomy":"indooroutdoor","embeddable":true,"href":"https:\/\/www.industrialwood.nl\/de\/wp-json\/wp\/v2\/indooroutdoor?post=65303"},{"taxonomy":"vorm","embeddable":true,"href":"https:\/\/www.industrialwood.nl\/de\/wp-json\/wp\/v2\/vorm?post=65303"},{"taxonomy":"duurzaam","embeddable":true,"href":"https:\/\/www.industrialwood.nl\/de\/wp-json\/wp\/v2\/duurzaam?post=65303"},{"taxonomy":"productafmetingen","embeddable":true,"href":"https:\/\/www.industrialwood.nl\/de\/wp-json\/wp\/v2\/productafmetingen?post=65303"},{"taxonomy":"stijl","embeddable":true,"href":"https:\/\/www.industrialwood.nl\/de\/wp-json\/wp\/v2\/stijl?post=65303"},{"taxonomy":"merk","embeddable":true,"href":"https:\/\/www.industrialwood.nl\/de\/wp-json\/wp\/v2\/merk?post=65303"},{"taxonomy":"materiaal","embeddable":true,"href":"https:\/\/www.industrialwood.nl\/de\/wp-json\/wp\/v2\/materiaal?post=65303"},{"taxonomy":"materiaal-schaaltje","embeddable":true,"href":"https:\/\/www.industrialwood.nl\/de\/wp-json\/wp\/v2\/materiaal-schaaltje?post=65303"},{"taxonomy":"geur","embeddable":true,"href":"https:\/\/www.industrialwood.nl\/de\/wp-json\/wp\/v2\/geur?post=65303"},{"taxonomy":"product-type","embeddable":true,"href":"https:\/\/www.industrialwood.nl\/de\/wp-json\/wp\/v2\/product-type?post=65303"},{"taxonomy":"beoordeling","embeddable":true,"href":"https:\/\/www.industrialwood.nl\/de\/wp-json\/wp\/v2\/beoordeling?post=65303"},{"taxonomy":"uitsparingen","embeddable":true,"href":"https:\/\/www.industrialwood.nl\/de\/wp-json\/wp\/v2\/uitsparingen?post=65303"},{"taxonomy":"houtsoort","embeddable":true,"href":"https:\/\/www.industrialwood.nl\/de\/wp-json\/wp\/v2\/houtsoort?post=65303"},{"taxonomy":"breedte","embeddable":true,"href":"https:\/\/www.industrialwood.nl\/de\/wp-json\/wp\/v2\/breedte?post=65303"},{"taxonomy":"badplanken-lengte","embeddable":true,"href":"https:\/\/www.industrialwood.nl\/de\/wp-json\/wp\/v2\/badplanken-lengte?post=65303"},{"taxonomy":"kleur","embeddable":true,"href":"https:\/\/www.industrialwood.nl\/de\/wp-json\/wp\/v2\/kleur?post=65303"}],"curies":[{"name":"wp","href":"https:\/\/api.w.org\/{rel}","templated":true}]}}