{"id":65232,"date":"2025-02-18T10:23:41","date_gmt":"2025-02-18T09:23:41","guid":{"rendered":"https:\/\/www.industrialwood.nl\/?post_type=product&#038;p=65232"},"modified":"2026-02-01T14:12:42","modified_gmt":"2026-02-01T13:12:42","slug":"vase-lisboa-sand-s-kopie-2","status":"publish","type":"product","link":"https:\/\/www.industrialwood.nl\/de\/vase-lisboa-sand-s-kopie-2\/","title":{"rendered":"Vase | Lisboa | Sand | L"},"content":{"rendered":"","protected":false},"excerpt":{"rendered":"<p data-start=\"0\" data-end=\"58\"><strong data-start=\"3\" data-end=\"52\">Der Bestseller von heute!<\/strong> \ud83e\udd0d\u2728<br \/>\nSuchen Sie nach einem Blickfang f\u00fcr Ihre Einrichtung? Die <strong data-start=\"109\" data-end=\"124\">Lisboa Vase<\/strong> in der Farbe <em data-start=\"137\" data-end=\"143\">Sand<\/em> ist genau das, was Sie brauchen! Mit ihrer organischen Form und ihrem erdigen Look passt sie perfekt in ein modernes, japandisches oder skandinavisches Interieur. Sie k\u00f6nnen sie wunderbar mit der <a href=\"https:\/\/www.industrialwood.nl\/vaas-lisboa-bruin-l\/\" target=\"_blank\" rel=\"noopener\"><strong data-start=\"368\" data-end=\"384\">braunen Farbe<\/strong><\/a>ist diese Vase eine stilvolle Erg\u00e4nzung f\u00fcr jeden Raum. F\u00fcllen Sie sie mit Seidenblumen, Trockenblumen oder lassen Sie sie einfach als Kunstwerk f\u00fcr sich leuchten. Kombinieren Sie sie f\u00fcr einen spielerischen Effekt und kreieren Sie Ihr eigenes, einzigartiges Styling!     <\/p>\n<p data-start=\"613\" data-end=\"817\"><strong data-start=\"613\" data-end=\"646\">Warum wollen Sie die Lisboa Vase?<\/strong><\/p>\n<ul>\n<li data-start=\"613\" data-end=\"817\"><strong data-start=\"651\" data-end=\"665\">Bestseller<\/strong> &#8211; Alle wollen es, auch Sie bald!<\/li>\n<li data-start=\"613\" data-end=\"817\"><strong data-start=\"705\" data-end=\"720\">Mix &amp; match<\/strong> &#8211; Auch in der <a href=\"https:\/\/www.industrialwood.nl\/vaas-lisboa-bruin-l\/\" target=\"_blank\" rel=\"noopener\">Farbe braun<\/a> erh\u00e4ltlich<\/li>\n<li data-start=\"613\" data-end=\"817\"><strong data-start=\"771\" data-end=\"790\">Zeitloses Design<\/strong> &#8211; Passt zu jedem Wohnstil<\/li>\n<\/ul>\n<p data-start=\"702\" data-end=\"794\" data-is-last-node=\"\"><strong data-start=\"702\" data-end=\"717\">Ma\u00dfe: <\/strong>28 x 11 x 46 cm<br data-start=\"722\" data-end=\"725\"><strong data-start=\"725\" data-end=\"739\">Material:<\/strong> Keramik<br data-start=\"748\" data-end=\"751\"><strong data-start=\"751\" data-end=\"761\">Farbe:<\/strong> Sand (Beige)<\/p>\n","protected":false},"featured_media":65234,"comment_status":"open","ping_status":"closed","template":"","meta":[],"product_brand":[],"product_cat":[400,419,402,424,420,395,422,387,396],"product_tag":[],"seizoen":[543,545,544,546],"bloemensoort":[],"samenstelling":[],"shop-per-kamer":[552,549],"indooroutdoor":[555],"vorm":[563,557],"duurzaam":[565],"productafmetingen":[569],"stijl":[574,571,575,573,572],"merk":[576],"materiaal":[611],"materiaal-schaaltje":[],"geur":[],"product-type":[],"beoordeling":[640,641,642],"uitsparingen":[],"houtsoort":[],"breedte":[],"badplanken-lengte":[],"kleur":[657],"class_list":{"0":"post-65232","1":"product","2":"type-product","3":"status-publish","4":"has-post-thumbnail","6":"product_cat-boheme-wohnzimmer","7":"product_cat-hotel-chic-schlafzimmer","8":"product_cat-japandi-wohnzimmer","9":"product_cat-landwohnzimmer","10":"product_cat-modernes-wohnzimmer","11":"product_cat-naturliche-tone","12":"product_cat-skandinavisches-wohnzimmer","13":"product_cat-vasen-topfe","14":"product_cat-wohnzimmer","15":"seizoen-lente-de","16":"seizoen-herfst-de","17":"seizoen-zomer-de","18":"seizoen-winter-de","19":"shop-per-kamer-hal-de","20":"shop-per-kamer-woonkamer-de","21":"indooroutdoor-indoor-de","22":"vorm-organisch-de","23":"vorm-rond-de","24":"duurzaam-ja-de","25":"productafmetingen-l-de","26":"stijl-bohemian-de","27":"stijl-hotel-chique-de","28":"stijl-japandi-de","29":"stijl-modern-de","30":"stijl-scandinavisch-de","31":"merk-industrialwood-de","32":"materiaal-keramiek-de","33":"beoordeling-three-star-de","34":"beoordeling-four-star-de","35":"beoordeling-five-star-de","36":"kleur-beige-de","38":"first","39":"outofstock","40":"taxable","41":"shipping-taxable","42":"purchasable","43":"product-type-simple"},"supplier_id":null,"supplier_sku":"","barcode":null,"atum_controlled":true,"out_stock_date":"2026-02-08 14:05:05","out_stock_threshold":null,"inheritable":false,"inbound_stock":0,"stock_on_hold":0,"sold_today":0,"sales_last_days":0,"reserved_stock":0,"customer_returns":0,"warehouse_damage":0,"lost_in_post":0,"other_logs":0,"out_stock_days":69,"lost_sales":846,"has_location":false,"update_date":"2026-04-18T15:34:35","atum_locations":[],"atum_stock_status":"outofstock","restock_status":false,"low_stock_amount":"","sales_update_date":"2026-04-18T15:34:35","calc_backorders":null,"_links":{"self":[{"href":"https:\/\/www.industrialwood.nl\/de\/wp-json\/wp\/v2\/product\/65232","targetHints":{"allow":["GET"]}}],"collection":[{"href":"https:\/\/www.industrialwood.nl\/de\/wp-json\/wp\/v2\/product"}],"about":[{"href":"https:\/\/www.industrialwood.nl\/de\/wp-json\/wp\/v2\/types\/product"}],"replies":[{"embeddable":true,"href":"https:\/\/www.industrialwood.nl\/de\/wp-json\/wp\/v2\/comments?post=65232"}],"wp:featuredmedia":[{"embeddable":true,"href":"https:\/\/www.industrialwood.nl\/de\/wp-json\/wp\/v2\/media\/65234"}],"wp:attachment":[{"href":"https:\/\/www.industrialwood.nl\/de\/wp-json\/wp\/v2\/media?parent=65232"}],"wp:term":[{"taxonomy":"product_brand","embeddable":true,"href":"https:\/\/www.industrialwood.nl\/de\/wp-json\/wp\/v2\/product_brand?post=65232"},{"taxonomy":"product_cat","embeddable":true,"href":"https:\/\/www.industrialwood.nl\/de\/wp-json\/wp\/v2\/product_cat?post=65232"},{"taxonomy":"product_tag","embeddable":true,"href":"https:\/\/www.industrialwood.nl\/de\/wp-json\/wp\/v2\/product_tag?post=65232"},{"taxonomy":"seizoen","embeddable":true,"href":"https:\/\/www.industrialwood.nl\/de\/wp-json\/wp\/v2\/seizoen?post=65232"},{"taxonomy":"bloemensoort","embeddable":true,"href":"https:\/\/www.industrialwood.nl\/de\/wp-json\/wp\/v2\/bloemensoort?post=65232"},{"taxonomy":"samenstelling","embeddable":true,"href":"https:\/\/www.industrialwood.nl\/de\/wp-json\/wp\/v2\/samenstelling?post=65232"},{"taxonomy":"shop-per-kamer","embeddable":true,"href":"https:\/\/www.industrialwood.nl\/de\/wp-json\/wp\/v2\/shop-per-kamer?post=65232"},{"taxonomy":"indooroutdoor","embeddable":true,"href":"https:\/\/www.industrialwood.nl\/de\/wp-json\/wp\/v2\/indooroutdoor?post=65232"},{"taxonomy":"vorm","embeddable":true,"href":"https:\/\/www.industrialwood.nl\/de\/wp-json\/wp\/v2\/vorm?post=65232"},{"taxonomy":"duurzaam","embeddable":true,"href":"https:\/\/www.industrialwood.nl\/de\/wp-json\/wp\/v2\/duurzaam?post=65232"},{"taxonomy":"productafmetingen","embeddable":true,"href":"https:\/\/www.industrialwood.nl\/de\/wp-json\/wp\/v2\/productafmetingen?post=65232"},{"taxonomy":"stijl","embeddable":true,"href":"https:\/\/www.industrialwood.nl\/de\/wp-json\/wp\/v2\/stijl?post=65232"},{"taxonomy":"merk","embeddable":true,"href":"https:\/\/www.industrialwood.nl\/de\/wp-json\/wp\/v2\/merk?post=65232"},{"taxonomy":"materiaal","embeddable":true,"href":"https:\/\/www.industrialwood.nl\/de\/wp-json\/wp\/v2\/materiaal?post=65232"},{"taxonomy":"materiaal-schaaltje","embeddable":true,"href":"https:\/\/www.industrialwood.nl\/de\/wp-json\/wp\/v2\/materiaal-schaaltje?post=65232"},{"taxonomy":"geur","embeddable":true,"href":"https:\/\/www.industrialwood.nl\/de\/wp-json\/wp\/v2\/geur?post=65232"},{"taxonomy":"product-type","embeddable":true,"href":"https:\/\/www.industrialwood.nl\/de\/wp-json\/wp\/v2\/product-type?post=65232"},{"taxonomy":"beoordeling","embeddable":true,"href":"https:\/\/www.industrialwood.nl\/de\/wp-json\/wp\/v2\/beoordeling?post=65232"},{"taxonomy":"uitsparingen","embeddable":true,"href":"https:\/\/www.industrialwood.nl\/de\/wp-json\/wp\/v2\/uitsparingen?post=65232"},{"taxonomy":"houtsoort","embeddable":true,"href":"https:\/\/www.industrialwood.nl\/de\/wp-json\/wp\/v2\/houtsoort?post=65232"},{"taxonomy":"breedte","embeddable":true,"href":"https:\/\/www.industrialwood.nl\/de\/wp-json\/wp\/v2\/breedte?post=65232"},{"taxonomy":"badplanken-lengte","embeddable":true,"href":"https:\/\/www.industrialwood.nl\/de\/wp-json\/wp\/v2\/badplanken-lengte?post=65232"},{"taxonomy":"kleur","embeddable":true,"href":"https:\/\/www.industrialwood.nl\/de\/wp-json\/wp\/v2\/kleur?post=65232"}],"curies":[{"name":"wp","href":"https:\/\/api.w.org\/{rel}","templated":true}]}}