{"id":64190,"date":"2025-02-18T10:37:01","date_gmt":"2025-02-18T09:37:01","guid":{"rendered":"https:\/\/www.industrialwood.nl\/?post_type=product&#038;p=64190"},"modified":"2026-02-23T10:38:50","modified_gmt":"2026-02-23T09:38:50","slug":"seidenzweig-magnolie-weis-kopie-2","status":"publish","type":"product","link":"https:\/\/www.industrialwood.nl\/de\/seidenzweig-magnolie-weis-kopie-2\/","title":{"rendered":"Seidenstrau\u00df | PomPom | Kiku | Wei\u00df"},"content":{"rendered":"","protected":false},"excerpt":{"rendered":"<p data-start=\"0\" data-end=\"338\">W\u00fcnschen Sie sich einen Hauch von Luxus und einen k\u00f6niglichen Touch in Ihrem Zuhause, ohne sich mit verwelkten Blumen herum\u00e4rgern zu m\u00fcssen? Dann sind diese <strong data-start=\"108\" data-end=\"131\">PomPom Kiku-Seidenblumen<\/strong> genau das Richtige f\u00fcr Sie! \ud83e\udd0d In Japan symbolisiert die Kiku oder Chrysantheme Adel, langes Leben und die kaiserliche Familie. Ja, mit diesen PomPom-Blumen bringen Sie buchst\u00e4blich eine kaiserliche Atmosph\u00e4re in Ihr Zuhause! Dieser Strau\u00df besteht aus <strong>5 Zweigen<\/strong>, mit <strong>5 Blumen<\/strong> pro Zweig, und hat eine L\u00e4nge von<strong> 52 cm<\/strong>. Ein voller, stilvoller Strau\u00df, der immer frisch bleibt, ohne Wasser oder Pflege. Stellen Sie sie in eine h\u00fcbsche Vase, dekorieren Sie eine leere Ecke oder verschenken Sie sie und erfreuen Sie sich an ihnen, ohne dass Sie sich darum k\u00fcmmern m\u00fcssen!      <\/p>\n<p><strong>Warum diese PomPom Kiku-Seidenblumen?<\/strong><\/p>\n<ul>\n<li><strong>Immer frisch<\/strong>: kein Wasser, keine Pflege und trotzdem immer pr\u00e4chtige Blumen \ud83c\udf38<\/li>\n<li><strong>Einfach zu stylen<\/strong>: Der Eisendraht in den Stielen der Seidenblumen erm\u00f6glicht es Ihnen, die Blume in eine sch\u00f6ne Form zu biegen, so dass Sie sie in verschiedenen Vasengr\u00f6\u00dfen verwenden k\u00f6nnen.<\/li>\n<li><strong>Super realistisch<\/strong>: Die Seidenblumen haben ein lebensechtes Aussehen, ohne dass jemand den Unterschied bemerkt. \ud83d\udc40<\/li>\n<li><strong>Auch<\/strong> in <a href=\"https:\/\/www.industrialwood.nl\/zijden-boeket-kiku-chrysanten-beige\/\">Beige<\/a><strong>erh\u00e4ltlich<\/strong> <\/li>\n<\/ul>\n","protected":false},"featured_media":64192,"comment_status":"open","ping_status":"closed","template":"","meta":[],"product_brand":[],"product_cat":[400,418,402,424,420,395,428,422,436,706,396],"product_tag":[],"seizoen":[543,545,544,546],"bloemensoort":[],"samenstelling":[677],"shop-per-kamer":[552,549],"indooroutdoor":[555],"vorm":[],"duurzaam":[565],"productafmetingen":[],"stijl":[574,571,575,573,572],"merk":[576],"materiaal":[],"materiaal-schaaltje":[],"geur":[],"product-type":[],"beoordeling":[640,641,642],"uitsparingen":[],"houtsoort":[],"breedte":[],"badplanken-lengte":[],"kleur":[659],"class_list":{"0":"post-64190","1":"product","2":"type-product","3":"status-publish","4":"has-post-thumbnail","6":"product_cat-boheme-wohnzimmer","7":"product_cat-hotel-chic-wohnzimmer","8":"product_cat-japandi-wohnzimmer","9":"product_cat-landwohnzimmer","10":"product_cat-modernes-wohnzimmer","11":"product_cat-naturliche-tone","12":"product_cat-seidenblumen","13":"product_cat-skandinavisches-wohnzimmer","14":"product_cat-trendiges-zubehor-fur-zuhause","15":"product_cat-verkaufsschlager","16":"product_cat-wohnzimmer","17":"seizoen-lente-de","18":"seizoen-herfst-de","19":"seizoen-zomer-de","20":"seizoen-winter-de","21":"samenstelling-lose-blumen","22":"shop-per-kamer-hal-de","23":"shop-per-kamer-woonkamer-de","24":"indooroutdoor-indoor-de","25":"duurzaam-ja-de","26":"stijl-bohemian-de","27":"stijl-hotel-chique-de","28":"stijl-japandi-de","29":"stijl-modern-de","30":"stijl-scandinavisch-de","31":"merk-industrialwood-de","32":"beoordeling-three-star-de","33":"beoordeling-four-star-de","34":"beoordeling-five-star-de","35":"kleur-wit-de","37":"first","38":"instock","39":"taxable","40":"shipping-taxable","41":"purchasable","42":"product-type-simple"},"supplier_id":null,"supplier_sku":"","barcode":null,"atum_controlled":true,"out_stock_date":null,"out_stock_threshold":null,"inheritable":false,"inbound_stock":0,"stock_on_hold":1,"sold_today":0,"sales_last_days":16,"reserved_stock":0,"customer_returns":0,"warehouse_damage":0,"lost_in_post":0,"other_logs":0,"out_stock_days":0,"lost_sales":0,"has_location":false,"update_date":"2026-04-18T15:34:35","atum_locations":[],"atum_stock_status":"instock","restock_status":false,"low_stock_amount":"","sales_update_date":"2026-04-18T15:34:35","calc_backorders":null,"_links":{"self":[{"href":"https:\/\/www.industrialwood.nl\/de\/wp-json\/wp\/v2\/product\/64190","targetHints":{"allow":["GET"]}}],"collection":[{"href":"https:\/\/www.industrialwood.nl\/de\/wp-json\/wp\/v2\/product"}],"about":[{"href":"https:\/\/www.industrialwood.nl\/de\/wp-json\/wp\/v2\/types\/product"}],"replies":[{"embeddable":true,"href":"https:\/\/www.industrialwood.nl\/de\/wp-json\/wp\/v2\/comments?post=64190"}],"wp:featuredmedia":[{"embeddable":true,"href":"https:\/\/www.industrialwood.nl\/de\/wp-json\/wp\/v2\/media\/64192"}],"wp:attachment":[{"href":"https:\/\/www.industrialwood.nl\/de\/wp-json\/wp\/v2\/media?parent=64190"}],"wp:term":[{"taxonomy":"product_brand","embeddable":true,"href":"https:\/\/www.industrialwood.nl\/de\/wp-json\/wp\/v2\/product_brand?post=64190"},{"taxonomy":"product_cat","embeddable":true,"href":"https:\/\/www.industrialwood.nl\/de\/wp-json\/wp\/v2\/product_cat?post=64190"},{"taxonomy":"product_tag","embeddable":true,"href":"https:\/\/www.industrialwood.nl\/de\/wp-json\/wp\/v2\/product_tag?post=64190"},{"taxonomy":"seizoen","embeddable":true,"href":"https:\/\/www.industrialwood.nl\/de\/wp-json\/wp\/v2\/seizoen?post=64190"},{"taxonomy":"bloemensoort","embeddable":true,"href":"https:\/\/www.industrialwood.nl\/de\/wp-json\/wp\/v2\/bloemensoort?post=64190"},{"taxonomy":"samenstelling","embeddable":true,"href":"https:\/\/www.industrialwood.nl\/de\/wp-json\/wp\/v2\/samenstelling?post=64190"},{"taxonomy":"shop-per-kamer","embeddable":true,"href":"https:\/\/www.industrialwood.nl\/de\/wp-json\/wp\/v2\/shop-per-kamer?post=64190"},{"taxonomy":"indooroutdoor","embeddable":true,"href":"https:\/\/www.industrialwood.nl\/de\/wp-json\/wp\/v2\/indooroutdoor?post=64190"},{"taxonomy":"vorm","embeddable":true,"href":"https:\/\/www.industrialwood.nl\/de\/wp-json\/wp\/v2\/vorm?post=64190"},{"taxonomy":"duurzaam","embeddable":true,"href":"https:\/\/www.industrialwood.nl\/de\/wp-json\/wp\/v2\/duurzaam?post=64190"},{"taxonomy":"productafmetingen","embeddable":true,"href":"https:\/\/www.industrialwood.nl\/de\/wp-json\/wp\/v2\/productafmetingen?post=64190"},{"taxonomy":"stijl","embeddable":true,"href":"https:\/\/www.industrialwood.nl\/de\/wp-json\/wp\/v2\/stijl?post=64190"},{"taxonomy":"merk","embeddable":true,"href":"https:\/\/www.industrialwood.nl\/de\/wp-json\/wp\/v2\/merk?post=64190"},{"taxonomy":"materiaal","embeddable":true,"href":"https:\/\/www.industrialwood.nl\/de\/wp-json\/wp\/v2\/materiaal?post=64190"},{"taxonomy":"materiaal-schaaltje","embeddable":true,"href":"https:\/\/www.industrialwood.nl\/de\/wp-json\/wp\/v2\/materiaal-schaaltje?post=64190"},{"taxonomy":"geur","embeddable":true,"href":"https:\/\/www.industrialwood.nl\/de\/wp-json\/wp\/v2\/geur?post=64190"},{"taxonomy":"product-type","embeddable":true,"href":"https:\/\/www.industrialwood.nl\/de\/wp-json\/wp\/v2\/product-type?post=64190"},{"taxonomy":"beoordeling","embeddable":true,"href":"https:\/\/www.industrialwood.nl\/de\/wp-json\/wp\/v2\/beoordeling?post=64190"},{"taxonomy":"uitsparingen","embeddable":true,"href":"https:\/\/www.industrialwood.nl\/de\/wp-json\/wp\/v2\/uitsparingen?post=64190"},{"taxonomy":"houtsoort","embeddable":true,"href":"https:\/\/www.industrialwood.nl\/de\/wp-json\/wp\/v2\/houtsoort?post=64190"},{"taxonomy":"breedte","embeddable":true,"href":"https:\/\/www.industrialwood.nl\/de\/wp-json\/wp\/v2\/breedte?post=64190"},{"taxonomy":"badplanken-lengte","embeddable":true,"href":"https:\/\/www.industrialwood.nl\/de\/wp-json\/wp\/v2\/badplanken-lengte?post=64190"},{"taxonomy":"kleur","embeddable":true,"href":"https:\/\/www.industrialwood.nl\/de\/wp-json\/wp\/v2\/kleur?post=64190"}],"curies":[{"name":"wp","href":"https:\/\/api.w.org\/{rel}","templated":true}]}}