{"id":63691,"date":"2025-02-12T23:42:50","date_gmt":"2025-02-12T22:42:50","guid":{"rendered":"https:\/\/www.industrialwood.nl\/set-buchstuetze-japandi\/"},"modified":"2026-03-31T13:29:35","modified_gmt":"2026-03-31T11:29:35","slug":"set-buchstuetze-japandi","status":"publish","type":"product","link":"https:\/\/www.industrialwood.nl\/de\/set-buchstuetze-japandi\/","title":{"rendered":"Set | Buchst\u00fctze | Japandi | Walnuss"},"content":{"rendered":"","protected":false},"excerpt":{"rendered":"<p>Herumliegende B\u00fccher? Mit diesem stilvollen <strong data-start=\"123\" data-end=\"150\">2er-Set B\u00fccherst\u00fctzen<\/strong> aus <strong data-start=\"154\" data-end=\"177\">dunkelbraunem Walnussholz <\/strong>ist das vorbei <strong data-start=\"154\" data-end=\"177\">\ud83e\udd0e <\/strong>Mit ihrer organischen Form und der warmen Holzfarbe passen sie perfekt in jedes Interieur, von japanisch bis skandinavisch. Die robusten Metallplatten sorgen daf\u00fcr, dass Ihre B\u00fccher ordentlich an ihrem Platz bleiben, egal wie dick oder schwer sie sind. Stellen Sie sie auf ein B\u00fccherregal, einen Schreibtisch oder ein Sideboard und schaffen Sie eine aufger\u00e4umte und stilvolle Ecke. Zeit, Ihre B\u00fccher ordentlich zu ordnen!    <\/p>\n<ul>\n<li><strong data-start=\"386\" data-end=\"406\">Robust und stabil<\/strong> &#8211; dank der Metallf\u00fc\u00dfe k\u00f6nnen Ihre B\u00fccher nirgendwo hinrutschen.<\/li>\n<li><strong data-start=\"472\" data-end=\"489\">Japandi Vibes<\/strong> &#8211; nat\u00fcrliche Walnussfarbe f\u00fcr einen warmen, minimalistischen Look.<\/li>\n<li><strong data-start=\"641\" data-end=\"654\">2er-Set<\/strong> &#8211; f\u00fcr beide Seiten Ihrer Buchreihe.<\/li>\n<\/ul>\n<p>&nbsp;<\/p>\n<p><strong data-start=\"832\" data-end=\"846\">Ma\u00dfe<\/strong>: 10 x 5 x 13 cm<br data-start=\"851\" data-end=\"854\"><strong data-start=\"854\" data-end=\"867\">Material<\/strong>: Holz | Metall<br data-start=\"882\" data-end=\"885\"><strong data-start=\"885\" data-end=\"894\">Farbe<\/strong>: Dunkelbraun Walnuss<\/p>\n","protected":false},"featured_media":63690,"comment_status":"open","ping_status":"closed","template":"","meta":[],"product_brand":[],"product_cat":[392,400,418,402,424,420,395,422,396],"product_tag":[],"seizoen":[543,545,544,546],"bloemensoort":[],"samenstelling":[],"shop-per-kamer":[552,549],"indooroutdoor":[555],"vorm":[558,560,561,557],"duurzaam":[565],"productafmetingen":[569,568,567],"stijl":[574,571,575,573,572],"merk":[576],"materiaal":[609,614],"materiaal-schaaltje":[],"geur":[],"product-type":[],"beoordeling":[640,641,642],"uitsparingen":[],"houtsoort":[],"breedte":[],"badplanken-lengte":[],"kleur":[663],"class_list":{"0":"post-63691","1":"product","2":"type-product","3":"status-publish","4":"has-post-thumbnail","6":"product_cat-andere","7":"product_cat-boheme-wohnzimmer","8":"product_cat-hotel-chic-wohnzimmer","9":"product_cat-japandi-wohnzimmer","10":"product_cat-landwohnzimmer","11":"product_cat-modernes-wohnzimmer","12":"product_cat-naturliche-tone","13":"product_cat-skandinavisches-wohnzimmer","14":"product_cat-wohnzimmer","15":"seizoen-lente-de","16":"seizoen-herfst-de","17":"seizoen-zomer-de","18":"seizoen-winter-de","19":"shop-per-kamer-hal-de","20":"shop-per-kamer-woonkamer-de","21":"indooroutdoor-indoor-de","22":"vorm-ovaal-de","23":"vorm-vierkant-de","24":"vorm-rechthoek-de","25":"vorm-rond-de","26":"duurzaam-ja-de","27":"productafmetingen-l-de","28":"productafmetingen-m-de","29":"productafmetingen-s-de","30":"stijl-bohemian-de","31":"stijl-hotel-chique-de","32":"stijl-japandi-de","33":"stijl-modern-de","34":"stijl-scandinavisch-de","35":"merk-industrialwood-de","36":"materiaal-hout-de","37":"materiaal-metaal-de","38":"beoordeling-three-star-de","39":"beoordeling-four-star-de","40":"beoordeling-five-star-de","41":"kleur-bruin-de","43":"first","44":"instock","45":"taxable","46":"shipping-taxable","47":"purchasable","48":"product-type-simple"},"supplier_id":null,"supplier_sku":"","barcode":null,"atum_controlled":true,"out_stock_date":null,"out_stock_threshold":null,"inheritable":false,"inbound_stock":0,"stock_on_hold":0,"sold_today":0,"sales_last_days":1,"reserved_stock":0,"customer_returns":0,"warehouse_damage":0,"lost_in_post":0,"other_logs":0,"out_stock_days":0,"lost_sales":0,"has_location":false,"update_date":"2026-04-07T19:13:05","atum_locations":[],"atum_stock_status":"instock","restock_status":false,"low_stock_amount":"","sales_update_date":"2026-04-07T19:13:05","calc_backorders":null,"_links":{"self":[{"href":"https:\/\/www.industrialwood.nl\/de\/wp-json\/wp\/v2\/product\/63691","targetHints":{"allow":["GET"]}}],"collection":[{"href":"https:\/\/www.industrialwood.nl\/de\/wp-json\/wp\/v2\/product"}],"about":[{"href":"https:\/\/www.industrialwood.nl\/de\/wp-json\/wp\/v2\/types\/product"}],"replies":[{"embeddable":true,"href":"https:\/\/www.industrialwood.nl\/de\/wp-json\/wp\/v2\/comments?post=63691"}],"wp:featuredmedia":[{"embeddable":true,"href":"https:\/\/www.industrialwood.nl\/de\/wp-json\/wp\/v2\/media\/63690"}],"wp:attachment":[{"href":"https:\/\/www.industrialwood.nl\/de\/wp-json\/wp\/v2\/media?parent=63691"}],"wp:term":[{"taxonomy":"product_brand","embeddable":true,"href":"https:\/\/www.industrialwood.nl\/de\/wp-json\/wp\/v2\/product_brand?post=63691"},{"taxonomy":"product_cat","embeddable":true,"href":"https:\/\/www.industrialwood.nl\/de\/wp-json\/wp\/v2\/product_cat?post=63691"},{"taxonomy":"product_tag","embeddable":true,"href":"https:\/\/www.industrialwood.nl\/de\/wp-json\/wp\/v2\/product_tag?post=63691"},{"taxonomy":"seizoen","embeddable":true,"href":"https:\/\/www.industrialwood.nl\/de\/wp-json\/wp\/v2\/seizoen?post=63691"},{"taxonomy":"bloemensoort","embeddable":true,"href":"https:\/\/www.industrialwood.nl\/de\/wp-json\/wp\/v2\/bloemensoort?post=63691"},{"taxonomy":"samenstelling","embeddable":true,"href":"https:\/\/www.industrialwood.nl\/de\/wp-json\/wp\/v2\/samenstelling?post=63691"},{"taxonomy":"shop-per-kamer","embeddable":true,"href":"https:\/\/www.industrialwood.nl\/de\/wp-json\/wp\/v2\/shop-per-kamer?post=63691"},{"taxonomy":"indooroutdoor","embeddable":true,"href":"https:\/\/www.industrialwood.nl\/de\/wp-json\/wp\/v2\/indooroutdoor?post=63691"},{"taxonomy":"vorm","embeddable":true,"href":"https:\/\/www.industrialwood.nl\/de\/wp-json\/wp\/v2\/vorm?post=63691"},{"taxonomy":"duurzaam","embeddable":true,"href":"https:\/\/www.industrialwood.nl\/de\/wp-json\/wp\/v2\/duurzaam?post=63691"},{"taxonomy":"productafmetingen","embeddable":true,"href":"https:\/\/www.industrialwood.nl\/de\/wp-json\/wp\/v2\/productafmetingen?post=63691"},{"taxonomy":"stijl","embeddable":true,"href":"https:\/\/www.industrialwood.nl\/de\/wp-json\/wp\/v2\/stijl?post=63691"},{"taxonomy":"merk","embeddable":true,"href":"https:\/\/www.industrialwood.nl\/de\/wp-json\/wp\/v2\/merk?post=63691"},{"taxonomy":"materiaal","embeddable":true,"href":"https:\/\/www.industrialwood.nl\/de\/wp-json\/wp\/v2\/materiaal?post=63691"},{"taxonomy":"materiaal-schaaltje","embeddable":true,"href":"https:\/\/www.industrialwood.nl\/de\/wp-json\/wp\/v2\/materiaal-schaaltje?post=63691"},{"taxonomy":"geur","embeddable":true,"href":"https:\/\/www.industrialwood.nl\/de\/wp-json\/wp\/v2\/geur?post=63691"},{"taxonomy":"product-type","embeddable":true,"href":"https:\/\/www.industrialwood.nl\/de\/wp-json\/wp\/v2\/product-type?post=63691"},{"taxonomy":"beoordeling","embeddable":true,"href":"https:\/\/www.industrialwood.nl\/de\/wp-json\/wp\/v2\/beoordeling?post=63691"},{"taxonomy":"uitsparingen","embeddable":true,"href":"https:\/\/www.industrialwood.nl\/de\/wp-json\/wp\/v2\/uitsparingen?post=63691"},{"taxonomy":"houtsoort","embeddable":true,"href":"https:\/\/www.industrialwood.nl\/de\/wp-json\/wp\/v2\/houtsoort?post=63691"},{"taxonomy":"breedte","embeddable":true,"href":"https:\/\/www.industrialwood.nl\/de\/wp-json\/wp\/v2\/breedte?post=63691"},{"taxonomy":"badplanken-lengte","embeddable":true,"href":"https:\/\/www.industrialwood.nl\/de\/wp-json\/wp\/v2\/badplanken-lengte?post=63691"},{"taxonomy":"kleur","embeddable":true,"href":"https:\/\/www.industrialwood.nl\/de\/wp-json\/wp\/v2\/kleur?post=63691"}],"curies":[{"name":"wp","href":"https:\/\/api.w.org\/{rel}","templated":true}]}}