{"id":63673,"date":"2025-02-12T22:37:26","date_gmt":"2025-02-12T21:37:26","guid":{"rendered":"https:\/\/www.industrialwood.nl\/ornament-baer-weiss\/"},"modified":"2026-02-16T12:38:17","modified_gmt":"2026-02-16T11:38:17","slug":"ornament-baer-weiss","status":"publish","type":"product","link":"https:\/\/www.industrialwood.nl\/de\/ornament-baer-weiss\/","title":{"rendered":"Ornament | B\u00e4r | Wei\u00df"},"content":{"rendered":"","protected":false},"excerpt":{"rendered":"<p>Sie m\u00fcssen diesen <strong>B\u00e4ren<\/strong> nicht f\u00fcttern oder mit ihm kuscheln, aber er sieht in Ihrem Zuhause einfach toll aus! Mit seiner gl\u00e4nzenden Perlmutt-Oberfl\u00e4che und seinem trendigen Design ist er das Must-Have des Augenblicks. Stellen Sie ihn in einen F\u00e4cherschrank, auf ein Sideboard oder kombinieren Sie ihn mit einem stilvollen Bildband. Eine Aufwertung der Einrichtung ist garantiert! Ob Sie nun ein Designliebhaber sind oder einfach nur etwas Einzigartiges f\u00fcr Ihr Zuhause suchen, dieser Keramikb\u00e4r bringt Atmosph\u00e4re und Stil. Stellen Sie ihn ab und lassen Sie ihn strahlen! \u2728\ud83d\udc3b      <\/p>\n<p data-start=\"403\" data-end=\"433\"><strong data-start=\"403\" data-end=\"431\">Warum wollen Sie diesen B\u00e4ren?<\/strong><\/p>\n<ul data-start=\"434\" data-end=\"833\">\n<li data-start=\"434\" data-end=\"515\"><strong data-start=\"436\" data-end=\"457\">Voll im Trend<\/strong>: Dieser Designer-B\u00e4r ist das Must-Have in der Welt der Inneneinrichtung.<\/li>\n<li data-start=\"516\" data-end=\"595\"><strong data-start=\"0\" data-end=\"20\">Luxuri\u00f6ser Look<\/strong>: Der wei\u00dfe Perlglanz passt zu jedem Interieur, sogar zu einem Japandi-Stil mit Erdt\u00f6nen!<\/li>\n<li data-start=\"769\" data-end=\"833\"><strong data-start=\"771\" data-end=\"800\">Keramik<\/strong> in Top-Qualit\u00e4t: robust, langlebig und zeitlos.<\/li>\n<\/ul>\n<p>&nbsp;<\/p>\n<p><strong>Ma\u00dfe<\/strong>: 9,5 x 8 x 22 cm<br \/>\n<strong>Material<\/strong>: Keramik<br \/>\n<strong>Farbe<\/strong>: Wei\u00df (Perle)<\/p>\n","protected":false},"featured_media":63672,"comment_status":"open","ping_status":"closed","template":"","meta":[],"product_brand":[],"product_cat":[400,418,402,420,395,391,422,396],"product_tag":[],"seizoen":[543,545,544,546],"bloemensoort":[],"samenstelling":[],"shop-per-kamer":[552,549],"indooroutdoor":[555],"vorm":[563],"duurzaam":[565],"productafmetingen":[569,568,567],"stijl":[574,571,575,573,572],"merk":[576],"materiaal":[611],"materiaal-schaaltje":[],"geur":[],"product-type":[],"beoordeling":[640,641,642],"uitsparingen":[],"houtsoort":[],"breedte":[],"badplanken-lengte":[],"kleur":[659],"class_list":{"0":"post-63673","1":"product","2":"type-product","3":"status-publish","4":"has-post-thumbnail","6":"product_cat-boheme-wohnzimmer","7":"product_cat-hotel-chic-wohnzimmer","8":"product_cat-japandi-wohnzimmer","9":"product_cat-modernes-wohnzimmer","10":"product_cat-naturliche-tone","11":"product_cat-ornamente","12":"product_cat-skandinavisches-wohnzimmer","13":"product_cat-wohnzimmer","14":"seizoen-lente-de","15":"seizoen-herfst-de","16":"seizoen-zomer-de","17":"seizoen-winter-de","18":"shop-per-kamer-hal-de","19":"shop-per-kamer-woonkamer-de","20":"indooroutdoor-indoor-de","21":"vorm-organisch-de","22":"duurzaam-ja-de","23":"productafmetingen-l-de","24":"productafmetingen-m-de","25":"productafmetingen-s-de","26":"stijl-bohemian-de","27":"stijl-hotel-chique-de","28":"stijl-japandi-de","29":"stijl-modern-de","30":"stijl-scandinavisch-de","31":"merk-industrialwood-de","32":"materiaal-keramiek-de","33":"beoordeling-three-star-de","34":"beoordeling-four-star-de","35":"beoordeling-five-star-de","36":"kleur-wit-de","38":"first","39":"instock","40":"taxable","41":"shipping-taxable","42":"purchasable","43":"product-type-simple"},"supplier_id":null,"supplier_sku":"","barcode":null,"atum_controlled":true,"out_stock_date":null,"out_stock_threshold":null,"inheritable":false,"inbound_stock":0,"stock_on_hold":1,"sold_today":0,"sales_last_days":1,"reserved_stock":0,"customer_returns":0,"warehouse_damage":0,"lost_in_post":0,"other_logs":0,"out_stock_days":0,"lost_sales":0,"has_location":false,"update_date":"2026-04-14T19:52:49","atum_locations":[],"atum_stock_status":"instock","restock_status":false,"low_stock_amount":"","sales_update_date":"2026-04-14T19:52:49","calc_backorders":null,"_links":{"self":[{"href":"https:\/\/www.industrialwood.nl\/de\/wp-json\/wp\/v2\/product\/63673","targetHints":{"allow":["GET"]}}],"collection":[{"href":"https:\/\/www.industrialwood.nl\/de\/wp-json\/wp\/v2\/product"}],"about":[{"href":"https:\/\/www.industrialwood.nl\/de\/wp-json\/wp\/v2\/types\/product"}],"replies":[{"embeddable":true,"href":"https:\/\/www.industrialwood.nl\/de\/wp-json\/wp\/v2\/comments?post=63673"}],"wp:featuredmedia":[{"embeddable":true,"href":"https:\/\/www.industrialwood.nl\/de\/wp-json\/wp\/v2\/media\/63672"}],"wp:attachment":[{"href":"https:\/\/www.industrialwood.nl\/de\/wp-json\/wp\/v2\/media?parent=63673"}],"wp:term":[{"taxonomy":"product_brand","embeddable":true,"href":"https:\/\/www.industrialwood.nl\/de\/wp-json\/wp\/v2\/product_brand?post=63673"},{"taxonomy":"product_cat","embeddable":true,"href":"https:\/\/www.industrialwood.nl\/de\/wp-json\/wp\/v2\/product_cat?post=63673"},{"taxonomy":"product_tag","embeddable":true,"href":"https:\/\/www.industrialwood.nl\/de\/wp-json\/wp\/v2\/product_tag?post=63673"},{"taxonomy":"seizoen","embeddable":true,"href":"https:\/\/www.industrialwood.nl\/de\/wp-json\/wp\/v2\/seizoen?post=63673"},{"taxonomy":"bloemensoort","embeddable":true,"href":"https:\/\/www.industrialwood.nl\/de\/wp-json\/wp\/v2\/bloemensoort?post=63673"},{"taxonomy":"samenstelling","embeddable":true,"href":"https:\/\/www.industrialwood.nl\/de\/wp-json\/wp\/v2\/samenstelling?post=63673"},{"taxonomy":"shop-per-kamer","embeddable":true,"href":"https:\/\/www.industrialwood.nl\/de\/wp-json\/wp\/v2\/shop-per-kamer?post=63673"},{"taxonomy":"indooroutdoor","embeddable":true,"href":"https:\/\/www.industrialwood.nl\/de\/wp-json\/wp\/v2\/indooroutdoor?post=63673"},{"taxonomy":"vorm","embeddable":true,"href":"https:\/\/www.industrialwood.nl\/de\/wp-json\/wp\/v2\/vorm?post=63673"},{"taxonomy":"duurzaam","embeddable":true,"href":"https:\/\/www.industrialwood.nl\/de\/wp-json\/wp\/v2\/duurzaam?post=63673"},{"taxonomy":"productafmetingen","embeddable":true,"href":"https:\/\/www.industrialwood.nl\/de\/wp-json\/wp\/v2\/productafmetingen?post=63673"},{"taxonomy":"stijl","embeddable":true,"href":"https:\/\/www.industrialwood.nl\/de\/wp-json\/wp\/v2\/stijl?post=63673"},{"taxonomy":"merk","embeddable":true,"href":"https:\/\/www.industrialwood.nl\/de\/wp-json\/wp\/v2\/merk?post=63673"},{"taxonomy":"materiaal","embeddable":true,"href":"https:\/\/www.industrialwood.nl\/de\/wp-json\/wp\/v2\/materiaal?post=63673"},{"taxonomy":"materiaal-schaaltje","embeddable":true,"href":"https:\/\/www.industrialwood.nl\/de\/wp-json\/wp\/v2\/materiaal-schaaltje?post=63673"},{"taxonomy":"geur","embeddable":true,"href":"https:\/\/www.industrialwood.nl\/de\/wp-json\/wp\/v2\/geur?post=63673"},{"taxonomy":"product-type","embeddable":true,"href":"https:\/\/www.industrialwood.nl\/de\/wp-json\/wp\/v2\/product-type?post=63673"},{"taxonomy":"beoordeling","embeddable":true,"href":"https:\/\/www.industrialwood.nl\/de\/wp-json\/wp\/v2\/beoordeling?post=63673"},{"taxonomy":"uitsparingen","embeddable":true,"href":"https:\/\/www.industrialwood.nl\/de\/wp-json\/wp\/v2\/uitsparingen?post=63673"},{"taxonomy":"houtsoort","embeddable":true,"href":"https:\/\/www.industrialwood.nl\/de\/wp-json\/wp\/v2\/houtsoort?post=63673"},{"taxonomy":"breedte","embeddable":true,"href":"https:\/\/www.industrialwood.nl\/de\/wp-json\/wp\/v2\/breedte?post=63673"},{"taxonomy":"badplanken-lengte","embeddable":true,"href":"https:\/\/www.industrialwood.nl\/de\/wp-json\/wp\/v2\/badplanken-lengte?post=63673"},{"taxonomy":"kleur","embeddable":true,"href":"https:\/\/www.industrialwood.nl\/de\/wp-json\/wp\/v2\/kleur?post=63673"}],"curies":[{"name":"wp","href":"https:\/\/api.w.org\/{rel}","templated":true}]}}