{"id":62485,"date":"2025-01-27T14:05:33","date_gmt":"2025-01-27T13:05:33","guid":{"rendered":"https:\/\/www.industrialwood.nl\/?post_type=product&#038;p=62485"},"modified":"2026-01-13T10:12:09","modified_gmt":"2026-01-13T09:12:09","slug":"ballonhund-puder-schwarz-s-kopie","status":"publish","type":"product","link":"https:\/\/www.industrialwood.nl\/de\/ballonhund-puder-schwarz-s-kopie\/","title":{"rendered":"Ballonhund | Pudel | Schwarz | M"},"content":{"rendered":"","protected":false},"excerpt":{"rendered":"<p>M\u00f6chten Sie einen Blickfang, der Ihrer Einrichtung das gewisse Etwas verleiht? Dieser gro\u00dfe <strong>Ballonhund<\/strong> in <strong>Pudelform<\/strong> ist genau das, wonach Sie suchen! Erh\u00e4ltlich in einer coolen schwarzen Version oder einer schicken goldenen. Stellen Sie ihn auf ein Sideboard, einen Tisch oder ein Regal und Sie haben sofort ein stilvolles und verspieltes Dekorationsst\u00fcck, das alle Blicke auf sich zieht. Dieser gro\u00dfe Ballonhund ist perfekt, um Ihrer Einrichtung etwas mehr Charakter zu verleihen. Egal, ob Sie sich f\u00fcr ein k\u00fchnes Schwarz oder ein auff\u00e4lliges Gold entscheiden, er wird garantiert ein L\u00e4cheln in Ihr Heim zaubern! \ud83d\udc36\ud83d\udc29      <\/p>\n<p><strong>Warum w\u00e4hlen Sie diesen gro\u00dfen Ballonhund?<\/strong><\/p>\n<ul>\n<li><strong>Auffallendes Design<\/strong>: Der bekannte Ballonhund, aber jetzt in Pudelform!<\/li>\n<li><strong>Zwei Farben<\/strong>: Entscheiden Sie sich f\u00fcr zeitloses Schwarz oder w\u00e4hlen Sie Gold f\u00fcr einen luxuri\u00f6sen Touch.<\/li>\n<li><strong>Zwei Gr\u00f6\u00dfen<\/strong>: Auch in <a href=\"https:\/\/www.industrialwood.nl\/ballon-hond-poedel-zwart-s\/\">Gr\u00f6\u00dfe S<\/a> erh\u00e4ltlich<\/li>\n<\/ul>\n<p>&nbsp;<\/p>\n<p><strong>Ma\u00dfe<\/strong>: 21 x 8 x 17 cm<br \/>\n<strong>Material<\/strong>: Keramik<br \/>\n<strong>Farbe<\/strong>: Schwarz<\/p>\n","protected":false},"featured_media":62447,"comment_status":"open","ping_status":"closed","template":"","meta":[],"product_brand":[],"product_cat":[420,391,422,405,396,390],"product_tag":[538,535,534,536,537],"seizoen":[543,545,544,546],"bloemensoort":[],"samenstelling":[],"shop-per-kamer":[552,549],"indooroutdoor":[555],"vorm":[563],"duurzaam":[565],"productafmetingen":[568],"stijl":[571,573],"merk":[577],"materiaal":[611],"materiaal-schaaltje":[],"geur":[],"product-type":[],"beoordeling":[640,641,642],"uitsparingen":[],"houtsoort":[],"breedte":[],"badplanken-lengte":[],"kleur":[656],"class_list":{"0":"post-62485","1":"product","2":"type-product","3":"status-publish","4":"has-post-thumbnail","6":"product_cat-modernes-wohnzimmer","7":"product_cat-ornamente","8":"product_cat-skandinavisches-wohnzimmer","9":"product_cat-verkauf","10":"product_cat-wohnzimmer","11":"product_cat-zuruck-zu-schwarz","12":"product_tag-ballon-hund-jeff-koons-de","13":"product_tag-ballon-hund-jeff-koons","14":"product_tag-ballonhund","15":"product_tag-ballonhund-de","16":"product_tag-ballonhund-de-2","17":"seizoen-lente-de","18":"seizoen-herfst-de","19":"seizoen-zomer-de","20":"seizoen-winter-de","21":"shop-per-kamer-hal-de","22":"shop-per-kamer-woonkamer-de","23":"indooroutdoor-indoor-de","24":"vorm-organisch-de","25":"duurzaam-ja-de","26":"productafmetingen-m-de","27":"stijl-hotel-chique-de","28":"stijl-modern-de","29":"merk-housevitamin-de","30":"materiaal-keramiek-de","31":"beoordeling-three-star-de","32":"beoordeling-four-star-de","33":"beoordeling-five-star-de","34":"kleur-zwart-de","36":"first","37":"instock","38":"sale","39":"taxable","40":"shipping-taxable","41":"purchasable","42":"product-type-simple"},"supplier_id":null,"supplier_sku":"","barcode":null,"atum_controlled":true,"out_stock_date":null,"out_stock_threshold":null,"inheritable":false,"inbound_stock":0,"stock_on_hold":0,"sold_today":0,"sales_last_days":1,"reserved_stock":0,"customer_returns":0,"warehouse_damage":0,"lost_in_post":0,"other_logs":0,"out_stock_days":0,"lost_sales":0,"has_location":false,"update_date":"2026-04-21T20:09:13","atum_locations":[],"atum_stock_status":"instock","restock_status":false,"low_stock_amount":"","sales_update_date":"2026-04-21T20:09:13","calc_backorders":null,"_links":{"self":[{"href":"https:\/\/www.industrialwood.nl\/de\/wp-json\/wp\/v2\/product\/62485","targetHints":{"allow":["GET"]}}],"collection":[{"href":"https:\/\/www.industrialwood.nl\/de\/wp-json\/wp\/v2\/product"}],"about":[{"href":"https:\/\/www.industrialwood.nl\/de\/wp-json\/wp\/v2\/types\/product"}],"replies":[{"embeddable":true,"href":"https:\/\/www.industrialwood.nl\/de\/wp-json\/wp\/v2\/comments?post=62485"}],"wp:featuredmedia":[{"embeddable":true,"href":"https:\/\/www.industrialwood.nl\/de\/wp-json\/wp\/v2\/media\/62447"}],"wp:attachment":[{"href":"https:\/\/www.industrialwood.nl\/de\/wp-json\/wp\/v2\/media?parent=62485"}],"wp:term":[{"taxonomy":"product_brand","embeddable":true,"href":"https:\/\/www.industrialwood.nl\/de\/wp-json\/wp\/v2\/product_brand?post=62485"},{"taxonomy":"product_cat","embeddable":true,"href":"https:\/\/www.industrialwood.nl\/de\/wp-json\/wp\/v2\/product_cat?post=62485"},{"taxonomy":"product_tag","embeddable":true,"href":"https:\/\/www.industrialwood.nl\/de\/wp-json\/wp\/v2\/product_tag?post=62485"},{"taxonomy":"seizoen","embeddable":true,"href":"https:\/\/www.industrialwood.nl\/de\/wp-json\/wp\/v2\/seizoen?post=62485"},{"taxonomy":"bloemensoort","embeddable":true,"href":"https:\/\/www.industrialwood.nl\/de\/wp-json\/wp\/v2\/bloemensoort?post=62485"},{"taxonomy":"samenstelling","embeddable":true,"href":"https:\/\/www.industrialwood.nl\/de\/wp-json\/wp\/v2\/samenstelling?post=62485"},{"taxonomy":"shop-per-kamer","embeddable":true,"href":"https:\/\/www.industrialwood.nl\/de\/wp-json\/wp\/v2\/shop-per-kamer?post=62485"},{"taxonomy":"indooroutdoor","embeddable":true,"href":"https:\/\/www.industrialwood.nl\/de\/wp-json\/wp\/v2\/indooroutdoor?post=62485"},{"taxonomy":"vorm","embeddable":true,"href":"https:\/\/www.industrialwood.nl\/de\/wp-json\/wp\/v2\/vorm?post=62485"},{"taxonomy":"duurzaam","embeddable":true,"href":"https:\/\/www.industrialwood.nl\/de\/wp-json\/wp\/v2\/duurzaam?post=62485"},{"taxonomy":"productafmetingen","embeddable":true,"href":"https:\/\/www.industrialwood.nl\/de\/wp-json\/wp\/v2\/productafmetingen?post=62485"},{"taxonomy":"stijl","embeddable":true,"href":"https:\/\/www.industrialwood.nl\/de\/wp-json\/wp\/v2\/stijl?post=62485"},{"taxonomy":"merk","embeddable":true,"href":"https:\/\/www.industrialwood.nl\/de\/wp-json\/wp\/v2\/merk?post=62485"},{"taxonomy":"materiaal","embeddable":true,"href":"https:\/\/www.industrialwood.nl\/de\/wp-json\/wp\/v2\/materiaal?post=62485"},{"taxonomy":"materiaal-schaaltje","embeddable":true,"href":"https:\/\/www.industrialwood.nl\/de\/wp-json\/wp\/v2\/materiaal-schaaltje?post=62485"},{"taxonomy":"geur","embeddable":true,"href":"https:\/\/www.industrialwood.nl\/de\/wp-json\/wp\/v2\/geur?post=62485"},{"taxonomy":"product-type","embeddable":true,"href":"https:\/\/www.industrialwood.nl\/de\/wp-json\/wp\/v2\/product-type?post=62485"},{"taxonomy":"beoordeling","embeddable":true,"href":"https:\/\/www.industrialwood.nl\/de\/wp-json\/wp\/v2\/beoordeling?post=62485"},{"taxonomy":"uitsparingen","embeddable":true,"href":"https:\/\/www.industrialwood.nl\/de\/wp-json\/wp\/v2\/uitsparingen?post=62485"},{"taxonomy":"houtsoort","embeddable":true,"href":"https:\/\/www.industrialwood.nl\/de\/wp-json\/wp\/v2\/houtsoort?post=62485"},{"taxonomy":"breedte","embeddable":true,"href":"https:\/\/www.industrialwood.nl\/de\/wp-json\/wp\/v2\/breedte?post=62485"},{"taxonomy":"badplanken-lengte","embeddable":true,"href":"https:\/\/www.industrialwood.nl\/de\/wp-json\/wp\/v2\/badplanken-lengte?post=62485"},{"taxonomy":"kleur","embeddable":true,"href":"https:\/\/www.industrialwood.nl\/de\/wp-json\/wp\/v2\/kleur?post=62485"}],"curies":[{"name":"wp","href":"https:\/\/api.w.org\/{rel}","templated":true}]}}