{"id":62424,"date":"2025-01-28T14:12:09","date_gmt":"2025-01-28T13:12:09","guid":{"rendered":"https:\/\/www.industrialwood.nl\/ornament-bio-bowie-weiss-l\/"},"modified":"2026-03-12T12:00:00","modified_gmt":"2026-03-12T11:00:00","slug":"ornament-bio-bowie-weiss-l","status":"publish","type":"product","link":"https:\/\/www.industrialwood.nl\/de\/ornament-bio-bowie-weiss-l\/","title":{"rendered":"Ornament | Bio | Bowie | Wei\u00df | L"},"content":{"rendered":"","protected":false},"excerpt":{"rendered":"<p>Sie m\u00f6chten einen echten Blickfang f\u00fcr Ihr Zuhause? Dieses <strong>organische Ornament<\/strong> in Gr\u00f6\u00dfe L ist alles, was Sie brauchen! Mit seinen verspielten Formen und der sanften, cremefarbenen Farbe bringt es eine einzigartige, gem\u00fctliche Atmosph\u00e4re in Ihre Einrichtung. Perfekt f\u00fcr ein Sideboard, einen Tisch oder eine Kommode. Egal, wo Sie es hinstellen, dieses Ornament zieht immer die Aufmerksamkeit auf sich. Dieses Ornament ist der letzte Schliff f\u00fcr Ihr Interieur \ud83e\udd0d     <\/p>\n<p><strong>Warum sollten Sie dieses Ornament w\u00e4hlen?<\/strong><\/p>\n<ul>\n<li><strong>Zwei Gr\u00f6\u00dfen<\/strong>: Auch in einer M-Variante erh\u00e4ltlich.<\/li>\n<li><strong>Einfach zu gestalten<\/strong>: Stellen Sie es auf einen Tisch, ein Sideboard oder eine Fensterbank und fertig.<\/li>\n<li><strong>Ruhiger Look<\/strong>: Die cremefarbene Farbe und die matte Oberfl\u00e4che f\u00fcgen sich in jeden Einrichtungsstil ein.<\/li>\n<\/ul>\n<p>&nbsp;<\/p>\n<p><strong>Abmessungen<\/strong>:<br \/>\n<strong>Material<\/strong>: T\u00f6pferei<br \/>\n<strong>Farbe<\/strong>: Wei\u00df | Off-wei\u00df<\/p>\n","protected":false},"featured_media":61185,"comment_status":"open","ping_status":"closed","template":"","meta":[],"product_brand":[],"product_cat":[400,418,402,424,420,395,391,422,396],"product_tag":[],"seizoen":[543,545,544,546],"bloemensoort":[],"samenstelling":[],"shop-per-kamer":[552,549],"indooroutdoor":[555],"vorm":[563],"duurzaam":[565],"productafmetingen":[569],"stijl":[574,571,575,573,572],"merk":[576],"materiaal":[611],"materiaal-schaaltje":[],"geur":[],"product-type":[],"beoordeling":[640,641,642],"uitsparingen":[],"houtsoort":[],"breedte":[],"badplanken-lengte":[],"kleur":[657,659],"class_list":{"0":"post-62424","1":"product","2":"type-product","3":"status-publish","4":"has-post-thumbnail","6":"product_cat-boheme-wohnzimmer","7":"product_cat-hotel-chic-wohnzimmer","8":"product_cat-japandi-wohnzimmer","9":"product_cat-landwohnzimmer","10":"product_cat-modernes-wohnzimmer","11":"product_cat-naturliche-tone","12":"product_cat-ornamente","13":"product_cat-skandinavisches-wohnzimmer","14":"product_cat-wohnzimmer","15":"seizoen-lente-de","16":"seizoen-herfst-de","17":"seizoen-zomer-de","18":"seizoen-winter-de","19":"shop-per-kamer-hal-de","20":"shop-per-kamer-woonkamer-de","21":"indooroutdoor-indoor-de","22":"vorm-organisch-de","23":"duurzaam-ja-de","24":"productafmetingen-l-de","25":"stijl-bohemian-de","26":"stijl-hotel-chique-de","27":"stijl-japandi-de","28":"stijl-modern-de","29":"stijl-scandinavisch-de","30":"merk-industrialwood-de","31":"materiaal-keramiek-de","32":"beoordeling-three-star-de","33":"beoordeling-four-star-de","34":"beoordeling-five-star-de","35":"kleur-beige-de","36":"kleur-wit-de","38":"first","39":"outofstock","40":"taxable","41":"shipping-taxable","42":"purchasable","43":"product-type-simple"},"supplier_id":null,"supplier_sku":"","barcode":null,"atum_controlled":true,"out_stock_date":"2025-07-25 10:36:34","out_stock_threshold":null,"inheritable":false,"inbound_stock":0,"stock_on_hold":0,"sold_today":0,"sales_last_days":0,"reserved_stock":0,"customer_returns":0,"warehouse_damage":0,"lost_in_post":0,"other_logs":0,"out_stock_days":227,"lost_sales":0,"has_location":false,"update_date":"2026-03-10T01:35:52","atum_locations":[],"atum_stock_status":"outofstock","restock_status":false,"low_stock_amount":"","sales_update_date":"2026-03-10T01:35:52","calc_backorders":null,"_links":{"self":[{"href":"https:\/\/www.industrialwood.nl\/de\/wp-json\/wp\/v2\/product\/62424","targetHints":{"allow":["GET"]}}],"collection":[{"href":"https:\/\/www.industrialwood.nl\/de\/wp-json\/wp\/v2\/product"}],"about":[{"href":"https:\/\/www.industrialwood.nl\/de\/wp-json\/wp\/v2\/types\/product"}],"replies":[{"embeddable":true,"href":"https:\/\/www.industrialwood.nl\/de\/wp-json\/wp\/v2\/comments?post=62424"}],"wp:featuredmedia":[{"embeddable":true,"href":"https:\/\/www.industrialwood.nl\/de\/wp-json\/wp\/v2\/media\/61185"}],"wp:attachment":[{"href":"https:\/\/www.industrialwood.nl\/de\/wp-json\/wp\/v2\/media?parent=62424"}],"wp:term":[{"taxonomy":"product_brand","embeddable":true,"href":"https:\/\/www.industrialwood.nl\/de\/wp-json\/wp\/v2\/product_brand?post=62424"},{"taxonomy":"product_cat","embeddable":true,"href":"https:\/\/www.industrialwood.nl\/de\/wp-json\/wp\/v2\/product_cat?post=62424"},{"taxonomy":"product_tag","embeddable":true,"href":"https:\/\/www.industrialwood.nl\/de\/wp-json\/wp\/v2\/product_tag?post=62424"},{"taxonomy":"seizoen","embeddable":true,"href":"https:\/\/www.industrialwood.nl\/de\/wp-json\/wp\/v2\/seizoen?post=62424"},{"taxonomy":"bloemensoort","embeddable":true,"href":"https:\/\/www.industrialwood.nl\/de\/wp-json\/wp\/v2\/bloemensoort?post=62424"},{"taxonomy":"samenstelling","embeddable":true,"href":"https:\/\/www.industrialwood.nl\/de\/wp-json\/wp\/v2\/samenstelling?post=62424"},{"taxonomy":"shop-per-kamer","embeddable":true,"href":"https:\/\/www.industrialwood.nl\/de\/wp-json\/wp\/v2\/shop-per-kamer?post=62424"},{"taxonomy":"indooroutdoor","embeddable":true,"href":"https:\/\/www.industrialwood.nl\/de\/wp-json\/wp\/v2\/indooroutdoor?post=62424"},{"taxonomy":"vorm","embeddable":true,"href":"https:\/\/www.industrialwood.nl\/de\/wp-json\/wp\/v2\/vorm?post=62424"},{"taxonomy":"duurzaam","embeddable":true,"href":"https:\/\/www.industrialwood.nl\/de\/wp-json\/wp\/v2\/duurzaam?post=62424"},{"taxonomy":"productafmetingen","embeddable":true,"href":"https:\/\/www.industrialwood.nl\/de\/wp-json\/wp\/v2\/productafmetingen?post=62424"},{"taxonomy":"stijl","embeddable":true,"href":"https:\/\/www.industrialwood.nl\/de\/wp-json\/wp\/v2\/stijl?post=62424"},{"taxonomy":"merk","embeddable":true,"href":"https:\/\/www.industrialwood.nl\/de\/wp-json\/wp\/v2\/merk?post=62424"},{"taxonomy":"materiaal","embeddable":true,"href":"https:\/\/www.industrialwood.nl\/de\/wp-json\/wp\/v2\/materiaal?post=62424"},{"taxonomy":"materiaal-schaaltje","embeddable":true,"href":"https:\/\/www.industrialwood.nl\/de\/wp-json\/wp\/v2\/materiaal-schaaltje?post=62424"},{"taxonomy":"geur","embeddable":true,"href":"https:\/\/www.industrialwood.nl\/de\/wp-json\/wp\/v2\/geur?post=62424"},{"taxonomy":"product-type","embeddable":true,"href":"https:\/\/www.industrialwood.nl\/de\/wp-json\/wp\/v2\/product-type?post=62424"},{"taxonomy":"beoordeling","embeddable":true,"href":"https:\/\/www.industrialwood.nl\/de\/wp-json\/wp\/v2\/beoordeling?post=62424"},{"taxonomy":"uitsparingen","embeddable":true,"href":"https:\/\/www.industrialwood.nl\/de\/wp-json\/wp\/v2\/uitsparingen?post=62424"},{"taxonomy":"houtsoort","embeddable":true,"href":"https:\/\/www.industrialwood.nl\/de\/wp-json\/wp\/v2\/houtsoort?post=62424"},{"taxonomy":"breedte","embeddable":true,"href":"https:\/\/www.industrialwood.nl\/de\/wp-json\/wp\/v2\/breedte?post=62424"},{"taxonomy":"badplanken-lengte","embeddable":true,"href":"https:\/\/www.industrialwood.nl\/de\/wp-json\/wp\/v2\/badplanken-lengte?post=62424"},{"taxonomy":"kleur","embeddable":true,"href":"https:\/\/www.industrialwood.nl\/de\/wp-json\/wp\/v2\/kleur?post=62424"}],"curies":[{"name":"wp","href":"https:\/\/api.w.org\/{rel}","templated":true}]}}