{"id":62398,"date":"2025-01-28T10:50:53","date_gmt":"2025-01-28T09:50:53","guid":{"rendered":"https:\/\/www.industrialwood.nl\/seidenzweig-magnolie-weiss\/"},"modified":"2026-03-12T12:00:00","modified_gmt":"2026-03-12T11:00:00","slug":"seidenzweig-magnolie-weiss","status":"publish","type":"product","link":"https:\/\/www.industrialwood.nl\/de\/seidenzweig-magnolie-weiss\/","title":{"rendered":"Seidenzweig | Magnolie | Wei\u00df"},"content":{"rendered":"","protected":false},"excerpt":{"rendered":"<p>M\u00f6chten Sie Ihrem Interieur einen Hauch von Luxus verleihen, ohne sich mit verwelkten Blumen herum\u00e4rgern zu m\u00fcssen? Dieser <strong>Magnolienzweig aus Seide<\/strong> ist die perfekte L\u00f6sung! \ud83c\udf38 Mit seinen sch\u00f6nen wei\u00dfen Bl\u00fcten und seinem realistischen Aussehen garantiert er einen stilvollen und frischen Akzent in jedem Raum. Au\u00dferdem symbolisiert die Magnolie Sch\u00f6nheit, Reinheit und W\u00fcrde, eine sch\u00f6ne Bedeutung f\u00fcr Ihr Zuhause. Ob Sie nun eine leere Ecke f\u00fcllen, Ihren Tisch versch\u00f6nern oder ein symbolisches Geschenk suchen, dieser <strong>85 cm lange<\/strong> wei\u00dfe Magnolienzweig ist immer ein Erfolg. Elegant, zeitlos und wartungsfrei: wer m\u00f6chte das nicht? \ud83e\udd0d   <\/p>\n<p><strong>Warum wollen Sie diesen Magnolienzweig?<\/strong><\/p>\n<ul>\n<li><strong>Immer frisch<\/strong>: kein Wasser, keine Pflege und trotzdem immer pr\u00e4chtige Blumen<\/li>\n<li><strong>Einfach zu stylen<\/strong>: Der Eisendraht in den Stielen der Seidenblumen erm\u00f6glicht es Ihnen, die Blume in eine sch\u00f6ne Form zu biegen, so dass Sie sie in verschiedenen Vasengr\u00f6\u00dfen verwenden k\u00f6nnen.<\/li>\n<li><strong>Realistisches Aussehen<\/strong>: Die Seidenblumen haben ein lebensechtes Aussehen, ohne dass jemand den Unterschied bemerkt. \ud83d\ude09<\/li>\n<\/ul>\n<p><em>Dieser Magnolienzweig eignet sich hervorragend f\u00fcr die Vase Didi S und die Vase Didi M, wie auf den Fotos gezeigt.<\/em><\/p>\n","protected":false},"featured_media":62397,"comment_status":"open","ping_status":"closed","template":"","meta":[],"product_brand":[],"product_cat":[400,418,402,424,420,395,428,422,396],"product_tag":[],"seizoen":[543,545,544,546],"bloemensoort":[],"samenstelling":[677],"shop-per-kamer":[552,549],"indooroutdoor":[555],"vorm":[],"duurzaam":[565],"productafmetingen":[],"stijl":[574,571,575,573,572],"merk":[576],"materiaal":[],"materiaal-schaaltje":[],"geur":[],"product-type":[],"beoordeling":[640,641,642],"uitsparingen":[],"houtsoort":[],"breedte":[],"badplanken-lengte":[],"kleur":[659],"class_list":{"0":"post-62398","1":"product","2":"type-product","3":"status-publish","4":"has-post-thumbnail","6":"product_cat-boheme-wohnzimmer","7":"product_cat-hotel-chic-wohnzimmer","8":"product_cat-japandi-wohnzimmer","9":"product_cat-landwohnzimmer","10":"product_cat-modernes-wohnzimmer","11":"product_cat-naturliche-tone","12":"product_cat-seidenblumen","13":"product_cat-skandinavisches-wohnzimmer","14":"product_cat-wohnzimmer","15":"seizoen-lente-de","16":"seizoen-herfst-de","17":"seizoen-zomer-de","18":"seizoen-winter-de","19":"samenstelling-lose-blumen","20":"shop-per-kamer-hal-de","21":"shop-per-kamer-woonkamer-de","22":"indooroutdoor-indoor-de","23":"duurzaam-ja-de","24":"stijl-bohemian-de","25":"stijl-hotel-chique-de","26":"stijl-japandi-de","27":"stijl-modern-de","28":"stijl-scandinavisch-de","29":"merk-industrialwood-de","30":"beoordeling-three-star-de","31":"beoordeling-four-star-de","32":"beoordeling-five-star-de","33":"kleur-wit-de","35":"first","36":"outofstock","37":"taxable","38":"shipping-taxable","39":"purchasable","40":"product-type-simple"},"supplier_id":null,"supplier_sku":"","barcode":null,"atum_controlled":true,"out_stock_date":"2025-07-03 15:28:26","out_stock_threshold":null,"inheritable":false,"inbound_stock":0,"stock_on_hold":0,"sold_today":0,"sales_last_days":0,"reserved_stock":0,"customer_returns":0,"warehouse_damage":0,"lost_in_post":0,"other_logs":0,"out_stock_days":249,"lost_sales":0,"has_location":false,"update_date":"2026-03-10T01:35:55","atum_locations":[],"atum_stock_status":"outofstock","restock_status":false,"low_stock_amount":"","sales_update_date":"2026-03-10T01:35:55","calc_backorders":null,"_links":{"self":[{"href":"https:\/\/www.industrialwood.nl\/de\/wp-json\/wp\/v2\/product\/62398","targetHints":{"allow":["GET"]}}],"collection":[{"href":"https:\/\/www.industrialwood.nl\/de\/wp-json\/wp\/v2\/product"}],"about":[{"href":"https:\/\/www.industrialwood.nl\/de\/wp-json\/wp\/v2\/types\/product"}],"replies":[{"embeddable":true,"href":"https:\/\/www.industrialwood.nl\/de\/wp-json\/wp\/v2\/comments?post=62398"}],"wp:featuredmedia":[{"embeddable":true,"href":"https:\/\/www.industrialwood.nl\/de\/wp-json\/wp\/v2\/media\/62397"}],"wp:attachment":[{"href":"https:\/\/www.industrialwood.nl\/de\/wp-json\/wp\/v2\/media?parent=62398"}],"wp:term":[{"taxonomy":"product_brand","embeddable":true,"href":"https:\/\/www.industrialwood.nl\/de\/wp-json\/wp\/v2\/product_brand?post=62398"},{"taxonomy":"product_cat","embeddable":true,"href":"https:\/\/www.industrialwood.nl\/de\/wp-json\/wp\/v2\/product_cat?post=62398"},{"taxonomy":"product_tag","embeddable":true,"href":"https:\/\/www.industrialwood.nl\/de\/wp-json\/wp\/v2\/product_tag?post=62398"},{"taxonomy":"seizoen","embeddable":true,"href":"https:\/\/www.industrialwood.nl\/de\/wp-json\/wp\/v2\/seizoen?post=62398"},{"taxonomy":"bloemensoort","embeddable":true,"href":"https:\/\/www.industrialwood.nl\/de\/wp-json\/wp\/v2\/bloemensoort?post=62398"},{"taxonomy":"samenstelling","embeddable":true,"href":"https:\/\/www.industrialwood.nl\/de\/wp-json\/wp\/v2\/samenstelling?post=62398"},{"taxonomy":"shop-per-kamer","embeddable":true,"href":"https:\/\/www.industrialwood.nl\/de\/wp-json\/wp\/v2\/shop-per-kamer?post=62398"},{"taxonomy":"indooroutdoor","embeddable":true,"href":"https:\/\/www.industrialwood.nl\/de\/wp-json\/wp\/v2\/indooroutdoor?post=62398"},{"taxonomy":"vorm","embeddable":true,"href":"https:\/\/www.industrialwood.nl\/de\/wp-json\/wp\/v2\/vorm?post=62398"},{"taxonomy":"duurzaam","embeddable":true,"href":"https:\/\/www.industrialwood.nl\/de\/wp-json\/wp\/v2\/duurzaam?post=62398"},{"taxonomy":"productafmetingen","embeddable":true,"href":"https:\/\/www.industrialwood.nl\/de\/wp-json\/wp\/v2\/productafmetingen?post=62398"},{"taxonomy":"stijl","embeddable":true,"href":"https:\/\/www.industrialwood.nl\/de\/wp-json\/wp\/v2\/stijl?post=62398"},{"taxonomy":"merk","embeddable":true,"href":"https:\/\/www.industrialwood.nl\/de\/wp-json\/wp\/v2\/merk?post=62398"},{"taxonomy":"materiaal","embeddable":true,"href":"https:\/\/www.industrialwood.nl\/de\/wp-json\/wp\/v2\/materiaal?post=62398"},{"taxonomy":"materiaal-schaaltje","embeddable":true,"href":"https:\/\/www.industrialwood.nl\/de\/wp-json\/wp\/v2\/materiaal-schaaltje?post=62398"},{"taxonomy":"geur","embeddable":true,"href":"https:\/\/www.industrialwood.nl\/de\/wp-json\/wp\/v2\/geur?post=62398"},{"taxonomy":"product-type","embeddable":true,"href":"https:\/\/www.industrialwood.nl\/de\/wp-json\/wp\/v2\/product-type?post=62398"},{"taxonomy":"beoordeling","embeddable":true,"href":"https:\/\/www.industrialwood.nl\/de\/wp-json\/wp\/v2\/beoordeling?post=62398"},{"taxonomy":"uitsparingen","embeddable":true,"href":"https:\/\/www.industrialwood.nl\/de\/wp-json\/wp\/v2\/uitsparingen?post=62398"},{"taxonomy":"houtsoort","embeddable":true,"href":"https:\/\/www.industrialwood.nl\/de\/wp-json\/wp\/v2\/houtsoort?post=62398"},{"taxonomy":"breedte","embeddable":true,"href":"https:\/\/www.industrialwood.nl\/de\/wp-json\/wp\/v2\/breedte?post=62398"},{"taxonomy":"badplanken-lengte","embeddable":true,"href":"https:\/\/www.industrialwood.nl\/de\/wp-json\/wp\/v2\/badplanken-lengte?post=62398"},{"taxonomy":"kleur","embeddable":true,"href":"https:\/\/www.industrialwood.nl\/de\/wp-json\/wp\/v2\/kleur?post=62398"}],"curies":[{"name":"wp","href":"https:\/\/api.w.org\/{rel}","templated":true}]}}